{"id":3522,"date":"2024-08-13T20:35:10","date_gmt":"2024-08-13T18:35:10","guid":{"rendered":"https:\/\/guilera.com\/historia\/"},"modified":"2025-01-05T16:28:46","modified_gmt":"2025-01-05T15:28:46","slug":"historia","status":"publish","type":"page","link":"https:\/\/guilera.com\/ca\/historia\/","title":{"rendered":"Hist\u00f2ria"},"content":{"rendered":"\t\t<div data-elementor-type=\"wp-page\" data-elementor-id=\"3522\" class=\"elementor elementor-3522 elementor-1463\" data-elementor-post-type=\"page\">\n\t\t\t\t\t\t<section class=\"elementor-section elementor-top-section elementor-element elementor-element-d4e5511 elementor-section-boxed elementor-section-height-default elementor-section-height-default\" data-id=\"d4e5511\" data-element_type=\"section\" data-settings=\"{&quot;background_background&quot;:&quot;classic&quot;}\">\n\t\t\t\t\t\t\t<div class=\"elementor-background-overlay\"><\/div>\n\t\t\t\t\t\t\t<div class=\"elementor-container elementor-column-gap-default\">\n\t\t\t\t\t<div class=\"elementor-column elementor-col-100 elementor-top-column elementor-element elementor-element-1f2d2559\" data-id=\"1f2d2559\" data-element_type=\"column\">\n\t\t\t<div class=\"elementor-widget-wrap elementor-element-populated\">\n\t\t\t\t\t\t<div class=\"elementor-element elementor-element-5212a68d elementor-widget__width-auto elementor-invisible elementor-widget elementor-widget-heading\" data-id=\"5212a68d\" data-element_type=\"widget\" data-settings=\"{&quot;_animation&quot;:&quot;fadeInLeft&quot;}\" data-widget_type=\"heading.default\">\n\t\t\t\t<div class=\"elementor-widget-container\">\n\t\t\t\t\t<h2 class=\"elementor-heading-title elementor-size-default\">Hist\u00f2ria<\/h2>\t\t\t\t<\/div>\n\t\t\t\t<\/div>\n\t\t\t\t<section class=\"elementor-section elementor-inner-section elementor-element elementor-element-420b5bf3 elementor-section-boxed elementor-section-height-default elementor-section-height-default\" data-id=\"420b5bf3\" data-element_type=\"section\">\n\t\t\t\t\t\t<div class=\"elementor-container elementor-column-gap-no\">\n\t\t\t\t\t<div class=\"elementor-column elementor-col-100 elementor-inner-column elementor-element elementor-element-6ed287de elementor-invisible\" data-id=\"6ed287de\" data-element_type=\"column\" data-settings=\"{&quot;animation&quot;:&quot;fadeInDown&quot;}\">\n\t\t\t<div class=\"elementor-widget-wrap elementor-element-populated\">\n\t\t\t\t\t\t<div class=\"elementor-element elementor-element-6175ed2e elementor-invisible elementor-widget elementor-widget-text-editor\" data-id=\"6175ed2e\" data-element_type=\"widget\" data-settings=\"{&quot;_animation&quot;:&quot;fadeIn&quot;,&quot;_animation_delay&quot;:1080}\" data-widget_type=\"text-editor.default\">\n\t\t\t\t<div class=\"elementor-widget-container\">\n\t\t\t\t\t\t\t\t\t<p>Des dels racons m\u00e9s remots de la Terra arriba el combustible que fa possible la vida moderna.<\/p>\n\t\t\t\t\t\t\t\t<\/div>\n\t\t\t\t<\/div>\n\t\t\t\t\t<\/div>\n\t\t<\/div>\n\t\t\t\t\t<\/div>\n\t\t<\/section>\n\t\t\t\t\t<\/div>\n\t\t<\/div>\n\t\t\t\t\t<\/div>\n\t\t<\/section>\n\t\t\t\t<section class=\"elementor-section elementor-top-section elementor-element elementor-element-12347a50 elementor-reverse-tablet elementor-reverse-mobile elementor-section-boxed elementor-section-height-default elementor-section-height-default\" data-id=\"12347a50\" data-element_type=\"section\">\n\t\t\t\t\t\t<div class=\"elementor-container elementor-column-gap-default\">\n\t\t\t\t\t<div class=\"elementor-column elementor-col-100 elementor-top-column elementor-element elementor-element-987d909\" data-id=\"987d909\" data-element_type=\"column\">\n\t\t\t<div class=\"elementor-widget-wrap elementor-element-populated\">\n\t\t\t\t\t\t<div class=\"elementor-element elementor-element-15b1abe1 elementor-widget elementor-widget-heading\" data-id=\"15b1abe1\" data-element_type=\"widget\" data-widget_type=\"heading.default\">\n\t\t\t\t<div class=\"elementor-widget-container\">\n\t\t\t\t\t<h2 class=\"elementor-heading-title elementor-size-default\">Descobreix la nostra hist\u00f2ria<\/h2>\t\t\t\t<\/div>\n\t\t\t\t<\/div>\n\t\t\t\t<div class=\"elementor-element elementor-element-3f80fd3c elementor-invisible elementor-widget elementor-widget-heading\" data-id=\"3f80fd3c\" data-element_type=\"widget\" data-settings=\"{&quot;_animation&quot;:&quot;fadeInUp&quot;}\" data-widget_type=\"heading.default\">\n\t\t\t\t<div class=\"elementor-widget-container\">\n\t\t\t\t\t<h2 class=\"elementor-heading-title elementor-size-default\">Potenciant l'evoluci\u00f3 t\u00e8cnica per satisfer i superar les necessitats de tots els nostres clients.<\/h2>\t\t\t\t<\/div>\n\t\t\t\t<\/div>\n\t\t\t\t<div class=\"elementor-element elementor-element-a67acb0 elementor-widget elementor-widget-mdp-timeliner-elementor\" data-id=\"a67acb0\" data-element_type=\"widget\" data-widget_type=\"mdp-timeliner-elementor.default\">\n\t\t\t\t<div class=\"elementor-widget-container\">\n\t\t\t\t\t\n        <!-- Start Timeliner WordPress Plugin -->\n\n        <div id=\"mdp-timeline-a67acb0\" class=\"timeline mdp-timeline-a67acb0\">\n            <div class=\"timeline__wrap\">\n                <div class=\"timeline__items\">\n                    \n       <div class=\"timeline__item\">\n            <div class=\"timeline__content\">\n                \n        <img decoding=\"async\" data-src=\"https:\/\/guilera.com\/wp-content\/uploads\/2024\/11\/31.jpg\"\n             class=\"mdp-timeliner-image lazyload\"\n             alt=\"\" src=\"data:image\/svg+xml;base64,PHN2ZyB3aWR0aD0iMSIgaGVpZ2h0PSIxIiB4bWxucz0iaHR0cDovL3d3dy53My5vcmcvMjAwMC9zdmciPjwvc3ZnPg==\" style=\"--smush-placeholder-width: 1884px; --smush-placeholder-aspect-ratio: 1884\/1443;\" \/>\n\n                <h3 class=\"mdp-timeliner-title\">\n            <span><\/span>\n            1953            <span><\/span>\n        <\/h3>\n            <p class=\"mdp-timeliner-description\">\n            <span><\/span>\n            Guilera Especialidades Industriales            <span><\/span>\n        <\/p>\n              <\/div>\n       <\/div>\n\n    \n       <div class=\"timeline__item\">\n            <div class=\"timeline__content\">\n                \n        <img decoding=\"async\" data-src=\"https:\/\/guilera.com\/wp-content\/uploads\/2024\/11\/32.png\"\n             class=\"mdp-timeliner-image lazyload\"\n             alt=\"\" src=\"data:image\/svg+xml;base64,PHN2ZyB3aWR0aD0iMSIgaGVpZ2h0PSIxIiB4bWxucz0iaHR0cDovL3d3dy53My5vcmcvMjAwMC9zdmciPjwvc3ZnPg==\" style=\"--smush-placeholder-width: 1044px; --smush-placeholder-aspect-ratio: 1044\/917;\" \/>\n\n                <h3 class=\"mdp-timeliner-title\">\n            <span><\/span>\n            1986            <span><\/span>\n        <\/h3>\n            <p class=\"mdp-timeliner-description\">\n            <span><\/span>\n            Technical Committee <br \/>AENOR UNE CT-26 ISO TC-22            <span><\/span>\n        <\/p>\n              <\/div>\n       <\/div>\n\n    \n       <div class=\"timeline__item\">\n            <div class=\"timeline__content\">\n                \n        <img decoding=\"async\" data-src=\"https:\/\/guilera.com\/wp-content\/uploads\/2024\/11\/33.jpg\"\n             class=\"mdp-timeliner-image lazyload\"\n             alt=\"\" src=\"data:image\/svg+xml;base64,PHN2ZyB3aWR0aD0iMSIgaGVpZ2h0PSIxIiB4bWxucz0iaHR0cDovL3d3dy53My5vcmcvMjAwMC9zdmciPjwvc3ZnPg==\" style=\"--smush-placeholder-width: 1076px; --smush-placeholder-aspect-ratio: 1076\/1042;\" \/>\n\n                <h3 class=\"mdp-timeliner-title\">\n            <span><\/span>\n            1995            <span><\/span>\n        <\/h3>\n            <p class=\"mdp-timeliner-description\">\n            <span><\/span>\n            ADILEC<br \/>Fiber Optic Communication Systems            <span><\/span>\n        <\/p>\n              <\/div>\n       <\/div>\n\n    \n       <div class=\"timeline__item\">\n            <div class=\"timeline__content\">\n                \n        <img decoding=\"async\" data-src=\"https:\/\/guilera.com\/wp-content\/uploads\/2024\/11\/34.png\"\n             class=\"mdp-timeliner-image lazyload\"\n             alt=\"\" src=\"data:image\/svg+xml;base64,PHN2ZyB3aWR0aD0iMSIgaGVpZ2h0PSIxIiB4bWxucz0iaHR0cDovL3d3dy53My5vcmcvMjAwMC9zdmciPjwvc3ZnPg==\" style=\"--smush-placeholder-width: 643px; --smush-placeholder-aspect-ratio: 643\/905;\" \/>\n\n                <h3 class=\"mdp-timeliner-title\">\n            <span><\/span>\n            1999            <span><\/span>\n        <\/h3>\n            <p class=\"mdp-timeliner-description\">\n            <span><\/span>\n            ISO 9001 Certification            <span><\/span>\n        <\/p>\n              <\/div>\n       <\/div>\n\n    \n       <div class=\"timeline__item\">\n            <div class=\"timeline__content\">\n                \n        <img decoding=\"async\" data-src=\"https:\/\/guilera.com\/wp-content\/uploads\/2024\/12\/14001.png\"\n             class=\"mdp-timeliner-image lazyload\"\n             alt=\"\" src=\"data:image\/svg+xml;base64,PHN2ZyB3aWR0aD0iMSIgaGVpZ2h0PSIxIiB4bWxucz0iaHR0cDovL3d3dy53My5vcmcvMjAwMC9zdmciPjwvc3ZnPg==\" style=\"--smush-placeholder-width: 646px; --smush-placeholder-aspect-ratio: 646\/905;\" \/>\n\n                <h3 class=\"mdp-timeliner-title\">\n            <span><\/span>\n            2005            <span><\/span>\n        <\/h3>\n            <p class=\"mdp-timeliner-description\">\n            <span><\/span>\n            ISO 14001 Certification            <span><\/span>\n        <\/p>\n              <\/div>\n       <\/div>\n\n    \n       <div class=\"timeline__item\">\n            <div class=\"timeline__content\">\n                \n        <img decoding=\"async\" data-src=\"https:\/\/guilera.com\/wp-content\/uploads\/2024\/11\/36.jpg\"\n             class=\"mdp-timeliner-image lazyload\"\n             alt=\"\" src=\"data:image\/svg+xml;base64,PHN2ZyB3aWR0aD0iMSIgaGVpZ2h0PSIxIiB4bWxucz0iaHR0cDovL3d3dy53My5vcmcvMjAwMC9zdmciPjwvc3ZnPg==\" style=\"--smush-placeholder-width: 1947px; --smush-placeholder-aspect-ratio: 1947\/1425;\" \/>\n\n                <h3 class=\"mdp-timeliner-title\">\n            <span><\/span>\n            2016            <span><\/span>\n        <\/h3>\n            <p class=\"mdp-timeliner-description\">\n            <span><\/span>\n            New Motor Controllers range for ELV (Inverter)            <span><\/span>\n        <\/p>\n              <\/div>\n       <\/div>\n\n    \n       <div class=\"timeline__item\">\n            <div class=\"timeline__content\">\n                \n        <img decoding=\"async\" data-src=\"https:\/\/guilera.com\/wp-content\/uploads\/2024\/11\/37.jpg\"\n             class=\"mdp-timeliner-image lazyload\"\n             alt=\"\" src=\"data:image\/svg+xml;base64,PHN2ZyB3aWR0aD0iMSIgaGVpZ2h0PSIxIiB4bWxucz0iaHR0cDovL3d3dy53My5vcmcvMjAwMC9zdmciPjwvc3ZnPg==\" style=\"--smush-placeholder-width: 1837px; --smush-placeholder-aspect-ratio: 1837\/1153;\" \/>\n\n                <h3 class=\"mdp-timeliner-title\">\n            <span><\/span>\n            2021            <span><\/span>\n        <\/h3>\n            <p class=\"mdp-timeliner-description\">\n            <span><\/span>\n            Expansion of the range of DC\/DC converters for electric vehicles            <span><\/span>\n        <\/p>\n              <\/div>\n       <\/div>\n\n    \n       <div class=\"timeline__item\">\n            <div class=\"timeline__content\">\n                \n        <img decoding=\"async\" data-src=\"https:\/\/guilera.com\/wp-content\/uploads\/2024\/11\/38-scaled.jpg\"\n             class=\"mdp-timeliner-image lazyload\"\n             alt=\"\" src=\"data:image\/svg+xml;base64,PHN2ZyB3aWR0aD0iMSIgaGVpZ2h0PSIxIiB4bWxucz0iaHR0cDovL3d3dy53My5vcmcvMjAwMC9zdmciPjwvc3ZnPg==\" style=\"--smush-placeholder-width: 2560px; --smush-placeholder-aspect-ratio: 2560\/1709;\" \/>\n\n                <h3 class=\"mdp-timeliner-title\">\n            <span><\/span>\n            2024            <span><\/span>\n        <\/h3>\n            <p class=\"mdp-timeliner-description\">\n            <span><\/span>\n            New proprietary FOC Inverter Technology            <span><\/span>\n        <\/p>\n              <\/div>\n       <\/div>\n\n                    <\/div>\n            <\/div>\n        <\/div>\n\n        <script>jQuery( window ).on( 'elementor\/frontend\/init', function(){window.MDPTimeliner_a67acb0 = function () {jQuery('#mdp-timeline-a67acb0').timeline({\nverticalStartPosition: 'left',\nverticalTrigger: '150'\n});}; \nwindow.MDPTimeliner_a67acb0();});<\/script>\n\n        <!-- End Timeliner WordPress Plugin -->\n\t    \t\t\t\t<\/div>\n\t\t\t\t<\/div>\n\t\t\t\t\t<\/div>\n\t\t<\/div>\n\t\t\t\t\t<\/div>\n\t\t<\/section>\n\t\t\t\t<\/div>\n\t\t","protected":false},"excerpt":{"rendered":"<p>Hist\u00f2ria Des dels racons m\u00e9s remots de la Terra arriba el combustible que fa possible la vida moderna. Descobreix la nostra hist\u00f2ria Potenciant l&#8217;evoluci\u00f3 t\u00e8cnica per satisfer i superar les necessitats de tots els nostres clients. 1953 Guilera Especialidades Industriales 1986 Technical Committee AENOR UNE CT-26 ISO TC-22 1995 ADILECFiber Optic Communication Systems 1999 ISO [&hellip;]<\/p>\n","protected":false},"author":1,"featured_media":0,"parent":0,"menu_order":0,"comment_status":"closed","ping_status":"closed","template":"elementor_header_footer","meta":{"footnotes":""},"class_list":["post-3522","page","type-page","status-publish","hentry"],"yoast_head":"<!-- This site is optimized with the Yoast SEO plugin v26.0 - https:\/\/yoast.com\/wordpress\/plugins\/seo\/ -->\n<title>Hist\u00f2ria - Guilera<\/title>\n<meta name=\"robots\" content=\"index, follow, max-snippet:-1, max-image-preview:large, max-video-preview:-1\" \/>\n<link rel=\"canonical\" href=\"https:\/\/guilera.com\/ca\/historia\/\" \/>\n<meta property=\"og:locale\" content=\"ca_ES\" \/>\n<meta property=\"og:type\" content=\"article\" \/>\n<meta property=\"og:title\" content=\"Hist\u00f2ria - Guilera\" \/>\n<meta property=\"og:description\" content=\"Hist\u00f2ria Des dels racons m\u00e9s remots de la Terra arriba el combustible que fa possible la vida moderna. Descobreix la nostra hist\u00f2ria Potenciant l&#8217;evoluci\u00f3 t\u00e8cnica per satisfer i superar les necessitats de tots els nostres clients. 1953 Guilera Especialidades Industriales 1986 Technical Committee AENOR UNE CT-26 ISO TC-22 1995 ADILECFiber Optic Communication Systems 1999 ISO [&hellip;]\" \/>\n<meta property=\"og:url\" content=\"https:\/\/guilera.com\/ca\/historia\/\" \/>\n<meta property=\"og:site_name\" content=\"Guilera\" \/>\n<meta property=\"article:modified_time\" content=\"2025-01-05T15:28:46+00:00\" \/>\n<meta property=\"og:image\" content=\"https:\/\/guilera.com\/wp-content\/uploads\/2024\/11\/31.jpg\" \/>\n<meta name=\"twitter:card\" content=\"summary_large_image\" \/>\n<script type=\"application\/ld+json\" class=\"yoast-schema-graph\">{\"@context\":\"https:\/\/schema.org\",\"@graph\":[{\"@type\":\"WebPage\",\"@id\":\"https:\/\/guilera.com\/ca\/historia\/\",\"url\":\"https:\/\/guilera.com\/ca\/historia\/\",\"name\":\"Hist\u00f2ria - Guilera\",\"isPartOf\":{\"@id\":\"https:\/\/guilera.com\/ca\/#website\"},\"primaryImageOfPage\":{\"@id\":\"https:\/\/guilera.com\/ca\/historia\/#primaryimage\"},\"image\":{\"@id\":\"https:\/\/guilera.com\/ca\/historia\/#primaryimage\"},\"thumbnailUrl\":\"https:\/\/guilera.com\/wp-content\/uploads\/2024\/11\/31.jpg\",\"datePublished\":\"2024-08-13T18:35:10+00:00\",\"dateModified\":\"2025-01-05T15:28:46+00:00\",\"breadcrumb\":{\"@id\":\"https:\/\/guilera.com\/ca\/historia\/#breadcrumb\"},\"inLanguage\":\"ca\",\"potentialAction\":[{\"@type\":\"ReadAction\",\"target\":[\"https:\/\/guilera.com\/ca\/historia\/\"]}]},{\"@type\":\"ImageObject\",\"inLanguage\":\"ca\",\"@id\":\"https:\/\/guilera.com\/ca\/historia\/#primaryimage\",\"url\":\"https:\/\/guilera.com\/wp-content\/uploads\/2024\/11\/31.jpg\",\"contentUrl\":\"https:\/\/guilera.com\/wp-content\/uploads\/2024\/11\/31.jpg\"},{\"@type\":\"BreadcrumbList\",\"@id\":\"https:\/\/guilera.com\/ca\/historia\/#breadcrumb\",\"itemListElement\":[{\"@type\":\"ListItem\",\"position\":1,\"name\":\"Home\",\"item\":\"https:\/\/guilera.com\/ca\/\"},{\"@type\":\"ListItem\",\"position\":2,\"name\":\"Hist\u00f2ria\"}]},{\"@type\":\"WebSite\",\"@id\":\"https:\/\/guilera.com\/ca\/#website\",\"url\":\"https:\/\/guilera.com\/ca\/\",\"name\":\"Guilera\",\"description\":\"\",\"publisher\":{\"@id\":\"https:\/\/guilera.com\/ca\/#organization\"},\"potentialAction\":[{\"@type\":\"SearchAction\",\"target\":{\"@type\":\"EntryPoint\",\"urlTemplate\":\"https:\/\/guilera.com\/ca\/?s={search_term_string}\"},\"query-input\":{\"@type\":\"PropertyValueSpecification\",\"valueRequired\":true,\"valueName\":\"search_term_string\"}}],\"inLanguage\":\"ca\"},{\"@type\":\"Organization\",\"@id\":\"https:\/\/guilera.com\/ca\/#organization\",\"name\":\"Guilera S.A.\",\"url\":\"https:\/\/guilera.com\/ca\/\",\"logo\":{\"@type\":\"ImageObject\",\"inLanguage\":\"ca\",\"@id\":\"https:\/\/guilera.com\/ca\/#\/schema\/logo\/image\/\",\"url\":\"https:\/\/guilera.com\/wp-content\/uploads\/2024\/06\/cropped-favicon-guilera.png\",\"contentUrl\":\"https:\/\/guilera.com\/wp-content\/uploads\/2024\/06\/cropped-favicon-guilera.png\",\"width\":512,\"height\":512,\"caption\":\"Guilera S.A.\"},\"image\":{\"@id\":\"https:\/\/guilera.com\/ca\/#\/schema\/logo\/image\/\"}}]}<\/script>\n<!-- \/ Yoast SEO plugin. -->","yoast_head_json":{"title":"Hist\u00f2ria - Guilera","robots":{"index":"index","follow":"follow","max-snippet":"max-snippet:-1","max-image-preview":"max-image-preview:large","max-video-preview":"max-video-preview:-1"},"canonical":"https:\/\/guilera.com\/ca\/historia\/","og_locale":"ca_ES","og_type":"article","og_title":"Hist\u00f2ria - Guilera","og_description":"Hist\u00f2ria Des dels racons m\u00e9s remots de la Terra arriba el combustible que fa possible la vida moderna. Descobreix la nostra hist\u00f2ria Potenciant l&#8217;evoluci\u00f3 t\u00e8cnica per satisfer i superar les necessitats de tots els nostres clients. 1953 Guilera Especialidades Industriales 1986 Technical Committee AENOR UNE CT-26 ISO TC-22 1995 ADILECFiber Optic Communication Systems 1999 ISO [&hellip;]","og_url":"https:\/\/guilera.com\/ca\/historia\/","og_site_name":"Guilera","article_modified_time":"2025-01-05T15:28:46+00:00","og_image":[{"url":"https:\/\/guilera.com\/wp-content\/uploads\/2024\/11\/31.jpg","type":"","width":"","height":""}],"twitter_card":"summary_large_image","schema":{"@context":"https:\/\/schema.org","@graph":[{"@type":"WebPage","@id":"https:\/\/guilera.com\/ca\/historia\/","url":"https:\/\/guilera.com\/ca\/historia\/","name":"Hist\u00f2ria - Guilera","isPartOf":{"@id":"https:\/\/guilera.com\/ca\/#website"},"primaryImageOfPage":{"@id":"https:\/\/guilera.com\/ca\/historia\/#primaryimage"},"image":{"@id":"https:\/\/guilera.com\/ca\/historia\/#primaryimage"},"thumbnailUrl":"https:\/\/guilera.com\/wp-content\/uploads\/2024\/11\/31.jpg","datePublished":"2024-08-13T18:35:10+00:00","dateModified":"2025-01-05T15:28:46+00:00","breadcrumb":{"@id":"https:\/\/guilera.com\/ca\/historia\/#breadcrumb"},"inLanguage":"ca","potentialAction":[{"@type":"ReadAction","target":["https:\/\/guilera.com\/ca\/historia\/"]}]},{"@type":"ImageObject","inLanguage":"ca","@id":"https:\/\/guilera.com\/ca\/historia\/#primaryimage","url":"https:\/\/guilera.com\/wp-content\/uploads\/2024\/11\/31.jpg","contentUrl":"https:\/\/guilera.com\/wp-content\/uploads\/2024\/11\/31.jpg"},{"@type":"BreadcrumbList","@id":"https:\/\/guilera.com\/ca\/historia\/#breadcrumb","itemListElement":[{"@type":"ListItem","position":1,"name":"Home","item":"https:\/\/guilera.com\/ca\/"},{"@type":"ListItem","position":2,"name":"Hist\u00f2ria"}]},{"@type":"WebSite","@id":"https:\/\/guilera.com\/ca\/#website","url":"https:\/\/guilera.com\/ca\/","name":"Guilera","description":"","publisher":{"@id":"https:\/\/guilera.com\/ca\/#organization"},"potentialAction":[{"@type":"SearchAction","target":{"@type":"EntryPoint","urlTemplate":"https:\/\/guilera.com\/ca\/?s={search_term_string}"},"query-input":{"@type":"PropertyValueSpecification","valueRequired":true,"valueName":"search_term_string"}}],"inLanguage":"ca"},{"@type":"Organization","@id":"https:\/\/guilera.com\/ca\/#organization","name":"Guilera S.A.","url":"https:\/\/guilera.com\/ca\/","logo":{"@type":"ImageObject","inLanguage":"ca","@id":"https:\/\/guilera.com\/ca\/#\/schema\/logo\/image\/","url":"https:\/\/guilera.com\/wp-content\/uploads\/2024\/06\/cropped-favicon-guilera.png","contentUrl":"https:\/\/guilera.com\/wp-content\/uploads\/2024\/06\/cropped-favicon-guilera.png","width":512,"height":512,"caption":"Guilera S.A."},"image":{"@id":"https:\/\/guilera.com\/ca\/#\/schema\/logo\/image\/"}}]}},"_links":{"self":[{"href":"https:\/\/guilera.com\/ca\/wp-json\/wp\/v2\/pages\/3522","targetHints":{"allow":["GET"]}}],"collection":[{"href":"https:\/\/guilera.com\/ca\/wp-json\/wp\/v2\/pages"}],"about":[{"href":"https:\/\/guilera.com\/ca\/wp-json\/wp\/v2\/types\/page"}],"author":[{"embeddable":true,"href":"https:\/\/guilera.com\/ca\/wp-json\/wp\/v2\/users\/1"}],"replies":[{"embeddable":true,"href":"https:\/\/guilera.com\/ca\/wp-json\/wp\/v2\/comments?post=3522"}],"version-history":[{"count":5,"href":"https:\/\/guilera.com\/ca\/wp-json\/wp\/v2\/pages\/3522\/revisions"}],"predecessor-version":[{"id":4094,"href":"https:\/\/guilera.com\/ca\/wp-json\/wp\/v2\/pages\/3522\/revisions\/4094"}],"wp:attachment":[{"href":"https:\/\/guilera.com\/ca\/wp-json\/wp\/v2\/media?parent=3522"}],"curies":[{"name":"wp","href":"https:\/\/api.w.org\/{rel}","templated":true}]}}