{"id":3615,"date":"2024-06-18T14:20:44","date_gmt":"2024-06-18T12:20:44","guid":{"rendered":"https:\/\/guilera.com\/politica-de-cookies\/"},"modified":"2024-11-22T20:23:22","modified_gmt":"2024-11-22T19:23:22","slug":"politica-de-cookies","status":"publish","type":"page","link":"https:\/\/guilera.com\/ca\/politica-de-cookies\/","title":{"rendered":"Pol\u00edtica de cookies"},"content":{"rendered":"\t\t<div data-elementor-type=\"wp-page\" data-elementor-id=\"3615\" class=\"elementor elementor-3615 elementor-176\" data-elementor-post-type=\"page\">\n\t\t\t\t\t\t<section class=\"elementor-section elementor-top-section elementor-element elementor-element-71e38350 elementor-section-boxed elementor-section-height-default elementor-section-height-default\" data-id=\"71e38350\" data-element_type=\"section\" data-settings=\"{&quot;background_background&quot;:&quot;classic&quot;}\">\n\t\t\t\t\t\t\t<div class=\"elementor-background-overlay\"><\/div>\n\t\t\t\t\t\t\t<div class=\"elementor-container elementor-column-gap-default\">\n\t\t\t\t\t<div class=\"elementor-column elementor-col-100 elementor-top-column elementor-element elementor-element-b77e556\" data-id=\"b77e556\" data-element_type=\"column\">\n\t\t\t<div class=\"elementor-widget-wrap elementor-element-populated\">\n\t\t\t\t\t\t<div class=\"elementor-element elementor-element-7eecef4a elementor-widget__width-auto elementor-invisible elementor-widget elementor-widget-heading\" data-id=\"7eecef4a\" data-element_type=\"widget\" data-settings=\"{&quot;_animation&quot;:&quot;fadeInLeft&quot;}\" data-widget_type=\"heading.default\">\n\t\t\t\t<div class=\"elementor-widget-container\">\n\t\t\t\t\t<h2 class=\"elementor-heading-title elementor-size-default\">Pol\u00edtica de cookies<\/h2>\t\t\t\t<\/div>\n\t\t\t\t<\/div>\n\t\t\t\t\t<\/div>\n\t\t<\/div>\n\t\t\t\t\t<\/div>\n\t\t<\/section>\n\t\t<div class=\"elementor-element elementor-element-b063dde e-flex e-con-boxed e-con e-parent\" data-id=\"b063dde\" data-element_type=\"container\">\n\t\t\t\t\t<div class=\"e-con-inner\">\n\t\t\t\t<div class=\"elementor-element elementor-element-b74249f elementor-widget elementor-widget-text-editor\" data-id=\"b74249f\" data-element_type=\"widget\" data-widget_type=\"text-editor.default\">\n\t\t\t\t<div class=\"elementor-widget-container\">\n\t\t\t\t\t\t\t\t\t<p><strong>INFORMACI\u00d3 SOBRE LES COOKIES<\/strong><\/p>\n<p>Les galetes i altres tecnologies similars, com ara objectes locals compartits, galetes flash o p\u00edxels, s\u00f3n eines utilitzades pels servidors web per emmagatzemar i recuperar informaci\u00f3 sobre els seus visitants, aix\u00ed com per garantir el bon funcionament del lloc web.<\/p>\n<p>Mitjan\u00e7ant l&#8217;\u00fas d&#8217;aquests dispositius, el servidor web pot recordar determinades dades d&#8217;usuari, com ara les prefer\u00e8ncies de visualitzaci\u00f3 de p\u00e0gines d&#8217;aquest servidor, nom d&#8217;usuari i contrasenya, productes d&#8217;inter\u00e8s, etc.<\/p>\n<p><strong>COOKIES AFECTADAS PER LA NORMATIVA I COOKIES EXIMPETES<\/strong><\/p>\n<p>D&#8217;acord amb la Llei 34\/2002, d&#8217;11 de juliol, de Serveis de la Societat de la Informaci\u00f3 i de Comer\u00e7 Electr\u00f2nic (LSSICE), en relaci\u00f3 amb el Reglament General de Protecci\u00f3 de Dades (UE) 2016\/679 del Parlament Europeu i del Consell, de 27 d&#8217;abril, 2016 (GDPR), i la Llei Org\u00e0nica 3\/2018, de 5 de desembre, de Protecci\u00f3 de Dades i Garantia dels Drets Digitals (LOPDGDD), \u00e9s obligatori obtenir el consentiment expl\u00edcit de l&#8217;usuari per a totes les cookies no essencials abans que l&#8217;usuari navegui per qualsevol p\u00e0gina web.<\/p>\n<p>Segons la directiva de la UE, les galetes que requereixen el consentiment informat de l&#8217;usuari s\u00f3n galetes anal\u00edtiques, publicit\u00e0ries i d&#8217;afiliaci\u00f3, mentre que estan exemptes les galetes t\u00e8cniques i necess\u00e0ries per al bon funcionament del lloc web o dels serveis expressament sol\u00b7licitats per l&#8217;usuari.<\/p>\n<p><strong>TIPUS DE COOKIES<\/strong><\/p>\n<p><strong>Segons la seva finalitat:<\/strong><\/p>\n<ul>\n<li><strong>Cookies t\u00e8cniques i funcionals:<\/strong> permeten als usuaris navegar per un lloc web, plataforma o aplicaci\u00f3 i utilitzar les diferents opcions o serveis disponibles en el mateix.<\/li>\n<li><strong>Cookies anal\u00edtiques<\/strong>: Permeten al responsable rastrejar i analitzar el comportament dels usuaris a les p\u00e0gines web a les quals estan vinculades. La informaci\u00f3 recollida per aquestes cookies s&#8217;utilitza per mesurar l&#8217;activitat del lloc web i per crear perfils de navegaci\u00f3 dels usuaris, amb l&#8217;objectiu d&#8217;aconseguir millores a partir de l&#8217;an\u00e0lisi de dades. <\/li>\n<\/ul>\n<p><strong>Segons la seva titularitat:<\/strong><\/p>\n<ul>\n<li><strong>Cookies pr\u00f2pies<\/strong>: S&#8217;envien al dispositiu de l&#8217;usuari des d&#8217;un domini gestionat per l&#8217;editor del lloc web, que presta el servei sol\u00b7licitat.<\/li>\n<li><strong>Cookies de tercers<\/strong>: S&#8217;envien al dispositiu de l&#8217;usuari des d&#8217;un domini no gestionat per l&#8217;editor, sin\u00f3 per una altra entitat que tracta les dades recollides a trav\u00e9s de les cookies.<\/li>\n<\/ul>\n<p><strong>Segons el per\u00edode d&#8217;emmagatzematge:<\/strong><\/p>\n<ul>\n<li><strong>Cookies de sessi\u00f3<\/strong>: estan dissenyades per recollir i emmagatzemar dades mentre l&#8217;usuari accedeix a un lloc web.<\/li>\n<li><strong>Cookies persistents:<\/strong> emmagatzemen dades al dispositiu de l&#8217;usuari durant un per\u00edode definit pel gestor de cookies, que pot anar des d&#8217;uns minuts fins a diversos anys.<\/li>\n<\/ul>\n<p><strong>TRACTAMENT DE DADES PERSONALS<\/strong><\/p>\n<p>GUILERA S.A., amb CIF A-08851461 i domicili social al C\/ Ramon Llull 8, 08750 Molins de Rei (Barcelona), \u00e9s responsable del tractament de les dades personals de l&#8217;interessat i informa que aquestes dades seran tractades d&#8217;acord amb el Reglament ( UE) 2016\/679, de 27 d&#8217;abril de 2016 (GDPR). Es facilita la seg\u00fcent informaci\u00f3 sobre el tractament: <\/p>\n<ul>\n<li><strong>Finalitat del tractament<\/strong>: Tal com s&#8217;especifica a l&#8217;apartat de cookies utilitzades en aquest lloc web.<\/li>\n<li><strong>Legitimaci\u00f3 del tractament:<\/strong> Per consentiment de l&#8217;interessat (Art. 6.1.a GDPR).<\/li>\n<li><strong>Criteris de retenci\u00f3 de dades:<\/strong> Tal com s&#8217;especifica a l&#8217;apartat de cookies utilitzades al lloc web.<\/li>\n<li><strong>Comunicaci\u00f3 de dades:<\/strong> No es comunicaran dades a tercers excepte en el cas de cookies de tercers o per obligacions legals.<\/li>\n<\/ul>\n<p><strong>Drets de l&#8217;interessat:<\/strong><\/p>\n<ul>\n<li>Dret a retirar el consentiment en qualsevol moment.<\/li>\n<li>Dret a accedir, rectificar, portar i suprimir les seves dades, aix\u00ed com a limitar o oposar-se al seu tractament.<\/li>\n<li>Dret a presentar una reclamaci\u00f3 davant l&#8217;autoritat de control (<a href=\"http:\/\/www.aepd.es\">www.aepd.es<\/a>) si consideren que el tractament no s&#8217;ajusta a la normativa vigent.<\/li>\n<\/ul>\n<p><strong>Dades de contacte per a l&#8217;exercici dels seus drets:<\/strong><\/p>\n<p>GUILERA S.A.<br \/>Adre\u00e7a postal: C\/ Ramon Llull 8, 08750 Molins de Rei<br \/>Adre\u00e7a electr\u00f2nica: rgpd@guilera.com<\/p>\n<p><strong>COOKIES DE TERCERS UTILITZADES EN AQUEST LLOC WEB<\/strong><\/p>\n<p><strong>PANEL DE CONFIGURACI\u00d3<\/strong><\/p>\n<p><strong>COOKIES ANAL\u00cdTIQUES<\/strong><\/p>\n<p>Marqueu o desmarqueu per acceptar o rebutjar la instal\u00b7laci\u00f3 d&#8217;aquestes cookies.<\/p>\n<table width=\"633\">\n<tbody>\n<tr>\n<td width=\"44\">\n<p><strong>NOM<\/strong><\/p>\n<\/td>\n<td width=\"54\">\n<p><strong>TIPUS<\/strong><\/p>\n<\/td>\n<td width=\"84\">\n<p><strong>PROPIETAT<\/strong><\/p>\n<\/td>\n<td width=\"337\">\n<p><strong>FINALITAT<\/strong><\/p>\n<\/td>\n<td width=\"59\">\n<p><strong>DURADA<\/strong><\/p>\n<\/td>\n<td width=\"54\">\n<p><strong>NOTES<\/strong><\/p>\n<\/td>\n<\/tr>\n<tr>\n<td width=\"44\">\n<p>_ga<\/p>\n<\/td>\n<td width=\"54\">\n<p>Anal\u00edtiques<\/p>\n<\/td>\n<td width=\"84\">\n<p>Google Analytics<\/p>\n<\/td>\n<td width=\"337\">\n<p>Habilita una funci\u00f3 \u00fanica de control de visites. La primera vegada que un usuari entra al lloc web a trav\u00e9s d&#8217;un navegador, s&#8217;instal\u00b7la aquesta cookie. Quan l&#8217;usuari torni al lloc web amb el mateix navegador, la cookie reconeixer\u00e0 el mateix usuari. Nom\u00e9s si l&#8217;usuari canvia de navegador es considerar\u00e0 un usuari diferent.   <\/p>\n<\/td>\n<td width=\"59\">\n<p>2 anys<\/p>\n<\/td>\n<td width=\"54\">\n<p>Persistent<\/p>\n<\/td>\n<\/tr>\n<tr>\n<td width=\"44\">\n<p>_gat<\/p>\n<\/td>\n<td width=\"54\">\n<p>Anal\u00edtiques<\/p>\n<\/td>\n<td width=\"84\">\n<p>Google Analytics<\/p>\n<\/td>\n<td width=\"337\">\n<p>S&#8217;utilitza per limitar el nombre de sol\u00b7licituds en llocs web d&#8217;alt tr\u00e0nsit.<\/p>\n<\/td>\n<td width=\"59\">\n<p>10 minuts<\/p>\n<\/td>\n<td width=\"54\">\n<p>Sessi\u00f3<\/p>\n<\/td>\n<\/tr>\n<tr>\n<td width=\"44\">\n<p>_gid<\/p>\n<\/td>\n<td width=\"54\">\n<p>Anal\u00edtiques<\/p>\n<\/td>\n<td width=\"84\">\n<p>Google Analytics<\/p>\n<\/td>\n<td width=\"337\">\n<p>S&#8217;utilitza per distingir entre usuaris.<\/p>\n<\/td>\n<td width=\"59\">\n<p>24 hores<\/p>\n<\/td>\n<td width=\"54\">\n<p>Sessi\u00f3<\/p>\n<\/td>\n<\/tr>\n<\/tbody>\n<\/table>\n<p>Trobeu m\u00e9s informaci\u00f3 sobre com desactivar les galetes de Google Analytics:<\/p>\n<ul>\n<li>Pol\u00edtica de privadesa de Google<\/li>\n<li>Desactivaci\u00f3 de Google Analytics<\/li>\n<\/ul>\n<p><strong>COM ESBORRAR LES COOKIES DELS NAVEGADORS COMUNS<\/strong><\/p>\n<ul>\n<li><strong>Chrome<\/strong>:<a href=\"https:\/\/support.google.com\/chrome\/answer\/95647?hl=en&amp;co=GENIE.Platform%3DDesktop\" target=\"_blank\" rel=\"noopener\"> suport de Chrome<\/a><\/li>\n<li><strong>Edge<\/strong>: <a href=\"https:\/\/support.microsoft.com\/en-us\/microsoft-edge\/delete-cookies-in-microsoft-edge-63947406-40ac-c3b8-57b9-2a946a29ae09\">suport de Microsoft Edge<\/a><\/li>\n<li><strong>Explorer<\/strong>: <a href=\"https:\/\/support.microsoft.com\/en-us\/help\/278835\/how-to-delete-cookie-files-in-internet-explorer\">suport d&#8217;Internet Explorer<\/a><\/li>\n<li><strong>Firefox<\/strong>: <a href=\"https:\/\/www.mozilla.org\/en-US\/privacy\/websites\/#cookies\">suport de Mozilla<\/a><\/li>\n<li><strong>Safari:<\/strong> <a href=\"https:\/\/support.apple.com\/en-us\/guide\/safari\/sfri11471\/mac\">suport d&#8217;Apple<\/a><\/li>\n<li><strong>Opera<\/strong>: <a href=\"https:\/\/help.opera.com\/en\/latest\/security-and-privacy\/#clearBrowsingData\">suport d&#8217;Opera<\/a><\/li>\n<\/ul>\n\t\t\t\t\t\t\t\t<\/div>\n\t\t\t\t<\/div>\n\t\t\t\t\t<\/div>\n\t\t\t\t<\/div>\n\t\t\t\t<\/div>\n\t\t","protected":false},"excerpt":{"rendered":"<p>Pol\u00edtica de cookies INFORMACI\u00d3 SOBRE LES COOKIES Les galetes i altres tecnologies similars, com ara objectes locals compartits, galetes flash o p\u00edxels, s\u00f3n eines utilitzades pels servidors web per emmagatzemar i recuperar informaci\u00f3 sobre els seus visitants, aix\u00ed com per garantir el bon funcionament del lloc web. Mitjan\u00e7ant l&#8217;\u00fas d&#8217;aquests dispositius, el servidor web pot [&hellip;]<\/p>\n","protected":false},"author":1,"featured_media":0,"parent":0,"menu_order":0,"comment_status":"closed","ping_status":"closed","template":"","meta":{"footnotes":""},"class_list":["post-3615","page","type-page","status-publish","hentry"],"yoast_head":"<!-- This site is optimized with the Yoast SEO plugin v26.0 - https:\/\/yoast.com\/wordpress\/plugins\/seo\/ -->\n<title>Pol\u00edtica de cookies - Guilera<\/title>\n<meta name=\"robots\" content=\"noindex, nofollow\" \/>\n<meta property=\"og:locale\" content=\"ca_ES\" \/>\n<meta property=\"og:type\" content=\"article\" \/>\n<meta property=\"og:title\" content=\"Pol\u00edtica de cookies - Guilera\" \/>\n<meta property=\"og:description\" content=\"Pol\u00edtica de cookies INFORMACI\u00d3 SOBRE LES COOKIES Les galetes i altres tecnologies similars, com ara objectes locals compartits, galetes flash o p\u00edxels, s\u00f3n eines utilitzades pels servidors web per emmagatzemar i recuperar informaci\u00f3 sobre els seus visitants, aix\u00ed com per garantir el bon funcionament del lloc web. Mitjan\u00e7ant l&#8217;\u00fas d&#8217;aquests dispositius, el servidor web pot [&hellip;]\" \/>\n<meta property=\"og:url\" content=\"https:\/\/guilera.com\/ca\/politica-de-cookies\/\" \/>\n<meta property=\"og:site_name\" content=\"Guilera\" \/>\n<meta property=\"article:modified_time\" content=\"2024-11-22T19:23:22+00:00\" \/>\n<meta name=\"twitter:card\" content=\"summary_large_image\" \/>\n<meta name=\"twitter:label1\" content=\"Temps estimat de lectura\" \/>\n\t<meta name=\"twitter:data1\" content=\"4 minuts\" \/>\n<script type=\"application\/ld+json\" class=\"yoast-schema-graph\">{\"@context\":\"https:\/\/schema.org\",\"@graph\":[{\"@type\":\"WebPage\",\"@id\":\"https:\/\/guilera.com\/ca\/politica-de-cookies\/\",\"url\":\"https:\/\/guilera.com\/ca\/politica-de-cookies\/\",\"name\":\"Pol\u00edtica de cookies - Guilera\",\"isPartOf\":{\"@id\":\"https:\/\/guilera.com\/ca\/#website\"},\"datePublished\":\"2024-06-18T12:20:44+00:00\",\"dateModified\":\"2024-11-22T19:23:22+00:00\",\"breadcrumb\":{\"@id\":\"https:\/\/guilera.com\/ca\/politica-de-cookies\/#breadcrumb\"},\"inLanguage\":\"ca\",\"potentialAction\":[{\"@type\":\"ReadAction\",\"target\":[\"https:\/\/guilera.com\/ca\/politica-de-cookies\/\"]}]},{\"@type\":\"BreadcrumbList\",\"@id\":\"https:\/\/guilera.com\/ca\/politica-de-cookies\/#breadcrumb\",\"itemListElement\":[{\"@type\":\"ListItem\",\"position\":1,\"name\":\"Home\",\"item\":\"https:\/\/guilera.com\/ca\/\"},{\"@type\":\"ListItem\",\"position\":2,\"name\":\"Pol\u00edtica de cookies\"}]},{\"@type\":\"WebSite\",\"@id\":\"https:\/\/guilera.com\/ca\/#website\",\"url\":\"https:\/\/guilera.com\/ca\/\",\"name\":\"Guilera\",\"description\":\"\",\"publisher\":{\"@id\":\"https:\/\/guilera.com\/ca\/#organization\"},\"potentialAction\":[{\"@type\":\"SearchAction\",\"target\":{\"@type\":\"EntryPoint\",\"urlTemplate\":\"https:\/\/guilera.com\/ca\/?s={search_term_string}\"},\"query-input\":{\"@type\":\"PropertyValueSpecification\",\"valueRequired\":true,\"valueName\":\"search_term_string\"}}],\"inLanguage\":\"ca\"},{\"@type\":\"Organization\",\"@id\":\"https:\/\/guilera.com\/ca\/#organization\",\"name\":\"Guilera S.A.\",\"url\":\"https:\/\/guilera.com\/ca\/\",\"logo\":{\"@type\":\"ImageObject\",\"inLanguage\":\"ca\",\"@id\":\"https:\/\/guilera.com\/ca\/#\/schema\/logo\/image\/\",\"url\":\"https:\/\/guilera.com\/wp-content\/uploads\/2024\/06\/cropped-favicon-guilera.png\",\"contentUrl\":\"https:\/\/guilera.com\/wp-content\/uploads\/2024\/06\/cropped-favicon-guilera.png\",\"width\":512,\"height\":512,\"caption\":\"Guilera S.A.\"},\"image\":{\"@id\":\"https:\/\/guilera.com\/ca\/#\/schema\/logo\/image\/\"}}]}<\/script>\n<!-- \/ Yoast SEO plugin. -->","yoast_head_json":{"title":"Pol\u00edtica de cookies - Guilera","robots":{"index":"noindex","follow":"nofollow"},"og_locale":"ca_ES","og_type":"article","og_title":"Pol\u00edtica de cookies - Guilera","og_description":"Pol\u00edtica de cookies INFORMACI\u00d3 SOBRE LES COOKIES Les galetes i altres tecnologies similars, com ara objectes locals compartits, galetes flash o p\u00edxels, s\u00f3n eines utilitzades pels servidors web per emmagatzemar i recuperar informaci\u00f3 sobre els seus visitants, aix\u00ed com per garantir el bon funcionament del lloc web. Mitjan\u00e7ant l&#8217;\u00fas d&#8217;aquests dispositius, el servidor web pot [&hellip;]","og_url":"https:\/\/guilera.com\/ca\/politica-de-cookies\/","og_site_name":"Guilera","article_modified_time":"2024-11-22T19:23:22+00:00","twitter_card":"summary_large_image","twitter_misc":{"Temps estimat de lectura":"4 minuts"},"schema":{"@context":"https:\/\/schema.org","@graph":[{"@type":"WebPage","@id":"https:\/\/guilera.com\/ca\/politica-de-cookies\/","url":"https:\/\/guilera.com\/ca\/politica-de-cookies\/","name":"Pol\u00edtica de cookies - Guilera","isPartOf":{"@id":"https:\/\/guilera.com\/ca\/#website"},"datePublished":"2024-06-18T12:20:44+00:00","dateModified":"2024-11-22T19:23:22+00:00","breadcrumb":{"@id":"https:\/\/guilera.com\/ca\/politica-de-cookies\/#breadcrumb"},"inLanguage":"ca","potentialAction":[{"@type":"ReadAction","target":["https:\/\/guilera.com\/ca\/politica-de-cookies\/"]}]},{"@type":"BreadcrumbList","@id":"https:\/\/guilera.com\/ca\/politica-de-cookies\/#breadcrumb","itemListElement":[{"@type":"ListItem","position":1,"name":"Home","item":"https:\/\/guilera.com\/ca\/"},{"@type":"ListItem","position":2,"name":"Pol\u00edtica de cookies"}]},{"@type":"WebSite","@id":"https:\/\/guilera.com\/ca\/#website","url":"https:\/\/guilera.com\/ca\/","name":"Guilera","description":"","publisher":{"@id":"https:\/\/guilera.com\/ca\/#organization"},"potentialAction":[{"@type":"SearchAction","target":{"@type":"EntryPoint","urlTemplate":"https:\/\/guilera.com\/ca\/?s={search_term_string}"},"query-input":{"@type":"PropertyValueSpecification","valueRequired":true,"valueName":"search_term_string"}}],"inLanguage":"ca"},{"@type":"Organization","@id":"https:\/\/guilera.com\/ca\/#organization","name":"Guilera S.A.","url":"https:\/\/guilera.com\/ca\/","logo":{"@type":"ImageObject","inLanguage":"ca","@id":"https:\/\/guilera.com\/ca\/#\/schema\/logo\/image\/","url":"https:\/\/guilera.com\/wp-content\/uploads\/2024\/06\/cropped-favicon-guilera.png","contentUrl":"https:\/\/guilera.com\/wp-content\/uploads\/2024\/06\/cropped-favicon-guilera.png","width":512,"height":512,"caption":"Guilera S.A."},"image":{"@id":"https:\/\/guilera.com\/ca\/#\/schema\/logo\/image\/"}}]}},"_links":{"self":[{"href":"https:\/\/guilera.com\/ca\/wp-json\/wp\/v2\/pages\/3615","targetHints":{"allow":["GET"]}}],"collection":[{"href":"https:\/\/guilera.com\/ca\/wp-json\/wp\/v2\/pages"}],"about":[{"href":"https:\/\/guilera.com\/ca\/wp-json\/wp\/v2\/types\/page"}],"author":[{"embeddable":true,"href":"https:\/\/guilera.com\/ca\/wp-json\/wp\/v2\/users\/1"}],"replies":[{"embeddable":true,"href":"https:\/\/guilera.com\/ca\/wp-json\/wp\/v2\/comments?post=3615"}],"version-history":[{"count":3,"href":"https:\/\/guilera.com\/ca\/wp-json\/wp\/v2\/pages\/3615\/revisions"}],"predecessor-version":[{"id":3648,"href":"https:\/\/guilera.com\/ca\/wp-json\/wp\/v2\/pages\/3615\/revisions\/3648"}],"wp:attachment":[{"href":"https:\/\/guilera.com\/ca\/wp-json\/wp\/v2\/media?parent=3615"}],"curies":[{"name":"wp","href":"https:\/\/api.w.org\/{rel}","templated":true}]}}