{"id":3898,"date":"2024-12-08T23:50:19","date_gmt":"2024-12-08T22:50:19","guid":{"rendered":"https:\/\/guilera.com\/els-nostres-serveis\/enginyeria-electronica\/"},"modified":"2024-12-12T19:43:36","modified_gmt":"2024-12-12T18:43:36","slug":"enginyeria-electronica","status":"publish","type":"page","link":"https:\/\/guilera.com\/ca\/els-nostres-serveis\/enginyeria-electronica\/","title":{"rendered":"Enginyeria Electr\u00f2nica"},"content":{"rendered":"\t\t<div data-elementor-type=\"wp-page\" data-elementor-id=\"3898\" class=\"elementor elementor-3898 elementor-3073\" data-elementor-post-type=\"page\">\n\t\t\t\t\t\t<section class=\"elementor-section elementor-top-section elementor-element elementor-element-7418017c elementor-section-boxed elementor-section-height-default elementor-section-height-default\" data-id=\"7418017c\" data-element_type=\"section\" data-settings=\"{&quot;background_background&quot;:&quot;classic&quot;}\">\n\t\t\t\t\t\t\t<div class=\"elementor-background-overlay\"><\/div>\n\t\t\t\t\t\t\t<div class=\"elementor-container elementor-column-gap-default\">\n\t\t\t\t\t<div class=\"elementor-column elementor-col-100 elementor-top-column elementor-element elementor-element-4de12e92\" data-id=\"4de12e92\" data-element_type=\"column\">\n\t\t\t<div class=\"elementor-widget-wrap elementor-element-populated\">\n\t\t\t\t\t\t<section class=\"elementor-section elementor-inner-section elementor-element elementor-element-1bebfd71 elementor-section-boxed elementor-section-height-default elementor-section-height-default\" data-id=\"1bebfd71\" data-element_type=\"section\">\n\t\t\t\t\t\t<div class=\"elementor-container elementor-column-gap-no\">\n\t\t\t\t\t<div class=\"elementor-column elementor-col-100 elementor-inner-column elementor-element elementor-element-2625fc4e\" data-id=\"2625fc4e\" data-element_type=\"column\">\n\t\t\t<div class=\"elementor-widget-wrap elementor-element-populated\">\n\t\t\t\t\t\t<div class=\"elementor-element elementor-element-97265e4 elementor-invisible elementor-widget elementor-widget-heading\" data-id=\"97265e4\" data-element_type=\"widget\" data-settings=\"{&quot;_animation&quot;:&quot;fadeInUp&quot;,&quot;_animation_delay&quot;:240}\" data-widget_type=\"heading.default\">\n\t\t\t\t<div class=\"elementor-widget-container\">\n\t\t\t\t\t<h2 class=\"elementor-heading-title elementor-size-default\">Enginyeria Electr\u00f2nica<\/h2>\t\t\t\t<\/div>\n\t\t\t\t<\/div>\n\t\t\t\t<div class=\"elementor-element elementor-element-3de87fbe elementor-hidden-desktop elementor-hidden-tablet elementor-hidden-mobile elementor-invisible elementor-widget elementor-widget-text-editor\" data-id=\"3de87fbe\" data-element_type=\"widget\" data-settings=\"{&quot;_animation&quot;:&quot;fadeInUp&quot;,&quot;_animation_delay&quot;:480}\" data-widget_type=\"text-editor.default\">\n\t\t\t\t<div class=\"elementor-widget-container\">\n\t\t\t\t\t\t\t\t\t<p>Oferim enginyeria el\u00e8ctr\u00f3nica a mida per a automoci\u00f3, transport, mobilitat el\u00e8ctrica e indusria.<\/p>\n\t\t\t\t\t\t\t\t<\/div>\n\t\t\t\t<\/div>\n\t\t\t\t\t<\/div>\n\t\t<\/div>\n\t\t\t\t\t<\/div>\n\t\t<\/section>\n\t\t\t\t\t<\/div>\n\t\t<\/div>\n\t\t\t\t\t<\/div>\n\t\t<\/section>\n\t\t\t\t<section class=\"elementor-section elementor-top-section elementor-element elementor-element-37d5102b elementor-section-boxed elementor-section-height-default elementor-section-height-default\" data-id=\"37d5102b\" data-element_type=\"section\">\n\t\t\t\t\t\t<div class=\"elementor-container elementor-column-gap-default\">\n\t\t\t\t\t<div class=\"elementor-column elementor-col-100 elementor-top-column elementor-element elementor-element-6ad8bb2\" data-id=\"6ad8bb2\" data-element_type=\"column\">\n\t\t\t<div class=\"elementor-widget-wrap elementor-element-populated\">\n\t\t\t\t\t\t<div class=\"elementor-element elementor-element-2e6b589a elementor-widget elementor-widget-heading\" data-id=\"2e6b589a\" data-element_type=\"widget\" data-widget_type=\"heading.default\">\n\t\t\t\t<div class=\"elementor-widget-container\">\n\t\t\t\t\t<h2 class=\"elementor-heading-title elementor-size-default\">Dissenys a mida per a automoci\u00f3 i mobilitat el\u00e8ctrica<\/h2>\t\t\t\t<\/div>\n\t\t\t\t<\/div>\n\t\t\t\t<section class=\"elementor-section elementor-inner-section elementor-element elementor-element-3df49408 elementor-section-boxed elementor-section-height-default elementor-section-height-default\" data-id=\"3df49408\" data-element_type=\"section\">\n\t\t\t\t\t\t<div class=\"elementor-container elementor-column-gap-no\">\n\t\t\t\t\t<div class=\"elementor-column elementor-col-50 elementor-inner-column elementor-element elementor-element-71051a6e\" data-id=\"71051a6e\" data-element_type=\"column\">\n\t\t\t<div class=\"elementor-widget-wrap elementor-element-populated\">\n\t\t\t\t\t\t<div class=\"elementor-element elementor-element-58e688eb elementor-widget elementor-widget-text-editor\" data-id=\"58e688eb\" data-element_type=\"widget\" data-widget_type=\"text-editor.default\">\n\t\t\t\t<div class=\"elementor-widget-container\">\n\t\t\t\t\t\t\t\t\t<p>Des de convertidors DC\/DC (buck, boost i a\u00eflladors) fins a unitats intermitents electr\u00f2niques per a vehicles industrials, la nostra experi\u00e8ncia rau en la creaci\u00f3 de solucions personalitzades per al m\u00f3n de l&#8217;automoci\u00f3. Tamb\u00e9 dissenyem sensors electr\u00f2nics per a motocicletes d&#8217;alt rendiment i integrem sistemes de tracci\u00f3 el\u00e8ctrica mitjan\u00e7ant la nostra tecnologia de control de motor FOC patentada. <\/p>\n\t\t\t\t\t\t\t\t<\/div>\n\t\t\t\t<\/div>\n\t\t\t\t<div class=\"elementor-element elementor-element-68f5480b elementor-widget elementor-widget-image\" data-id=\"68f5480b\" data-element_type=\"widget\" data-widget_type=\"image.default\">\n\t\t\t\t<div class=\"elementor-widget-container\">\n\t\t\t\t\t\t\t\t\t\t\t\t\t\t\t<img fetchpriority=\"high\" decoding=\"async\" width=\"2048\" height=\"1080\" src=\"https:\/\/guilera.com\/wp-content\/uploads\/2024\/12\/1.2-min.jpeg\" class=\"attachment-full size-full wp-image-3849\" alt=\"Electronics Engineering\" srcset=\"https:\/\/guilera.com\/wp-content\/uploads\/2024\/12\/1.2-min.jpeg 2048w, https:\/\/guilera.com\/wp-content\/uploads\/2024\/12\/1.2-min-300x158.jpeg 300w, https:\/\/guilera.com\/wp-content\/uploads\/2024\/12\/1.2-min-1024x540.jpeg 1024w, https:\/\/guilera.com\/wp-content\/uploads\/2024\/12\/1.2-min-768x405.jpeg 768w, https:\/\/guilera.com\/wp-content\/uploads\/2024\/12\/1.2-min-1536x810.jpeg 1536w\" sizes=\"(max-width: 2048px) 100vw, 2048px\" \/>\t\t\t\t\t\t\t\t\t\t\t\t\t\t\t<\/div>\n\t\t\t\t<\/div>\n\t\t\t\t\t<\/div>\n\t\t<\/div>\n\t\t\t\t<div class=\"elementor-column elementor-col-50 elementor-inner-column elementor-element elementor-element-1dbb16b4\" data-id=\"1dbb16b4\" data-element_type=\"column\">\n\t\t\t<div class=\"elementor-widget-wrap elementor-element-populated\">\n\t\t\t\t\t\t<div class=\"elementor-element elementor-element-8b8d665 elementor-widget elementor-widget-text-editor\" data-id=\"8b8d665\" data-element_type=\"widget\" data-widget_type=\"text-editor.default\">\n\t\t\t\t<div class=\"elementor-widget-container\">\n\t\t\t\t\t\t\t\t\t<p>Amb d\u00e8cades d&#8217;experi\u00e8ncia, els nostres dissenys s\u00f3n coneguts per la seva durabilitat i el compliment de les normatives m\u00e9s estrictes. Destaquem per combinar tecnologies avan\u00e7ades, com inversors basats en GaN i models de simulaci\u00f3 electr\u00f2nica, amb el nostre comprom\u00eds amb la responsabilitat social corporativa.<\/p>\n\t\t\t\t\t\t\t\t<\/div>\n\t\t\t\t<\/div>\n\t\t\t\t<div class=\"elementor-element elementor-element-3919f1f3 elementor-widget elementor-widget-image\" data-id=\"3919f1f3\" data-element_type=\"widget\" data-widget_type=\"image.default\">\n\t\t\t\t<div class=\"elementor-widget-container\">\n\t\t\t\t\t\t\t\t\t\t\t\t\t\t\t<img decoding=\"async\" width=\"2048\" height=\"1365\" data-src=\"https:\/\/guilera.com\/wp-content\/uploads\/2024\/12\/1.3-min-scaled.jpeg\" class=\"attachment-full size-full wp-image-3854 lazyload\" alt=\"Electronics Engineering\" data-srcset=\"https:\/\/guilera.com\/wp-content\/uploads\/2024\/12\/1.3-min-scaled.jpeg 2048w, https:\/\/guilera.com\/wp-content\/uploads\/2024\/12\/1.3-min-300x200.jpeg 300w, https:\/\/guilera.com\/wp-content\/uploads\/2024\/12\/1.3-min-1024x683.jpeg 1024w, https:\/\/guilera.com\/wp-content\/uploads\/2024\/12\/1.3-min-768x512.jpeg 768w, https:\/\/guilera.com\/wp-content\/uploads\/2024\/12\/1.3-min-1536x1024.jpeg 1536w\" data-sizes=\"(max-width: 2048px) 100vw, 2048px\" src=\"data:image\/svg+xml;base64,PHN2ZyB3aWR0aD0iMSIgaGVpZ2h0PSIxIiB4bWxucz0iaHR0cDovL3d3dy53My5vcmcvMjAwMC9zdmciPjwvc3ZnPg==\" style=\"--smush-placeholder-width: 2048px; --smush-placeholder-aspect-ratio: 2048\/1365;\" \/>\t\t\t\t\t\t\t\t\t\t\t\t\t\t\t<\/div>\n\t\t\t\t<\/div>\n\t\t\t\t\t<\/div>\n\t\t<\/div>\n\t\t\t\t\t<\/div>\n\t\t<\/section>\n\t\t\t\t\t<\/div>\n\t\t<\/div>\n\t\t\t\t\t<\/div>\n\t\t<\/section>\n\t\t\t\t<section class=\"elementor-section elementor-top-section elementor-element elementor-element-52a09b24 elementor-section-boxed elementor-section-height-default elementor-section-height-default\" data-id=\"52a09b24\" data-element_type=\"section\" data-settings=\"{&quot;background_background&quot;:&quot;classic&quot;}\">\n\t\t\t\t\t\t\t<div class=\"elementor-background-overlay\"><\/div>\n\t\t\t\t\t\t\t<div class=\"elementor-container elementor-column-gap-default\">\n\t\t\t\t\t<div class=\"elementor-column elementor-col-50 elementor-top-column elementor-element elementor-element-204d3e47 elementor-invisible\" data-id=\"204d3e47\" data-element_type=\"column\" data-settings=\"{&quot;animation&quot;:&quot;fadeInLeft&quot;}\">\n\t\t\t<div class=\"elementor-widget-wrap elementor-element-populated\">\n\t\t\t\t\t\t<div class=\"elementor-element elementor-element-379f0885 elementor-widget elementor-widget-heading\" data-id=\"379f0885\" data-element_type=\"widget\" data-widget_type=\"heading.default\">\n\t\t\t\t<div class=\"elementor-widget-container\">\n\t\t\t\t\t<h2 class=\"elementor-heading-title elementor-size-default\">Per qu\u00e8 escollir-nos?<\/h2>\t\t\t\t<\/div>\n\t\t\t\t<\/div>\n\t\t\t\t<div class=\"elementor-element elementor-element-22c329eb elementor-widget elementor-widget-text-editor\" data-id=\"22c329eb\" data-element_type=\"widget\" data-widget_type=\"text-editor.default\">\n\t\t\t\t<div class=\"elementor-widget-container\">\n\t\t\t\t\t\t\t\t\t<p>Col\u00b7laborem estretament amb els clients, lliurant projectes pas a pas. Per exemple, els nostres convertidors DC\/DC ara alimenten excavadores d&#8217;avantguarda i els nostres sistemes de sensors milloren les motocicletes d&#8217;alt rendiment. El nostre proc\u00e9s garanteix la qualitat, el temps i els millors resultats.  <\/p>\n\t\t\t\t\t\t\t\t<\/div>\n\t\t\t\t<\/div>\n\t\t\t\t<div class=\"elementor-element elementor-element-7481f3c9 elementor-widget elementor-widget-button\" data-id=\"7481f3c9\" data-element_type=\"widget\" data-widget_type=\"button.default\">\n\t\t\t\t<div class=\"elementor-widget-container\">\n\t\t\t\t\t\t\t\t\t<div class=\"elementor-button-wrapper\">\n\t\t\t\t\t<a class=\"elementor-button elementor-button-link elementor-size-sm\" href=\"#\">\n\t\t\t\t\t\t<span class=\"elementor-button-content-wrapper\">\n\t\t\t\t\t\t\t\t\t<span class=\"elementor-button-text\">Descobreix-ne m\u00e9s<\/span>\n\t\t\t\t\t<\/span>\n\t\t\t\t\t<\/a>\n\t\t\t\t<\/div>\n\t\t\t\t\t\t\t\t<\/div>\n\t\t\t\t<\/div>\n\t\t\t\t\t<\/div>\n\t\t<\/div>\n\t\t\t\t<div class=\"elementor-column elementor-col-50 elementor-top-column elementor-element elementor-element-c622616 elementor-invisible\" data-id=\"c622616\" data-element_type=\"column\" data-settings=\"{&quot;animation&quot;:&quot;fadeInLeft&quot;}\">\n\t\t\t<div class=\"elementor-widget-wrap elementor-element-populated\">\n\t\t\t\t\t\t<div class=\"elementor-element elementor-element-871fa48 elementor-widget elementor-widget-heading\" data-id=\"871fa48\" data-element_type=\"widget\" data-widget_type=\"heading.default\">\n\t\t\t\t<div class=\"elementor-widget-container\">\n\t\t\t\t\t<h2 class=\"elementor-heading-title elementor-size-default\">Preparat per transformar les teves idees?<\/h2>\t\t\t\t<\/div>\n\t\t\t\t<\/div>\n\t\t\t\t<div class=\"elementor-element elementor-element-379ac70 elementor-widget elementor-widget-text-editor\" data-id=\"379ac70\" data-element_type=\"widget\" data-widget_type=\"text-editor.default\">\n\t\t\t\t<div class=\"elementor-widget-container\">\n\t\t\t\t\t\t\t\t\t<p>Deixa&#8217;ns dissenyar el teu proper projecte amb precisi\u00f3 i innovaci\u00f3.<\/p>\n\t\t\t\t\t\t\t\t<\/div>\n\t\t\t\t<\/div>\n\t\t\t\t\t<\/div>\n\t\t<\/div>\n\t\t\t\t\t<\/div>\n\t\t<\/section>\n\t\t\t\t<\/div>\n\t\t","protected":false},"excerpt":{"rendered":"<p>Enginyeria Electr\u00f2nica Oferim enginyeria el\u00e8ctr\u00f3nica a mida per a automoci\u00f3, transport, mobilitat el\u00e8ctrica e indusria. Dissenys a mida per a automoci\u00f3 i mobilitat el\u00e8ctrica Des de convertidors DC\/DC (buck, boost i a\u00eflladors) fins a unitats intermitents electr\u00f2niques per a vehicles industrials, la nostra experi\u00e8ncia rau en la creaci\u00f3 de solucions personalitzades per al m\u00f3n de [&hellip;]<\/p>\n","protected":false},"author":1,"featured_media":0,"parent":3524,"menu_order":0,"comment_status":"closed","ping_status":"closed","template":"","meta":{"footnotes":""},"class_list":["post-3898","page","type-page","status-publish","hentry"],"yoast_head":"<!-- This site is optimized with the Yoast SEO plugin v26.0 - https:\/\/yoast.com\/wordpress\/plugins\/seo\/ -->\n<title>Enginyeria Electr\u00f2nica - Guilera<\/title>\n<meta name=\"robots\" content=\"index, follow, max-snippet:-1, max-image-preview:large, max-video-preview:-1\" \/>\n<link rel=\"canonical\" href=\"https:\/\/guilera.com\/ca\/els-nostres-serveis\/enginyeria-electronica\/\" \/>\n<meta property=\"og:locale\" content=\"ca_ES\" \/>\n<meta property=\"og:type\" content=\"article\" \/>\n<meta property=\"og:title\" content=\"Enginyeria Electr\u00f2nica - Guilera\" \/>\n<meta property=\"og:description\" content=\"Enginyeria Electr\u00f2nica Oferim enginyeria el\u00e8ctr\u00f3nica a mida per a automoci\u00f3, transport, mobilitat el\u00e8ctrica e indusria. Dissenys a mida per a automoci\u00f3 i mobilitat el\u00e8ctrica Des de convertidors DC\/DC (buck, boost i a\u00eflladors) fins a unitats intermitents electr\u00f2niques per a vehicles industrials, la nostra experi\u00e8ncia rau en la creaci\u00f3 de solucions personalitzades per al m\u00f3n de [&hellip;]\" \/>\n<meta property=\"og:url\" content=\"https:\/\/guilera.com\/ca\/els-nostres-serveis\/enginyeria-electronica\/\" \/>\n<meta property=\"og:site_name\" content=\"Guilera\" \/>\n<meta property=\"article:modified_time\" content=\"2024-12-12T18:43:36+00:00\" \/>\n<meta property=\"og:image\" content=\"https:\/\/guilera.com\/wp-content\/uploads\/2024\/12\/1.2-min.jpeg\" \/>\n\t<meta property=\"og:image:width\" content=\"2048\" \/>\n\t<meta property=\"og:image:height\" content=\"1080\" \/>\n\t<meta property=\"og:image:type\" content=\"image\/jpeg\" \/>\n<meta name=\"twitter:card\" content=\"summary_large_image\" \/>\n<meta name=\"twitter:label1\" content=\"Temps estimat de lectura\" \/>\n\t<meta name=\"twitter:data1\" content=\"1 minut\" \/>\n<script type=\"application\/ld+json\" class=\"yoast-schema-graph\">{\"@context\":\"https:\/\/schema.org\",\"@graph\":[{\"@type\":\"WebPage\",\"@id\":\"https:\/\/guilera.com\/ca\/els-nostres-serveis\/enginyeria-electronica\/\",\"url\":\"https:\/\/guilera.com\/ca\/els-nostres-serveis\/enginyeria-electronica\/\",\"name\":\"Enginyeria Electr\u00f2nica - Guilera\",\"isPartOf\":{\"@id\":\"https:\/\/guilera.com\/ca\/#website\"},\"primaryImageOfPage\":{\"@id\":\"https:\/\/guilera.com\/ca\/els-nostres-serveis\/enginyeria-electronica\/#primaryimage\"},\"image\":{\"@id\":\"https:\/\/guilera.com\/ca\/els-nostres-serveis\/enginyeria-electronica\/#primaryimage\"},\"thumbnailUrl\":\"https:\/\/guilera.com\/wp-content\/uploads\/2024\/12\/1.2-min.jpeg\",\"datePublished\":\"2024-12-08T22:50:19+00:00\",\"dateModified\":\"2024-12-12T18:43:36+00:00\",\"breadcrumb\":{\"@id\":\"https:\/\/guilera.com\/ca\/els-nostres-serveis\/enginyeria-electronica\/#breadcrumb\"},\"inLanguage\":\"ca\",\"potentialAction\":[{\"@type\":\"ReadAction\",\"target\":[\"https:\/\/guilera.com\/ca\/els-nostres-serveis\/enginyeria-electronica\/\"]}]},{\"@type\":\"ImageObject\",\"inLanguage\":\"ca\",\"@id\":\"https:\/\/guilera.com\/ca\/els-nostres-serveis\/enginyeria-electronica\/#primaryimage\",\"url\":\"https:\/\/guilera.com\/wp-content\/uploads\/2024\/12\/1.2-min.jpeg\",\"contentUrl\":\"https:\/\/guilera.com\/wp-content\/uploads\/2024\/12\/1.2-min.jpeg\"},{\"@type\":\"BreadcrumbList\",\"@id\":\"https:\/\/guilera.com\/ca\/els-nostres-serveis\/enginyeria-electronica\/#breadcrumb\",\"itemListElement\":[{\"@type\":\"ListItem\",\"position\":1,\"name\":\"Home\",\"item\":\"https:\/\/guilera.com\/ca\/\"},{\"@type\":\"ListItem\",\"position\":2,\"name\":\"Serveis\",\"item\":\"https:\/\/guilera.com\/ca\/els-nostres-serveis\/\"},{\"@type\":\"ListItem\",\"position\":3,\"name\":\"Enginyeria Electr\u00f2nica\"}]},{\"@type\":\"WebSite\",\"@id\":\"https:\/\/guilera.com\/ca\/#website\",\"url\":\"https:\/\/guilera.com\/ca\/\",\"name\":\"Guilera\",\"description\":\"\",\"publisher\":{\"@id\":\"https:\/\/guilera.com\/ca\/#organization\"},\"potentialAction\":[{\"@type\":\"SearchAction\",\"target\":{\"@type\":\"EntryPoint\",\"urlTemplate\":\"https:\/\/guilera.com\/ca\/?s={search_term_string}\"},\"query-input\":{\"@type\":\"PropertyValueSpecification\",\"valueRequired\":true,\"valueName\":\"search_term_string\"}}],\"inLanguage\":\"ca\"},{\"@type\":\"Organization\",\"@id\":\"https:\/\/guilera.com\/ca\/#organization\",\"name\":\"Guilera S.A.\",\"url\":\"https:\/\/guilera.com\/ca\/\",\"logo\":{\"@type\":\"ImageObject\",\"inLanguage\":\"ca\",\"@id\":\"https:\/\/guilera.com\/ca\/#\/schema\/logo\/image\/\",\"url\":\"https:\/\/guilera.com\/wp-content\/uploads\/2024\/06\/cropped-favicon-guilera.png\",\"contentUrl\":\"https:\/\/guilera.com\/wp-content\/uploads\/2024\/06\/cropped-favicon-guilera.png\",\"width\":512,\"height\":512,\"caption\":\"Guilera S.A.\"},\"image\":{\"@id\":\"https:\/\/guilera.com\/ca\/#\/schema\/logo\/image\/\"}}]}<\/script>\n<!-- \/ Yoast SEO plugin. -->","yoast_head_json":{"title":"Enginyeria Electr\u00f2nica - Guilera","robots":{"index":"index","follow":"follow","max-snippet":"max-snippet:-1","max-image-preview":"max-image-preview:large","max-video-preview":"max-video-preview:-1"},"canonical":"https:\/\/guilera.com\/ca\/els-nostres-serveis\/enginyeria-electronica\/","og_locale":"ca_ES","og_type":"article","og_title":"Enginyeria Electr\u00f2nica - Guilera","og_description":"Enginyeria Electr\u00f2nica Oferim enginyeria el\u00e8ctr\u00f3nica a mida per a automoci\u00f3, transport, mobilitat el\u00e8ctrica e indusria. Dissenys a mida per a automoci\u00f3 i mobilitat el\u00e8ctrica Des de convertidors DC\/DC (buck, boost i a\u00eflladors) fins a unitats intermitents electr\u00f2niques per a vehicles industrials, la nostra experi\u00e8ncia rau en la creaci\u00f3 de solucions personalitzades per al m\u00f3n de [&hellip;]","og_url":"https:\/\/guilera.com\/ca\/els-nostres-serveis\/enginyeria-electronica\/","og_site_name":"Guilera","article_modified_time":"2024-12-12T18:43:36+00:00","og_image":[{"width":2048,"height":1080,"url":"https:\/\/guilera.com\/wp-content\/uploads\/2024\/12\/1.2-min.jpeg","type":"image\/jpeg"}],"twitter_card":"summary_large_image","twitter_misc":{"Temps estimat de lectura":"1 minut"},"schema":{"@context":"https:\/\/schema.org","@graph":[{"@type":"WebPage","@id":"https:\/\/guilera.com\/ca\/els-nostres-serveis\/enginyeria-electronica\/","url":"https:\/\/guilera.com\/ca\/els-nostres-serveis\/enginyeria-electronica\/","name":"Enginyeria Electr\u00f2nica - Guilera","isPartOf":{"@id":"https:\/\/guilera.com\/ca\/#website"},"primaryImageOfPage":{"@id":"https:\/\/guilera.com\/ca\/els-nostres-serveis\/enginyeria-electronica\/#primaryimage"},"image":{"@id":"https:\/\/guilera.com\/ca\/els-nostres-serveis\/enginyeria-electronica\/#primaryimage"},"thumbnailUrl":"https:\/\/guilera.com\/wp-content\/uploads\/2024\/12\/1.2-min.jpeg","datePublished":"2024-12-08T22:50:19+00:00","dateModified":"2024-12-12T18:43:36+00:00","breadcrumb":{"@id":"https:\/\/guilera.com\/ca\/els-nostres-serveis\/enginyeria-electronica\/#breadcrumb"},"inLanguage":"ca","potentialAction":[{"@type":"ReadAction","target":["https:\/\/guilera.com\/ca\/els-nostres-serveis\/enginyeria-electronica\/"]}]},{"@type":"ImageObject","inLanguage":"ca","@id":"https:\/\/guilera.com\/ca\/els-nostres-serveis\/enginyeria-electronica\/#primaryimage","url":"https:\/\/guilera.com\/wp-content\/uploads\/2024\/12\/1.2-min.jpeg","contentUrl":"https:\/\/guilera.com\/wp-content\/uploads\/2024\/12\/1.2-min.jpeg"},{"@type":"BreadcrumbList","@id":"https:\/\/guilera.com\/ca\/els-nostres-serveis\/enginyeria-electronica\/#breadcrumb","itemListElement":[{"@type":"ListItem","position":1,"name":"Home","item":"https:\/\/guilera.com\/ca\/"},{"@type":"ListItem","position":2,"name":"Serveis","item":"https:\/\/guilera.com\/ca\/els-nostres-serveis\/"},{"@type":"ListItem","position":3,"name":"Enginyeria Electr\u00f2nica"}]},{"@type":"WebSite","@id":"https:\/\/guilera.com\/ca\/#website","url":"https:\/\/guilera.com\/ca\/","name":"Guilera","description":"","publisher":{"@id":"https:\/\/guilera.com\/ca\/#organization"},"potentialAction":[{"@type":"SearchAction","target":{"@type":"EntryPoint","urlTemplate":"https:\/\/guilera.com\/ca\/?s={search_term_string}"},"query-input":{"@type":"PropertyValueSpecification","valueRequired":true,"valueName":"search_term_string"}}],"inLanguage":"ca"},{"@type":"Organization","@id":"https:\/\/guilera.com\/ca\/#organization","name":"Guilera S.A.","url":"https:\/\/guilera.com\/ca\/","logo":{"@type":"ImageObject","inLanguage":"ca","@id":"https:\/\/guilera.com\/ca\/#\/schema\/logo\/image\/","url":"https:\/\/guilera.com\/wp-content\/uploads\/2024\/06\/cropped-favicon-guilera.png","contentUrl":"https:\/\/guilera.com\/wp-content\/uploads\/2024\/06\/cropped-favicon-guilera.png","width":512,"height":512,"caption":"Guilera S.A."},"image":{"@id":"https:\/\/guilera.com\/ca\/#\/schema\/logo\/image\/"}}]}},"_links":{"self":[{"href":"https:\/\/guilera.com\/ca\/wp-json\/wp\/v2\/pages\/3898","targetHints":{"allow":["GET"]}}],"collection":[{"href":"https:\/\/guilera.com\/ca\/wp-json\/wp\/v2\/pages"}],"about":[{"href":"https:\/\/guilera.com\/ca\/wp-json\/wp\/v2\/types\/page"}],"author":[{"embeddable":true,"href":"https:\/\/guilera.com\/ca\/wp-json\/wp\/v2\/users\/1"}],"replies":[{"embeddable":true,"href":"https:\/\/guilera.com\/ca\/wp-json\/wp\/v2\/comments?post=3898"}],"version-history":[{"count":2,"href":"https:\/\/guilera.com\/ca\/wp-json\/wp\/v2\/pages\/3898\/revisions"}],"predecessor-version":[{"id":3909,"href":"https:\/\/guilera.com\/ca\/wp-json\/wp\/v2\/pages\/3898\/revisions\/3909"}],"up":[{"embeddable":true,"href":"https:\/\/guilera.com\/ca\/wp-json\/wp\/v2\/pages\/3524"}],"wp:attachment":[{"href":"https:\/\/guilera.com\/ca\/wp-json\/wp\/v2\/media?parent=3898"}],"curies":[{"name":"wp","href":"https:\/\/api.w.org\/{rel}","templated":true}]}}