{"id":3912,"date":"2024-12-12T19:07:36","date_gmt":"2024-12-12T18:07:36","guid":{"rendered":"https:\/\/guilera.com\/els-nostres-serveis\/test\/"},"modified":"2024-12-12T19:52:43","modified_gmt":"2024-12-12T18:52:43","slug":"test","status":"publish","type":"page","link":"https:\/\/guilera.com\/ca\/els-nostres-serveis\/test\/","title":{"rendered":"Test"},"content":{"rendered":"\t\t<div data-elementor-type=\"wp-page\" data-elementor-id=\"3912\" class=\"elementor elementor-3912 elementor-3888\" data-elementor-post-type=\"page\">\n\t\t\t\t\t\t<section class=\"elementor-section elementor-top-section elementor-element elementor-element-7418017c elementor-section-boxed elementor-section-height-default elementor-section-height-default\" data-id=\"7418017c\" data-element_type=\"section\" data-settings=\"{&quot;background_background&quot;:&quot;classic&quot;}\">\n\t\t\t\t\t\t\t<div class=\"elementor-background-overlay\"><\/div>\n\t\t\t\t\t\t\t<div class=\"elementor-container elementor-column-gap-default\">\n\t\t\t\t\t<div class=\"elementor-column elementor-col-100 elementor-top-column elementor-element elementor-element-4de12e92\" data-id=\"4de12e92\" data-element_type=\"column\">\n\t\t\t<div class=\"elementor-widget-wrap elementor-element-populated\">\n\t\t\t\t\t\t<section class=\"elementor-section elementor-inner-section elementor-element elementor-element-1bebfd71 elementor-section-boxed elementor-section-height-default elementor-section-height-default\" data-id=\"1bebfd71\" data-element_type=\"section\">\n\t\t\t\t\t\t<div class=\"elementor-container elementor-column-gap-no\">\n\t\t\t\t\t<div class=\"elementor-column elementor-col-100 elementor-inner-column elementor-element elementor-element-2625fc4e\" data-id=\"2625fc4e\" data-element_type=\"column\">\n\t\t\t<div class=\"elementor-widget-wrap elementor-element-populated\">\n\t\t\t\t\t\t<div class=\"elementor-element elementor-element-97265e4 elementor-invisible elementor-widget elementor-widget-heading\" data-id=\"97265e4\" data-element_type=\"widget\" data-settings=\"{&quot;_animation&quot;:&quot;fadeInUp&quot;,&quot;_animation_delay&quot;:240}\" data-widget_type=\"heading.default\">\n\t\t\t\t<div class=\"elementor-widget-container\">\n\t\t\t\t\t<h2 class=\"elementor-heading-title elementor-size-default\">Test<\/h2>\t\t\t\t<\/div>\n\t\t\t\t<\/div>\n\t\t\t\t<div class=\"elementor-element elementor-element-3de87fbe elementor-hidden-desktop elementor-hidden-tablet elementor-hidden-mobile elementor-invisible elementor-widget elementor-widget-text-editor\" data-id=\"3de87fbe\" data-element_type=\"widget\" data-settings=\"{&quot;_animation&quot;:&quot;fadeInUp&quot;,&quot;_animation_delay&quot;:480}\" data-widget_type=\"text-editor.default\">\n\t\t\t\t<div class=\"elementor-widget-container\">\n\t\t\t\t\t\t\t\t\t<p>Oferim enginyeria el\u00e8ctr\u00f3nica a mida per a automoci\u00f3, transport, mobilitat el\u00e8ctrica e indusria.<\/p>\n\t\t\t\t\t\t\t\t<\/div>\n\t\t\t\t<\/div>\n\t\t\t\t\t<\/div>\n\t\t<\/div>\n\t\t\t\t\t<\/div>\n\t\t<\/section>\n\t\t\t\t\t<\/div>\n\t\t<\/div>\n\t\t\t\t\t<\/div>\n\t\t<\/section>\n\t\t\t\t<section class=\"elementor-section elementor-top-section elementor-element elementor-element-37d5102b elementor-section-boxed elementor-section-height-default elementor-section-height-default\" data-id=\"37d5102b\" data-element_type=\"section\">\n\t\t\t\t\t\t<div class=\"elementor-container elementor-column-gap-default\">\n\t\t\t\t\t<div class=\"elementor-column elementor-col-100 elementor-top-column elementor-element elementor-element-6ad8bb2\" data-id=\"6ad8bb2\" data-element_type=\"column\">\n\t\t\t<div class=\"elementor-widget-wrap elementor-element-populated\">\n\t\t\t\t\t\t<section class=\"elementor-section elementor-inner-section elementor-element elementor-element-3df49408 elementor-section-boxed elementor-section-height-default elementor-section-height-default\" data-id=\"3df49408\" data-element_type=\"section\">\n\t\t\t\t\t\t<div class=\"elementor-container elementor-column-gap-no\">\n\t\t\t\t\t<div class=\"elementor-column elementor-col-50 elementor-inner-column elementor-element elementor-element-71051a6e\" data-id=\"71051a6e\" data-element_type=\"column\">\n\t\t\t<div class=\"elementor-widget-wrap elementor-element-populated\">\n\t\t\t\t\t\t<div class=\"elementor-element elementor-element-e3d7d4d elementor-widget elementor-widget-heading\" data-id=\"e3d7d4d\" data-element_type=\"widget\" data-widget_type=\"heading.default\">\n\t\t\t\t<div class=\"elementor-widget-container\">\n\t\t\t\t\t<h2 class=\"elementor-heading-title elementor-size-default\">Posa a prova el teu producte<\/h2>\t\t\t\t<\/div>\n\t\t\t\t<\/div>\n\t\t\t\t<div class=\"elementor-element elementor-element-58e688eb elementor-widget elementor-widget-text-editor\" data-id=\"58e688eb\" data-element_type=\"widget\" data-widget_type=\"text-editor.default\">\n\t\t\t\t<div class=\"elementor-widget-container\">\n\t\t\t\t\t\t\t\t\t<p>Oferim proves avan\u00e7ades per a vehicles i components, garantint que funcionin en condicions reals. Els nostres serveis inclouen proves de dinam\u00f2metres, proves d&#8217;estr\u00e8s ambiental i avaluacions detallades del rendiment. <\/p>\n\t\t\t\t\t\t\t\t<\/div>\n\t\t\t\t<\/div>\n\t\t\t\t<div class=\"elementor-element elementor-element-68f5480b elementor-widget elementor-widget-image\" data-id=\"68f5480b\" data-element_type=\"widget\" data-widget_type=\"image.default\">\n\t\t\t\t<div class=\"elementor-widget-container\">\n\t\t\t\t\t\t\t\t\t\t\t\t\t\t\t<img fetchpriority=\"high\" decoding=\"async\" width=\"2048\" height=\"878\" src=\"https:\/\/guilera.com\/wp-content\/uploads\/2024\/12\/2.2-min-scaled.jpeg\" class=\"attachment-full size-full wp-image-3864\" alt=\"testing services\" srcset=\"https:\/\/guilera.com\/wp-content\/uploads\/2024\/12\/2.2-min-scaled.jpeg 2048w, https:\/\/guilera.com\/wp-content\/uploads\/2024\/12\/2.2-min-300x129.jpeg 300w, https:\/\/guilera.com\/wp-content\/uploads\/2024\/12\/2.2-min-1024x439.jpeg 1024w, https:\/\/guilera.com\/wp-content\/uploads\/2024\/12\/2.2-min-768x329.jpeg 768w, https:\/\/guilera.com\/wp-content\/uploads\/2024\/12\/2.2-min-1536x658.jpeg 1536w\" sizes=\"(max-width: 2048px) 100vw, 2048px\" \/>\t\t\t\t\t\t\t\t\t\t\t\t\t\t\t<\/div>\n\t\t\t\t<\/div>\n\t\t\t\t\t<\/div>\n\t\t<\/div>\n\t\t\t\t<div class=\"elementor-column elementor-col-50 elementor-inner-column elementor-element elementor-element-1dbb16b4\" data-id=\"1dbb16b4\" data-element_type=\"column\">\n\t\t\t<div class=\"elementor-widget-wrap elementor-element-populated\">\n\t\t\t\t\t\t<div class=\"elementor-element elementor-element-2e6b589a elementor-widget elementor-widget-heading\" data-id=\"2e6b589a\" data-element_type=\"widget\" data-widget_type=\"heading.default\">\n\t\t\t\t<div class=\"elementor-widget-container\">\n\t\t\t\t\t<h2 class=\"elementor-heading-title elementor-size-default\">Capacitats integrals <\/h2>\t\t\t\t<\/div>\n\t\t\t\t<\/div>\n\t\t\t\t<div class=\"elementor-element elementor-element-8b8d665 elementor-widget elementor-widget-text-editor\" data-id=\"8b8d665\" data-element_type=\"widget\" data-widget_type=\"text-editor.default\">\n\t\t\t\t<div class=\"elementor-widget-container\">\n\t\t\t\t\t\t\t\t\t<p>Des de l&#8217;an\u00e0lisi de la corba de pot\u00e8ncia fins a les proves de vibraci\u00f3 i polvoritzaci\u00f3 de sal, les nostres instal\u00b7lacions estan equipades per gestionar-ho tot. Per a proves especialitzades com EMC, treballem amb socis de confian\u00e7a com IDIADA i ITA Innova. <\/p>\n\t\t\t\t\t\t\t\t<\/div>\n\t\t\t\t<\/div>\n\t\t\t\t<div class=\"elementor-element elementor-element-3919f1f3 elementor-widget elementor-widget-image\" data-id=\"3919f1f3\" data-element_type=\"widget\" data-widget_type=\"image.default\">\n\t\t\t\t<div class=\"elementor-widget-container\">\n\t\t\t\t\t\t\t\t\t\t\t\t\t\t\t<img decoding=\"async\" width=\"1620\" height=\"1080\" data-src=\"https:\/\/guilera.com\/wp-content\/uploads\/2024\/12\/2.3-min.jpeg\" class=\"attachment-full size-full wp-image-3869 lazyload\" alt=\"testing services\" data-srcset=\"https:\/\/guilera.com\/wp-content\/uploads\/2024\/12\/2.3-min.jpeg 1620w, https:\/\/guilera.com\/wp-content\/uploads\/2024\/12\/2.3-min-300x200.jpeg 300w, https:\/\/guilera.com\/wp-content\/uploads\/2024\/12\/2.3-min-1024x683.jpeg 1024w, https:\/\/guilera.com\/wp-content\/uploads\/2024\/12\/2.3-min-768x512.jpeg 768w, https:\/\/guilera.com\/wp-content\/uploads\/2024\/12\/2.3-min-1536x1024.jpeg 1536w\" data-sizes=\"(max-width: 1620px) 100vw, 1620px\" src=\"data:image\/svg+xml;base64,PHN2ZyB3aWR0aD0iMSIgaGVpZ2h0PSIxIiB4bWxucz0iaHR0cDovL3d3dy53My5vcmcvMjAwMC9zdmciPjwvc3ZnPg==\" style=\"--smush-placeholder-width: 1620px; --smush-placeholder-aspect-ratio: 1620\/1080;\" \/>\t\t\t\t\t\t\t\t\t\t\t\t\t\t\t<\/div>\n\t\t\t\t<\/div>\n\t\t\t\t\t<\/div>\n\t\t<\/div>\n\t\t\t\t\t<\/div>\n\t\t<\/section>\n\t\t\t\t\t<\/div>\n\t\t<\/div>\n\t\t\t\t\t<\/div>\n\t\t<\/section>\n\t\t\t\t<section class=\"elementor-section elementor-top-section elementor-element elementor-element-52a09b24 elementor-section-boxed elementor-section-height-default elementor-section-height-default\" data-id=\"52a09b24\" data-element_type=\"section\" data-settings=\"{&quot;background_background&quot;:&quot;classic&quot;}\">\n\t\t\t\t\t\t\t<div class=\"elementor-background-overlay\"><\/div>\n\t\t\t\t\t\t\t<div class=\"elementor-container elementor-column-gap-default\">\n\t\t\t\t\t<div class=\"elementor-column elementor-col-50 elementor-top-column elementor-element elementor-element-204d3e47 elementor-invisible\" data-id=\"204d3e47\" data-element_type=\"column\" data-settings=\"{&quot;animation&quot;:&quot;fadeInLeft&quot;}\">\n\t\t\t<div class=\"elementor-widget-wrap elementor-element-populated\">\n\t\t\t\t\t\t<div class=\"elementor-element elementor-element-379f0885 elementor-widget elementor-widget-heading\" data-id=\"379f0885\" data-element_type=\"widget\" data-widget_type=\"heading.default\">\n\t\t\t\t<div class=\"elementor-widget-container\">\n\t\t\t\t\t<h2 class=\"elementor-heading-title elementor-size-default\">Informes detallats, millors decisions<\/h2>\t\t\t\t<\/div>\n\t\t\t\t<\/div>\n\t\t\t\t<div class=\"elementor-element elementor-element-22c329eb elementor-widget elementor-widget-text-editor\" data-id=\"22c329eb\" data-element_type=\"widget\" data-widget_type=\"text-editor.default\">\n\t\t\t\t<div class=\"elementor-widget-container\">\n\t\t\t\t\t\t\t\t\t<p>Els nostres informes clars i exhaustius faciliten als clients entendre els resultats de les proves i prendre decisions informades. Ja sigui que necessiteu validar un disseny o resoldre un problema, us tenim cobert. <\/p>\n\t\t\t\t\t\t\t\t<\/div>\n\t\t\t\t<\/div>\n\t\t\t\t<div class=\"elementor-element elementor-element-7481f3c9 elementor-hidden-desktop elementor-hidden-tablet elementor-hidden-mobile elementor-widget elementor-widget-button\" data-id=\"7481f3c9\" data-element_type=\"widget\" data-widget_type=\"button.default\">\n\t\t\t\t<div class=\"elementor-widget-container\">\n\t\t\t\t\t\t\t\t\t<div class=\"elementor-button-wrapper\">\n\t\t\t\t\t<a class=\"elementor-button elementor-button-link elementor-size-sm\" href=\"#\">\n\t\t\t\t\t\t<span class=\"elementor-button-content-wrapper\">\n\t\t\t\t\t\t\t\t\t<span class=\"elementor-button-text\">Descobreix-ne m\u00e9s<\/span>\n\t\t\t\t\t<\/span>\n\t\t\t\t\t<\/a>\n\t\t\t\t<\/div>\n\t\t\t\t\t\t\t\t<\/div>\n\t\t\t\t<\/div>\n\t\t\t\t\t<\/div>\n\t\t<\/div>\n\t\t\t\t<div class=\"elementor-column elementor-col-50 elementor-top-column elementor-element elementor-element-c622616 elementor-invisible\" data-id=\"c622616\" data-element_type=\"column\" data-settings=\"{&quot;animation&quot;:&quot;fadeInLeft&quot;}\">\n\t\t\t<div class=\"elementor-widget-wrap elementor-element-populated\">\n\t\t\t\t\t\t<div class=\"elementor-element elementor-element-871fa48 elementor-widget elementor-widget-heading\" data-id=\"871fa48\" data-element_type=\"widget\" data-widget_type=\"heading.default\">\n\t\t\t\t<div class=\"elementor-widget-container\">\n\t\t\t\t\t<h2 class=\"elementor-heading-title elementor-size-default\">Qualitat en la que pot confiar<\/h2>\t\t\t\t<\/div>\n\t\t\t\t<\/div>\n\t\t\t\t<div class=\"elementor-element elementor-element-379ac70 elementor-widget elementor-widget-text-editor\" data-id=\"379ac70\" data-element_type=\"widget\" data-widget_type=\"text-editor.default\">\n\t\t\t\t<div class=\"elementor-widget-container\">\n\t\t\t\t\t\t\t\t\t<p>Assegurem-nos que els vostres productes compleixin els est\u00e0ndards m\u00e9s alts.<\/p>\n\t\t\t\t\t\t\t\t<\/div>\n\t\t\t\t<\/div>\n\t\t\t\t\t<\/div>\n\t\t<\/div>\n\t\t\t\t\t<\/div>\n\t\t<\/section>\n\t\t\t\t<\/div>\n\t\t","protected":false},"excerpt":{"rendered":"<p>Test Oferim enginyeria el\u00e8ctr\u00f3nica a mida per a automoci\u00f3, transport, mobilitat el\u00e8ctrica e indusria. Posa a prova el teu producte Oferim proves avan\u00e7ades per a vehicles i components, garantint que funcionin en condicions reals. Els nostres serveis inclouen proves de dinam\u00f2metres, proves d&#8217;estr\u00e8s ambiental i avaluacions detallades del rendiment. Capacitats integrals Des de l&#8217;an\u00e0lisi de [&hellip;]<\/p>\n","protected":false},"author":1,"featured_media":0,"parent":3524,"menu_order":0,"comment_status":"closed","ping_status":"closed","template":"","meta":{"footnotes":""},"class_list":["post-3912","page","type-page","status-publish","hentry"],"yoast_head":"<!-- This site is optimized with the Yoast SEO plugin v26.0 - https:\/\/yoast.com\/wordpress\/plugins\/seo\/ -->\n<title>Test - Guilera<\/title>\n<meta name=\"robots\" content=\"index, follow, max-snippet:-1, max-image-preview:large, max-video-preview:-1\" \/>\n<link rel=\"canonical\" href=\"https:\/\/guilera.com\/ca\/els-nostres-serveis\/test\/\" \/>\n<meta property=\"og:locale\" content=\"ca_ES\" \/>\n<meta property=\"og:type\" content=\"article\" \/>\n<meta property=\"og:title\" content=\"Test - Guilera\" \/>\n<meta property=\"og:description\" content=\"Test Oferim enginyeria el\u00e8ctr\u00f3nica a mida per a automoci\u00f3, transport, mobilitat el\u00e8ctrica e indusria. Posa a prova el teu producte Oferim proves avan\u00e7ades per a vehicles i components, garantint que funcionin en condicions reals. Els nostres serveis inclouen proves de dinam\u00f2metres, proves d&#8217;estr\u00e8s ambiental i avaluacions detallades del rendiment. Capacitats integrals Des de l&#8217;an\u00e0lisi de [&hellip;]\" \/>\n<meta property=\"og:url\" content=\"https:\/\/guilera.com\/ca\/els-nostres-serveis\/test\/\" \/>\n<meta property=\"og:site_name\" content=\"Guilera\" \/>\n<meta property=\"article:modified_time\" content=\"2024-12-12T18:52:43+00:00\" \/>\n<meta property=\"og:image\" content=\"https:\/\/guilera.com\/wp-content\/uploads\/2024\/12\/2.2-min-scaled.jpeg\" \/>\n\t<meta property=\"og:image:width\" content=\"2048\" \/>\n\t<meta property=\"og:image:height\" content=\"878\" \/>\n\t<meta property=\"og:image:type\" content=\"image\/jpeg\" \/>\n<meta name=\"twitter:card\" content=\"summary_large_image\" \/>\n<meta name=\"twitter:label1\" content=\"Temps estimat de lectura\" \/>\n\t<meta name=\"twitter:data1\" content=\"1 minut\" \/>\n<script type=\"application\/ld+json\" class=\"yoast-schema-graph\">{\"@context\":\"https:\/\/schema.org\",\"@graph\":[{\"@type\":\"WebPage\",\"@id\":\"https:\/\/guilera.com\/ca\/els-nostres-serveis\/test\/\",\"url\":\"https:\/\/guilera.com\/ca\/els-nostres-serveis\/test\/\",\"name\":\"Test - Guilera\",\"isPartOf\":{\"@id\":\"https:\/\/guilera.com\/ca\/#website\"},\"primaryImageOfPage\":{\"@id\":\"https:\/\/guilera.com\/ca\/els-nostres-serveis\/test\/#primaryimage\"},\"image\":{\"@id\":\"https:\/\/guilera.com\/ca\/els-nostres-serveis\/test\/#primaryimage\"},\"thumbnailUrl\":\"https:\/\/guilera.com\/wp-content\/uploads\/2024\/12\/2.2-min-scaled.jpeg\",\"datePublished\":\"2024-12-12T18:07:36+00:00\",\"dateModified\":\"2024-12-12T18:52:43+00:00\",\"breadcrumb\":{\"@id\":\"https:\/\/guilera.com\/ca\/els-nostres-serveis\/test\/#breadcrumb\"},\"inLanguage\":\"ca\",\"potentialAction\":[{\"@type\":\"ReadAction\",\"target\":[\"https:\/\/guilera.com\/ca\/els-nostres-serveis\/test\/\"]}]},{\"@type\":\"ImageObject\",\"inLanguage\":\"ca\",\"@id\":\"https:\/\/guilera.com\/ca\/els-nostres-serveis\/test\/#primaryimage\",\"url\":\"https:\/\/guilera.com\/wp-content\/uploads\/2024\/12\/2.2-min-scaled.jpeg\",\"contentUrl\":\"https:\/\/guilera.com\/wp-content\/uploads\/2024\/12\/2.2-min-scaled.jpeg\"},{\"@type\":\"BreadcrumbList\",\"@id\":\"https:\/\/guilera.com\/ca\/els-nostres-serveis\/test\/#breadcrumb\",\"itemListElement\":[{\"@type\":\"ListItem\",\"position\":1,\"name\":\"Home\",\"item\":\"https:\/\/guilera.com\/ca\/\"},{\"@type\":\"ListItem\",\"position\":2,\"name\":\"Serveis\",\"item\":\"https:\/\/guilera.com\/ca\/els-nostres-serveis\/\"},{\"@type\":\"ListItem\",\"position\":3,\"name\":\"Test\"}]},{\"@type\":\"WebSite\",\"@id\":\"https:\/\/guilera.com\/ca\/#website\",\"url\":\"https:\/\/guilera.com\/ca\/\",\"name\":\"Guilera\",\"description\":\"\",\"publisher\":{\"@id\":\"https:\/\/guilera.com\/ca\/#organization\"},\"potentialAction\":[{\"@type\":\"SearchAction\",\"target\":{\"@type\":\"EntryPoint\",\"urlTemplate\":\"https:\/\/guilera.com\/ca\/?s={search_term_string}\"},\"query-input\":{\"@type\":\"PropertyValueSpecification\",\"valueRequired\":true,\"valueName\":\"search_term_string\"}}],\"inLanguage\":\"ca\"},{\"@type\":\"Organization\",\"@id\":\"https:\/\/guilera.com\/ca\/#organization\",\"name\":\"Guilera S.A.\",\"url\":\"https:\/\/guilera.com\/ca\/\",\"logo\":{\"@type\":\"ImageObject\",\"inLanguage\":\"ca\",\"@id\":\"https:\/\/guilera.com\/ca\/#\/schema\/logo\/image\/\",\"url\":\"https:\/\/guilera.com\/wp-content\/uploads\/2024\/06\/cropped-favicon-guilera.png\",\"contentUrl\":\"https:\/\/guilera.com\/wp-content\/uploads\/2024\/06\/cropped-favicon-guilera.png\",\"width\":512,\"height\":512,\"caption\":\"Guilera S.A.\"},\"image\":{\"@id\":\"https:\/\/guilera.com\/ca\/#\/schema\/logo\/image\/\"}}]}<\/script>\n<!-- \/ Yoast SEO plugin. -->","yoast_head_json":{"title":"Test - Guilera","robots":{"index":"index","follow":"follow","max-snippet":"max-snippet:-1","max-image-preview":"max-image-preview:large","max-video-preview":"max-video-preview:-1"},"canonical":"https:\/\/guilera.com\/ca\/els-nostres-serveis\/test\/","og_locale":"ca_ES","og_type":"article","og_title":"Test - Guilera","og_description":"Test Oferim enginyeria el\u00e8ctr\u00f3nica a mida per a automoci\u00f3, transport, mobilitat el\u00e8ctrica e indusria. Posa a prova el teu producte Oferim proves avan\u00e7ades per a vehicles i components, garantint que funcionin en condicions reals. Els nostres serveis inclouen proves de dinam\u00f2metres, proves d&#8217;estr\u00e8s ambiental i avaluacions detallades del rendiment. Capacitats integrals Des de l&#8217;an\u00e0lisi de [&hellip;]","og_url":"https:\/\/guilera.com\/ca\/els-nostres-serveis\/test\/","og_site_name":"Guilera","article_modified_time":"2024-12-12T18:52:43+00:00","og_image":[{"width":2048,"height":878,"url":"https:\/\/guilera.com\/wp-content\/uploads\/2024\/12\/2.2-min-scaled.jpeg","type":"image\/jpeg"}],"twitter_card":"summary_large_image","twitter_misc":{"Temps estimat de lectura":"1 minut"},"schema":{"@context":"https:\/\/schema.org","@graph":[{"@type":"WebPage","@id":"https:\/\/guilera.com\/ca\/els-nostres-serveis\/test\/","url":"https:\/\/guilera.com\/ca\/els-nostres-serveis\/test\/","name":"Test - Guilera","isPartOf":{"@id":"https:\/\/guilera.com\/ca\/#website"},"primaryImageOfPage":{"@id":"https:\/\/guilera.com\/ca\/els-nostres-serveis\/test\/#primaryimage"},"image":{"@id":"https:\/\/guilera.com\/ca\/els-nostres-serveis\/test\/#primaryimage"},"thumbnailUrl":"https:\/\/guilera.com\/wp-content\/uploads\/2024\/12\/2.2-min-scaled.jpeg","datePublished":"2024-12-12T18:07:36+00:00","dateModified":"2024-12-12T18:52:43+00:00","breadcrumb":{"@id":"https:\/\/guilera.com\/ca\/els-nostres-serveis\/test\/#breadcrumb"},"inLanguage":"ca","potentialAction":[{"@type":"ReadAction","target":["https:\/\/guilera.com\/ca\/els-nostres-serveis\/test\/"]}]},{"@type":"ImageObject","inLanguage":"ca","@id":"https:\/\/guilera.com\/ca\/els-nostres-serveis\/test\/#primaryimage","url":"https:\/\/guilera.com\/wp-content\/uploads\/2024\/12\/2.2-min-scaled.jpeg","contentUrl":"https:\/\/guilera.com\/wp-content\/uploads\/2024\/12\/2.2-min-scaled.jpeg"},{"@type":"BreadcrumbList","@id":"https:\/\/guilera.com\/ca\/els-nostres-serveis\/test\/#breadcrumb","itemListElement":[{"@type":"ListItem","position":1,"name":"Home","item":"https:\/\/guilera.com\/ca\/"},{"@type":"ListItem","position":2,"name":"Serveis","item":"https:\/\/guilera.com\/ca\/els-nostres-serveis\/"},{"@type":"ListItem","position":3,"name":"Test"}]},{"@type":"WebSite","@id":"https:\/\/guilera.com\/ca\/#website","url":"https:\/\/guilera.com\/ca\/","name":"Guilera","description":"","publisher":{"@id":"https:\/\/guilera.com\/ca\/#organization"},"potentialAction":[{"@type":"SearchAction","target":{"@type":"EntryPoint","urlTemplate":"https:\/\/guilera.com\/ca\/?s={search_term_string}"},"query-input":{"@type":"PropertyValueSpecification","valueRequired":true,"valueName":"search_term_string"}}],"inLanguage":"ca"},{"@type":"Organization","@id":"https:\/\/guilera.com\/ca\/#organization","name":"Guilera S.A.","url":"https:\/\/guilera.com\/ca\/","logo":{"@type":"ImageObject","inLanguage":"ca","@id":"https:\/\/guilera.com\/ca\/#\/schema\/logo\/image\/","url":"https:\/\/guilera.com\/wp-content\/uploads\/2024\/06\/cropped-favicon-guilera.png","contentUrl":"https:\/\/guilera.com\/wp-content\/uploads\/2024\/06\/cropped-favicon-guilera.png","width":512,"height":512,"caption":"Guilera S.A."},"image":{"@id":"https:\/\/guilera.com\/ca\/#\/schema\/logo\/image\/"}}]}},"_links":{"self":[{"href":"https:\/\/guilera.com\/ca\/wp-json\/wp\/v2\/pages\/3912","targetHints":{"allow":["GET"]}}],"collection":[{"href":"https:\/\/guilera.com\/ca\/wp-json\/wp\/v2\/pages"}],"about":[{"href":"https:\/\/guilera.com\/ca\/wp-json\/wp\/v2\/types\/page"}],"author":[{"embeddable":true,"href":"https:\/\/guilera.com\/ca\/wp-json\/wp\/v2\/users\/1"}],"replies":[{"embeddable":true,"href":"https:\/\/guilera.com\/ca\/wp-json\/wp\/v2\/comments?post=3912"}],"version-history":[{"count":1,"href":"https:\/\/guilera.com\/ca\/wp-json\/wp\/v2\/pages\/3912\/revisions"}],"predecessor-version":[{"id":3913,"href":"https:\/\/guilera.com\/ca\/wp-json\/wp\/v2\/pages\/3912\/revisions\/3913"}],"up":[{"embeddable":true,"href":"https:\/\/guilera.com\/ca\/wp-json\/wp\/v2\/pages\/3524"}],"wp:attachment":[{"href":"https:\/\/guilera.com\/ca\/wp-json\/wp\/v2\/media?parent=3912"}],"curies":[{"name":"wp","href":"https:\/\/api.w.org\/{rel}","templated":true}]}}