{"id":4712,"date":"2025-03-31T16:03:45","date_gmt":"2025-03-31T14:03:45","guid":{"rendered":"https:\/\/guilera.com\/blog\/"},"modified":"2025-09-23T11:14:36","modified_gmt":"2025-09-23T09:14:36","slug":"blog","status":"publish","type":"page","link":"https:\/\/guilera.com\/ca\/blog\/","title":{"rendered":"Blog"},"content":{"rendered":"\t\t<div data-elementor-type=\"wp-page\" data-elementor-id=\"4712\" class=\"elementor elementor-4712 elementor-4697\" data-elementor-post-type=\"page\">\n\t\t\t\t\t\t<section class=\"elementor-section elementor-top-section elementor-element elementor-element-380ee26c elementor-section-boxed elementor-section-height-default elementor-section-height-default\" data-id=\"380ee26c\" data-element_type=\"section\" data-settings=\"{&quot;background_background&quot;:&quot;classic&quot;}\">\n\t\t\t\t\t\t\t<div class=\"elementor-background-overlay\"><\/div>\n\t\t\t\t\t\t\t<div class=\"elementor-container elementor-column-gap-default\">\n\t\t\t\t\t<div class=\"elementor-column elementor-col-100 elementor-top-column elementor-element elementor-element-5920cc\" data-id=\"5920cc\" data-element_type=\"column\">\n\t\t\t<div class=\"elementor-widget-wrap elementor-element-populated\">\n\t\t\t\t\t\t<div class=\"elementor-element elementor-element-12ae1b05 elementor-widget__width-auto elementor-invisible elementor-widget elementor-widget-heading\" data-id=\"12ae1b05\" data-element_type=\"widget\" data-settings=\"{&quot;_animation&quot;:&quot;fadeInLeft&quot;}\" data-widget_type=\"heading.default\">\n\t\t\t\t<div class=\"elementor-widget-container\">\n\t\t\t\t\t<h2 class=\"elementor-heading-title elementor-size-default\">Not\u00edcies i Articles<\/h2>\t\t\t\t<\/div>\n\t\t\t\t<\/div>\n\t\t\t\t<section class=\"elementor-section elementor-inner-section elementor-element elementor-element-780e73ae elementor-section-boxed elementor-section-height-default elementor-section-height-default\" data-id=\"780e73ae\" data-element_type=\"section\">\n\t\t\t\t\t\t<div class=\"elementor-container elementor-column-gap-no\">\n\t\t\t\t\t<div class=\"elementor-column elementor-col-100 elementor-inner-column elementor-element elementor-element-46681d61 elementor-invisible\" data-id=\"46681d61\" data-element_type=\"column\" data-settings=\"{&quot;animation&quot;:&quot;fadeInDown&quot;}\">\n\t\t\t<div class=\"elementor-widget-wrap elementor-element-populated\">\n\t\t\t\t\t\t\t<\/div>\n\t\t<\/div>\n\t\t\t\t\t<\/div>\n\t\t<\/section>\n\t\t\t\t\t<\/div>\n\t\t<\/div>\n\t\t\t\t\t<\/div>\n\t\t<\/section>\n\t\t\t\t<section class=\"elementor-section elementor-top-section elementor-element elementor-element-57ed0343 elementor-section-boxed elementor-section-height-default elementor-section-height-default\" data-id=\"57ed0343\" data-element_type=\"section\">\n\t\t\t\t\t\t<div class=\"elementor-container elementor-column-gap-default\">\n\t\t\t\t\t<div class=\"elementor-column elementor-col-100 elementor-top-column elementor-element elementor-element-300fa307\" data-id=\"300fa307\" data-element_type=\"column\">\n\t\t\t<div class=\"elementor-widget-wrap elementor-element-populated\">\n\t\t\t\t\t\t<div class=\"elementor-element elementor-element-f67c560 elementor-widget elementor-widget-elementskit-blog-posts\" data-id=\"f67c560\" data-element_type=\"widget\" data-widget_type=\"elementskit-blog-posts.default\">\n\t\t\t\t<div class=\"elementor-widget-container\">\n\t\t\t\t\t<div class=\"ekit-wid-con\" >        <div id=\"post-items--f67c560\" class=\"row post-items\">\n                    <div class=\"col-lg-4 col-md-6\">\n\n                                    <div class=\"elementskit-post-image-card\">\n                        <div class=\"elementskit-entry-header\">\n                                                            <a href=\"https:\/\/guilera.com\/ca\/2024\/09\/03\/liderant-el-cami-en-electronica-personalitzada-per-a-bicicletes-i-motocicletes-electriques\/\" class=\"elementskit-entry-thumb\">\n                                    <img decoding=\"async\" data-src=\"https:\/\/guilera.com\/wp-content\/uploads\/2024\/09\/CW36_PowerControlElectronics-300x200.jpeg\" alt=\"Liderant el cam\u00ed en electr\u00f2nica personalitzada per a bicicletes i motocicletes el\u00e8ctriques\" src=\"data:image\/svg+xml;base64,PHN2ZyB3aWR0aD0iMSIgaGVpZ2h0PSIxIiB4bWxucz0iaHR0cDovL3d3dy53My5vcmcvMjAwMC9zdmciPjwvc3ZnPg==\" class=\"lazyload\" style=\"--smush-placeholder-width: 300px; --smush-placeholder-aspect-ratio: 300\/200;\">\n                                <\/a><!-- .elementskit-entry-thumb END -->\n                                                            \n                            \n\t\t\t\t\t\t\t\t\t\t\t\t\t<\/div><!-- .elementskit-entry-header END -->\n\n\t\t\t\t\t\t<div class=\"elementskit-post-body \">\n\t\t\t\t\t\t\t\n\t\t\t\t\t\t\t\t\t\t\t\t\t\t\t\t\t\t\t\t\t\t\t\t\t\t\t\t\t\t\n\t\t\t\t\t\t\t\t\n\t\t\t\t\t\t\t\t\t\t\t\t\t\t\t\t\t\t\t\t\t<h2 class=\"entry-title\">\n\t\t\t\t\t<a href=\"https:\/\/guilera.com\/ca\/2024\/09\/03\/liderant-el-cami-en-electronica-personalitzada-per-a-bicicletes-i-motocicletes-electriques\/\">\n\t\t\t\t\t\tLiderant el cam\u00ed en electr\u00f2nica personalitzada per a bicicletes i motocicletes el\u00e8ctriques\t\t\t\t\t<\/a>\n\t\t\t\t<\/h2>\n\t\t\t\t\t\t\t\t\t\t\t\t\t\t\t\t\t\t\t\t\t\t\t\t\t\t\t\t\t\t\t\t                                                            <div class=\"btn-wraper\">\n                                    \n                                                                            <a class=\"elementskit-btn whitespace--normal\" id=\"\" href=\"https:\/\/guilera.com\/ca\/2024\/09\/03\/liderant-el-cami-en-electronica-personalitzada-per-a-bicicletes-i-motocicletes-electriques\/\">\n                                        \t                                            Llegir m\u00e9s                                         <\/a>\n                                                                    <\/div>\n                                                    <\/div><!-- .elementskit-post-body END -->\n                    <\/div>\n                \n            <\/div>\n                    <div class=\"col-lg-4 col-md-6\">\n\n                                    <div class=\"elementskit-post-image-card\">\n                        <div class=\"elementskit-entry-header\">\n                                                            <a href=\"https:\/\/guilera.com\/ca\/2024\/07\/12\/diferencies-entre-els-semiconductors-destat-solid-i-les-bateries-destat-solid-de-traccio\/\" class=\"elementskit-entry-thumb\">\n                                    <img decoding=\"async\" data-src=\"https:\/\/guilera.com\/wp-content\/uploads\/2024\/09\/CW30_SStechnology-300x225.jpeg\" alt=\"Difer\u00e8ncies entre els semiconductors d&#8217;estat s\u00f2lid i les bateries d&#8217;estat s\u00f2lid de tracci\u00f3\" src=\"data:image\/svg+xml;base64,PHN2ZyB3aWR0aD0iMSIgaGVpZ2h0PSIxIiB4bWxucz0iaHR0cDovL3d3dy53My5vcmcvMjAwMC9zdmciPjwvc3ZnPg==\" class=\"lazyload\" style=\"--smush-placeholder-width: 300px; --smush-placeholder-aspect-ratio: 300\/225;\">\n                                <\/a><!-- .elementskit-entry-thumb END -->\n                                                            \n                            \n\t\t\t\t\t\t\t\t\t\t\t\t\t<\/div><!-- .elementskit-entry-header END -->\n\n\t\t\t\t\t\t<div class=\"elementskit-post-body \">\n\t\t\t\t\t\t\t\n\t\t\t\t\t\t\t\t\t\t\t\t\t\t\t\t\t\t\t\t\t\t\t\t\t\t\t\t\t\t\n\t\t\t\t\t\t\t\t\n\t\t\t\t\t\t\t\t\t\t\t\t\t\t\t\t\t\t\t\t\t<h2 class=\"entry-title\">\n\t\t\t\t\t<a href=\"https:\/\/guilera.com\/ca\/2024\/07\/12\/diferencies-entre-els-semiconductors-destat-solid-i-les-bateries-destat-solid-de-traccio\/\">\n\t\t\t\t\t\tDifer\u00e8ncies entre els semiconductors d&#8217;estat s\u00f2lid i les bateries d&#8217;estat s\u00f2lid de tracci\u00f3\t\t\t\t\t<\/a>\n\t\t\t\t<\/h2>\n\t\t\t\t\t\t\t\t\t\t\t\t\t\t\t\t\t\t\t\t\t\t\t\t\t\t\t\t\t\t\t\t                                                            <div class=\"btn-wraper\">\n                                    \n                                                                            <a class=\"elementskit-btn whitespace--normal\" id=\"\" href=\"https:\/\/guilera.com\/ca\/2024\/07\/12\/diferencies-entre-els-semiconductors-destat-solid-i-les-bateries-destat-solid-de-traccio\/\">\n                                        \t                                            Llegir m\u00e9s                                         <\/a>\n                                                                    <\/div>\n                                                    <\/div><!-- .elementskit-post-body END -->\n                    <\/div>\n                \n            <\/div>\n                    <div class=\"col-lg-4 col-md-6\">\n\n                                    <div class=\"elementskit-post-image-card\">\n                        <div class=\"elementskit-entry-header\">\n                                                            <a href=\"https:\/\/guilera.com\/ca\/2024\/06\/20\/els-ultims-controladors-de-motor-de-traccio-electrica-bldc\/\" class=\"elementskit-entry-thumb\">\n                                    <img decoding=\"async\" data-src=\"https:\/\/guilera.com\/wp-content\/uploads\/2024\/09\/CW21_Controladora-Guilera-72V_02-300x225.jpeg\" alt=\"Els \u00faltims controladors de motor de tracci\u00f3 el\u00e8ctrica BLDC\" src=\"data:image\/svg+xml;base64,PHN2ZyB3aWR0aD0iMSIgaGVpZ2h0PSIxIiB4bWxucz0iaHR0cDovL3d3dy53My5vcmcvMjAwMC9zdmciPjwvc3ZnPg==\" class=\"lazyload\" style=\"--smush-placeholder-width: 300px; --smush-placeholder-aspect-ratio: 300\/225;\">\n                                <\/a><!-- .elementskit-entry-thumb END -->\n                                                            \n                            \n\t\t\t\t\t\t\t\t\t\t\t\t\t<\/div><!-- .elementskit-entry-header END -->\n\n\t\t\t\t\t\t<div class=\"elementskit-post-body \">\n\t\t\t\t\t\t\t\n\t\t\t\t\t\t\t\t\t\t\t\t\t\t\t\t\t\t\t\t\t\t\t\t\t\t\t\t\t\t\n\t\t\t\t\t\t\t\t\n\t\t\t\t\t\t\t\t\t\t\t\t\t\t\t\t\t\t\t\t\t<h2 class=\"entry-title\">\n\t\t\t\t\t<a href=\"https:\/\/guilera.com\/ca\/2024\/06\/20\/els-ultims-controladors-de-motor-de-traccio-electrica-bldc\/\">\n\t\t\t\t\t\tEls \u00faltims controladors de motor de tracci\u00f3 el\u00e8ctrica BLDC\t\t\t\t\t<\/a>\n\t\t\t\t<\/h2>\n\t\t\t\t\t\t\t\t\t\t\t\t\t\t\t\t\t\t\t\t\t\t\t\t\t\t\t\t\t\t\t\t                                                            <div class=\"btn-wraper\">\n                                    \n                                                                            <a class=\"elementskit-btn whitespace--normal\" id=\"\" href=\"https:\/\/guilera.com\/ca\/2024\/06\/20\/els-ultims-controladors-de-motor-de-traccio-electrica-bldc\/\">\n                                        \t                                            Llegir m\u00e9s                                         <\/a>\n                                                                    <\/div>\n                                                    <\/div><!-- .elementskit-post-body END -->\n                    <\/div>\n                \n            <\/div>\n                <\/div>\n       <\/div>\t\t\t\t<\/div>\n\t\t\t\t<\/div>\n\t\t\t\t\t<\/div>\n\t\t<\/div>\n\t\t\t\t\t<\/div>\n\t\t<\/section>\n\t\t\t\t<\/div>\n\t\t","protected":false},"excerpt":{"rendered":"<p>Not\u00edcies i Articles Guilera Bureau Veritas Carbon Footprint certification GHG Protocol Llegir m\u00e9s Heavy-Duty DC\/DC Converters Llegir m\u00e9s Guilera relays for Ducati: Original reliability since 1990 Llegir m\u00e9s EV Technology Licensing: Guilera\u2019s Flexible Model for electrification Llegir m\u00e9s Leading the Way in Custom Electronics for eBikes and Motorcycles Llegir m\u00e9s Differences Between Solid-State Semiconductors and [&hellip;]<\/p>\n","protected":false},"author":1,"featured_media":0,"parent":0,"menu_order":0,"comment_status":"closed","ping_status":"closed","template":"elementor_header_footer","meta":{"footnotes":""},"class_list":["post-4712","page","type-page","status-publish","hentry"],"yoast_head":"<!-- This site is optimized with the Yoast SEO plugin v26.0 - https:\/\/yoast.com\/wordpress\/plugins\/seo\/ -->\n<title>Blog - Guilera<\/title>\n<meta name=\"robots\" content=\"noindex, follow\" \/>\n<meta property=\"og:locale\" content=\"ca_ES\" \/>\n<meta property=\"og:type\" content=\"article\" \/>\n<meta property=\"og:title\" content=\"Blog - Guilera\" \/>\n<meta property=\"og:description\" content=\"Not\u00edcies i Articles Guilera Bureau Veritas Carbon Footprint certification GHG Protocol Llegir m\u00e9s Heavy-Duty DC\/DC Converters Llegir m\u00e9s Guilera relays for Ducati: Original reliability since 1990 Llegir m\u00e9s EV Technology Licensing: Guilera\u2019s Flexible Model for electrification Llegir m\u00e9s Leading the Way in Custom Electronics for eBikes and Motorcycles Llegir m\u00e9s Differences Between Solid-State Semiconductors and [&hellip;]\" \/>\n<meta property=\"og:url\" content=\"https:\/\/guilera.com\/ca\/blog\/\" \/>\n<meta property=\"og:site_name\" content=\"Guilera\" \/>\n<meta property=\"article:modified_time\" content=\"2025-09-23T09:14:36+00:00\" \/>\n<meta property=\"og:image\" content=\"https:\/\/guilera.com\/wp-content\/uploads\/2025\/09\/CW38_GHG-Protocol-300x300.png\" \/>\n<meta name=\"twitter:card\" content=\"summary_large_image\" \/>\n<script type=\"application\/ld+json\" class=\"yoast-schema-graph\">{\"@context\":\"https:\/\/schema.org\",\"@graph\":[{\"@type\":\"WebPage\",\"@id\":\"https:\/\/guilera.com\/ca\/blog\/\",\"url\":\"https:\/\/guilera.com\/ca\/blog\/\",\"name\":\"Blog - Guilera\",\"isPartOf\":{\"@id\":\"https:\/\/guilera.com\/ca\/#website\"},\"primaryImageOfPage\":{\"@id\":\"https:\/\/guilera.com\/ca\/blog\/#primaryimage\"},\"image\":{\"@id\":\"https:\/\/guilera.com\/ca\/blog\/#primaryimage\"},\"thumbnailUrl\":\"https:\/\/guilera.com\/wp-content\/uploads\/2025\/09\/CW38_GHG-Protocol-300x300.png\",\"datePublished\":\"2025-03-31T14:03:45+00:00\",\"dateModified\":\"2025-09-23T09:14:36+00:00\",\"breadcrumb\":{\"@id\":\"https:\/\/guilera.com\/ca\/blog\/#breadcrumb\"},\"inLanguage\":\"ca\",\"potentialAction\":[{\"@type\":\"ReadAction\",\"target\":[\"https:\/\/guilera.com\/ca\/blog\/\"]}]},{\"@type\":\"ImageObject\",\"inLanguage\":\"ca\",\"@id\":\"https:\/\/guilera.com\/ca\/blog\/#primaryimage\",\"url\":\"https:\/\/guilera.com\/wp-content\/uploads\/2025\/09\/CW38_GHG-Protocol-300x300.png\",\"contentUrl\":\"https:\/\/guilera.com\/wp-content\/uploads\/2025\/09\/CW38_GHG-Protocol-300x300.png\"},{\"@type\":\"BreadcrumbList\",\"@id\":\"https:\/\/guilera.com\/ca\/blog\/#breadcrumb\",\"itemListElement\":[{\"@type\":\"ListItem\",\"position\":1,\"name\":\"Home\",\"item\":\"https:\/\/guilera.com\/ca\/\"},{\"@type\":\"ListItem\",\"position\":2,\"name\":\"Blog\"}]},{\"@type\":\"WebSite\",\"@id\":\"https:\/\/guilera.com\/ca\/#website\",\"url\":\"https:\/\/guilera.com\/ca\/\",\"name\":\"Guilera\",\"description\":\"\",\"publisher\":{\"@id\":\"https:\/\/guilera.com\/ca\/#organization\"},\"potentialAction\":[{\"@type\":\"SearchAction\",\"target\":{\"@type\":\"EntryPoint\",\"urlTemplate\":\"https:\/\/guilera.com\/ca\/?s={search_term_string}\"},\"query-input\":{\"@type\":\"PropertyValueSpecification\",\"valueRequired\":true,\"valueName\":\"search_term_string\"}}],\"inLanguage\":\"ca\"},{\"@type\":\"Organization\",\"@id\":\"https:\/\/guilera.com\/ca\/#organization\",\"name\":\"Guilera S.A.\",\"url\":\"https:\/\/guilera.com\/ca\/\",\"logo\":{\"@type\":\"ImageObject\",\"inLanguage\":\"ca\",\"@id\":\"https:\/\/guilera.com\/ca\/#\/schema\/logo\/image\/\",\"url\":\"https:\/\/guilera.com\/wp-content\/uploads\/2024\/06\/cropped-favicon-guilera.png\",\"contentUrl\":\"https:\/\/guilera.com\/wp-content\/uploads\/2024\/06\/cropped-favicon-guilera.png\",\"width\":512,\"height\":512,\"caption\":\"Guilera S.A.\"},\"image\":{\"@id\":\"https:\/\/guilera.com\/ca\/#\/schema\/logo\/image\/\"}}]}<\/script>\n<!-- \/ Yoast SEO plugin. -->","yoast_head_json":{"title":"Blog - Guilera","robots":{"index":"noindex","follow":"follow"},"og_locale":"ca_ES","og_type":"article","og_title":"Blog - Guilera","og_description":"Not\u00edcies i Articles Guilera Bureau Veritas Carbon Footprint certification GHG Protocol Llegir m\u00e9s Heavy-Duty DC\/DC Converters Llegir m\u00e9s Guilera relays for Ducati: Original reliability since 1990 Llegir m\u00e9s EV Technology Licensing: Guilera\u2019s Flexible Model for electrification Llegir m\u00e9s Leading the Way in Custom Electronics for eBikes and Motorcycles Llegir m\u00e9s Differences Between Solid-State Semiconductors and [&hellip;]","og_url":"https:\/\/guilera.com\/ca\/blog\/","og_site_name":"Guilera","article_modified_time":"2025-09-23T09:14:36+00:00","og_image":[{"url":"https:\/\/guilera.com\/wp-content\/uploads\/2025\/09\/CW38_GHG-Protocol-300x300.png","type":"","width":"","height":""}],"twitter_card":"summary_large_image","schema":{"@context":"https:\/\/schema.org","@graph":[{"@type":"WebPage","@id":"https:\/\/guilera.com\/ca\/blog\/","url":"https:\/\/guilera.com\/ca\/blog\/","name":"Blog - Guilera","isPartOf":{"@id":"https:\/\/guilera.com\/ca\/#website"},"primaryImageOfPage":{"@id":"https:\/\/guilera.com\/ca\/blog\/#primaryimage"},"image":{"@id":"https:\/\/guilera.com\/ca\/blog\/#primaryimage"},"thumbnailUrl":"https:\/\/guilera.com\/wp-content\/uploads\/2025\/09\/CW38_GHG-Protocol-300x300.png","datePublished":"2025-03-31T14:03:45+00:00","dateModified":"2025-09-23T09:14:36+00:00","breadcrumb":{"@id":"https:\/\/guilera.com\/ca\/blog\/#breadcrumb"},"inLanguage":"ca","potentialAction":[{"@type":"ReadAction","target":["https:\/\/guilera.com\/ca\/blog\/"]}]},{"@type":"ImageObject","inLanguage":"ca","@id":"https:\/\/guilera.com\/ca\/blog\/#primaryimage","url":"https:\/\/guilera.com\/wp-content\/uploads\/2025\/09\/CW38_GHG-Protocol-300x300.png","contentUrl":"https:\/\/guilera.com\/wp-content\/uploads\/2025\/09\/CW38_GHG-Protocol-300x300.png"},{"@type":"BreadcrumbList","@id":"https:\/\/guilera.com\/ca\/blog\/#breadcrumb","itemListElement":[{"@type":"ListItem","position":1,"name":"Home","item":"https:\/\/guilera.com\/ca\/"},{"@type":"ListItem","position":2,"name":"Blog"}]},{"@type":"WebSite","@id":"https:\/\/guilera.com\/ca\/#website","url":"https:\/\/guilera.com\/ca\/","name":"Guilera","description":"","publisher":{"@id":"https:\/\/guilera.com\/ca\/#organization"},"potentialAction":[{"@type":"SearchAction","target":{"@type":"EntryPoint","urlTemplate":"https:\/\/guilera.com\/ca\/?s={search_term_string}"},"query-input":{"@type":"PropertyValueSpecification","valueRequired":true,"valueName":"search_term_string"}}],"inLanguage":"ca"},{"@type":"Organization","@id":"https:\/\/guilera.com\/ca\/#organization","name":"Guilera S.A.","url":"https:\/\/guilera.com\/ca\/","logo":{"@type":"ImageObject","inLanguage":"ca","@id":"https:\/\/guilera.com\/ca\/#\/schema\/logo\/image\/","url":"https:\/\/guilera.com\/wp-content\/uploads\/2024\/06\/cropped-favicon-guilera.png","contentUrl":"https:\/\/guilera.com\/wp-content\/uploads\/2024\/06\/cropped-favicon-guilera.png","width":512,"height":512,"caption":"Guilera S.A."},"image":{"@id":"https:\/\/guilera.com\/ca\/#\/schema\/logo\/image\/"}}]}},"_links":{"self":[{"href":"https:\/\/guilera.com\/ca\/wp-json\/wp\/v2\/pages\/4712","targetHints":{"allow":["GET"]}}],"collection":[{"href":"https:\/\/guilera.com\/ca\/wp-json\/wp\/v2\/pages"}],"about":[{"href":"https:\/\/guilera.com\/ca\/wp-json\/wp\/v2\/types\/page"}],"author":[{"embeddable":true,"href":"https:\/\/guilera.com\/ca\/wp-json\/wp\/v2\/users\/1"}],"replies":[{"embeddable":true,"href":"https:\/\/guilera.com\/ca\/wp-json\/wp\/v2\/comments?post=4712"}],"version-history":[{"count":2,"href":"https:\/\/guilera.com\/ca\/wp-json\/wp\/v2\/pages\/4712\/revisions"}],"predecessor-version":[{"id":5683,"href":"https:\/\/guilera.com\/ca\/wp-json\/wp\/v2\/pages\/4712\/revisions\/5683"}],"wp:attachment":[{"href":"https:\/\/guilera.com\/ca\/wp-json\/wp\/v2\/media?parent=4712"}],"curies":[{"name":"wp","href":"https:\/\/api.w.org\/{rel}","templated":true}]}}