{"id":4738,"date":"2024-06-18T14:20:17","date_gmt":"2024-06-18T12:20:17","guid":{"rendered":"https:\/\/guilera.com\/avis-legal\/"},"modified":"2025-03-31T21:39:12","modified_gmt":"2025-03-31T19:39:12","slug":"avis-legal","status":"publish","type":"page","link":"https:\/\/guilera.com\/ca\/avis-legal\/","title":{"rendered":"Av\u00eds legal"},"content":{"rendered":"\t\t<div data-elementor-type=\"wp-page\" data-elementor-id=\"4738\" class=\"elementor elementor-4738 elementor-171\" data-elementor-post-type=\"page\">\n\t\t\t\t\t\t<section class=\"elementor-section elementor-top-section elementor-element elementor-element-71e38350 elementor-section-boxed elementor-section-height-default elementor-section-height-default\" data-id=\"71e38350\" data-element_type=\"section\" data-settings=\"{&quot;background_background&quot;:&quot;classic&quot;}\">\n\t\t\t\t\t\t\t<div class=\"elementor-background-overlay\"><\/div>\n\t\t\t\t\t\t\t<div class=\"elementor-container elementor-column-gap-default\">\n\t\t\t\t\t<div class=\"elementor-column elementor-col-100 elementor-top-column elementor-element elementor-element-b77e556\" data-id=\"b77e556\" data-element_type=\"column\">\n\t\t\t<div class=\"elementor-widget-wrap elementor-element-populated\">\n\t\t\t\t\t\t<div class=\"elementor-element elementor-element-7eecef4a elementor-widget__width-auto elementor-invisible elementor-widget elementor-widget-heading\" data-id=\"7eecef4a\" data-element_type=\"widget\" data-settings=\"{&quot;_animation&quot;:&quot;fadeInLeft&quot;}\" data-widget_type=\"heading.default\">\n\t\t\t\t<div class=\"elementor-widget-container\">\n\t\t\t\t\t<h2 class=\"elementor-heading-title elementor-size-default\">Av\u00eds legal<\/h2>\t\t\t\t<\/div>\n\t\t\t\t<\/div>\n\t\t\t\t\t<\/div>\n\t\t<\/div>\n\t\t\t\t\t<\/div>\n\t\t<\/section>\n\t\t<div class=\"elementor-element elementor-element-2918d83 e-flex e-con-boxed e-con e-parent\" data-id=\"2918d83\" data-element_type=\"container\">\n\t\t\t\t\t<div class=\"e-con-inner\">\n\t\t\t\t<div class=\"elementor-element elementor-element-2b74ed5 elementor-widget elementor-widget-text-editor\" data-id=\"2b74ed5\" data-element_type=\"widget\" data-widget_type=\"text-editor.default\">\n\t\t\t\t<div class=\"elementor-widget-container\">\n\t\t\t\t\t\t\t\t\t<p><strong>Responsable del tractament de les seves dades personals<\/strong><\/p><ul><li><span style=\"font-weight: 400;\">Identitat del Responsable del tractament: GUILERA, SA<\/span><\/li><li><span style=\"font-weight: 400;\">NIF\/CIF: A-08851461<\/span><\/li><li><span style=\"font-weight: 400;\">Direcci\u00f3: C\/ Ramon Llull, 8, 08750 Molins de Rei<\/span><\/li><li><span style=\"font-weight: 400;\">Tel\u00e8fon: +34 93 668 17 94<\/span><\/li><li><span style=\"font-weight: 400;\">Correu electr\u00f2nic: guilera@guilera.com<\/span><\/li><li><span style=\"font-weight: 400;\">Correu electr\u00f2nic per a l&#8217;exercici dels drets: rgpd@guilera.com<\/span><\/li><li><span style=\"font-weight: 400;\">Activitat: Fabricants de s\u00e8ries electr\u00f2niques petites i mitjanes. Especialitzada en tecnologia, serveis i productes propis, centrada en la mobilitat el\u00e8ctrica des del 2007 <\/span><\/li><li><span style=\"font-weight: 400;\">Inscrita en el Registre Mercantil de Barcelona: tom 23.707, foli 90, full n\u00ba B-59.5776, Inscripci\u00f3 9\u00aa<\/span><\/li><\/ul><p> <\/p><p><strong>Navegaci\u00f3<\/strong><\/p><p><span style=\"font-weight: 400;\">En navegar pel lloc web es poden recollir dades no identificables, que poden incloure adreces IP, ubicaci\u00f3 geogr\u00e0fica (aproximada), un registre de com s&#8217;utilitzen els serveis i llocs web i altres dades que no es poden utilitzar per identificar l&#8217;usuari. Les dades no identificables tamb\u00e9 inclouen dades relacionades amb els vostres h\u00e0bits de navegaci\u00f3 a trav\u00e9s de serveis de tercers. Aquest lloc web utilitza els seg\u00fcents serveis d&#8217;an\u00e0lisi de tercers:  <\/span><\/p><p> <\/p><p><b>Google Analytics<\/b><\/p><p><span style=\"font-weight: 400;\">Utilitzem aquesta informaci\u00f3 per analitzar tend\u00e8ncies, administrar el lloc, fer un seguiment dels moviments dels usuaris al lloc i per recopilar informaci\u00f3 demogr\u00e0fica sobre la nostra base d&#8217;usuaris en conjunt.<\/span><\/p><p> <\/p><p><b>Confidencialitat i seguretat de les dades<\/b><\/p><p><span style=\"font-weight: 400;\">Aquest lloc web inclou un certificat SSL. Es tracta d&#8217;un protocol de seguretat que garanteix que les vostres dades viatgin de manera integral i segura, \u00e9s a dir, la transmissi\u00f3 de dades entre un servidor i un usuari de la web, i en retroalimentaci\u00f3, estigui totalment xifrada. <\/span><\/p><p><span style=\"font-weight: 400;\">GUILERA, SA no pot garantir l&#8217;absoluta invulnerabilitat de la xarxa d&#8217;Internet i per tant la vulneraci\u00f3 de les dades mitjan\u00e7ant l&#8217;acc\u00e9s fraudulent a la mateixa per part de tercers, i no pot assumir cap responsabilitat per aquests atacs.<\/span><\/p><p><span style=\"font-weight: 400;\">Pel que fa a la confidencialitat del tractament, GUILERA, SA vetllar\u00e0 perqu\u00e8 qualsevol persona autoritzada per GUILERA, SA per tractar les dades de l&#8217;usuari client estar\u00e0 sotmesa a l&#8217;obligaci\u00f3 de confidencialitat.<\/span><\/p><p><span style=\"font-weight: 400;\">Quan es produeixi un incident de seguretat, GUILERA, SA avisar\u00e0 el Client i l&#8217;usuari sense demora indeguda i haur\u00e0 de proporcionar informaci\u00f3 oportuna relacionada amb l&#8217;Incident de Seguretat a mesura que es conegui o quan el Client ho sol\u00b7liciti raonablement.<\/span><\/p><p> <\/p><p><b>Exactitud i veracitat de les dades<\/b><\/p><p><span style=\"font-weight: 400;\">Com a usuari ets l&#8217;\u00fanic responsable de la veracitat i correcci\u00f3 de les dades que ens envia, exonerant a GUILERA, SA de qualsevol responsabilitat al respecte, encara que ens facilitis dades de tercers.<\/span><\/p><p><span style=\"font-weight: 400;\">Els usuaris garanteixen i responen, en tot cas, de l&#8217;exactitud, vig\u00e8ncia i autenticitat de les dades personals facilitades, i es comprometen a mantenir-les degudament actualitzades. L&#8217;usuari es compromet a proporcionar informaci\u00f3 completa i correcta en el formulari de contacte o subscripci\u00f3. En el cas que proporcioneu dades de tercers, haureu de comptar amb el seu consentiment previ.  <\/span><\/p><p> <\/p><p><b>\u00das del portal<\/b><\/p><p><span style=\"font-weight: 400;\">https:\/\/www.guilera.com\/ proporciona l&#8217;acc\u00e9s a informaci\u00f3, serveis, programes o dades (d&#8217;ara endavant, \u201cels continguts\u201d) a Internet pertanyents a GUILERA, SA o als seus llicenciants als quals l&#8217;usuari pugui tenir acc\u00e9s. L&#8217;usuari assumeix la responsabilitat de l&#8217;\u00fas del portal. Aquesta responsabilitat s&#8217;est\u00e9n al registre que pugui ser necessari per accedir a determinats serveis o continguts.  <\/span><\/p><p><span style=\"font-weight: 400;\">En aquest registre, l&#8217;usuari ser\u00e0 responsable de facilitar informaci\u00f3 vera\u00e7 i l\u00edcita. Com a conseq\u00fc\u00e8ncia d&#8217;aquest registre, es pot facilitar a l&#8217;usuari una contrasenya de la qual ser\u00e0 responsable i es compromet a utilitzar-la de manera diligent i confidencial. L&#8217;usuari es compromet a fer un \u00fas adequat dels continguts i serveis que GUILERA, SA ofereix a trav\u00e9s del seu portal i, a t\u00edtol enunciatiu per\u00f2 no limitatiu, a no utilitzar-los per (i) realitzar activitats il\u00b7l\u00edcites, il\u00b7l\u00edcites o contr\u00e0ries a la bona fe i a l&#8217;ordre p\u00fablic; (ii) difondre continguts o propaganda de car\u00e0cter racista, xen\u00f2fob, pornogr\u00e0fic-il\u00b7legal, de suport al terrorisme o de vulneraci\u00f3 dels drets humans; (iii) provocar danys en els sistemes f\u00edsics i l\u00f2gics de GUILERA, SA, dels seus prove\u00efdors o de terceres persones, introduir o difondre virus inform\u00e0tics o qualssevol altres sistemes f\u00edsics o l\u00f2gics que puguin provocar els danys esmentats; (iv) intentar accedir i, si escau, utilitzar els comptes de correu electr\u00f2nic d&#8217;altres usuaris i modificar o manipular els seus missatges.      <\/span><\/p><p><span style=\"font-weight: 400;\">GUILERA, SA es reserva el dret d&#8217;eliminar els comentaris i aportacions que vulnerin el respecte a la dignitat humana o que, al seu parer, no siguin aptes per a la seva publicaci\u00f3. En qualsevol cas, GUILERA, SA no ser\u00e0 responsable de les opinions abocades pels usuaris a trav\u00e9s dels f\u00f2rums, xats o altres eines de participaci\u00f3. <\/span><\/p><p> <\/p><p><b>Propietat intel\u00b7lectual i industrial<\/b><\/p><p><span style=\"font-weight: 400;\">GUILERA, SA, per si mateixa o com a cessionari, \u00e9s titular de tots els drets de propietat intel\u00b7lectual i industrial del seu lloc web, aix\u00ed com dels elements que hi cont\u00e9 (per exemple, imatges, so, \u00e0udio, v\u00eddeo, programari o textos; marques o logotips, combinacions de colors, estructura i disseny, selecci\u00f3 de materials utilitzats, programes inform\u00e0tics necessaris per al seu funcionament, acc\u00e9s i \u00fas, etc.), propietat de GUILERA SA o dels seus llicenciants.<\/span><\/p><p> <\/p><p><b>Tots els drets reservats<\/b><\/p><p><span style=\"font-weight: 400;\">D&#8217;acord amb el que disposa l&#8217;art. 8 i 32.1, par\u00e0graf segon, de la Llei de propietat intel\u00b7lectual, queden expressament prohibides la reproducci\u00f3, distribuci\u00f3 i comunicaci\u00f3 p\u00fablica, inclosa la forma de posada a disposici\u00f3, de tot o part dels continguts d&#8217;aquest lloc web, amb finalitats comercials, en qualsevol suport i per qualsevol mitj\u00e0 t\u00e8cnic, sense l&#8217;autoritzaci\u00f3 de GUILERA, SA. L&#8217;Usuari es compromet a respectar els drets de Propietat Intel\u00b7lectual i Industrial titularitat de GUILERA, SA. L&#8217;Usuari pot visualitzar els elements del portal i fins i tot imprimir-los, copiar-los i emmagatzemar-los al disc dur del seu ordinador o qualsevol altre suport f\u00edsic, sempre que sigui \u00fanica i exclusivament per al seu \u00fas personal i privat. L&#8217;Usuari haur\u00e0 d&#8217;abstenir-se de suprimir, alterar, eludir o manipular qualsevol dispositiu de protecci\u00f3 o sistema de seguretat instal\u00b7lat a les p\u00e0gines de GUILERA, SA.   <\/span><\/p><p> <\/p><p><b>Exclusi\u00f3 de garanties i responsabilitat<\/b><\/p><p><span style=\"font-weight: 400;\">GUILERA, SA no ser\u00e0 responsable, en cap cas, dels danys i perjudicis de qualsevol naturalesa que poguessin ocasionar-se, per exemple: errors o omissions en els continguts, falta de disponibilitat del portal o transmissi\u00f3 de virus o programes maliciosos o lesius en els continguts, tot i haver adoptat totes les mesures tecnol\u00f2giques necess\u00e0ries per evitar-ho.<\/span><\/p><p> <\/p><p><b>Correus electr\u00f2nics comercials<\/b><\/p><p><span style=\"font-weight: 400;\">D&#8217;acord amb la LSSICE, GUILERA, SA no realitza pr\u00e0ctiques de SPAM, i per tant no envia electr\u00f2nicament correus comercials que no hagin estat pr\u00e8viament sol\u00b7licitats o autoritzats per l&#8217;usuari. En conseq\u00fc\u00e8ncia, en cadascun dels formularis inserits al lloc web, l&#8217;usuari t\u00e9 la possibilitat de donar el seu consentiment expr\u00e9s per rebre el butllet\u00ed, amb independ\u00e8ncia de la informaci\u00f3 comercial que se sol\u00b7liciti espec\u00edficament. <\/span><\/p><p><span style=\"font-weight: 400;\">D&#8217;acord amb el que estableix la Llei 34\/2002, d&#8217;11 de juliol, de Serveis de la Societat de la Informaci\u00f3 i de comer\u00e7 electr\u00f2nic, GUILERA, SA es compromet a no remetre comunicacions comercials sense identificar-les degudament.<\/span><\/p><p><span style=\"font-weight: 400;\">\u00daltima actualitzaci\u00f3: maig de 2024<\/span><\/p>\t\t\t\t\t\t\t\t<\/div>\n\t\t\t\t<\/div>\n\t\t\t\t\t<\/div>\n\t\t\t\t<\/div>\n\t\t\t\t<\/div>\n\t\t","protected":false},"excerpt":{"rendered":"<p>Av\u00eds legal Responsable del tractament de les seves dades personals Identitat del Responsable del tractament: GUILERA, SA NIF\/CIF: A-08851461 Direcci\u00f3: C\/ Ramon Llull, 8, 08750 Molins de Rei Tel\u00e8fon: +34 93 668 17 94 Correu electr\u00f2nic: guilera@guilera.com Correu electr\u00f2nic per a l&#8217;exercici dels drets: rgpd@guilera.com Activitat: Fabricants de s\u00e8ries electr\u00f2niques petites i mitjanes. Especialitzada en [&hellip;]<\/p>\n","protected":false},"author":1,"featured_media":0,"parent":0,"menu_order":0,"comment_status":"closed","ping_status":"closed","template":"","meta":{"footnotes":""},"class_list":["post-4738","page","type-page","status-publish","hentry"],"yoast_head":"<!-- This site is optimized with the Yoast SEO plugin v26.0 - https:\/\/yoast.com\/wordpress\/plugins\/seo\/ -->\n<title>Av\u00eds legal - Guilera<\/title>\n<meta name=\"robots\" content=\"noindex, nofollow\" \/>\n<meta property=\"og:locale\" content=\"ca_ES\" \/>\n<meta property=\"og:type\" content=\"article\" \/>\n<meta property=\"og:title\" content=\"Av\u00eds legal - Guilera\" \/>\n<meta property=\"og:description\" content=\"Av\u00eds legal Responsable del tractament de les seves dades personals Identitat del Responsable del tractament: GUILERA, SA NIF\/CIF: A-08851461 Direcci\u00f3: C\/ Ramon Llull, 8, 08750 Molins de Rei Tel\u00e8fon: +34 93 668 17 94 Correu electr\u00f2nic: guilera@guilera.com Correu electr\u00f2nic per a l&#8217;exercici dels drets: rgpd@guilera.com Activitat: Fabricants de s\u00e8ries electr\u00f2niques petites i mitjanes. Especialitzada en [&hellip;]\" \/>\n<meta property=\"og:url\" content=\"https:\/\/guilera.com\/ca\/avis-legal\/\" \/>\n<meta property=\"og:site_name\" content=\"Guilera\" \/>\n<meta property=\"article:modified_time\" content=\"2025-03-31T19:39:12+00:00\" \/>\n<meta name=\"twitter:card\" content=\"summary_large_image\" \/>\n<meta name=\"twitter:label1\" content=\"Temps estimat de lectura\" \/>\n\t<meta name=\"twitter:data1\" content=\"6 minuts\" \/>\n<script type=\"application\/ld+json\" class=\"yoast-schema-graph\">{\"@context\":\"https:\/\/schema.org\",\"@graph\":[{\"@type\":\"WebPage\",\"@id\":\"https:\/\/guilera.com\/ca\/avis-legal\/\",\"url\":\"https:\/\/guilera.com\/ca\/avis-legal\/\",\"name\":\"Av\u00eds legal - Guilera\",\"isPartOf\":{\"@id\":\"https:\/\/guilera.com\/ca\/#website\"},\"datePublished\":\"2024-06-18T12:20:17+00:00\",\"dateModified\":\"2025-03-31T19:39:12+00:00\",\"breadcrumb\":{\"@id\":\"https:\/\/guilera.com\/ca\/avis-legal\/#breadcrumb\"},\"inLanguage\":\"ca\",\"potentialAction\":[{\"@type\":\"ReadAction\",\"target\":[\"https:\/\/guilera.com\/ca\/avis-legal\/\"]}]},{\"@type\":\"BreadcrumbList\",\"@id\":\"https:\/\/guilera.com\/ca\/avis-legal\/#breadcrumb\",\"itemListElement\":[{\"@type\":\"ListItem\",\"position\":1,\"name\":\"Home\",\"item\":\"https:\/\/guilera.com\/ca\/\"},{\"@type\":\"ListItem\",\"position\":2,\"name\":\"Av\u00eds legal\"}]},{\"@type\":\"WebSite\",\"@id\":\"https:\/\/guilera.com\/ca\/#website\",\"url\":\"https:\/\/guilera.com\/ca\/\",\"name\":\"Guilera\",\"description\":\"\",\"publisher\":{\"@id\":\"https:\/\/guilera.com\/ca\/#organization\"},\"potentialAction\":[{\"@type\":\"SearchAction\",\"target\":{\"@type\":\"EntryPoint\",\"urlTemplate\":\"https:\/\/guilera.com\/ca\/?s={search_term_string}\"},\"query-input\":{\"@type\":\"PropertyValueSpecification\",\"valueRequired\":true,\"valueName\":\"search_term_string\"}}],\"inLanguage\":\"ca\"},{\"@type\":\"Organization\",\"@id\":\"https:\/\/guilera.com\/ca\/#organization\",\"name\":\"Guilera S.A.\",\"url\":\"https:\/\/guilera.com\/ca\/\",\"logo\":{\"@type\":\"ImageObject\",\"inLanguage\":\"ca\",\"@id\":\"https:\/\/guilera.com\/ca\/#\/schema\/logo\/image\/\",\"url\":\"https:\/\/guilera.com\/wp-content\/uploads\/2024\/06\/cropped-favicon-guilera.png\",\"contentUrl\":\"https:\/\/guilera.com\/wp-content\/uploads\/2024\/06\/cropped-favicon-guilera.png\",\"width\":512,\"height\":512,\"caption\":\"Guilera S.A.\"},\"image\":{\"@id\":\"https:\/\/guilera.com\/ca\/#\/schema\/logo\/image\/\"}}]}<\/script>\n<!-- \/ Yoast SEO plugin. -->","yoast_head_json":{"title":"Av\u00eds legal - Guilera","robots":{"index":"noindex","follow":"nofollow"},"og_locale":"ca_ES","og_type":"article","og_title":"Av\u00eds legal - Guilera","og_description":"Av\u00eds legal Responsable del tractament de les seves dades personals Identitat del Responsable del tractament: GUILERA, SA NIF\/CIF: A-08851461 Direcci\u00f3: C\/ Ramon Llull, 8, 08750 Molins de Rei Tel\u00e8fon: +34 93 668 17 94 Correu electr\u00f2nic: guilera@guilera.com Correu electr\u00f2nic per a l&#8217;exercici dels drets: rgpd@guilera.com Activitat: Fabricants de s\u00e8ries electr\u00f2niques petites i mitjanes. Especialitzada en [&hellip;]","og_url":"https:\/\/guilera.com\/ca\/avis-legal\/","og_site_name":"Guilera","article_modified_time":"2025-03-31T19:39:12+00:00","twitter_card":"summary_large_image","twitter_misc":{"Temps estimat de lectura":"6 minuts"},"schema":{"@context":"https:\/\/schema.org","@graph":[{"@type":"WebPage","@id":"https:\/\/guilera.com\/ca\/avis-legal\/","url":"https:\/\/guilera.com\/ca\/avis-legal\/","name":"Av\u00eds legal - Guilera","isPartOf":{"@id":"https:\/\/guilera.com\/ca\/#website"},"datePublished":"2024-06-18T12:20:17+00:00","dateModified":"2025-03-31T19:39:12+00:00","breadcrumb":{"@id":"https:\/\/guilera.com\/ca\/avis-legal\/#breadcrumb"},"inLanguage":"ca","potentialAction":[{"@type":"ReadAction","target":["https:\/\/guilera.com\/ca\/avis-legal\/"]}]},{"@type":"BreadcrumbList","@id":"https:\/\/guilera.com\/ca\/avis-legal\/#breadcrumb","itemListElement":[{"@type":"ListItem","position":1,"name":"Home","item":"https:\/\/guilera.com\/ca\/"},{"@type":"ListItem","position":2,"name":"Av\u00eds legal"}]},{"@type":"WebSite","@id":"https:\/\/guilera.com\/ca\/#website","url":"https:\/\/guilera.com\/ca\/","name":"Guilera","description":"","publisher":{"@id":"https:\/\/guilera.com\/ca\/#organization"},"potentialAction":[{"@type":"SearchAction","target":{"@type":"EntryPoint","urlTemplate":"https:\/\/guilera.com\/ca\/?s={search_term_string}"},"query-input":{"@type":"PropertyValueSpecification","valueRequired":true,"valueName":"search_term_string"}}],"inLanguage":"ca"},{"@type":"Organization","@id":"https:\/\/guilera.com\/ca\/#organization","name":"Guilera S.A.","url":"https:\/\/guilera.com\/ca\/","logo":{"@type":"ImageObject","inLanguage":"ca","@id":"https:\/\/guilera.com\/ca\/#\/schema\/logo\/image\/","url":"https:\/\/guilera.com\/wp-content\/uploads\/2024\/06\/cropped-favicon-guilera.png","contentUrl":"https:\/\/guilera.com\/wp-content\/uploads\/2024\/06\/cropped-favicon-guilera.png","width":512,"height":512,"caption":"Guilera S.A."},"image":{"@id":"https:\/\/guilera.com\/ca\/#\/schema\/logo\/image\/"}}]}},"_links":{"self":[{"href":"https:\/\/guilera.com\/ca\/wp-json\/wp\/v2\/pages\/4738","targetHints":{"allow":["GET"]}}],"collection":[{"href":"https:\/\/guilera.com\/ca\/wp-json\/wp\/v2\/pages"}],"about":[{"href":"https:\/\/guilera.com\/ca\/wp-json\/wp\/v2\/types\/page"}],"author":[{"embeddable":true,"href":"https:\/\/guilera.com\/ca\/wp-json\/wp\/v2\/users\/1"}],"replies":[{"embeddable":true,"href":"https:\/\/guilera.com\/ca\/wp-json\/wp\/v2\/comments?post=4738"}],"version-history":[{"count":3,"href":"https:\/\/guilera.com\/ca\/wp-json\/wp\/v2\/pages\/4738\/revisions"}],"predecessor-version":[{"id":4747,"href":"https:\/\/guilera.com\/ca\/wp-json\/wp\/v2\/pages\/4738\/revisions\/4747"}],"wp:attachment":[{"href":"https:\/\/guilera.com\/ca\/wp-json\/wp\/v2\/media?parent=4738"}],"curies":[{"name":"wp","href":"https:\/\/api.w.org\/{rel}","templated":true}]}}