{"id":4758,"date":"2024-06-18T14:16:55","date_gmt":"2024-06-18T12:16:55","guid":{"rendered":"https:\/\/guilera.com\/politica-de-privadesa\/"},"modified":"2025-08-26T12:30:08","modified_gmt":"2025-08-26T10:30:08","slug":"politica-de-privadesa","status":"publish","type":"page","link":"https:\/\/guilera.com\/ca\/politica-de-privadesa\/","title":{"rendered":"Pol\u00edtica de privadesa"},"content":{"rendered":"\t\t<div data-elementor-type=\"wp-page\" data-elementor-id=\"4758\" class=\"elementor elementor-4758 elementor-166\" data-elementor-post-type=\"page\">\n\t\t\t\t\t\t<section class=\"elementor-section elementor-top-section elementor-element elementor-element-71e38350 elementor-section-boxed elementor-section-height-default elementor-section-height-default\" data-id=\"71e38350\" data-element_type=\"section\" data-settings=\"{&quot;background_background&quot;:&quot;classic&quot;}\">\n\t\t\t\t\t\t\t<div class=\"elementor-background-overlay\"><\/div>\n\t\t\t\t\t\t\t<div class=\"elementor-container elementor-column-gap-default\">\n\t\t\t\t\t<div class=\"elementor-column elementor-col-100 elementor-top-column elementor-element elementor-element-b77e556\" data-id=\"b77e556\" data-element_type=\"column\">\n\t\t\t<div class=\"elementor-widget-wrap elementor-element-populated\">\n\t\t\t\t\t\t<div class=\"elementor-element elementor-element-7eecef4a elementor-widget__width-auto elementor-invisible elementor-widget elementor-widget-heading\" data-id=\"7eecef4a\" data-element_type=\"widget\" data-settings=\"{&quot;_animation&quot;:&quot;fadeInLeft&quot;}\" data-widget_type=\"heading.default\">\n\t\t\t\t<div class=\"elementor-widget-container\">\n\t\t\t\t\t<h2 class=\"elementor-heading-title elementor-size-default\">Pol\u00edtica de privadesa<\/h2>\t\t\t\t<\/div>\n\t\t\t\t<\/div>\n\t\t\t\t\t<\/div>\n\t\t<\/div>\n\t\t\t\t\t<\/div>\n\t\t<\/section>\n\t\t<div class=\"elementor-element elementor-element-9f7e5ba e-flex e-con-boxed e-con e-parent\" data-id=\"9f7e5ba\" data-element_type=\"container\">\n\t\t\t\t\t<div class=\"e-con-inner\">\n\t\t\t\t<div class=\"elementor-element elementor-element-caf4126 elementor-widget elementor-widget-text-editor\" data-id=\"caf4126\" data-element_type=\"widget\" data-widget_type=\"text-editor.default\">\n\t\t\t\t<div class=\"elementor-widget-container\">\n\t\t\t\t\t\t\t\t\t<p><span style=\"font-weight: 400;\">Aquesta pol\u00edtica de privacitat estableix la manera com es gestionaran les dades personals en aquest lloc web. \u00c9s imprescindible que el llegiu i accepteu el seu contingut abans de continuar navegant. <\/span><\/p><p><span style=\"font-weight: 400;\">https:\/\/www.guilera.com\/ \u00e9s la p\u00e0gina web de l&#8217;empresa GUILERA, SA, amb CIF A-08851461 i domicili social al C\/ Ramon Llull, 8, 08750 Molins de Rei<\/span><\/p><p><span style=\"font-weight: 400;\">Als efectes del que disposa el RGPD 2016\/679 (UE) i la Llei 3\/2018, de 5 de desembre, les dades personals que ens envieu a trav\u00e9s dels formularis del lloc web seran tractades com a dades dels \u201cUsuaris del Lloc Web\u201d.<\/span><\/p><p><span style=\"font-weight: 400;\">Per al tractament de les dades dels nostres usuaris, implementem totes les mesures de seguretat t\u00e8cniques i organitzatives establertes a la legislaci\u00f3 vigent.<\/span><\/p><p><span style=\"font-weight: 400;\">GUILERA, SA ha adaptat aquest lloc web als requisits de la Llei Org\u00e0nica 3\/2018, de 5 de desembre, de Protecci\u00f3 de Dades Personals i Garantia dels Drets Digitals, aix\u00ed com al Reglament (UE) 2016\/679 del Parlament Europeu i del Consell, de 27 d\u2019abril de 2016, relatiu a la protecci\u00f3 de les persones f\u00edsiques (RGPD), i a la Llei 34\/2002, d\u201911 de juliol, de serveis de la societat de la informaci\u00f3 i de comer\u00e7 electr\u00f2nic (LSSICE o LSSI-CE). <\/span><\/p><ul><li><span style=\"font-weight: 400;\"> Identitat del Responsable del tractament: GUILERA, SA<\/span><\/li><li><span style=\"font-weight: 400;\"> NIF\/CIF: A-08851461<\/span><\/li><li><span style=\"font-weight: 400;\"> Adre\u00e7a: C\/ Ramon Llull, 8, 08750 Molins de Rei<\/span><\/li><li><span style=\"font-weight: 400;\"> Tel\u00e8fon: 34 93 668 17 94<\/span><\/li><li><span style=\"font-weight: 400;\"> Correu electr\u00f2nic: guilera@guilera.com<\/span><\/li><li><span style=\"font-weight: 400;\"> Correu electr\u00f2nic per a l&#8217;exercici dels drets: rgpd@guilera.com<\/span><\/li><\/ul><p><span style=\"font-weight: 400;\">Activitat: Fabricants de s\u00e8ries electr\u00f2niques petites i mitjanes. Especialitzada en tecnologia, serveis i productes propis, centrada en la mobilitat el\u00e8ctrica des del 2007. <\/span><\/p><p><span style=\"font-weight: 400;\">Inscrita en el Registre Mercantil de Barcelona: tom 23.707, foli 90, full n\u00ba B-59.5776, inscripci\u00f3 9\u00aa. <\/span><\/p><p> <\/p><p><b>Principis que aplicarem a la seva informaci\u00f3 personal<\/b><\/p><p><span style=\"font-weight: 400;\">En el tractament de les seves dades personals, aplicarem els seg\u00fcents principis:<\/span><\/p><ul><li><span style=\"font-weight: 400;\"> Principi de legalitat, lleialtat i transpar\u00e8ncia: Sempre requerirem el seu consentiment per tractar les seves dades personals amb una o m\u00e9s finalitats concretes de les que l&#8217;informarem pr\u00e8viament amb absoluta transpar\u00e8ncia.<\/span><\/li><li><span style=\"font-weight: 400;\"> Principi de minimitzaci\u00f3 de dades: Nom\u00e9s sol\u00b7licitarem les dades estrictament necess\u00e0ries en relaci\u00f3 amb les finalitats per a les quals ho requerim.<\/span><\/li><li><span style=\"font-weight: 400;\"> Principi d&#8217;integritat i confidencialitat: Les seves dades seran tractades de manera que se&#8217;n garanteixi la confidencialitat. Ha de saber que prenem totes les precaucions necess\u00e0ries per evitar l&#8217;acc\u00e9s no autoritzat o l&#8217;\u00fas indegut de les dades dels nostres usuaris per part de tercers. <\/span><\/li><\/ul><p><span style=\"font-weight: 400;\">GUILERA, SA amb domicili social al C\/ Ramon Llull, 8, 08750 Molins de Rei posa a la seva disposici\u00f3 a trav\u00e9s d&#8217;aquesta p\u00e0gina web informaci\u00f3 sobre les seves activitats, productes i serveis.<\/span><\/p><p><span style=\"font-weight: 400;\">GUILERA, SA es reserva tots els drets de propietat industrial i intel\u00b7lectual. L&#8217;acc\u00e9s als continguts del lloc web no implica l&#8217;atorgament d&#8217;una llic\u00e8ncia d&#8217;\u00fas dels drets indicats i, excepte autoritzaci\u00f3 expressa dels seus titulars, queda prohibida la seva reproducci\u00f3, modificaci\u00f3, distribuci\u00f3 o comunicaci\u00f3 p\u00fablica d&#8217;acord amb la legislaci\u00f3 espanyola vigent. <\/span><\/p><p><span style=\"font-weight: 400;\">GUILERA, SA no es fa responsable ni garanteix que la informaci\u00f3 del seu lloc web sigui completa, exacta i completament actualitzada. GUILERA, SA no ser\u00e0 responsable dels danys i perjudicis de qualsevol naturalesa que es poguessin ocasionar a qui hagi accedit i utilitzat els continguts de la seva p\u00e0gina web o d&#8217;altres a qui hagin estat dirigits des d&#8217;aquesta. <\/span><\/p><p> <\/p><p><b>Prop\u00f2sits<\/b><\/p><p><span style=\"font-weight: 400;\">Quan un usuari es connecta a aquest lloc web, per exemple per enviar un correu electr\u00f2nic amb una consulta (formulari de contacte), est\u00e0 facilitant informaci\u00f3 personal de la qual \u00e9s responsable GUILERA, SA. Aquesta informaci\u00f3 pot incloure dades personals com ara la seva adre\u00e7a IP, nom, adre\u00e7a f\u00edsica, adre\u00e7a de correu electr\u00f2nic, n\u00famero de tel\u00e8fon i altra informaci\u00f3. En facilitar aquesta informaci\u00f3, l&#8217;usuari d\u00f3na el seu consentiment perqu\u00e8 les seves dades siguin tractades i emmagatzemades per GUILERA, SA en la forma descrita en aquesta Pol\u00edtica de Privacitat.  <\/span><\/p><p><span style=\"font-weight: 400;\">A GUILERA, SA existeixen diferents sistemes de captaci\u00f3 d&#8217;informaci\u00f3 personal i tractament de la informaci\u00f3 que ens faciliten els interessats amb les finalitats indicades segons cada sistema de captaci\u00f3 (formularis).<\/span><\/p><p> <\/p><p><span style=\"text-decoration: underline;\">Formularis de contacte<\/span><\/p><p><span style=\"font-weight: 400;\">La finalitat d&#8217;aquest tractament ser\u00e0 donar resposta a la seva consulta, atendre la seva sol\u00b7licitud o resoldre el problema plantejat. En aquest cas, les seves dades personals es conservaran durant el temps necessari per atendre la seva consulta i, en tot cas, fins que faci saber la seva supressi\u00f3 o el temps que sigui imprescindible per complir amb les obligacions legals vigents. <\/span><\/p><p> <\/p><p><span style=\"text-decoration: underline;\">Formularis de presentaci\u00f3 de CV<\/span><\/p><p><span style=\"font-weight: 400;\">La finalitat d\u2019aquest tractament ser\u00e0 la participaci\u00f3 en processos de selecci\u00f3 que GUILERA, SA tingui oberts o obrir\u00e0 en el futur. Conservarem les seves dades durant un m\u00e0xim de dos anys llevat que ens indiqui el contrari, i en tot cas, durant el temps necessari per complir amb les obligacions legals. <\/span><\/p><p> <\/p><p><span style=\"text-decoration: underline;\">Enviaments comercials<\/span><\/p><p><span style=\"font-weight: 400;\">Si marca la casella corresponent, podrem utilitzar les seves dades amb la finalitat de mantenir-lo informat de les nostres not\u00edcies, activitats i altra informaci\u00f3 que pugui ser del seu inter\u00e8s i relacionada amb l&#8217;activitat de l&#8217;empresa. Conservarem les seves dades mentre no ens indiqui la seva oposici\u00f3 i en tot cas durant un m\u00e0xim de 5 anys des de l&#8217;\u00faltima confirmaci\u00f3 d&#8217;inter\u00e8s. <\/span><\/p><p><span style=\"font-weight: 400;\">Hi ha altres finalitats per a les quals tractem les seves dades personals:<\/span><\/p><ul><li><span style=\"font-weight: 400;\"> Per garantir el compliment de les condicions d&#8217;\u00fas i la legislaci\u00f3 aplicable. Aix\u00f2 pot incloure el desenvolupament d&#8217;eines i algorismes que ajudin a aquest lloc web a garantir la confidencialitat de les dades personals que recull. <\/span><\/li><li><span style=\"font-weight: 400;\"> Per donar suport i millorar els serveis que ofereix aquest lloc web.<\/span><\/li><li><span style=\"font-weight: 400;\"> Tamb\u00e9 es recullen altres dades no identificatives, obtingudes mitjan\u00e7ant algunes galetes que es descarreguen a l\u2019ordinador de l\u2019usuari quan navega per aquest lloc web, les quals detallo a la pol\u00edtica de galetes.<\/span><\/li><\/ul><p><span style=\"font-weight: 400;\">GUILERA, SA no ven, lloga ni cedeix dades personals que puguin identificar l&#8217;usuari, ni ho far\u00e0 en el futur, a tercers sense el consentiment previ. No obstant aix\u00f2, en alguns casos es poden dur a terme col\u00b7laboracions amb altres professionals, en aquests casos es requerir\u00e0 el consentiment previ dels usuaris, informant-los de la identitat del col\u00b7laborador i de la finalitat de la col\u00b7laboraci\u00f3. Sempre es realitzar\u00e0 amb els m\u00e9s estrictes est\u00e0ndards de seguretat i confidencialitat.  <\/span><\/p><p> <\/p><p><b>Legitimaci\u00f3<\/b><\/p><p><span style=\"font-weight: 400;\">La base legal que legitima el tractament de les dades personals ser\u00e0 la seg\u00fcent:<\/span><\/p><p><span style=\"font-weight: 400;\">&#8211; En formularis de contacte: el consentiment de l&#8217;interessat mitjan\u00e7ant l&#8217;acci\u00f3 positiva d&#8217;execuci\u00f3 de la consulta o sol\u00b7licitud a trav\u00e9s del lloc web.<\/span><\/p><p><span style=\"font-weight: 400;\">&#8211; En els formularis de presentaci\u00f3 de curr\u00edculums: el consentiment de l&#8217;interessat<\/span><\/p><p><span style=\"font-weight: 400;\">&#8211; Enviaments comercials: l&#8217;inter\u00e8s leg\u00edtim a ser client de l&#8217;entitat i el consentiment de l&#8217;interessat a trav\u00e9s de la casella S\u00cd.<\/span><\/p><p> <\/p><p><b>Categories de dades<\/b><\/p><p><span style=\"font-weight: 400;\">Les categories de dades tractades s\u00f3n dades identificatives: nom, cognoms, adre\u00e7a, tel\u00e8fon i NIF. No es tracten categories de dades especialment protegides. <\/span><\/p><p> <\/p><p><b>Destinataris<\/b><\/p><p><span style=\"font-weight: 400;\">GUILERA, SA no comunicar\u00e0 les dades personals de l&#8217;usuari a tercers sense el consentiment de l&#8217;interessat. Nom\u00e9s les Administracions P\u00fabliques poden ser destinataris de les dades per tal de complir amb els requisits legals als quals est\u00e0 obligada l&#8217;empresa. <\/span><\/p><p> <\/p><p><b>Drets<\/b><\/p><p><span style=\"font-weight: 400;\">Els usuaris del lloc web no tenen cap obligaci\u00f3 de facilitar les seves dades personals, per la qual cosa facilitar les dades \u00e9s un acte totalment voluntari.<\/span><\/p><p><span style=\"font-weight: 400;\">GUILERA, SA informa que els usuaris tenen dret a accedir, rectificar, suprimir les seves dades, aix\u00ed com a oposar-se i\/o limitar el tractament i portabilitat de les seves dades en els casos previstos en el Reglament (UE) 2016\/679. En el cas que el tractament es basi en el consentiment, l&#8217;usuari sempre podr\u00e0 retirar el consentiment prestat en qualsevol moment. <\/span><\/p><p><span style=\"font-weight: 400;\">Per exercir aquests drets cal enviar un escrit a l&#8217;adre\u00e7a C\/ Ramon Llull, 8, 08750 Molins de Rei o enviar un correu electr\u00f2nic a rgpd@guilera.com. Per fer-ho, haur\u00e0 d&#8217;adjuntar un document que acrediti la teva identitat i indicar el dret que est\u00e0s exercint. Pot presentar una reclamaci\u00f3 davant l&#8217;Ag\u00e8ncia Espanyola de Protecci\u00f3 de Dades (www.aepd.es).  <\/span><\/p><p> <\/p><p><b>Confidencialitat i seguretat de les dades<\/b><\/p><p><span style=\"font-weight: 400;\">GUILERA, SA es compromet a l&#8217;\u00fas i tractament de les dades personals dels usuaris, respectant-ne la confidencialitat i utilitzant-les d&#8217;acord amb la seva finalitat, aix\u00ed com al compliment de la seva obligaci\u00f3 d&#8217;emmagatzemar-les i adoptar totes les mesures per evitar-ne l&#8217;alteraci\u00f3, p\u00e8rdua, tractament o acc\u00e9s no autoritzats, d&#8217;acord amb el que estableix la normativa vigent de protecci\u00f3 de dades.<\/span><\/p><p> <\/p><p><b>Exactitud i veracitat de les dades<\/b><\/p><p><span style=\"font-weight: 400;\">Com a usuari ets l&#8217;\u00fanic responsable de la veracitat i correcci\u00f3 de les dades que ens envia, exonerant a GUILERA, SA de qualsevol responsabilitat al respecte, encara que ens facilitis dades de tercers.<\/span><\/p><p><span style=\"font-weight: 400;\">Els usuaris garanteixen i s\u00f3n responsables, en tot cas, de l&#8217;exactitud, validesa i autenticitat de les dades personals facilitades, i es comprometen a mantenir-les degudament actualitzades. L&#8217;usuari es compromet a proporcionar informaci\u00f3 completa i correcta en el formulari de contacte o subscripci\u00f3. En el cas que proporcioni dades de tercers, hauria de comptar amb el seu consentiment previ.  <\/span><\/p><p> <\/p><p><b>Acceptaci\u00f3 i consentiment<\/b><\/p><p><span style=\"font-weight: 400;\">L&#8217;usuari declara haver estat informat de les condicions sobre protecci\u00f3 de dades de car\u00e0cter personal, acceptant i consentint el tractament de les mateixes per part de GUILERA, SA en la forma i per a les finalitats indicades en la present Pol\u00edtica de Privacitat.<\/span><\/p><p> <\/p><p><b>Revocabilitat<\/b><\/p><p><span style=\"font-weight: 400;\">El consentiment prestat, tant per al tractament com per a la cessi\u00f3 de les dades dels interessats, \u00e9s revocable en qualsevol moment comunicant-ho a GUILERA, SA en els termes establerts en aquesta Pol\u00edtica per a l&#8217;exercici dels drets d&#8217;acc\u00e9s, rectificaci\u00f3, limitaci\u00f3, oposici\u00f3, supressi\u00f3 i portabilitat a l&#8217;adre\u00e7a postal esmentada m\u00e9s amunt o al correu electr\u00f2nic rgpd@guilera.com. El consentiment revocat no tindr\u00e0 efectes retroactius en cap cas.<\/span><\/p><p> <\/p><p><b>Canvis en la pol\u00edtica de privadesa<\/b><\/p><p><span style=\"font-weight: 400;\">GUILERA, SA es reserva el dret a modificar la present pol\u00edtica per adaptar-la a novetats legislatives o jurisprudencials, aix\u00ed com a pr\u00e0ctiques del sector. En aquests casos, GUILERA, SA anunciar\u00e0 en aquesta p\u00e0gina els canvis introdu\u00efts amb una antelaci\u00f3 raonable de la seva implantaci\u00f3 amb la data de la seva darrera versi\u00f3. <\/span><\/p><p> <\/p><p><span style=\"font-weight: 400;\">\u00daltima actualitzaci\u00f3: maig de 2024<\/span><\/p>\t\t\t\t\t\t\t\t<\/div>\n\t\t\t\t<\/div>\n\t\t\t\t\t<\/div>\n\t\t\t\t<\/div>\n\t\t\t\t<\/div>\n\t\t","protected":false},"excerpt":{"rendered":"<p>Pol\u00edtica de privadesa Aquesta pol\u00edtica de privacitat estableix la manera com es gestionaran les dades personals en aquest lloc web. \u00c9s imprescindible que el llegiu i accepteu el seu contingut abans de continuar navegant. https:\/\/www.guilera.com\/ \u00e9s la p\u00e0gina web de l&#8217;empresa GUILERA, SA, amb CIF A-08851461 i domicili social al C\/ Ramon Llull, 8, 08750 [&hellip;]<\/p>\n","protected":false},"author":1,"featured_media":0,"parent":0,"menu_order":0,"comment_status":"closed","ping_status":"closed","template":"","meta":{"footnotes":""},"class_list":["post-4758","page","type-page","status-publish","hentry"],"yoast_head":"<!-- This site is optimized with the Yoast SEO plugin v26.0 - https:\/\/yoast.com\/wordpress\/plugins\/seo\/ -->\n<title>Pol\u00edtica de privadesa - Guilera<\/title>\n<meta name=\"robots\" content=\"noindex, nofollow\" \/>\n<meta property=\"og:locale\" content=\"ca_ES\" \/>\n<meta property=\"og:type\" content=\"article\" \/>\n<meta property=\"og:title\" content=\"Pol\u00edtica de privadesa - Guilera\" \/>\n<meta property=\"og:description\" content=\"Pol\u00edtica de privadesa Aquesta pol\u00edtica de privacitat estableix la manera com es gestionaran les dades personals en aquest lloc web. \u00c9s imprescindible que el llegiu i accepteu el seu contingut abans de continuar navegant. https:\/\/www.guilera.com\/ \u00e9s la p\u00e0gina web de l&#8217;empresa GUILERA, SA, amb CIF A-08851461 i domicili social al C\/ Ramon Llull, 8, 08750 [&hellip;]\" \/>\n<meta property=\"og:url\" content=\"https:\/\/guilera.com\/ca\/politica-de-privadesa\/\" \/>\n<meta property=\"og:site_name\" content=\"Guilera\" \/>\n<meta property=\"article:modified_time\" content=\"2025-08-26T10:30:08+00:00\" \/>\n<meta name=\"twitter:card\" content=\"summary_large_image\" \/>\n<meta name=\"twitter:label1\" content=\"Temps estimat de lectura\" \/>\n\t<meta name=\"twitter:data1\" content=\"8 minuts\" \/>\n<script type=\"application\/ld+json\" class=\"yoast-schema-graph\">{\"@context\":\"https:\/\/schema.org\",\"@graph\":[{\"@type\":\"WebPage\",\"@id\":\"https:\/\/guilera.com\/ca\/politica-de-privadesa\/\",\"url\":\"https:\/\/guilera.com\/ca\/politica-de-privadesa\/\",\"name\":\"Pol\u00edtica de privadesa - Guilera\",\"isPartOf\":{\"@id\":\"https:\/\/guilera.com\/ca\/#website\"},\"datePublished\":\"2024-06-18T12:16:55+00:00\",\"dateModified\":\"2025-08-26T10:30:08+00:00\",\"breadcrumb\":{\"@id\":\"https:\/\/guilera.com\/ca\/politica-de-privadesa\/#breadcrumb\"},\"inLanguage\":\"ca\",\"potentialAction\":[{\"@type\":\"ReadAction\",\"target\":[\"https:\/\/guilera.com\/ca\/politica-de-privadesa\/\"]}]},{\"@type\":\"BreadcrumbList\",\"@id\":\"https:\/\/guilera.com\/ca\/politica-de-privadesa\/#breadcrumb\",\"itemListElement\":[{\"@type\":\"ListItem\",\"position\":1,\"name\":\"Home\",\"item\":\"https:\/\/guilera.com\/ca\/\"},{\"@type\":\"ListItem\",\"position\":2,\"name\":\"Pol\u00edtica de privadesa\"}]},{\"@type\":\"WebSite\",\"@id\":\"https:\/\/guilera.com\/ca\/#website\",\"url\":\"https:\/\/guilera.com\/ca\/\",\"name\":\"Guilera\",\"description\":\"\",\"publisher\":{\"@id\":\"https:\/\/guilera.com\/ca\/#organization\"},\"potentialAction\":[{\"@type\":\"SearchAction\",\"target\":{\"@type\":\"EntryPoint\",\"urlTemplate\":\"https:\/\/guilera.com\/ca\/?s={search_term_string}\"},\"query-input\":{\"@type\":\"PropertyValueSpecification\",\"valueRequired\":true,\"valueName\":\"search_term_string\"}}],\"inLanguage\":\"ca\"},{\"@type\":\"Organization\",\"@id\":\"https:\/\/guilera.com\/ca\/#organization\",\"name\":\"Guilera S.A.\",\"url\":\"https:\/\/guilera.com\/ca\/\",\"logo\":{\"@type\":\"ImageObject\",\"inLanguage\":\"ca\",\"@id\":\"https:\/\/guilera.com\/ca\/#\/schema\/logo\/image\/\",\"url\":\"https:\/\/guilera.com\/wp-content\/uploads\/2024\/06\/cropped-favicon-guilera.png\",\"contentUrl\":\"https:\/\/guilera.com\/wp-content\/uploads\/2024\/06\/cropped-favicon-guilera.png\",\"width\":512,\"height\":512,\"caption\":\"Guilera S.A.\"},\"image\":{\"@id\":\"https:\/\/guilera.com\/ca\/#\/schema\/logo\/image\/\"}}]}<\/script>\n<!-- \/ Yoast SEO plugin. -->","yoast_head_json":{"title":"Pol\u00edtica de privadesa - Guilera","robots":{"index":"noindex","follow":"nofollow"},"og_locale":"ca_ES","og_type":"article","og_title":"Pol\u00edtica de privadesa - Guilera","og_description":"Pol\u00edtica de privadesa Aquesta pol\u00edtica de privacitat estableix la manera com es gestionaran les dades personals en aquest lloc web. \u00c9s imprescindible que el llegiu i accepteu el seu contingut abans de continuar navegant. https:\/\/www.guilera.com\/ \u00e9s la p\u00e0gina web de l&#8217;empresa GUILERA, SA, amb CIF A-08851461 i domicili social al C\/ Ramon Llull, 8, 08750 [&hellip;]","og_url":"https:\/\/guilera.com\/ca\/politica-de-privadesa\/","og_site_name":"Guilera","article_modified_time":"2025-08-26T10:30:08+00:00","twitter_card":"summary_large_image","twitter_misc":{"Temps estimat de lectura":"8 minuts"},"schema":{"@context":"https:\/\/schema.org","@graph":[{"@type":"WebPage","@id":"https:\/\/guilera.com\/ca\/politica-de-privadesa\/","url":"https:\/\/guilera.com\/ca\/politica-de-privadesa\/","name":"Pol\u00edtica de privadesa - Guilera","isPartOf":{"@id":"https:\/\/guilera.com\/ca\/#website"},"datePublished":"2024-06-18T12:16:55+00:00","dateModified":"2025-08-26T10:30:08+00:00","breadcrumb":{"@id":"https:\/\/guilera.com\/ca\/politica-de-privadesa\/#breadcrumb"},"inLanguage":"ca","potentialAction":[{"@type":"ReadAction","target":["https:\/\/guilera.com\/ca\/politica-de-privadesa\/"]}]},{"@type":"BreadcrumbList","@id":"https:\/\/guilera.com\/ca\/politica-de-privadesa\/#breadcrumb","itemListElement":[{"@type":"ListItem","position":1,"name":"Home","item":"https:\/\/guilera.com\/ca\/"},{"@type":"ListItem","position":2,"name":"Pol\u00edtica de privadesa"}]},{"@type":"WebSite","@id":"https:\/\/guilera.com\/ca\/#website","url":"https:\/\/guilera.com\/ca\/","name":"Guilera","description":"","publisher":{"@id":"https:\/\/guilera.com\/ca\/#organization"},"potentialAction":[{"@type":"SearchAction","target":{"@type":"EntryPoint","urlTemplate":"https:\/\/guilera.com\/ca\/?s={search_term_string}"},"query-input":{"@type":"PropertyValueSpecification","valueRequired":true,"valueName":"search_term_string"}}],"inLanguage":"ca"},{"@type":"Organization","@id":"https:\/\/guilera.com\/ca\/#organization","name":"Guilera S.A.","url":"https:\/\/guilera.com\/ca\/","logo":{"@type":"ImageObject","inLanguage":"ca","@id":"https:\/\/guilera.com\/ca\/#\/schema\/logo\/image\/","url":"https:\/\/guilera.com\/wp-content\/uploads\/2024\/06\/cropped-favicon-guilera.png","contentUrl":"https:\/\/guilera.com\/wp-content\/uploads\/2024\/06\/cropped-favicon-guilera.png","width":512,"height":512,"caption":"Guilera S.A."},"image":{"@id":"https:\/\/guilera.com\/ca\/#\/schema\/logo\/image\/"}}]}},"_links":{"self":[{"href":"https:\/\/guilera.com\/ca\/wp-json\/wp\/v2\/pages\/4758","targetHints":{"allow":["GET"]}}],"collection":[{"href":"https:\/\/guilera.com\/ca\/wp-json\/wp\/v2\/pages"}],"about":[{"href":"https:\/\/guilera.com\/ca\/wp-json\/wp\/v2\/types\/page"}],"author":[{"embeddable":true,"href":"https:\/\/guilera.com\/ca\/wp-json\/wp\/v2\/users\/1"}],"replies":[{"embeddable":true,"href":"https:\/\/guilera.com\/ca\/wp-json\/wp\/v2\/comments?post=4758"}],"version-history":[{"count":9,"href":"https:\/\/guilera.com\/ca\/wp-json\/wp\/v2\/pages\/4758\/revisions"}],"predecessor-version":[{"id":5633,"href":"https:\/\/guilera.com\/ca\/wp-json\/wp\/v2\/pages\/4758\/revisions\/5633"}],"wp:attachment":[{"href":"https:\/\/guilera.com\/ca\/wp-json\/wp\/v2\/media?parent=4758"}],"curies":[{"name":"wp","href":"https:\/\/api.w.org\/{rel}","templated":true}]}}