{"id":5697,"date":"2025-10-07T08:52:31","date_gmt":"2025-10-07T06:52:31","guid":{"rendered":"https:\/\/guilera.com\/?page_id=5697"},"modified":"2025-12-11T14:12:43","modified_gmt":"2025-12-11T13:12:43","slug":"politica-qualitat-medi-ambient","status":"publish","type":"page","link":"https:\/\/guilera.com\/ca\/politica-qualitat-medi-ambient\/","title":{"rendered":"Pol\u00edtica de Qualitat i Medi Ambient"},"content":{"rendered":"\t\t<div data-elementor-type=\"wp-page\" data-elementor-id=\"5697\" class=\"elementor elementor-5697 elementor-5696\" data-elementor-post-type=\"page\">\n\t\t\t\t\t\t<section class=\"elementor-section elementor-top-section elementor-element elementor-element-71e38350 elementor-section-boxed elementor-section-height-default elementor-section-height-default\" data-id=\"71e38350\" data-element_type=\"section\" data-settings=\"{&quot;background_background&quot;:&quot;classic&quot;}\">\n\t\t\t\t\t\t\t<div class=\"elementor-background-overlay\"><\/div>\n\t\t\t\t\t\t\t<div class=\"elementor-container elementor-column-gap-default\">\n\t\t\t\t\t<div class=\"elementor-column elementor-col-100 elementor-top-column elementor-element elementor-element-b77e556\" data-id=\"b77e556\" data-element_type=\"column\">\n\t\t\t<div class=\"elementor-widget-wrap elementor-element-populated\">\n\t\t\t\t\t\t<div class=\"elementor-element elementor-element-7eecef4a elementor-widget__width-auto elementor-invisible elementor-widget elementor-widget-heading\" data-id=\"7eecef4a\" data-element_type=\"widget\" data-settings=\"{&quot;_animation&quot;:&quot;fadeInLeft&quot;}\" data-widget_type=\"heading.default\">\n\t\t\t\t<div class=\"elementor-widget-container\">\n\t\t\t\t\t<h2 class=\"elementor-heading-title elementor-size-default\">Pol\u00edtica de Qualitat i Medi Ambient<\/h2>\t\t\t\t<\/div>\n\t\t\t\t<\/div>\n\t\t\t\t\t<\/div>\n\t\t<\/div>\n\t\t\t\t\t<\/div>\n\t\t<\/section>\n\t\t<div class=\"elementor-element elementor-element-9f7e5ba e-flex e-con-boxed e-con e-parent\" data-id=\"9f7e5ba\" data-element_type=\"container\">\n\t\t\t\t\t<div class=\"e-con-inner\">\n\t\t\t\t<div class=\"elementor-element elementor-element-caf4126 elementor-widget elementor-widget-text-editor\" data-id=\"caf4126\" data-element_type=\"widget\" data-widget_type=\"text-editor.default\">\n\t\t\t\t<div class=\"elementor-widget-container\">\n\t\t\t\t\t\t\t\t\t<h5><strong>Pol\u00edtica de Qualitat i Medi Ambient &#8211; GUILERA S.A.&nbsp;<\/strong><\/h5>\n<p data-start=\"263\" data-end=\"634\">A GUILERA S.A. treballem per dissenyar i fabricar productes que responguin a les expectatives dels nostres clients, garantint alhora processos segurs, eficients i respectuosos amb el medi ambient. La nostra voluntat \u00e9s mantenir una organitzaci\u00f3 s\u00f2lida i competitiva, basada en la millora cont\u00ednua i en la reducci\u00f3 dels impactes ambientals associats a la nostra activitat.<\/p>\n<p data-start=\"636\" data-end=\"694\">Els nostres compromisos s\u2019articulen en els punts seg\u00fcents:<\/p>\n<ol data-start=\"696\" data-end=\"1824\">\n<li data-start=\"696\" data-end=\"788\">\n<p data-start=\"699\" data-end=\"788\">Mantenir i millorar de manera constant l\u2019efic\u00e0cia del Sistema de Gesti\u00f3 Integrat (SGI).<\/p>\n<\/li>\n<li data-start=\"789\" data-end=\"889\">\n<p data-start=\"792\" data-end=\"889\">Fomentar una cultura interna orientada a la prevenci\u00f3 de defectes i a l\u2019excel\u00b7l\u00e8ncia operativa.<\/p>\n<\/li>\n<li data-start=\"890\" data-end=\"1002\">\n<p data-start=\"893\" data-end=\"1002\">Treballar amb els prove\u00efdors des d\u2019una col\u00b7laboraci\u00f3 estable i criteris clars de qualitat i sostenibilitat.<\/p>\n<\/li>\n<li data-start=\"1003\" data-end=\"1162\">\n<p data-start=\"1006\" data-end=\"1162\">Impulsar la formaci\u00f3 i sensibilitzaci\u00f3 del personal per refor\u00e7ar la qualitat del producte, la protecci\u00f3 ambiental i el bon funcionament de l\u2019organitzaci\u00f3.<\/p>\n<\/li>\n<li data-start=\"1163\" data-end=\"1286\">\n<p data-start=\"1166\" data-end=\"1286\">Gestionar els processos de disseny i fabricaci\u00f3 mitjan\u00e7ant indicadors que assegurin efici\u00e8ncia i resultats mesurables.<\/p>\n<\/li>\n<li data-start=\"1287\" data-end=\"1405\">\n<p data-start=\"1290\" data-end=\"1405\">Complir la legislaci\u00f3 aplicable, les normes vigents i els requisits dels clients en tots els productes i serveis.<\/p>\n<\/li>\n<li data-start=\"1406\" data-end=\"1506\">\n<p data-start=\"1409\" data-end=\"1506\">Optimitzar processos, recursos i documentaci\u00f3 per incrementar l\u2019efici\u00e8ncia i la competitivitat.<\/p>\n<\/li>\n<li data-start=\"1507\" data-end=\"1586\">\n<p data-start=\"1510\" data-end=\"1586\">Prevenir la contaminaci\u00f3 i minimitzar qualsevol impacte ambiental negatiu.<\/p>\n<\/li>\n<li data-start=\"1587\" data-end=\"1708\">\n<p data-start=\"1590\" data-end=\"1708\">Enfortir la competitivitat mitjan\u00e7ant la innovaci\u00f3 tecnol\u00f2gica i solucions adaptades a les necessitats dels clients.<\/p>\n<\/li>\n<li data-start=\"1709\" data-end=\"1824\">\n<p data-start=\"1713\" data-end=\"1824\">Promoure la diversificaci\u00f3, la innovaci\u00f3 i la gesti\u00f3 del coneixement com a base per a un creixement sostenible.<\/p>\n<\/li>\n<\/ol>\n<p data-start=\"1826\" data-end=\"1982\">Aquesta pol\u00edtica \u00e9s comunicada a tots els treballadors i parts interessades i es revisa peri\u00f2dicament per garantir-ne l\u2019adequaci\u00f3 a l\u2019evoluci\u00f3 de l\u2019empresa.<\/p>\n<p data-start=\"1826\" data-end=\"1982\">Carles Guilera Poch, 18 d&#8217;octubre de 2024.<\/p>\t\t\t\t\t\t\t\t<\/div>\n\t\t\t\t<\/div>\n\t\t\t\t\t<\/div>\n\t\t\t\t<\/div>\n\t\t\t\t<\/div>\n\t\t","protected":false},"excerpt":{"rendered":"<p>Pol\u00edtica de Qualitat i Medi Ambient Pol\u00edtica de Qualitat i Medi Ambient &#8211; GUILERA S.A.&nbsp; A GUILERA S.A. treballem per dissenyar i fabricar productes que responguin a les expectatives dels nostres clients, garantint alhora processos segurs, eficients i respectuosos amb el medi ambient. La nostra voluntat \u00e9s mantenir una organitzaci\u00f3 s\u00f2lida i competitiva, basada en [&hellip;]<\/p>\n","protected":false},"author":2,"featured_media":0,"parent":0,"menu_order":0,"comment_status":"closed","ping_status":"closed","template":"","meta":{"footnotes":""},"class_list":["post-5697","page","type-page","status-publish","hentry"],"yoast_head":"<!-- This site is optimized with the Yoast SEO plugin v26.0 - https:\/\/yoast.com\/wordpress\/plugins\/seo\/ -->\n<title>Pol\u00edtica de Qualitat i Medi Ambient - Guilera<\/title>\n<meta name=\"robots\" content=\"noindex, nofollow\" \/>\n<meta property=\"og:locale\" content=\"ca_ES\" \/>\n<meta property=\"og:type\" content=\"article\" \/>\n<meta property=\"og:title\" content=\"Pol\u00edtica de Qualitat i Medi Ambient - Guilera\" \/>\n<meta property=\"og:description\" content=\"Pol\u00edtica de Qualitat i Medi Ambient Pol\u00edtica de Qualitat i Medi Ambient &#8211; GUILERA S.A.&nbsp; A GUILERA S.A. treballem per dissenyar i fabricar productes que responguin a les expectatives dels nostres clients, garantint alhora processos segurs, eficients i respectuosos amb el medi ambient. La nostra voluntat \u00e9s mantenir una organitzaci\u00f3 s\u00f2lida i competitiva, basada en [&hellip;]\" \/>\n<meta property=\"og:url\" content=\"https:\/\/guilera.com\/ca\/politica-qualitat-medi-ambient\/\" \/>\n<meta property=\"og:site_name\" content=\"Guilera\" \/>\n<meta property=\"article:modified_time\" content=\"2025-12-11T13:12:43+00:00\" \/>\n<meta name=\"twitter:card\" content=\"summary_large_image\" \/>\n<meta name=\"twitter:label1\" content=\"Temps estimat de lectura\" \/>\n\t<meta name=\"twitter:data1\" content=\"2 minuts\" \/>\n<script type=\"application\/ld+json\" class=\"yoast-schema-graph\">{\"@context\":\"https:\/\/schema.org\",\"@graph\":[{\"@type\":\"WebPage\",\"@id\":\"https:\/\/guilera.com\/ca\/politica-qualitat-medi-ambient\/\",\"url\":\"https:\/\/guilera.com\/ca\/politica-qualitat-medi-ambient\/\",\"name\":\"Pol\u00edtica de Qualitat i Medi Ambient - Guilera\",\"isPartOf\":{\"@id\":\"https:\/\/guilera.com\/ca\/#website\"},\"datePublished\":\"2025-10-07T06:52:31+00:00\",\"dateModified\":\"2025-12-11T13:12:43+00:00\",\"breadcrumb\":{\"@id\":\"https:\/\/guilera.com\/ca\/politica-qualitat-medi-ambient\/#breadcrumb\"},\"inLanguage\":\"ca\",\"potentialAction\":[{\"@type\":\"ReadAction\",\"target\":[\"https:\/\/guilera.com\/ca\/politica-qualitat-medi-ambient\/\"]}]},{\"@type\":\"BreadcrumbList\",\"@id\":\"https:\/\/guilera.com\/ca\/politica-qualitat-medi-ambient\/#breadcrumb\",\"itemListElement\":[{\"@type\":\"ListItem\",\"position\":1,\"name\":\"Home\",\"item\":\"https:\/\/guilera.com\/ca\/\"},{\"@type\":\"ListItem\",\"position\":2,\"name\":\"Pol\u00edtica de Qualitat i Medi Ambient\"}]},{\"@type\":\"WebSite\",\"@id\":\"https:\/\/guilera.com\/ca\/#website\",\"url\":\"https:\/\/guilera.com\/ca\/\",\"name\":\"Guilera\",\"description\":\"\",\"publisher\":{\"@id\":\"https:\/\/guilera.com\/ca\/#organization\"},\"potentialAction\":[{\"@type\":\"SearchAction\",\"target\":{\"@type\":\"EntryPoint\",\"urlTemplate\":\"https:\/\/guilera.com\/ca\/?s={search_term_string}\"},\"query-input\":{\"@type\":\"PropertyValueSpecification\",\"valueRequired\":true,\"valueName\":\"search_term_string\"}}],\"inLanguage\":\"ca\"},{\"@type\":\"Organization\",\"@id\":\"https:\/\/guilera.com\/ca\/#organization\",\"name\":\"Guilera S.A.\",\"url\":\"https:\/\/guilera.com\/ca\/\",\"logo\":{\"@type\":\"ImageObject\",\"inLanguage\":\"ca\",\"@id\":\"https:\/\/guilera.com\/ca\/#\/schema\/logo\/image\/\",\"url\":\"https:\/\/guilera.com\/wp-content\/uploads\/2024\/06\/cropped-favicon-guilera.png\",\"contentUrl\":\"https:\/\/guilera.com\/wp-content\/uploads\/2024\/06\/cropped-favicon-guilera.png\",\"width\":512,\"height\":512,\"caption\":\"Guilera S.A.\"},\"image\":{\"@id\":\"https:\/\/guilera.com\/ca\/#\/schema\/logo\/image\/\"}}]}<\/script>\n<!-- \/ Yoast SEO plugin. -->","yoast_head_json":{"title":"Pol\u00edtica de Qualitat i Medi Ambient - Guilera","robots":{"index":"noindex","follow":"nofollow"},"og_locale":"ca_ES","og_type":"article","og_title":"Pol\u00edtica de Qualitat i Medi Ambient - Guilera","og_description":"Pol\u00edtica de Qualitat i Medi Ambient Pol\u00edtica de Qualitat i Medi Ambient &#8211; GUILERA S.A.&nbsp; A GUILERA S.A. treballem per dissenyar i fabricar productes que responguin a les expectatives dels nostres clients, garantint alhora processos segurs, eficients i respectuosos amb el medi ambient. La nostra voluntat \u00e9s mantenir una organitzaci\u00f3 s\u00f2lida i competitiva, basada en [&hellip;]","og_url":"https:\/\/guilera.com\/ca\/politica-qualitat-medi-ambient\/","og_site_name":"Guilera","article_modified_time":"2025-12-11T13:12:43+00:00","twitter_card":"summary_large_image","twitter_misc":{"Temps estimat de lectura":"2 minuts"},"schema":{"@context":"https:\/\/schema.org","@graph":[{"@type":"WebPage","@id":"https:\/\/guilera.com\/ca\/politica-qualitat-medi-ambient\/","url":"https:\/\/guilera.com\/ca\/politica-qualitat-medi-ambient\/","name":"Pol\u00edtica de Qualitat i Medi Ambient - Guilera","isPartOf":{"@id":"https:\/\/guilera.com\/ca\/#website"},"datePublished":"2025-10-07T06:52:31+00:00","dateModified":"2025-12-11T13:12:43+00:00","breadcrumb":{"@id":"https:\/\/guilera.com\/ca\/politica-qualitat-medi-ambient\/#breadcrumb"},"inLanguage":"ca","potentialAction":[{"@type":"ReadAction","target":["https:\/\/guilera.com\/ca\/politica-qualitat-medi-ambient\/"]}]},{"@type":"BreadcrumbList","@id":"https:\/\/guilera.com\/ca\/politica-qualitat-medi-ambient\/#breadcrumb","itemListElement":[{"@type":"ListItem","position":1,"name":"Home","item":"https:\/\/guilera.com\/ca\/"},{"@type":"ListItem","position":2,"name":"Pol\u00edtica de Qualitat i Medi Ambient"}]},{"@type":"WebSite","@id":"https:\/\/guilera.com\/ca\/#website","url":"https:\/\/guilera.com\/ca\/","name":"Guilera","description":"","publisher":{"@id":"https:\/\/guilera.com\/ca\/#organization"},"potentialAction":[{"@type":"SearchAction","target":{"@type":"EntryPoint","urlTemplate":"https:\/\/guilera.com\/ca\/?s={search_term_string}"},"query-input":{"@type":"PropertyValueSpecification","valueRequired":true,"valueName":"search_term_string"}}],"inLanguage":"ca"},{"@type":"Organization","@id":"https:\/\/guilera.com\/ca\/#organization","name":"Guilera S.A.","url":"https:\/\/guilera.com\/ca\/","logo":{"@type":"ImageObject","inLanguage":"ca","@id":"https:\/\/guilera.com\/ca\/#\/schema\/logo\/image\/","url":"https:\/\/guilera.com\/wp-content\/uploads\/2024\/06\/cropped-favicon-guilera.png","contentUrl":"https:\/\/guilera.com\/wp-content\/uploads\/2024\/06\/cropped-favicon-guilera.png","width":512,"height":512,"caption":"Guilera S.A."},"image":{"@id":"https:\/\/guilera.com\/ca\/#\/schema\/logo\/image\/"}}]}},"_links":{"self":[{"href":"https:\/\/guilera.com\/ca\/wp-json\/wp\/v2\/pages\/5697","targetHints":{"allow":["GET"]}}],"collection":[{"href":"https:\/\/guilera.com\/ca\/wp-json\/wp\/v2\/pages"}],"about":[{"href":"https:\/\/guilera.com\/ca\/wp-json\/wp\/v2\/types\/page"}],"author":[{"embeddable":true,"href":"https:\/\/guilera.com\/ca\/wp-json\/wp\/v2\/users\/2"}],"replies":[{"embeddable":true,"href":"https:\/\/guilera.com\/ca\/wp-json\/wp\/v2\/comments?post=5697"}],"version-history":[{"count":5,"href":"https:\/\/guilera.com\/ca\/wp-json\/wp\/v2\/pages\/5697\/revisions"}],"predecessor-version":[{"id":5982,"href":"https:\/\/guilera.com\/ca\/wp-json\/wp\/v2\/pages\/5697\/revisions\/5982"}],"wp:attachment":[{"href":"https:\/\/guilera.com\/ca\/wp-json\/wp\/v2\/media?parent=5697"}],"curies":[{"name":"wp","href":"https:\/\/api.w.org\/{rel}","templated":true}]}}