{"id":4425,"date":"2024-12-10T18:25:38","date_gmt":"2024-12-10T17:25:38","guid":{"rendered":"https:\/\/guilera.com\/fehlerbehebung\/"},"modified":"2025-02-27T22:56:50","modified_gmt":"2025-02-27T21:56:50","slug":"fehlerbehebung","status":"publish","type":"page","link":"https:\/\/guilera.com\/de\/dienstleistungen\/fehlerbehebung\/","title":{"rendered":"Fehlerbehebung"},"content":{"rendered":"\t\t<div data-elementor-type=\"wp-page\" data-elementor-id=\"4425\" class=\"elementor elementor-4425 elementor-3889\" data-elementor-post-type=\"page\">\n\t\t\t\t\t\t<section class=\"elementor-section elementor-top-section elementor-element elementor-element-7418017c elementor-section-boxed elementor-section-height-default elementor-section-height-default\" data-id=\"7418017c\" data-element_type=\"section\" data-settings=\"{&quot;background_background&quot;:&quot;classic&quot;}\">\n\t\t\t\t\t\t\t<div class=\"elementor-background-overlay\"><\/div>\n\t\t\t\t\t\t\t<div class=\"elementor-container elementor-column-gap-default\">\n\t\t\t\t\t<div class=\"elementor-column elementor-col-100 elementor-top-column elementor-element elementor-element-4de12e92\" data-id=\"4de12e92\" data-element_type=\"column\">\n\t\t\t<div class=\"elementor-widget-wrap elementor-element-populated\">\n\t\t\t\t\t\t<section class=\"elementor-section elementor-inner-section elementor-element elementor-element-1bebfd71 elementor-section-boxed elementor-section-height-default elementor-section-height-default\" data-id=\"1bebfd71\" data-element_type=\"section\">\n\t\t\t\t\t\t<div class=\"elementor-container elementor-column-gap-no\">\n\t\t\t\t\t<div class=\"elementor-column elementor-col-100 elementor-inner-column elementor-element elementor-element-2625fc4e\" data-id=\"2625fc4e\" data-element_type=\"column\">\n\t\t\t<div class=\"elementor-widget-wrap elementor-element-populated\">\n\t\t\t\t\t\t<div class=\"elementor-element elementor-element-97265e4 elementor-invisible elementor-widget elementor-widget-heading\" data-id=\"97265e4\" data-element_type=\"widget\" data-settings=\"{&quot;_animation&quot;:&quot;fadeInUp&quot;,&quot;_animation_delay&quot;:240}\" data-widget_type=\"heading.default\">\n\t\t\t\t<div class=\"elementor-widget-container\">\n\t\t\t\t\t<h2 class=\"elementor-heading-title elementor-size-default\">Fehlerbehebung<\/h2>\t\t\t\t<\/div>\n\t\t\t\t<\/div>\n\t\t\t\t\t<\/div>\n\t\t<\/div>\n\t\t\t\t\t<\/div>\n\t\t<\/section>\n\t\t\t\t\t<\/div>\n\t\t<\/div>\n\t\t\t\t\t<\/div>\n\t\t<\/section>\n\t\t\t\t<section class=\"elementor-section elementor-top-section elementor-element elementor-element-37d5102b elementor-section-boxed elementor-section-height-default elementor-section-height-default\" data-id=\"37d5102b\" data-element_type=\"section\">\n\t\t\t\t\t\t<div class=\"elementor-container elementor-column-gap-default\">\n\t\t\t\t\t<div class=\"elementor-column elementor-col-100 elementor-top-column elementor-element elementor-element-6ad8bb2\" data-id=\"6ad8bb2\" data-element_type=\"column\">\n\t\t\t<div class=\"elementor-widget-wrap elementor-element-populated\">\n\t\t\t\t\t\t<section class=\"elementor-section elementor-inner-section elementor-element elementor-element-3df49408 elementor-section-boxed elementor-section-height-default elementor-section-height-default\" data-id=\"3df49408\" data-element_type=\"section\">\n\t\t\t\t\t\t<div class=\"elementor-container elementor-column-gap-no\">\n\t\t\t\t\t<div class=\"elementor-column elementor-col-50 elementor-inner-column elementor-element elementor-element-71051a6e\" data-id=\"71051a6e\" data-element_type=\"column\">\n\t\t\t<div class=\"elementor-widget-wrap elementor-element-populated\">\n\t\t\t\t\t\t<div class=\"elementor-element elementor-element-2e6b589a elementor-widget elementor-widget-heading\" data-id=\"2e6b589a\" data-element_type=\"widget\" data-widget_type=\"heading.default\">\n\t\t\t\t<div class=\"elementor-widget-container\">\n\t\t\t\t\t<h2 class=\"elementor-heading-title elementor-size-default\">Probleme schnell l\u00f6sen<\/h2>\t\t\t\t<\/div>\n\t\t\t\t<\/div>\n\t\t\t\t<div class=\"elementor-element elementor-element-58e688eb elementor-widget elementor-widget-text-editor\" data-id=\"58e688eb\" data-element_type=\"widget\" data-widget_type=\"text-editor.default\">\n\t\t\t\t<div class=\"elementor-widget-container\">\n\t\t\t\t\t\t\t\t\t<p>Von EMV-Herausforderungen bis hin zu funktionalen Ineffizienzen l\u00f6sen wir komplexe Probleme schnell und pr\u00e4zise. Unser multidisziplin\u00e4res Team ist bereit, Neugestaltungen der elektrischen Architektur in Angriff zu nehmen und die Leistung Ihres Systems zu steigern. <\/p>\n\t\t\t\t\t\t\t\t<\/div>\n\t\t\t\t<\/div>\n\t\t\t\t<div class=\"elementor-element elementor-element-68f5480b elementor-widget elementor-widget-image\" data-id=\"68f5480b\" data-element_type=\"widget\" data-widget_type=\"image.default\">\n\t\t\t\t<div class=\"elementor-widget-container\">\n\t\t\t\t\t\t\t\t\t\t\t\t\t\t\t<img fetchpriority=\"high\" decoding=\"async\" width=\"2048\" height=\"1366\" src=\"https:\/\/guilera.com\/wp-content\/uploads\/2024\/12\/4.2-min-scaled.jpeg\" class=\"attachment-full size-full wp-image-3760\" alt=\"troubleshooting services\" srcset=\"https:\/\/guilera.com\/wp-content\/uploads\/2024\/12\/4.2-min-scaled.jpeg 2048w, https:\/\/guilera.com\/wp-content\/uploads\/2024\/12\/4.2-min-300x200.jpeg 300w, https:\/\/guilera.com\/wp-content\/uploads\/2024\/12\/4.2-min-1024x683.jpeg 1024w, https:\/\/guilera.com\/wp-content\/uploads\/2024\/12\/4.2-min-768x512.jpeg 768w, https:\/\/guilera.com\/wp-content\/uploads\/2024\/12\/4.2-min-1536x1025.jpeg 1536w\" sizes=\"(max-width: 2048px) 100vw, 2048px\" \/>\t\t\t\t\t\t\t\t\t\t\t\t\t\t\t<\/div>\n\t\t\t\t<\/div>\n\t\t\t\t\t<\/div>\n\t\t<\/div>\n\t\t\t\t<div class=\"elementor-column elementor-col-50 elementor-inner-column elementor-element elementor-element-1dbb16b4\" data-id=\"1dbb16b4\" data-element_type=\"column\">\n\t\t\t<div class=\"elementor-widget-wrap elementor-element-populated\">\n\t\t\t\t\t\t<div class=\"elementor-element elementor-element-cd51432 elementor-widget elementor-widget-heading\" data-id=\"cd51432\" data-element_type=\"widget\" data-widget_type=\"heading.default\">\n\t\t\t\t<div class=\"elementor-widget-container\">\n\t\t\t\t\t<h2 class=\"elementor-heading-title elementor-size-default\">Fachwissen, das \u00fcber Komponenten hinausgeht<\/h2>\t\t\t\t<\/div>\n\t\t\t\t<\/div>\n\t\t\t\t<div class=\"elementor-element elementor-element-8b8d665 elementor-widget elementor-widget-text-editor\" data-id=\"8b8d665\" data-element_type=\"widget\" data-widget_type=\"text-editor.default\">\n\t\t\t\t<div class=\"elementor-widget-container\">\n\t\t\t\t\t\t\t\t\t<p>Wir l\u00f6sen nicht nur einzelne Probleme \u2013 wir optimieren ganze Systeme. Unsere globale Erfahrung stellt sicher, dass wir auf jede Herausforderung vorbereitet sind, sei es die Verbesserung der Energieeffizienz oder die Vermeidung potenzieller Ausf\u00e4lle. <\/p>\n\t\t\t\t\t\t\t\t<\/div>\n\t\t\t\t<\/div>\n\t\t\t\t<div class=\"elementor-element elementor-element-3919f1f3 elementor-widget elementor-widget-image\" data-id=\"3919f1f3\" data-element_type=\"widget\" data-widget_type=\"image.default\">\n\t\t\t\t<div class=\"elementor-widget-container\">\n\t\t\t\t\t\t\t\t\t\t\t\t\t\t\t<img decoding=\"async\" width=\"2048\" height=\"1148\" data-src=\"https:\/\/guilera.com\/wp-content\/uploads\/2024\/12\/4.3-min-scaled.jpeg\" class=\"attachment-full size-full wp-image-3765 lazyload\" alt=\"troubleshooting services\" data-srcset=\"https:\/\/guilera.com\/wp-content\/uploads\/2024\/12\/4.3-min-scaled.jpeg 2048w, https:\/\/guilera.com\/wp-content\/uploads\/2024\/12\/4.3-min-300x168.jpeg 300w, https:\/\/guilera.com\/wp-content\/uploads\/2024\/12\/4.3-min-1024x574.jpeg 1024w, https:\/\/guilera.com\/wp-content\/uploads\/2024\/12\/4.3-min-768x430.jpeg 768w, https:\/\/guilera.com\/wp-content\/uploads\/2024\/12\/4.3-min-1536x861.jpeg 1536w\" data-sizes=\"(max-width: 2048px) 100vw, 2048px\" src=\"data:image\/svg+xml;base64,PHN2ZyB3aWR0aD0iMSIgaGVpZ2h0PSIxIiB4bWxucz0iaHR0cDovL3d3dy53My5vcmcvMjAwMC9zdmciPjwvc3ZnPg==\" style=\"--smush-placeholder-width: 2048px; --smush-placeholder-aspect-ratio: 2048\/1148;\" \/>\t\t\t\t\t\t\t\t\t\t\t\t\t\t\t<\/div>\n\t\t\t\t<\/div>\n\t\t\t\t\t<\/div>\n\t\t<\/div>\n\t\t\t\t\t<\/div>\n\t\t<\/section>\n\t\t\t\t\t<\/div>\n\t\t<\/div>\n\t\t\t\t\t<\/div>\n\t\t<\/section>\n\t\t\t\t<section class=\"elementor-section elementor-top-section elementor-element elementor-element-52a09b24 elementor-section-boxed elementor-section-height-default elementor-section-height-default\" data-id=\"52a09b24\" data-element_type=\"section\" data-settings=\"{&quot;background_background&quot;:&quot;classic&quot;}\">\n\t\t\t\t\t\t\t<div class=\"elementor-background-overlay\"><\/div>\n\t\t\t\t\t\t\t<div class=\"elementor-container elementor-column-gap-default\">\n\t\t\t\t\t<div class=\"elementor-column elementor-col-50 elementor-top-column elementor-element elementor-element-204d3e47 elementor-invisible\" data-id=\"204d3e47\" data-element_type=\"column\" data-settings=\"{&quot;animation&quot;:&quot;fadeInLeft&quot;}\">\n\t\t\t<div class=\"elementor-widget-wrap elementor-element-populated\">\n\t\t\t\t\t\t<div class=\"elementor-element elementor-element-379f0885 elementor-widget elementor-widget-heading\" data-id=\"379f0885\" data-element_type=\"widget\" data-widget_type=\"heading.default\">\n\t\t\t\t<div class=\"elementor-widget-container\">\n\t\t\t\t\t<h2 class=\"elementor-heading-title elementor-size-default\">Ihr Partner in schwierigen Situationen<\/h2>\t\t\t\t<\/div>\n\t\t\t\t<\/div>\n\t\t\t\t<div class=\"elementor-element elementor-element-22c329eb elementor-widget elementor-widget-text-editor\" data-id=\"22c329eb\" data-element_type=\"widget\" data-widget_type=\"text-editor.default\">\n\t\t\t\t<div class=\"elementor-widget-container\">\n\t\t\t\t\t\t\t\t\t<p>Kunden verlassen sich auf uns, wenn es um schnelle Einsch\u00e4tzungen und klare L\u00f6sungen geht. Beispielsweise l\u00f6sen wir h\u00e4ufig EMV-Probleme und helfen, die Energieeffizienz von Elektrofahrzeugen zu verbessern, und liefern dabei dauerhafte Ergebnisse. <\/p>\n\t\t\t\t\t\t\t\t<\/div>\n\t\t\t\t<\/div>\n\t\t\t\t\t<\/div>\n\t\t<\/div>\n\t\t\t\t<div class=\"elementor-column elementor-col-50 elementor-top-column elementor-element elementor-element-c622616 elementor-invisible\" data-id=\"c622616\" data-element_type=\"column\" data-settings=\"{&quot;animation&quot;:&quot;fadeInLeft&quot;}\">\n\t\t\t<div class=\"elementor-widget-wrap elementor-element-populated\">\n\t\t\t\t\t\t<div class=\"elementor-element elementor-element-871fa48 elementor-widget elementor-widget-heading\" data-id=\"871fa48\" data-element_type=\"widget\" data-widget_type=\"heading.default\">\n\t\t\t\t<div class=\"elementor-widget-container\">\n\t\t\t\t\t<h2 class=\"elementor-heading-title elementor-size-default\">Lassen Sie es uns gemeinsam l\u00f6sen<\/h2>\t\t\t\t<\/div>\n\t\t\t\t<\/div>\n\t\t\t\t<div class=\"elementor-element elementor-element-379ac70 elementor-widget elementor-widget-text-editor\" data-id=\"379ac70\" data-element_type=\"widget\" data-widget_type=\"text-editor.default\">\n\t\t\t\t<div class=\"elementor-widget-container\">\n\t\t\t\t\t\t\t\t\t<p>Kontaktieren Sie uns, um noch heute Ihre schwierigsten Herausforderungen anzugehen.<\/p>\n\t\t\t\t\t\t\t\t<\/div>\n\t\t\t\t<\/div>\n\t\t\t\t\t<\/div>\n\t\t<\/div>\n\t\t\t\t\t<\/div>\n\t\t<\/section>\n\t\t\t\t<\/div>\n\t\t","protected":false},"excerpt":{"rendered":"<p>Fehlerbehebung Probleme schnell l\u00f6sen Von EMV-Herausforderungen bis hin zu funktionalen Ineffizienzen l\u00f6sen wir komplexe Probleme schnell und pr\u00e4zise. Unser multidisziplin\u00e4res Team ist bereit, Neugestaltungen der elektrischen Architektur in Angriff zu nehmen und die Leistung Ihres Systems zu steigern. Fachwissen, das \u00fcber Komponenten hinausgeht Wir l\u00f6sen nicht nur einzelne Probleme \u2013 wir optimieren ganze Systeme. Unsere [&hellip;]<\/p>\n","protected":false},"author":1,"featured_media":0,"parent":4460,"menu_order":0,"comment_status":"closed","ping_status":"closed","template":"","meta":{"footnotes":""},"class_list":["post-4425","page","type-page","status-publish","hentry"],"yoast_head":"<!-- This site is optimized with the Yoast SEO plugin v26.0 - https:\/\/yoast.com\/wordpress\/plugins\/seo\/ -->\n<title>Fehlerbehebung - Guilera<\/title>\n<meta name=\"robots\" content=\"index, follow, max-snippet:-1, max-image-preview:large, max-video-preview:-1\" \/>\n<link rel=\"canonical\" href=\"https:\/\/guilera.com\/de\/dienstleistungen\/fehlerbehebung\/\" \/>\n<meta property=\"og:locale\" content=\"de_DE\" \/>\n<meta property=\"og:type\" content=\"article\" \/>\n<meta property=\"og:title\" content=\"Fehlerbehebung - Guilera\" \/>\n<meta property=\"og:description\" content=\"Fehlerbehebung Probleme schnell l\u00f6sen Von EMV-Herausforderungen bis hin zu funktionalen Ineffizienzen l\u00f6sen wir komplexe Probleme schnell und pr\u00e4zise. Unser multidisziplin\u00e4res Team ist bereit, Neugestaltungen der elektrischen Architektur in Angriff zu nehmen und die Leistung Ihres Systems zu steigern. Fachwissen, das \u00fcber Komponenten hinausgeht Wir l\u00f6sen nicht nur einzelne Probleme \u2013 wir optimieren ganze Systeme. Unsere [&hellip;]\" \/>\n<meta property=\"og:url\" content=\"https:\/\/guilera.com\/de\/dienstleistungen\/fehlerbehebung\/\" \/>\n<meta property=\"og:site_name\" content=\"Guilera\" \/>\n<meta property=\"article:modified_time\" content=\"2025-02-27T21:56:50+00:00\" \/>\n<meta property=\"og:image\" content=\"https:\/\/guilera.com\/wp-content\/uploads\/2024\/12\/4.2-min-scaled.jpeg\" \/>\n\t<meta property=\"og:image:width\" content=\"2048\" \/>\n\t<meta property=\"og:image:height\" content=\"1366\" \/>\n\t<meta property=\"og:image:type\" content=\"image\/jpeg\" \/>\n<meta name=\"twitter:card\" content=\"summary_large_image\" \/>\n<meta name=\"twitter:label1\" content=\"Gesch\u00e4tzte Lesezeit\" \/>\n\t<meta name=\"twitter:data1\" content=\"1\u00a0Minute\" \/>\n<script type=\"application\/ld+json\" class=\"yoast-schema-graph\">{\"@context\":\"https:\/\/schema.org\",\"@graph\":[{\"@type\":\"WebPage\",\"@id\":\"https:\/\/guilera.com\/de\/dienstleistungen\/fehlerbehebung\/\",\"url\":\"https:\/\/guilera.com\/de\/dienstleistungen\/fehlerbehebung\/\",\"name\":\"Fehlerbehebung - Guilera\",\"isPartOf\":{\"@id\":\"https:\/\/guilera.com\/de\/#website\"},\"primaryImageOfPage\":{\"@id\":\"https:\/\/guilera.com\/de\/dienstleistungen\/fehlerbehebung\/#primaryimage\"},\"image\":{\"@id\":\"https:\/\/guilera.com\/de\/dienstleistungen\/fehlerbehebung\/#primaryimage\"},\"thumbnailUrl\":\"https:\/\/guilera.com\/wp-content\/uploads\/2024\/12\/4.2-min-scaled.jpeg\",\"datePublished\":\"2024-12-10T17:25:38+00:00\",\"dateModified\":\"2025-02-27T21:56:50+00:00\",\"breadcrumb\":{\"@id\":\"https:\/\/guilera.com\/de\/dienstleistungen\/fehlerbehebung\/#breadcrumb\"},\"inLanguage\":\"de\",\"potentialAction\":[{\"@type\":\"ReadAction\",\"target\":[\"https:\/\/guilera.com\/de\/dienstleistungen\/fehlerbehebung\/\"]}]},{\"@type\":\"ImageObject\",\"inLanguage\":\"de\",\"@id\":\"https:\/\/guilera.com\/de\/dienstleistungen\/fehlerbehebung\/#primaryimage\",\"url\":\"https:\/\/guilera.com\/wp-content\/uploads\/2024\/12\/4.2-min-scaled.jpeg\",\"contentUrl\":\"https:\/\/guilera.com\/wp-content\/uploads\/2024\/12\/4.2-min-scaled.jpeg\"},{\"@type\":\"BreadcrumbList\",\"@id\":\"https:\/\/guilera.com\/de\/dienstleistungen\/fehlerbehebung\/#breadcrumb\",\"itemListElement\":[{\"@type\":\"ListItem\",\"position\":1,\"name\":\"Home\",\"item\":\"https:\/\/guilera.com\/de\/heim\/\"},{\"@type\":\"ListItem\",\"position\":2,\"name\":\"Dienstleistungen\",\"item\":\"https:\/\/guilera.com\/de\/dienstleistungen\/\"},{\"@type\":\"ListItem\",\"position\":3,\"name\":\"Fehlerbehebung\"}]},{\"@type\":\"WebSite\",\"@id\":\"https:\/\/guilera.com\/de\/#website\",\"url\":\"https:\/\/guilera.com\/de\/\",\"name\":\"Guilera\",\"description\":\"\",\"publisher\":{\"@id\":\"https:\/\/guilera.com\/de\/#organization\"},\"potentialAction\":[{\"@type\":\"SearchAction\",\"target\":{\"@type\":\"EntryPoint\",\"urlTemplate\":\"https:\/\/guilera.com\/de\/?s={search_term_string}\"},\"query-input\":{\"@type\":\"PropertyValueSpecification\",\"valueRequired\":true,\"valueName\":\"search_term_string\"}}],\"inLanguage\":\"de\"},{\"@type\":\"Organization\",\"@id\":\"https:\/\/guilera.com\/de\/#organization\",\"name\":\"Guilera S.A.\",\"url\":\"https:\/\/guilera.com\/de\/\",\"logo\":{\"@type\":\"ImageObject\",\"inLanguage\":\"de\",\"@id\":\"https:\/\/guilera.com\/de\/#\/schema\/logo\/image\/\",\"url\":\"https:\/\/guilera.com\/wp-content\/uploads\/2024\/06\/cropped-favicon-guilera.png\",\"contentUrl\":\"https:\/\/guilera.com\/wp-content\/uploads\/2024\/06\/cropped-favicon-guilera.png\",\"width\":512,\"height\":512,\"caption\":\"Guilera S.A.\"},\"image\":{\"@id\":\"https:\/\/guilera.com\/de\/#\/schema\/logo\/image\/\"}}]}<\/script>\n<!-- \/ Yoast SEO plugin. -->","yoast_head_json":{"title":"Fehlerbehebung - Guilera","robots":{"index":"index","follow":"follow","max-snippet":"max-snippet:-1","max-image-preview":"max-image-preview:large","max-video-preview":"max-video-preview:-1"},"canonical":"https:\/\/guilera.com\/de\/dienstleistungen\/fehlerbehebung\/","og_locale":"de_DE","og_type":"article","og_title":"Fehlerbehebung - Guilera","og_description":"Fehlerbehebung Probleme schnell l\u00f6sen Von EMV-Herausforderungen bis hin zu funktionalen Ineffizienzen l\u00f6sen wir komplexe Probleme schnell und pr\u00e4zise. Unser multidisziplin\u00e4res Team ist bereit, Neugestaltungen der elektrischen Architektur in Angriff zu nehmen und die Leistung Ihres Systems zu steigern. Fachwissen, das \u00fcber Komponenten hinausgeht Wir l\u00f6sen nicht nur einzelne Probleme \u2013 wir optimieren ganze Systeme. Unsere [&hellip;]","og_url":"https:\/\/guilera.com\/de\/dienstleistungen\/fehlerbehebung\/","og_site_name":"Guilera","article_modified_time":"2025-02-27T21:56:50+00:00","og_image":[{"width":2048,"height":1366,"url":"https:\/\/guilera.com\/wp-content\/uploads\/2024\/12\/4.2-min-scaled.jpeg","type":"image\/jpeg"}],"twitter_card":"summary_large_image","twitter_misc":{"Gesch\u00e4tzte Lesezeit":"1\u00a0Minute"},"schema":{"@context":"https:\/\/schema.org","@graph":[{"@type":"WebPage","@id":"https:\/\/guilera.com\/de\/dienstleistungen\/fehlerbehebung\/","url":"https:\/\/guilera.com\/de\/dienstleistungen\/fehlerbehebung\/","name":"Fehlerbehebung - Guilera","isPartOf":{"@id":"https:\/\/guilera.com\/de\/#website"},"primaryImageOfPage":{"@id":"https:\/\/guilera.com\/de\/dienstleistungen\/fehlerbehebung\/#primaryimage"},"image":{"@id":"https:\/\/guilera.com\/de\/dienstleistungen\/fehlerbehebung\/#primaryimage"},"thumbnailUrl":"https:\/\/guilera.com\/wp-content\/uploads\/2024\/12\/4.2-min-scaled.jpeg","datePublished":"2024-12-10T17:25:38+00:00","dateModified":"2025-02-27T21:56:50+00:00","breadcrumb":{"@id":"https:\/\/guilera.com\/de\/dienstleistungen\/fehlerbehebung\/#breadcrumb"},"inLanguage":"de","potentialAction":[{"@type":"ReadAction","target":["https:\/\/guilera.com\/de\/dienstleistungen\/fehlerbehebung\/"]}]},{"@type":"ImageObject","inLanguage":"de","@id":"https:\/\/guilera.com\/de\/dienstleistungen\/fehlerbehebung\/#primaryimage","url":"https:\/\/guilera.com\/wp-content\/uploads\/2024\/12\/4.2-min-scaled.jpeg","contentUrl":"https:\/\/guilera.com\/wp-content\/uploads\/2024\/12\/4.2-min-scaled.jpeg"},{"@type":"BreadcrumbList","@id":"https:\/\/guilera.com\/de\/dienstleistungen\/fehlerbehebung\/#breadcrumb","itemListElement":[{"@type":"ListItem","position":1,"name":"Home","item":"https:\/\/guilera.com\/de\/heim\/"},{"@type":"ListItem","position":2,"name":"Dienstleistungen","item":"https:\/\/guilera.com\/de\/dienstleistungen\/"},{"@type":"ListItem","position":3,"name":"Fehlerbehebung"}]},{"@type":"WebSite","@id":"https:\/\/guilera.com\/de\/#website","url":"https:\/\/guilera.com\/de\/","name":"Guilera","description":"","publisher":{"@id":"https:\/\/guilera.com\/de\/#organization"},"potentialAction":[{"@type":"SearchAction","target":{"@type":"EntryPoint","urlTemplate":"https:\/\/guilera.com\/de\/?s={search_term_string}"},"query-input":{"@type":"PropertyValueSpecification","valueRequired":true,"valueName":"search_term_string"}}],"inLanguage":"de"},{"@type":"Organization","@id":"https:\/\/guilera.com\/de\/#organization","name":"Guilera S.A.","url":"https:\/\/guilera.com\/de\/","logo":{"@type":"ImageObject","inLanguage":"de","@id":"https:\/\/guilera.com\/de\/#\/schema\/logo\/image\/","url":"https:\/\/guilera.com\/wp-content\/uploads\/2024\/06\/cropped-favicon-guilera.png","contentUrl":"https:\/\/guilera.com\/wp-content\/uploads\/2024\/06\/cropped-favicon-guilera.png","width":512,"height":512,"caption":"Guilera S.A."},"image":{"@id":"https:\/\/guilera.com\/de\/#\/schema\/logo\/image\/"}}]}},"_links":{"self":[{"href":"https:\/\/guilera.com\/de\/wp-json\/wp\/v2\/pages\/4425","targetHints":{"allow":["GET"]}}],"collection":[{"href":"https:\/\/guilera.com\/de\/wp-json\/wp\/v2\/pages"}],"about":[{"href":"https:\/\/guilera.com\/de\/wp-json\/wp\/v2\/types\/page"}],"author":[{"embeddable":true,"href":"https:\/\/guilera.com\/de\/wp-json\/wp\/v2\/users\/1"}],"replies":[{"embeddable":true,"href":"https:\/\/guilera.com\/de\/wp-json\/wp\/v2\/comments?post=4425"}],"version-history":[{"count":1,"href":"https:\/\/guilera.com\/de\/wp-json\/wp\/v2\/pages\/4425\/revisions"}],"predecessor-version":[{"id":4426,"href":"https:\/\/guilera.com\/de\/wp-json\/wp\/v2\/pages\/4425\/revisions\/4426"}],"up":[{"embeddable":true,"href":"https:\/\/guilera.com\/de\/wp-json\/wp\/v2\/pages\/4460"}],"wp:attachment":[{"href":"https:\/\/guilera.com\/de\/wp-json\/wp\/v2\/media?parent=4425"}],"curies":[{"name":"wp","href":"https:\/\/api.w.org\/{rel}","templated":true}]}}