{"id":4385,"date":"2024-06-18T13:57:39","date_gmt":"2024-06-18T11:57:39","guid":{"rendered":"https:\/\/guilera.com\/productos\/controladores-de-potencia\/"},"modified":"2025-02-23T18:00:54","modified_gmt":"2025-02-23T17:00:54","slug":"controladores-de-potencia","status":"publish","type":"page","link":"https:\/\/guilera.com\/es\/productos\/controladores-de-potencia\/","title":{"rendered":"Controladores de potencia"},"content":{"rendered":"\t\t<div data-elementor-type=\"wp-page\" data-elementor-id=\"4385\" class=\"elementor elementor-4385 elementor-134\" data-elementor-post-type=\"page\">\n\t\t\t\t\t\t<section class=\"elementor-section elementor-top-section elementor-element elementor-element-2a976af0 elementor-section-boxed elementor-section-height-default elementor-section-height-default\" data-id=\"2a976af0\" data-element_type=\"section\" data-settings=\"{&quot;background_background&quot;:&quot;classic&quot;}\">\n\t\t\t\t\t\t\t<div class=\"elementor-background-overlay\"><\/div>\n\t\t\t\t\t\t\t<div class=\"elementor-container elementor-column-gap-default\">\n\t\t\t\t\t<div class=\"elementor-column elementor-col-100 elementor-top-column elementor-element elementor-element-3d7d7ebc\" data-id=\"3d7d7ebc\" data-element_type=\"column\">\n\t\t\t<div class=\"elementor-widget-wrap elementor-element-populated\">\n\t\t\t\t\t\t<section class=\"elementor-section elementor-inner-section elementor-element elementor-element-4bf5adce elementor-section-boxed elementor-section-height-default elementor-section-height-default\" data-id=\"4bf5adce\" data-element_type=\"section\">\n\t\t\t\t\t\t<div class=\"elementor-container elementor-column-gap-no\">\n\t\t\t\t\t<div class=\"elementor-column elementor-col-100 elementor-inner-column elementor-element elementor-element-48b6ada\" data-id=\"48b6ada\" data-element_type=\"column\">\n\t\t\t<div class=\"elementor-widget-wrap elementor-element-populated\">\n\t\t\t\t\t\t<div class=\"elementor-element elementor-element-137afdf7 elementor-invisible elementor-widget elementor-widget-heading\" data-id=\"137afdf7\" data-element_type=\"widget\" data-settings=\"{&quot;_animation&quot;:&quot;fadeInUp&quot;,&quot;_animation_delay&quot;:240}\" data-widget_type=\"heading.default\">\n\t\t\t\t<div class=\"elementor-widget-container\">\n\t\t\t\t\t<h2 class=\"elementor-heading-title elementor-size-default\">Controladores de motor de potencia para aplicaciones de tracci\u00f3n<\/h2>\t\t\t\t<\/div>\n\t\t\t\t<\/div>\n\t\t\t\t\t<\/div>\n\t\t<\/div>\n\t\t\t\t\t<\/div>\n\t\t<\/section>\n\t\t\t\t\t<\/div>\n\t\t<\/div>\n\t\t\t\t\t<\/div>\n\t\t<\/section>\n\t\t\t\t<section class=\"elementor-section elementor-top-section elementor-element elementor-element-a5cffb4 elementor-section-boxed elementor-section-height-default elementor-section-height-default\" data-id=\"a5cffb4\" data-element_type=\"section\">\n\t\t\t\t\t\t<div class=\"elementor-container elementor-column-gap-default\">\n\t\t\t\t\t<div class=\"elementor-column elementor-col-100 elementor-top-column elementor-element elementor-element-3134fa1a\" data-id=\"3134fa1a\" data-element_type=\"column\">\n\t\t\t<div class=\"elementor-widget-wrap elementor-element-populated\">\n\t\t\t\t\t\t<div class=\"elementor-element elementor-element-4702c9f5 elementor-widget elementor-widget-heading\" data-id=\"4702c9f5\" data-element_type=\"widget\" data-widget_type=\"heading.default\">\n\t\t\t\t<div class=\"elementor-widget-container\">\n\t\t\t\t\t<h2 class=\"elementor-heading-title elementor-size-default\">Visi\u00f3n general<\/h2>\t\t\t\t<\/div>\n\t\t\t\t<\/div>\n\t\t\t\t<div class=\"elementor-element elementor-element-2281d4b6 elementor-widget elementor-widget-text-editor\" data-id=\"2281d4b6\" data-element_type=\"widget\" data-widget_type=\"text-editor.default\">\n\t\t\t\t<div class=\"elementor-widget-container\">\n\t\t\t\t\t\t\t\t\t<p>Guilera S.A. ha estado a la vanguardia del dise\u00f1o de controladores de motores de potencia avanzados para aplicaciones de tracci\u00f3n desde 2014.<\/p>\n<p>Nuestra andadura comenz\u00f3 con el proyecto Brinco \u00abMoto-bike\u00bb de Bultaco, y desde entonces llevamos impulsando la innovaci\u00f3n en movilidad el\u00e9ctrica.<\/p>\n<p>Mejoramos continuamente nuestra tecnolog\u00eda FOC patentada, ofreciendo soluciones confiables en una variedad de proyectos de clientes. Trabajamos en estrecha colaboraci\u00f3n con nuestros clientes para evaluar casos de negocio y formar asociaciones que impulsen el \u00e9xito de la movilidad el\u00e9ctrica. <\/p>\n<p>Nuestra gama de controladores incluye opciones de 36 V, 48 V, 72 V y 96 V.<\/p>\n\t\t\t\t\t\t\t\t<\/div>\n\t\t\t\t<\/div>\n\t\t\t\t<section class=\"elementor-section elementor-inner-section elementor-element elementor-element-f10a4de elementor-section-boxed elementor-section-height-default elementor-section-height-default\" data-id=\"f10a4de\" data-element_type=\"section\">\n\t\t\t\t\t\t<div class=\"elementor-container elementor-column-gap-default\">\n\t\t\t\t\t<div class=\"elementor-column elementor-col-33 elementor-inner-column elementor-element elementor-element-5c4a7c5 elementor-invisible\" data-id=\"5c4a7c5\" data-element_type=\"column\" data-settings=\"{&quot;animation&quot;:&quot;fadeInUp&quot;}\">\n\t\t\t<div class=\"elementor-widget-wrap elementor-element-populated\">\n\t\t\t\t\t\t<div class=\"elementor-element elementor-element-447d5dd elementor-cta--valign-top elementor-cta--skin-classic elementor-animated-content elementor-bg-transform elementor-bg-transform-zoom-in elementor-widget elementor-widget-call-to-action\" data-id=\"447d5dd\" data-element_type=\"widget\" data-widget_type=\"call-to-action.default\">\n\t\t\t\t<div class=\"elementor-widget-container\">\n\t\t\t\t\t\t\t<div class=\"elementor-cta\">\n\t\t\t\t\t<div class=\"elementor-cta__bg-wrapper\">\n\t\t\t\t<div class=\"elementor-cta__bg elementor-bg lazyload\" style=\"background-image:inherit;\" role=\"img\" aria-label=\"P7\" data-bg-image=\"url(https:\/\/guilera.com\/wp-content\/uploads\/2024\/09\/P7-scaled.jpg)\"><\/div>\n\t\t\t\t<div class=\"elementor-cta__bg-overlay\"><\/div>\n\t\t\t<\/div>\n\t\t\t\t\t\t\t<div class=\"elementor-cta__content\">\n\t\t\t\t\n\t\t\t\t\t\t\t\t\t<h2 class=\"elementor-cta__title elementor-cta__content-item elementor-content-item\">\n\t\t\t\t\t\tControladores de alto rendimiento.\t\t\t\t\t<\/h2>\n\t\t\t\t\n\t\t\t\t\t\t\t\t\t<div class=\"elementor-cta__description elementor-cta__content-item elementor-content-item\">\n\t\t\t\t\t\t<p>Nuestros controladores de alto rendimiento est\u00e1n dise\u00f1ados con control de potencia FOC patentado para veh\u00edculos de 72 V y 96 V, con capacidades de ajuste autom\u00e1tico. Con el apoyo de un equipo de ingenier\u00eda dedicado, nos aseguramos de que la potencia de salida de su veh\u00edculo se adapte con precisi\u00f3n a sus requisitos espec\u00edficos. Nuestro laboratorio de pruebas avanzadas trabaja en estrecha colaboraci\u00f3n contigo, brind\u00e1ndole orientaci\u00f3n experta durante todo el proceso.  <\/p>\n\t\t\t\t\t<\/div>\n\t\t\t\t\n\t\t\t\t\t\t\t<\/div>\n\t\t\t\t\t\t<\/div>\n\t\t\t\t\t\t<\/div>\n\t\t\t\t<\/div>\n\t\t\t\t\t<\/div>\n\t\t<\/div>\n\t\t\t\t<div class=\"elementor-column elementor-col-33 elementor-inner-column elementor-element elementor-element-713b10d elementor-invisible\" data-id=\"713b10d\" data-element_type=\"column\" data-settings=\"{&quot;animation&quot;:&quot;fadeInUp&quot;,&quot;animation_delay&quot;:240}\">\n\t\t\t<div class=\"elementor-widget-wrap elementor-element-populated\">\n\t\t\t\t\t\t<div class=\"elementor-element elementor-element-9016bfb elementor-cta--valign-top elementor-cta--skin-classic elementor-animated-content elementor-bg-transform elementor-bg-transform-zoom-in elementor-widget elementor-widget-call-to-action\" data-id=\"9016bfb\" data-element_type=\"widget\" data-widget_type=\"call-to-action.default\">\n\t\t\t\t<div class=\"elementor-widget-container\">\n\t\t\t\t\t\t\t<div class=\"elementor-cta\">\n\t\t\t\t\t<div class=\"elementor-cta__bg-wrapper\">\n\t\t\t\t<div class=\"elementor-cta__bg elementor-bg lazyload\" style=\"background-image:inherit;\" role=\"img\" aria-label=\"P8\" data-bg-image=\"url(https:\/\/guilera.com\/wp-content\/uploads\/2024\/09\/P8-scaled.jpg)\"><\/div>\n\t\t\t\t<div class=\"elementor-cta__bg-overlay\"><\/div>\n\t\t\t<\/div>\n\t\t\t\t\t\t\t<div class=\"elementor-cta__content\">\n\t\t\t\t\n\t\t\t\t\t\t\t\t\t<h2 class=\"elementor-cta__title elementor-cta__content-item elementor-content-item\">\n\t\t\t\t\t\tControladores de ciclomotor\/motocicleta\t\t\t\t\t<\/h2>\n\t\t\t\t\n\t\t\t\t\t\t\t\t\t<div class=\"elementor-cta__description elementor-cta__content-item elementor-content-item\">\n\t\t\t\t\t\t<p>Nuestros controladores de 48 V para ciclomotores y motocicletas ofrecen un rendimiento robusto tanto para aplicaciones en carretera como fuera de ella. Con una regulaci\u00f3n de voltaje avanzada y un dise\u00f1o compacto, estos controladores brindan una potencia y eficiencia \u00f3ptimas, lo que garantiza que sus veh\u00edculos funcionen de manera confiable en cualquier entorno. <\/p>\n\t\t\t\t\t<\/div>\n\t\t\t\t\n\t\t\t\t\t\t\t<\/div>\n\t\t\t\t\t\t<\/div>\n\t\t\t\t\t\t<\/div>\n\t\t\t\t<\/div>\n\t\t\t\t\t<\/div>\n\t\t<\/div>\n\t\t\t\t<div class=\"elementor-column elementor-col-33 elementor-inner-column elementor-element elementor-element-27186f4 elementor-invisible\" data-id=\"27186f4\" data-element_type=\"column\" data-settings=\"{&quot;animation&quot;:&quot;fadeInUp&quot;,&quot;animation_delay&quot;:480}\">\n\t\t\t<div class=\"elementor-widget-wrap elementor-element-populated\">\n\t\t\t\t\t\t<div class=\"elementor-element elementor-element-688037b elementor-cta--valign-top elementor-cta--skin-classic elementor-animated-content elementor-bg-transform elementor-bg-transform-zoom-in elementor-widget elementor-widget-call-to-action\" data-id=\"688037b\" data-element_type=\"widget\" data-widget_type=\"call-to-action.default\">\n\t\t\t\t<div class=\"elementor-widget-container\">\n\t\t\t\t\t\t\t<div class=\"elementor-cta\">\n\t\t\t\t\t<div class=\"elementor-cta__bg-wrapper\">\n\t\t\t\t<div class=\"elementor-cta__bg elementor-bg lazyload\" style=\"background-image:inherit;\" role=\"img\" aria-label=\"P9\" data-bg-image=\"url(https:\/\/guilera.com\/wp-content\/uploads\/2024\/09\/P9-scaled.jpg)\"><\/div>\n\t\t\t\t<div class=\"elementor-cta__bg-overlay\"><\/div>\n\t\t\t<\/div>\n\t\t\t\t\t\t\t<div class=\"elementor-cta__content\">\n\t\t\t\t\n\t\t\t\t\t\t\t\t\t<h2 class=\"elementor-cta__title elementor-cta__content-item elementor-content-item\">\n\t\t\t\t\t\tControladores para bicicletas\t\t\t\t\t<\/h2>\n\t\t\t\t\n\t\t\t\t\t\t\t\t\t<div class=\"elementor-cta__description elementor-cta__content-item elementor-content-item\">\n\t\t\t\t\t\t<p>Los controladores de eBike de Guilera S.A. est\u00e1n dise\u00f1ados para un control preciso y una gesti\u00f3n eficiente de la energ\u00eda. Dise\u00f1ados para un rendimiento suave y fiable en bicicletas el\u00e9ctricas, nuestros controladores sobresalen en diferentes condiciones de entrada. Disponibles en 36 V y 48 V, brindan la flexibilidad para mejorar su sistema de eBike para satisfacer sus necesidades espec\u00edficas.  <\/p>\n\t\t\t\t\t<\/div>\n\t\t\t\t\n\t\t\t\t\t\t\t<\/div>\n\t\t\t\t\t\t<\/div>\n\t\t\t\t\t\t<\/div>\n\t\t\t\t<\/div>\n\t\t\t\t\t<\/div>\n\t\t<\/div>\n\t\t\t\t\t<\/div>\n\t\t<\/section>\n\t\t\t\t\t<\/div>\n\t\t<\/div>\n\t\t\t\t\t<\/div>\n\t\t<\/section>\n\t\t\t\t<section class=\"elementor-section elementor-top-section elementor-element elementor-element-1dab457c elementor-section-boxed elementor-section-height-default elementor-section-height-default\" data-id=\"1dab457c\" data-element_type=\"section\" data-settings=\"{&quot;background_background&quot;:&quot;classic&quot;}\">\n\t\t\t\t\t\t\t<div class=\"elementor-background-overlay\"><\/div>\n\t\t\t\t\t\t\t<div class=\"elementor-container elementor-column-gap-default\">\n\t\t\t\t\t<div class=\"elementor-column elementor-col-100 elementor-top-column elementor-element elementor-element-359df0d elementor-invisible\" data-id=\"359df0d\" data-element_type=\"column\" data-settings=\"{&quot;animation&quot;:&quot;fadeInLeft&quot;}\">\n\t\t\t<div class=\"elementor-widget-wrap elementor-element-populated\">\n\t\t\t\t\t\t<div class=\"elementor-element elementor-element-2c502e19 elementor-widget elementor-widget-heading\" data-id=\"2c502e19\" data-element_type=\"widget\" data-widget_type=\"heading.default\">\n\t\t\t\t<div class=\"elementor-widget-container\">\n\t\t\t\t\t<h2 class=\"elementor-heading-title elementor-size-default\">\u00bfNecesitas acelerar tu crecimiento?<\/h2>\t\t\t\t<\/div>\n\t\t\t\t<\/div>\n\t\t\t\t<div class=\"elementor-element elementor-element-d4927b0 elementor-widget-tablet__width-initial elementor-widget elementor-widget-text-editor\" data-id=\"d4927b0\" data-element_type=\"widget\" data-widget_type=\"text-editor.default\">\n\t\t\t\t<div class=\"elementor-widget-container\">\n\t\t\t\t\t\t\t\t\tLo que nos diferencia es nuestra oferta \u00fanica:\n<br>Los clientes pueden licenciar o comprar nuestros dise\u00f1os de hardware y software, incluido el c\u00f3digo fuente. Esto le brinda la oportunidad de escalar su\nnegocio m\u00e1s r\u00e1pido mientras mantiene la tecnolog\u00eda patentada bajo su control. <span style=\"color: var( --e-global-color-a291686 ); font-size: var( --e-global-typography-b2ce6af-font-size ); letter-spacing: var( --e-global-typography-b2ce6af-letter-spacing ); word-spacing: var( --e-global-typography-b2ce6af-word-spacing );\"><br>P\u00f3ngase en contacto con nosotros hoy mismo para obtener m\u00e1s informaci\u00f3n sobre c\u00f3mo nuestras soluciones pueden impulsar su negocio.<\/span>\t\t\t\t\t\t\t\t<\/div>\n\t\t\t\t<\/div>\n\t\t\t\t<div class=\"elementor-element elementor-element-78f5f50c elementor-align-center elementor-widget elementor-widget-button\" data-id=\"78f5f50c\" data-element_type=\"widget\" data-widget_type=\"button.default\">\n\t\t\t\t<div class=\"elementor-widget-container\">\n\t\t\t\t\t\t\t\t\t<div class=\"elementor-button-wrapper\">\n\t\t\t\t\t<a class=\"elementor-button elementor-button-link elementor-size-sm\" href=\"https:\/\/www.guilera.com\/contact\/\">\n\t\t\t\t\t\t<span class=\"elementor-button-content-wrapper\">\n\t\t\t\t\t\t\t\t\t<span class=\"elementor-button-text\">Cont\u00e1ctenos<\/span>\n\t\t\t\t\t<\/span>\n\t\t\t\t\t<\/a>\n\t\t\t\t<\/div>\n\t\t\t\t\t\t\t\t<\/div>\n\t\t\t\t<\/div>\n\t\t\t\t\t<\/div>\n\t\t<\/div>\n\t\t\t\t\t<\/div>\n\t\t<\/section>\n\t\t\t\t<\/div>\n\t\t","protected":false},"excerpt":{"rendered":"<p>Controladores de motor de potencia para aplicaciones de tracci\u00f3n Visi\u00f3n general Guilera S.A. ha estado a la vanguardia del dise\u00f1o de controladores de motores de potencia avanzados para aplicaciones de tracci\u00f3n desde 2014. Nuestra andadura comenz\u00f3 con el proyecto Brinco \u00abMoto-bike\u00bb de Bultaco, y desde entonces llevamos impulsando la innovaci\u00f3n en movilidad el\u00e9ctrica. Mejoramos continuamente [&hellip;]<\/p>\n","protected":false},"author":1,"featured_media":0,"parent":4342,"menu_order":0,"comment_status":"closed","ping_status":"closed","template":"","meta":{"footnotes":""},"class_list":["post-4385","page","type-page","status-publish","hentry"],"yoast_head":"<!-- This site is optimized with the Yoast SEO plugin v26.0 - https:\/\/yoast.com\/wordpress\/plugins\/seo\/ -->\n<title>Controladores de potencia - Guilera<\/title>\n<meta name=\"robots\" content=\"index, follow, max-snippet:-1, max-image-preview:large, max-video-preview:-1\" \/>\n<link rel=\"canonical\" href=\"https:\/\/guilera.com\/es\/productos\/controladores-de-potencia\/\" \/>\n<meta property=\"og:locale\" content=\"es_ES\" \/>\n<meta property=\"og:type\" content=\"article\" \/>\n<meta property=\"og:title\" content=\"Controladores de potencia - Guilera\" \/>\n<meta property=\"og:description\" content=\"Controladores de motor de potencia para aplicaciones de tracci\u00f3n Visi\u00f3n general Guilera S.A. ha estado a la vanguardia del dise\u00f1o de controladores de motores de potencia avanzados para aplicaciones de tracci\u00f3n desde 2014. Nuestra andadura comenz\u00f3 con el proyecto Brinco \u00abMoto-bike\u00bb de Bultaco, y desde entonces llevamos impulsando la innovaci\u00f3n en movilidad el\u00e9ctrica. Mejoramos continuamente [&hellip;]\" \/>\n<meta property=\"og:url\" content=\"https:\/\/guilera.com\/es\/productos\/controladores-de-potencia\/\" \/>\n<meta property=\"og:site_name\" content=\"Guilera\" \/>\n<meta property=\"article:modified_time\" content=\"2025-02-23T17:00:54+00:00\" \/>\n<meta name=\"twitter:card\" content=\"summary_large_image\" \/>\n<meta name=\"twitter:label1\" content=\"Tiempo de lectura\" \/>\n\t<meta name=\"twitter:data1\" content=\"2 minutos\" \/>\n<script type=\"application\/ld+json\" class=\"yoast-schema-graph\">{\"@context\":\"https:\/\/schema.org\",\"@graph\":[{\"@type\":\"WebPage\",\"@id\":\"https:\/\/guilera.com\/es\/productos\/controladores-de-potencia\/\",\"url\":\"https:\/\/guilera.com\/es\/productos\/controladores-de-potencia\/\",\"name\":\"Controladores de potencia - Guilera\",\"isPartOf\":{\"@id\":\"https:\/\/guilera.com\/es\/#website\"},\"datePublished\":\"2024-06-18T11:57:39+00:00\",\"dateModified\":\"2025-02-23T17:00:54+00:00\",\"breadcrumb\":{\"@id\":\"https:\/\/guilera.com\/es\/productos\/controladores-de-potencia\/#breadcrumb\"},\"inLanguage\":\"es\",\"potentialAction\":[{\"@type\":\"ReadAction\",\"target\":[\"https:\/\/guilera.com\/es\/productos\/controladores-de-potencia\/\"]}]},{\"@type\":\"BreadcrumbList\",\"@id\":\"https:\/\/guilera.com\/es\/productos\/controladores-de-potencia\/#breadcrumb\",\"itemListElement\":[{\"@type\":\"ListItem\",\"position\":1,\"name\":\"Home\",\"item\":\"https:\/\/guilera.com\/es\/inicio\/\"},{\"@type\":\"ListItem\",\"position\":2,\"name\":\"Productos\",\"item\":\"https:\/\/guilera.com\/es\/productos\/\"},{\"@type\":\"ListItem\",\"position\":3,\"name\":\"Controladores de potencia\"}]},{\"@type\":\"WebSite\",\"@id\":\"https:\/\/guilera.com\/es\/#website\",\"url\":\"https:\/\/guilera.com\/es\/\",\"name\":\"Guilera\",\"description\":\"\",\"publisher\":{\"@id\":\"https:\/\/guilera.com\/es\/#organization\"},\"potentialAction\":[{\"@type\":\"SearchAction\",\"target\":{\"@type\":\"EntryPoint\",\"urlTemplate\":\"https:\/\/guilera.com\/es\/?s={search_term_string}\"},\"query-input\":{\"@type\":\"PropertyValueSpecification\",\"valueRequired\":true,\"valueName\":\"search_term_string\"}}],\"inLanguage\":\"es\"},{\"@type\":\"Organization\",\"@id\":\"https:\/\/guilera.com\/es\/#organization\",\"name\":\"Guilera S.A.\",\"url\":\"https:\/\/guilera.com\/es\/\",\"logo\":{\"@type\":\"ImageObject\",\"inLanguage\":\"es\",\"@id\":\"https:\/\/guilera.com\/es\/#\/schema\/logo\/image\/\",\"url\":\"https:\/\/guilera.com\/wp-content\/uploads\/2024\/06\/cropped-favicon-guilera.png\",\"contentUrl\":\"https:\/\/guilera.com\/wp-content\/uploads\/2024\/06\/cropped-favicon-guilera.png\",\"width\":512,\"height\":512,\"caption\":\"Guilera S.A.\"},\"image\":{\"@id\":\"https:\/\/guilera.com\/es\/#\/schema\/logo\/image\/\"}}]}<\/script>\n<!-- \/ Yoast SEO plugin. -->","yoast_head_json":{"title":"Controladores de potencia - Guilera","robots":{"index":"index","follow":"follow","max-snippet":"max-snippet:-1","max-image-preview":"max-image-preview:large","max-video-preview":"max-video-preview:-1"},"canonical":"https:\/\/guilera.com\/es\/productos\/controladores-de-potencia\/","og_locale":"es_ES","og_type":"article","og_title":"Controladores de potencia - Guilera","og_description":"Controladores de motor de potencia para aplicaciones de tracci\u00f3n Visi\u00f3n general Guilera S.A. ha estado a la vanguardia del dise\u00f1o de controladores de motores de potencia avanzados para aplicaciones de tracci\u00f3n desde 2014. Nuestra andadura comenz\u00f3 con el proyecto Brinco \u00abMoto-bike\u00bb de Bultaco, y desde entonces llevamos impulsando la innovaci\u00f3n en movilidad el\u00e9ctrica. Mejoramos continuamente [&hellip;]","og_url":"https:\/\/guilera.com\/es\/productos\/controladores-de-potencia\/","og_site_name":"Guilera","article_modified_time":"2025-02-23T17:00:54+00:00","twitter_card":"summary_large_image","twitter_misc":{"Tiempo de lectura":"2 minutos"},"schema":{"@context":"https:\/\/schema.org","@graph":[{"@type":"WebPage","@id":"https:\/\/guilera.com\/es\/productos\/controladores-de-potencia\/","url":"https:\/\/guilera.com\/es\/productos\/controladores-de-potencia\/","name":"Controladores de potencia - Guilera","isPartOf":{"@id":"https:\/\/guilera.com\/es\/#website"},"datePublished":"2024-06-18T11:57:39+00:00","dateModified":"2025-02-23T17:00:54+00:00","breadcrumb":{"@id":"https:\/\/guilera.com\/es\/productos\/controladores-de-potencia\/#breadcrumb"},"inLanguage":"es","potentialAction":[{"@type":"ReadAction","target":["https:\/\/guilera.com\/es\/productos\/controladores-de-potencia\/"]}]},{"@type":"BreadcrumbList","@id":"https:\/\/guilera.com\/es\/productos\/controladores-de-potencia\/#breadcrumb","itemListElement":[{"@type":"ListItem","position":1,"name":"Home","item":"https:\/\/guilera.com\/es\/inicio\/"},{"@type":"ListItem","position":2,"name":"Productos","item":"https:\/\/guilera.com\/es\/productos\/"},{"@type":"ListItem","position":3,"name":"Controladores de potencia"}]},{"@type":"WebSite","@id":"https:\/\/guilera.com\/es\/#website","url":"https:\/\/guilera.com\/es\/","name":"Guilera","description":"","publisher":{"@id":"https:\/\/guilera.com\/es\/#organization"},"potentialAction":[{"@type":"SearchAction","target":{"@type":"EntryPoint","urlTemplate":"https:\/\/guilera.com\/es\/?s={search_term_string}"},"query-input":{"@type":"PropertyValueSpecification","valueRequired":true,"valueName":"search_term_string"}}],"inLanguage":"es"},{"@type":"Organization","@id":"https:\/\/guilera.com\/es\/#organization","name":"Guilera S.A.","url":"https:\/\/guilera.com\/es\/","logo":{"@type":"ImageObject","inLanguage":"es","@id":"https:\/\/guilera.com\/es\/#\/schema\/logo\/image\/","url":"https:\/\/guilera.com\/wp-content\/uploads\/2024\/06\/cropped-favicon-guilera.png","contentUrl":"https:\/\/guilera.com\/wp-content\/uploads\/2024\/06\/cropped-favicon-guilera.png","width":512,"height":512,"caption":"Guilera S.A."},"image":{"@id":"https:\/\/guilera.com\/es\/#\/schema\/logo\/image\/"}}]}},"_links":{"self":[{"href":"https:\/\/guilera.com\/es\/wp-json\/wp\/v2\/pages\/4385","targetHints":{"allow":["GET"]}}],"collection":[{"href":"https:\/\/guilera.com\/es\/wp-json\/wp\/v2\/pages"}],"about":[{"href":"https:\/\/guilera.com\/es\/wp-json\/wp\/v2\/types\/page"}],"author":[{"embeddable":true,"href":"https:\/\/guilera.com\/es\/wp-json\/wp\/v2\/users\/1"}],"replies":[{"embeddable":true,"href":"https:\/\/guilera.com\/es\/wp-json\/wp\/v2\/comments?post=4385"}],"version-history":[{"count":1,"href":"https:\/\/guilera.com\/es\/wp-json\/wp\/v2\/pages\/4385\/revisions"}],"predecessor-version":[{"id":4386,"href":"https:\/\/guilera.com\/es\/wp-json\/wp\/v2\/pages\/4385\/revisions\/4386"}],"up":[{"embeddable":true,"href":"https:\/\/guilera.com\/es\/wp-json\/wp\/v2\/pages\/4342"}],"wp:attachment":[{"href":"https:\/\/guilera.com\/es\/wp-json\/wp\/v2\/media?parent=4385"}],"curies":[{"name":"wp","href":"https:\/\/api.w.org\/{rel}","templated":true}]}}