{"id":4436,"date":"2024-12-11T06:58:42","date_gmt":"2024-12-11T05:58:42","guid":{"rendered":"https:\/\/guilera.com\/fabricacion-y-montaje\/"},"modified":"2025-02-27T23:15:33","modified_gmt":"2025-02-27T22:15:33","slug":"fabricacion-y-montaje","status":"publish","type":"page","link":"https:\/\/guilera.com\/es\/servicios\/fabricacion-y-montaje\/","title":{"rendered":"Fabricaci\u00f3n y montaje"},"content":{"rendered":"\t\t<div data-elementor-type=\"wp-page\" data-elementor-id=\"4436\" class=\"elementor elementor-4436 elementor-3891\" data-elementor-post-type=\"page\">\n\t\t\t\t\t\t<section class=\"elementor-section elementor-top-section elementor-element elementor-element-7418017c elementor-section-boxed elementor-section-height-default elementor-section-height-default\" data-id=\"7418017c\" data-element_type=\"section\" data-settings=\"{&quot;background_background&quot;:&quot;classic&quot;}\">\n\t\t\t\t\t\t\t<div class=\"elementor-background-overlay\"><\/div>\n\t\t\t\t\t\t\t<div class=\"elementor-container elementor-column-gap-default\">\n\t\t\t\t\t<div class=\"elementor-column elementor-col-100 elementor-top-column elementor-element elementor-element-4de12e92\" data-id=\"4de12e92\" data-element_type=\"column\">\n\t\t\t<div class=\"elementor-widget-wrap elementor-element-populated\">\n\t\t\t\t\t\t<section class=\"elementor-section elementor-inner-section elementor-element elementor-element-1bebfd71 elementor-section-boxed elementor-section-height-default elementor-section-height-default\" data-id=\"1bebfd71\" data-element_type=\"section\">\n\t\t\t\t\t\t<div class=\"elementor-container elementor-column-gap-no\">\n\t\t\t\t\t<div class=\"elementor-column elementor-col-100 elementor-inner-column elementor-element elementor-element-2625fc4e\" data-id=\"2625fc4e\" data-element_type=\"column\">\n\t\t\t<div class=\"elementor-widget-wrap elementor-element-populated\">\n\t\t\t\t\t\t<div class=\"elementor-element elementor-element-97265e4 elementor-invisible elementor-widget elementor-widget-heading\" data-id=\"97265e4\" data-element_type=\"widget\" data-settings=\"{&quot;_animation&quot;:&quot;fadeInUp&quot;,&quot;_animation_delay&quot;:240}\" data-widget_type=\"heading.default\">\n\t\t\t\t<div class=\"elementor-widget-container\">\n\t\t\t\t\t<h2 class=\"elementor-heading-title elementor-size-default\">Fabricaci\u00f3n y montaje<\/h2>\t\t\t\t<\/div>\n\t\t\t\t<\/div>\n\t\t\t\t\t<\/div>\n\t\t<\/div>\n\t\t\t\t\t<\/div>\n\t\t<\/section>\n\t\t\t\t\t<\/div>\n\t\t<\/div>\n\t\t\t\t\t<\/div>\n\t\t<\/section>\n\t\t\t\t<section class=\"elementor-section elementor-top-section elementor-element elementor-element-37d5102b elementor-section-boxed elementor-section-height-default elementor-section-height-default\" data-id=\"37d5102b\" data-element_type=\"section\">\n\t\t\t\t\t\t<div class=\"elementor-container elementor-column-gap-default\">\n\t\t\t\t\t<div class=\"elementor-column elementor-col-100 elementor-top-column elementor-element elementor-element-6ad8bb2\" data-id=\"6ad8bb2\" data-element_type=\"column\">\n\t\t\t<div class=\"elementor-widget-wrap elementor-element-populated\">\n\t\t\t\t\t\t<section class=\"elementor-section elementor-inner-section elementor-element elementor-element-3df49408 elementor-section-boxed elementor-section-height-default elementor-section-height-default\" data-id=\"3df49408\" data-element_type=\"section\">\n\t\t\t\t\t\t<div class=\"elementor-container elementor-column-gap-no\">\n\t\t\t\t\t<div class=\"elementor-column elementor-col-50 elementor-inner-column elementor-element elementor-element-71051a6e\" data-id=\"71051a6e\" data-element_type=\"column\">\n\t\t\t<div class=\"elementor-widget-wrap elementor-element-populated\">\n\t\t\t\t\t\t<div class=\"elementor-element elementor-element-9c386d6 elementor-widget elementor-widget-heading\" data-id=\"9c386d6\" data-element_type=\"widget\" data-widget_type=\"heading.default\">\n\t\t\t\t<div class=\"elementor-widget-container\">\n\t\t\t\t\t<h2 class=\"elementor-heading-title elementor-size-default\">Producci\u00f3n flexible, calidad OEM<\/h2>\t\t\t\t<\/div>\n\t\t\t\t<\/div>\n\t\t\t\t<div class=\"elementor-element elementor-element-58e688eb elementor-widget elementor-widget-text-editor\" data-id=\"58e688eb\" data-element_type=\"widget\" data-widget_type=\"text-editor.default\">\n\t\t\t\t<div class=\"elementor-widget-container\">\n\t\t\t\t\t\t\t\t\t<p>Fabricamos todo tipo de productos, desde convertidores CC\/CC hasta controladores de motores para veh\u00edculos el\u00e9ctricos. Nuestras capacidades internas respaldan lotes peque\u00f1os y medianos con calidad de OEM y trazabilidad completa. <\/p>\n\t\t\t\t\t\t\t\t<\/div>\n\t\t\t\t<\/div>\n\t\t\t\t<div class=\"elementor-element elementor-element-68f5480b elementor-widget elementor-widget-image\" data-id=\"68f5480b\" data-element_type=\"widget\" data-widget_type=\"image.default\">\n\t\t\t\t<div class=\"elementor-widget-container\">\n\t\t\t\t\t\t\t\t\t\t\t\t\t\t\t<img fetchpriority=\"high\" decoding=\"async\" width=\"1920\" height=\"1080\" src=\"https:\/\/guilera.com\/wp-content\/uploads\/2024\/12\/6.2-min.jpg\" class=\"attachment-full size-full wp-image-3812\" alt=\"We manufacture everything from DC\/DC converters to motor controllers for electric vehicles.\" srcset=\"https:\/\/guilera.com\/wp-content\/uploads\/2024\/12\/6.2-min.jpg 1920w, https:\/\/guilera.com\/wp-content\/uploads\/2024\/12\/6.2-min-300x169.jpg 300w, https:\/\/guilera.com\/wp-content\/uploads\/2024\/12\/6.2-min-1024x576.jpg 1024w, https:\/\/guilera.com\/wp-content\/uploads\/2024\/12\/6.2-min-768x432.jpg 768w, https:\/\/guilera.com\/wp-content\/uploads\/2024\/12\/6.2-min-1536x864.jpg 1536w\" sizes=\"(max-width: 1920px) 100vw, 1920px\" \/>\t\t\t\t\t\t\t\t\t\t\t\t\t\t\t<\/div>\n\t\t\t\t<\/div>\n\t\t\t\t\t<\/div>\n\t\t<\/div>\n\t\t\t\t<div class=\"elementor-column elementor-col-50 elementor-inner-column elementor-element elementor-element-1dbb16b4\" data-id=\"1dbb16b4\" data-element_type=\"column\">\n\t\t\t<div class=\"elementor-widget-wrap elementor-element-populated\">\n\t\t\t\t\t\t<div class=\"elementor-element elementor-element-2e6b589a elementor-widget elementor-widget-heading\" data-id=\"2e6b589a\" data-element_type=\"widget\" data-widget_type=\"heading.default\">\n\t\t\t\t<div class=\"elementor-widget-container\">\n\t\t\t\t\t<h2 class=\"elementor-heading-title elementor-size-default\">Dise\u00f1ado para los est\u00e1ndares automotrices<\/h2>\t\t\t\t<\/div>\n\t\t\t\t<\/div>\n\t\t\t\t<div class=\"elementor-element elementor-element-8b8d665 elementor-widget elementor-widget-text-editor\" data-id=\"8b8d665\" data-element_type=\"widget\" data-widget_type=\"text-editor.default\">\n\t\t\t\t<div class=\"elementor-widget-container\">\n\t\t\t\t\t\t\t\t\t<p>Con certificaciones ISO 9001 y 14001, cumplimos con los est\u00e1ndares m\u00e1s altos de la industria automotriz. Nuestro proceso de producci\u00f3n JIT garantiza entregas puntuales y minimiza los requisitos de stock. <\/p>\n\t\t\t\t\t\t\t\t<\/div>\n\t\t\t\t<\/div>\n\t\t\t\t<div class=\"elementor-element elementor-element-3919f1f3 elementor-widget elementor-widget-image\" data-id=\"3919f1f3\" data-element_type=\"widget\" data-widget_type=\"image.default\">\n\t\t\t\t<div class=\"elementor-widget-container\">\n\t\t\t\t\t\t\t\t\t\t\t\t\t\t\t<img decoding=\"async\" width=\"1920\" height=\"1080\" data-src=\"https:\/\/guilera.com\/wp-content\/uploads\/2024\/12\/6.3-min.jpg\" class=\"attachment-full size-full wp-image-3817 lazyload\" alt=\"Manufactoring and Assembly\" data-srcset=\"https:\/\/guilera.com\/wp-content\/uploads\/2024\/12\/6.3-min.jpg 1920w, https:\/\/guilera.com\/wp-content\/uploads\/2024\/12\/6.3-min-300x169.jpg 300w, https:\/\/guilera.com\/wp-content\/uploads\/2024\/12\/6.3-min-1024x576.jpg 1024w, https:\/\/guilera.com\/wp-content\/uploads\/2024\/12\/6.3-min-768x432.jpg 768w, https:\/\/guilera.com\/wp-content\/uploads\/2024\/12\/6.3-min-1536x864.jpg 1536w\" data-sizes=\"(max-width: 1920px) 100vw, 1920px\" src=\"data:image\/svg+xml;base64,PHN2ZyB3aWR0aD0iMSIgaGVpZ2h0PSIxIiB4bWxucz0iaHR0cDovL3d3dy53My5vcmcvMjAwMC9zdmciPjwvc3ZnPg==\" style=\"--smush-placeholder-width: 1920px; --smush-placeholder-aspect-ratio: 1920\/1080;\" \/>\t\t\t\t\t\t\t\t\t\t\t\t\t\t\t<\/div>\n\t\t\t\t<\/div>\n\t\t\t\t\t<\/div>\n\t\t<\/div>\n\t\t\t\t\t<\/div>\n\t\t<\/section>\n\t\t\t\t\t<\/div>\n\t\t<\/div>\n\t\t\t\t\t<\/div>\n\t\t<\/section>\n\t\t\t\t<section class=\"elementor-section elementor-top-section elementor-element elementor-element-52a09b24 elementor-section-boxed elementor-section-height-default elementor-section-height-default\" data-id=\"52a09b24\" data-element_type=\"section\" data-settings=\"{&quot;background_background&quot;:&quot;classic&quot;}\">\n\t\t\t\t\t\t\t<div class=\"elementor-background-overlay\"><\/div>\n\t\t\t\t\t\t\t<div class=\"elementor-container elementor-column-gap-default\">\n\t\t\t\t\t<div class=\"elementor-column elementor-col-50 elementor-top-column elementor-element elementor-element-204d3e47 elementor-invisible\" data-id=\"204d3e47\" data-element_type=\"column\" data-settings=\"{&quot;animation&quot;:&quot;fadeInLeft&quot;}\">\n\t\t\t<div class=\"elementor-widget-wrap elementor-element-populated\">\n\t\t\t\t\t\t<div class=\"elementor-element elementor-element-379f0885 elementor-widget elementor-widget-heading\" data-id=\"379f0885\" data-element_type=\"widget\" data-widget_type=\"heading.default\">\n\t\t\t\t<div class=\"elementor-widget-container\">\n\t\t\t\t\t<h2 class=\"elementor-heading-title elementor-size-default\">L\u00edderes de la industria conf\u00edan en nosotros<\/h2>\t\t\t\t<\/div>\n\t\t\t\t<\/div>\n\t\t\t\t<div class=\"elementor-element elementor-element-22c329eb elementor-widget elementor-widget-text-editor\" data-id=\"22c329eb\" data-element_type=\"widget\" data-widget_type=\"text-editor.default\">\n\t\t\t\t<div class=\"elementor-widget-container\">\n\t\t\t\t\t\t\t\t\t<p>Hemos apoyado a los fabricantes de equipos originales europeos con soluciones de fabricaci\u00f3n fiables y de alta calidad. Ya se trate de convertidores CC\/CC para tractores o controladores de motores para motocicletas el\u00e9ctricas, nuestra experiencia ofrece resultados. <\/p>\n\t\t\t\t\t\t\t\t<\/div>\n\t\t\t\t<\/div>\n\t\t\t\t\t<\/div>\n\t\t<\/div>\n\t\t\t\t<div class=\"elementor-column elementor-col-50 elementor-top-column elementor-element elementor-element-c622616 elementor-invisible\" data-id=\"c622616\" data-element_type=\"column\" data-settings=\"{&quot;animation&quot;:&quot;fadeInLeft&quot;}\">\n\t\t\t<div class=\"elementor-widget-wrap elementor-element-populated\">\n\t\t\t\t\t\t<div class=\"elementor-element elementor-element-871fa48 elementor-widget elementor-widget-heading\" data-id=\"871fa48\" data-element_type=\"widget\" data-widget_type=\"heading.default\">\n\t\t\t\t<div class=\"elementor-widget-container\">\n\t\t\t\t\t<h2 class=\"elementor-heading-title elementor-size-default\">Construy\u00e1moslo juntos<\/h2>\t\t\t\t<\/div>\n\t\t\t\t<\/div>\n\t\t\t\t<div class=\"elementor-element elementor-element-379ac70 elementor-widget elementor-widget-text-editor\" data-id=\"379ac70\" data-element_type=\"widget\" data-widget_type=\"text-editor.default\">\n\t\t\t\t<div class=\"elementor-widget-container\">\n\t\t\t\t\t\t\t\t\t<p>As\u00f3ciese con nosotros para su pr\u00f3xima producci\u00f3n.<\/p>\n\t\t\t\t\t\t\t\t<\/div>\n\t\t\t\t<\/div>\n\t\t\t\t\t<\/div>\n\t\t<\/div>\n\t\t\t\t\t<\/div>\n\t\t<\/section>\n\t\t\t\t<\/div>\n\t\t","protected":false},"excerpt":{"rendered":"<p>Fabricaci\u00f3n y montaje Producci\u00f3n flexible, calidad OEM Fabricamos todo tipo de productos, desde convertidores CC\/CC hasta controladores de motores para veh\u00edculos el\u00e9ctricos. Nuestras capacidades internas respaldan lotes peque\u00f1os y medianos con calidad de OEM y trazabilidad completa. Dise\u00f1ado para los est\u00e1ndares automotrices Con certificaciones ISO 9001 y 14001, cumplimos con los est\u00e1ndares m\u00e1s altos de [&hellip;]<\/p>\n","protected":false},"author":1,"featured_media":0,"parent":4465,"menu_order":0,"comment_status":"closed","ping_status":"closed","template":"","meta":{"footnotes":""},"class_list":["post-4436","page","type-page","status-publish","hentry"],"yoast_head":"<!-- This site is optimized with the Yoast SEO plugin v26.0 - https:\/\/yoast.com\/wordpress\/plugins\/seo\/ -->\n<title>Fabricaci\u00f3n y montaje - Guilera<\/title>\n<meta name=\"robots\" content=\"index, follow, max-snippet:-1, max-image-preview:large, max-video-preview:-1\" \/>\n<link rel=\"canonical\" href=\"https:\/\/guilera.com\/es\/servicios\/fabricacion-y-montaje\/\" \/>\n<meta property=\"og:locale\" content=\"es_ES\" \/>\n<meta property=\"og:type\" content=\"article\" \/>\n<meta property=\"og:title\" content=\"Fabricaci\u00f3n y montaje - Guilera\" \/>\n<meta property=\"og:description\" content=\"Fabricaci\u00f3n y montaje Producci\u00f3n flexible, calidad OEM Fabricamos todo tipo de productos, desde convertidores CC\/CC hasta controladores de motores para veh\u00edculos el\u00e9ctricos. Nuestras capacidades internas respaldan lotes peque\u00f1os y medianos con calidad de OEM y trazabilidad completa. Dise\u00f1ado para los est\u00e1ndares automotrices Con certificaciones ISO 9001 y 14001, cumplimos con los est\u00e1ndares m\u00e1s altos de [&hellip;]\" \/>\n<meta property=\"og:url\" content=\"https:\/\/guilera.com\/es\/servicios\/fabricacion-y-montaje\/\" \/>\n<meta property=\"og:site_name\" content=\"Guilera\" \/>\n<meta property=\"article:modified_time\" content=\"2025-02-27T22:15:33+00:00\" \/>\n<meta property=\"og:image\" content=\"https:\/\/guilera.com\/wp-content\/uploads\/2024\/12\/6.2-min.jpg\" \/>\n\t<meta property=\"og:image:width\" content=\"1920\" \/>\n\t<meta property=\"og:image:height\" content=\"1080\" \/>\n\t<meta property=\"og:image:type\" content=\"image\/jpeg\" \/>\n<meta name=\"twitter:card\" content=\"summary_large_image\" \/>\n<meta name=\"twitter:label1\" content=\"Tiempo de lectura\" \/>\n\t<meta name=\"twitter:data1\" content=\"1 minuto\" \/>\n<script type=\"application\/ld+json\" class=\"yoast-schema-graph\">{\"@context\":\"https:\/\/schema.org\",\"@graph\":[{\"@type\":\"WebPage\",\"@id\":\"https:\/\/guilera.com\/es\/servicios\/fabricacion-y-montaje\/\",\"url\":\"https:\/\/guilera.com\/es\/servicios\/fabricacion-y-montaje\/\",\"name\":\"Fabricaci\u00f3n y montaje - Guilera\",\"isPartOf\":{\"@id\":\"https:\/\/guilera.com\/es\/#website\"},\"primaryImageOfPage\":{\"@id\":\"https:\/\/guilera.com\/es\/servicios\/fabricacion-y-montaje\/#primaryimage\"},\"image\":{\"@id\":\"https:\/\/guilera.com\/es\/servicios\/fabricacion-y-montaje\/#primaryimage\"},\"thumbnailUrl\":\"https:\/\/guilera.com\/wp-content\/uploads\/2024\/12\/6.2-min.jpg\",\"datePublished\":\"2024-12-11T05:58:42+00:00\",\"dateModified\":\"2025-02-27T22:15:33+00:00\",\"breadcrumb\":{\"@id\":\"https:\/\/guilera.com\/es\/servicios\/fabricacion-y-montaje\/#breadcrumb\"},\"inLanguage\":\"es\",\"potentialAction\":[{\"@type\":\"ReadAction\",\"target\":[\"https:\/\/guilera.com\/es\/servicios\/fabricacion-y-montaje\/\"]}]},{\"@type\":\"ImageObject\",\"inLanguage\":\"es\",\"@id\":\"https:\/\/guilera.com\/es\/servicios\/fabricacion-y-montaje\/#primaryimage\",\"url\":\"https:\/\/guilera.com\/wp-content\/uploads\/2024\/12\/6.2-min.jpg\",\"contentUrl\":\"https:\/\/guilera.com\/wp-content\/uploads\/2024\/12\/6.2-min.jpg\"},{\"@type\":\"BreadcrumbList\",\"@id\":\"https:\/\/guilera.com\/es\/servicios\/fabricacion-y-montaje\/#breadcrumb\",\"itemListElement\":[{\"@type\":\"ListItem\",\"position\":1,\"name\":\"Home\",\"item\":\"https:\/\/guilera.com\/es\/inicio\/\"},{\"@type\":\"ListItem\",\"position\":2,\"name\":\"Servicios\",\"item\":\"https:\/\/guilera.com\/es\/servicios\/\"},{\"@type\":\"ListItem\",\"position\":3,\"name\":\"Fabricaci\u00f3n y montaje\"}]},{\"@type\":\"WebSite\",\"@id\":\"https:\/\/guilera.com\/es\/#website\",\"url\":\"https:\/\/guilera.com\/es\/\",\"name\":\"Guilera\",\"description\":\"\",\"publisher\":{\"@id\":\"https:\/\/guilera.com\/es\/#organization\"},\"potentialAction\":[{\"@type\":\"SearchAction\",\"target\":{\"@type\":\"EntryPoint\",\"urlTemplate\":\"https:\/\/guilera.com\/es\/?s={search_term_string}\"},\"query-input\":{\"@type\":\"PropertyValueSpecification\",\"valueRequired\":true,\"valueName\":\"search_term_string\"}}],\"inLanguage\":\"es\"},{\"@type\":\"Organization\",\"@id\":\"https:\/\/guilera.com\/es\/#organization\",\"name\":\"Guilera S.A.\",\"url\":\"https:\/\/guilera.com\/es\/\",\"logo\":{\"@type\":\"ImageObject\",\"inLanguage\":\"es\",\"@id\":\"https:\/\/guilera.com\/es\/#\/schema\/logo\/image\/\",\"url\":\"https:\/\/guilera.com\/wp-content\/uploads\/2024\/06\/cropped-favicon-guilera.png\",\"contentUrl\":\"https:\/\/guilera.com\/wp-content\/uploads\/2024\/06\/cropped-favicon-guilera.png\",\"width\":512,\"height\":512,\"caption\":\"Guilera S.A.\"},\"image\":{\"@id\":\"https:\/\/guilera.com\/es\/#\/schema\/logo\/image\/\"}}]}<\/script>\n<!-- \/ Yoast SEO plugin. -->","yoast_head_json":{"title":"Fabricaci\u00f3n y montaje - Guilera","robots":{"index":"index","follow":"follow","max-snippet":"max-snippet:-1","max-image-preview":"max-image-preview:large","max-video-preview":"max-video-preview:-1"},"canonical":"https:\/\/guilera.com\/es\/servicios\/fabricacion-y-montaje\/","og_locale":"es_ES","og_type":"article","og_title":"Fabricaci\u00f3n y montaje - Guilera","og_description":"Fabricaci\u00f3n y montaje Producci\u00f3n flexible, calidad OEM Fabricamos todo tipo de productos, desde convertidores CC\/CC hasta controladores de motores para veh\u00edculos el\u00e9ctricos. Nuestras capacidades internas respaldan lotes peque\u00f1os y medianos con calidad de OEM y trazabilidad completa. Dise\u00f1ado para los est\u00e1ndares automotrices Con certificaciones ISO 9001 y 14001, cumplimos con los est\u00e1ndares m\u00e1s altos de [&hellip;]","og_url":"https:\/\/guilera.com\/es\/servicios\/fabricacion-y-montaje\/","og_site_name":"Guilera","article_modified_time":"2025-02-27T22:15:33+00:00","og_image":[{"width":1920,"height":1080,"url":"https:\/\/guilera.com\/wp-content\/uploads\/2024\/12\/6.2-min.jpg","type":"image\/jpeg"}],"twitter_card":"summary_large_image","twitter_misc":{"Tiempo de lectura":"1 minuto"},"schema":{"@context":"https:\/\/schema.org","@graph":[{"@type":"WebPage","@id":"https:\/\/guilera.com\/es\/servicios\/fabricacion-y-montaje\/","url":"https:\/\/guilera.com\/es\/servicios\/fabricacion-y-montaje\/","name":"Fabricaci\u00f3n y montaje - Guilera","isPartOf":{"@id":"https:\/\/guilera.com\/es\/#website"},"primaryImageOfPage":{"@id":"https:\/\/guilera.com\/es\/servicios\/fabricacion-y-montaje\/#primaryimage"},"image":{"@id":"https:\/\/guilera.com\/es\/servicios\/fabricacion-y-montaje\/#primaryimage"},"thumbnailUrl":"https:\/\/guilera.com\/wp-content\/uploads\/2024\/12\/6.2-min.jpg","datePublished":"2024-12-11T05:58:42+00:00","dateModified":"2025-02-27T22:15:33+00:00","breadcrumb":{"@id":"https:\/\/guilera.com\/es\/servicios\/fabricacion-y-montaje\/#breadcrumb"},"inLanguage":"es","potentialAction":[{"@type":"ReadAction","target":["https:\/\/guilera.com\/es\/servicios\/fabricacion-y-montaje\/"]}]},{"@type":"ImageObject","inLanguage":"es","@id":"https:\/\/guilera.com\/es\/servicios\/fabricacion-y-montaje\/#primaryimage","url":"https:\/\/guilera.com\/wp-content\/uploads\/2024\/12\/6.2-min.jpg","contentUrl":"https:\/\/guilera.com\/wp-content\/uploads\/2024\/12\/6.2-min.jpg"},{"@type":"BreadcrumbList","@id":"https:\/\/guilera.com\/es\/servicios\/fabricacion-y-montaje\/#breadcrumb","itemListElement":[{"@type":"ListItem","position":1,"name":"Home","item":"https:\/\/guilera.com\/es\/inicio\/"},{"@type":"ListItem","position":2,"name":"Servicios","item":"https:\/\/guilera.com\/es\/servicios\/"},{"@type":"ListItem","position":3,"name":"Fabricaci\u00f3n y montaje"}]},{"@type":"WebSite","@id":"https:\/\/guilera.com\/es\/#website","url":"https:\/\/guilera.com\/es\/","name":"Guilera","description":"","publisher":{"@id":"https:\/\/guilera.com\/es\/#organization"},"potentialAction":[{"@type":"SearchAction","target":{"@type":"EntryPoint","urlTemplate":"https:\/\/guilera.com\/es\/?s={search_term_string}"},"query-input":{"@type":"PropertyValueSpecification","valueRequired":true,"valueName":"search_term_string"}}],"inLanguage":"es"},{"@type":"Organization","@id":"https:\/\/guilera.com\/es\/#organization","name":"Guilera S.A.","url":"https:\/\/guilera.com\/es\/","logo":{"@type":"ImageObject","inLanguage":"es","@id":"https:\/\/guilera.com\/es\/#\/schema\/logo\/image\/","url":"https:\/\/guilera.com\/wp-content\/uploads\/2024\/06\/cropped-favicon-guilera.png","contentUrl":"https:\/\/guilera.com\/wp-content\/uploads\/2024\/06\/cropped-favicon-guilera.png","width":512,"height":512,"caption":"Guilera S.A."},"image":{"@id":"https:\/\/guilera.com\/es\/#\/schema\/logo\/image\/"}}]}},"_links":{"self":[{"href":"https:\/\/guilera.com\/es\/wp-json\/wp\/v2\/pages\/4436","targetHints":{"allow":["GET"]}}],"collection":[{"href":"https:\/\/guilera.com\/es\/wp-json\/wp\/v2\/pages"}],"about":[{"href":"https:\/\/guilera.com\/es\/wp-json\/wp\/v2\/types\/page"}],"author":[{"embeddable":true,"href":"https:\/\/guilera.com\/es\/wp-json\/wp\/v2\/users\/1"}],"replies":[{"embeddable":true,"href":"https:\/\/guilera.com\/es\/wp-json\/wp\/v2\/comments?post=4436"}],"version-history":[{"count":1,"href":"https:\/\/guilera.com\/es\/wp-json\/wp\/v2\/pages\/4436\/revisions"}],"predecessor-version":[{"id":4437,"href":"https:\/\/guilera.com\/es\/wp-json\/wp\/v2\/pages\/4436\/revisions\/4437"}],"up":[{"embeddable":true,"href":"https:\/\/guilera.com\/es\/wp-json\/wp\/v2\/pages\/4465"}],"wp:attachment":[{"href":"https:\/\/guilera.com\/es\/wp-json\/wp\/v2\/media?parent=4436"}],"curies":[{"name":"wp","href":"https:\/\/api.w.org\/{rel}","templated":true}]}}