{"id":4491,"date":"2024-09-30T18:15:25","date_gmt":"2024-09-30T16:15:25","guid":{"rendered":"https:\/\/guilera.com\/productos\/temporizadores\/"},"modified":"2025-02-28T00:18:31","modified_gmt":"2025-02-27T23:18:31","slug":"temporizadores","status":"publish","type":"page","link":"https:\/\/guilera.com\/es\/productos\/temporizadores\/","title":{"rendered":"Temporizadores"},"content":{"rendered":"\t\t<div data-elementor-type=\"wp-page\" data-elementor-id=\"4491\" class=\"elementor elementor-4491 elementor-3035\" data-elementor-post-type=\"page\">\n\t\t\t\t\t\t<section class=\"elementor-section elementor-top-section elementor-element elementor-element-2a976af0 elementor-section-boxed elementor-section-height-default elementor-section-height-default\" data-id=\"2a976af0\" data-element_type=\"section\" data-settings=\"{&quot;background_background&quot;:&quot;classic&quot;}\">\n\t\t\t\t\t\t\t<div class=\"elementor-background-overlay\"><\/div>\n\t\t\t\t\t\t\t<div class=\"elementor-container elementor-column-gap-default\">\n\t\t\t\t\t<div class=\"elementor-column elementor-col-100 elementor-top-column elementor-element elementor-element-3d7d7ebc\" data-id=\"3d7d7ebc\" data-element_type=\"column\">\n\t\t\t<div class=\"elementor-widget-wrap elementor-element-populated\">\n\t\t\t\t\t\t<section class=\"elementor-section elementor-inner-section elementor-element elementor-element-4bf5adce elementor-section-boxed elementor-section-height-default elementor-section-height-default\" data-id=\"4bf5adce\" data-element_type=\"section\">\n\t\t\t\t\t\t<div class=\"elementor-container elementor-column-gap-no\">\n\t\t\t\t\t<div class=\"elementor-column elementor-col-100 elementor-inner-column elementor-element elementor-element-48b6ada\" data-id=\"48b6ada\" data-element_type=\"column\">\n\t\t\t<div class=\"elementor-widget-wrap elementor-element-populated\">\n\t\t\t\t\t\t<div class=\"elementor-element elementor-element-137afdf7 elementor-invisible elementor-widget elementor-widget-heading\" data-id=\"137afdf7\" data-element_type=\"widget\" data-settings=\"{&quot;_animation&quot;:&quot;fadeInUp&quot;,&quot;_animation_delay&quot;:240}\" data-widget_type=\"heading.default\">\n\t\t\t\t<div class=\"elementor-widget-container\">\n\t\t\t\t\t<h2 class=\"elementor-heading-title elementor-size-default\">Temporizadores<\/h2>\t\t\t\t<\/div>\n\t\t\t\t<\/div>\n\t\t\t\t\t<\/div>\n\t\t<\/div>\n\t\t\t\t\t<\/div>\n\t\t<\/section>\n\t\t\t\t\t<\/div>\n\t\t<\/div>\n\t\t\t\t\t<\/div>\n\t\t<\/section>\n\t\t\t\t<section class=\"elementor-section elementor-top-section elementor-element elementor-element-a5cffb4 elementor-section-boxed elementor-section-height-default elementor-section-height-default\" data-id=\"a5cffb4\" data-element_type=\"section\">\n\t\t\t\t\t\t<div class=\"elementor-container elementor-column-gap-default\">\n\t\t\t\t\t<div class=\"elementor-column elementor-col-100 elementor-top-column elementor-element elementor-element-3134fa1a\" data-id=\"3134fa1a\" data-element_type=\"column\">\n\t\t\t<div class=\"elementor-widget-wrap elementor-element-populated\">\n\t\t\t\t\t\t<div class=\"elementor-element elementor-element-4702c9f5 elementor-widget elementor-widget-heading\" data-id=\"4702c9f5\" data-element_type=\"widget\" data-widget_type=\"heading.default\">\n\t\t\t\t<div class=\"elementor-widget-container\">\n\t\t\t\t\t<h2 class=\"elementor-heading-title elementor-size-default\">Visi\u00f3n general<\/h2>\t\t\t\t<\/div>\n\t\t\t\t<\/div>\n\t\t\t\t<div class=\"elementor-element elementor-element-2281d4b6 elementor-widget elementor-widget-text-editor\" data-id=\"2281d4b6\" data-element_type=\"widget\" data-widget_type=\"text-editor.default\">\n\t\t\t\t<div class=\"elementor-widget-container\">\n\t\t\t\t\t\t\t\t\t<p>Los temporizadores controlados electr\u00f3nicamente gestionan la activaci\u00f3n\/desactivaci\u00f3n de los sistemas el\u00e9ctricos de los veh\u00edculos durante per\u00edodos determinados, lo que mejora la eficiencia y la fiabilidad tanto en aplicaciones dentro como fuera de la carretera. La gama de Guilera incluye temporizadores vers\u00e1tiles para electrodom\u00e9sticos generales y temporizadores de lavadora de limpiaparabrisas (WIWA). <\/p>\n\t\t\t\t\t\t\t\t<\/div>\n\t\t\t\t<\/div>\n\t\t\t\t<section class=\"elementor-section elementor-inner-section elementor-element elementor-element-8d41041 elementor-section-boxed elementor-section-height-default elementor-section-height-default\" data-id=\"8d41041\" data-element_type=\"section\">\n\t\t\t\t\t\t<div class=\"elementor-container elementor-column-gap-default\">\n\t\t\t\t\t<div class=\"elementor-column elementor-col-50 elementor-inner-column elementor-element elementor-element-14a5901 elementor-invisible\" data-id=\"14a5901\" data-element_type=\"column\" data-settings=\"{&quot;animation&quot;:&quot;fadeInUp&quot;}\">\n\t\t\t<div class=\"elementor-widget-wrap elementor-element-populated\">\n\t\t\t\t\t\t<div class=\"elementor-element elementor-element-bdcfa24 elementor-cta--layout-image-above elementor-cta--valign-top elementor-cta--skin-classic elementor-animated-content elementor-bg-transform elementor-bg-transform-zoom-in elementor-widget elementor-widget-call-to-action\" data-id=\"bdcfa24\" data-element_type=\"widget\" data-widget_type=\"call-to-action.default\">\n\t\t\t\t<div class=\"elementor-widget-container\">\n\t\t\t\t\t\t\t<div class=\"elementor-cta\">\n\t\t\t\t\t<div class=\"elementor-cta__bg-wrapper\">\n\t\t\t\t<div class=\"elementor-cta__bg elementor-bg lazyload\" style=\"background-image:inherit;\" role=\"img\" aria-label=\"9\" data-bg-image=\"url(https:\/\/guilera.com\/wp-content\/uploads\/2024\/11\/9-scaled.jpg)\"><\/div>\n\t\t\t\t<div class=\"elementor-cta__bg-overlay\"><\/div>\n\t\t\t<\/div>\n\t\t\t\t\t\t\t<div class=\"elementor-cta__content\">\n\t\t\t\t\n\t\t\t\t\t\t\t\t\t<h2 class=\"elementor-cta__title elementor-cta__content-item elementor-content-item\">\n\t\t\t\t\t\tTemporizadores m\u00faltiples\t\t\t\t\t<\/h2>\n\t\t\t\t\n\t\t\t\t\t\t\t\t\t<div class=\"elementor-cta__description elementor-cta__content-item elementor-content-item\">\n\t\t\t\t\t\t<p>Estos temporizadores son vers\u00e1tiles y se pueden utilizar en una amplia gama de sistemas del veh\u00edculo, controlando la activaci\u00f3n de los dispositivos el\u00e9ctricos durante un tiempo predeterminado. Son esenciales para gestionar tareas como la iluminaci\u00f3n autom\u00e1tica, el corte de energ\u00eda y otras funciones auxiliares, lo que contribuye tanto a la comodidad como a la eficiencia energ\u00e9tica. <\/p>\n\t\t\t\t\t<\/div>\n\t\t\t\t\n\t\t\t\t\t\t\t<\/div>\n\t\t\t\t\t\t<\/div>\n\t\t\t\t\t\t<\/div>\n\t\t\t\t<\/div>\n\t\t\t\t\t<\/div>\n\t\t<\/div>\n\t\t\t\t<div class=\"elementor-column elementor-col-50 elementor-inner-column elementor-element elementor-element-3ee5cf2 elementor-invisible\" data-id=\"3ee5cf2\" data-element_type=\"column\" data-settings=\"{&quot;animation&quot;:&quot;fadeInUp&quot;,&quot;animation_delay&quot;:240}\">\n\t\t\t<div class=\"elementor-widget-wrap elementor-element-populated\">\n\t\t\t\t\t\t<div class=\"elementor-element elementor-element-1d65393 elementor-cta--layout-image-above elementor-cta--valign-top elementor-cta--skin-classic elementor-animated-content elementor-bg-transform elementor-bg-transform-zoom-in elementor-widget elementor-widget-call-to-action\" data-id=\"1d65393\" data-element_type=\"widget\" data-widget_type=\"call-to-action.default\">\n\t\t\t\t<div class=\"elementor-widget-container\">\n\t\t\t\t\t\t\t<div class=\"elementor-cta\">\n\t\t\t\t\t<div class=\"elementor-cta__bg-wrapper\">\n\t\t\t\t<div class=\"elementor-cta__bg elementor-bg lazyload\" style=\"background-image:inherit;\" role=\"img\" aria-label=\"10\" data-bg-image=\"url(https:\/\/guilera.com\/wp-content\/uploads\/2024\/11\/10.jpg)\"><\/div>\n\t\t\t\t<div class=\"elementor-cta__bg-overlay\"><\/div>\n\t\t\t<\/div>\n\t\t\t\t\t\t\t<div class=\"elementor-cta__content\">\n\t\t\t\t\n\t\t\t\t\t\t\t\t\t<h2 class=\"elementor-cta__title elementor-cta__content-item elementor-content-item\">\n\t\t\t\t\t\tTemporizadores WIWA\t\t\t\t\t<\/h2>\n\t\t\t\t\n\t\t\t\t\t\t\t\t\t<div class=\"elementor-cta__description elementor-cta__content-item elementor-content-item\">\n\t\t\t\t\t\t<p>Los temporizadores WIWA controlan el funcionamiento de los limpiaparabrisas y lavaparabrisas, lo que garantiza que los limpiaparabrisas funcionen durante un per\u00edodo espec\u00edfico o a intervalos regulares. Esto es particularmente \u00fatil para mantener la visibilidad en diversas condiciones clim\u00e1ticas, proporcionando a los conductores un control manos libres del sistema de limpiaparabrisas. <\/p>\n\t\t\t\t\t<\/div>\n\t\t\t\t\n\t\t\t\t\t\t\t<\/div>\n\t\t\t\t\t\t<\/div>\n\t\t\t\t\t\t<\/div>\n\t\t\t\t<\/div>\n\t\t\t\t\t<\/div>\n\t\t<\/div>\n\t\t\t\t\t<\/div>\n\t\t<\/section>\n\t\t\t\t\t<\/div>\n\t\t<\/div>\n\t\t\t\t\t<\/div>\n\t\t<\/section>\n\t\t\t\t<section class=\"elementor-section elementor-top-section elementor-element elementor-element-1dab457c elementor-section-boxed elementor-section-height-default elementor-section-height-default\" data-id=\"1dab457c\" data-element_type=\"section\" data-settings=\"{&quot;background_background&quot;:&quot;classic&quot;}\">\n\t\t\t\t\t\t\t<div class=\"elementor-background-overlay\"><\/div>\n\t\t\t\t\t\t\t<div class=\"elementor-container elementor-column-gap-default\">\n\t\t\t\t\t<div class=\"elementor-column elementor-col-100 elementor-top-column elementor-element elementor-element-359df0d elementor-invisible\" data-id=\"359df0d\" data-element_type=\"column\" data-settings=\"{&quot;animation&quot;:&quot;fadeInLeft&quot;}\">\n\t\t\t<div class=\"elementor-widget-wrap elementor-element-populated\">\n\t\t\t\t\t\t<div class=\"elementor-element elementor-element-2c502e19 elementor-widget elementor-widget-heading\" data-id=\"2c502e19\" data-element_type=\"widget\" data-widget_type=\"heading.default\">\n\t\t\t\t<div class=\"elementor-widget-container\">\n\t\t\t\t\t<h2 class=\"elementor-heading-title elementor-size-default\">Soluciones personalizadas para OEM, proveedores de nivel 1 e integradores de sistemas<\/h2>\t\t\t\t<\/div>\n\t\t\t\t<\/div>\n\t\t\t\t<div class=\"elementor-element elementor-element-d4927b0 elementor-widget-tablet__width-initial elementor-widget elementor-widget-text-editor\" data-id=\"d4927b0\" data-element_type=\"widget\" data-widget_type=\"text-editor.default\">\n\t\t\t\t<div class=\"elementor-widget-container\">\n\t\t\t\t\t\t\t\t\t<p>Cada temporizador est\u00e1 dise\u00f1ado a medida para manejar requisitos espec\u00edficos y conexiones el\u00e9ctricas, lo que garantiza un rendimiento confiable en diversas aplicaciones del veh\u00edculo.<\/p>\n\t\t\t\t\t\t\t\t<\/div>\n\t\t\t\t<\/div>\n\t\t\t\t<div class=\"elementor-element elementor-element-78f5f50c elementor-align-center elementor-widget elementor-widget-button\" data-id=\"78f5f50c\" data-element_type=\"widget\" data-widget_type=\"button.default\">\n\t\t\t\t<div class=\"elementor-widget-container\">\n\t\t\t\t\t\t\t\t\t<div class=\"elementor-button-wrapper\">\n\t\t\t\t\t<a class=\"elementor-button elementor-button-link elementor-size-sm\" href=\"https:\/\/www.guilera.com\/catalogs\/\">\n\t\t\t\t\t\t<span class=\"elementor-button-content-wrapper\">\n\t\t\t\t\t\t\t\t\t<span class=\"elementor-button-text\">Descargar cat\u00e1logo<\/span>\n\t\t\t\t\t<\/span>\n\t\t\t\t\t<\/a>\n\t\t\t\t<\/div>\n\t\t\t\t\t\t\t\t<\/div>\n\t\t\t\t<\/div>\n\t\t\t\t\t<\/div>\n\t\t<\/div>\n\t\t\t\t\t<\/div>\n\t\t<\/section>\n\t\t\t\t<\/div>\n\t\t","protected":false},"excerpt":{"rendered":"<p>Temporizadores Visi\u00f3n general Los temporizadores controlados electr\u00f3nicamente gestionan la activaci\u00f3n\/desactivaci\u00f3n de los sistemas el\u00e9ctricos de los veh\u00edculos durante per\u00edodos determinados, lo que mejora la eficiencia y la fiabilidad tanto en aplicaciones dentro como fuera de la carretera. La gama de Guilera incluye temporizadores vers\u00e1tiles para electrodom\u00e9sticos generales y temporizadores de lavadora de limpiaparabrisas (WIWA). Temporizadores [&hellip;]<\/p>\n","protected":false},"author":1,"featured_media":0,"parent":4342,"menu_order":0,"comment_status":"closed","ping_status":"closed","template":"","meta":{"footnotes":""},"class_list":["post-4491","page","type-page","status-publish","hentry"],"yoast_head":"<!-- This site is optimized with the Yoast SEO plugin v26.0 - https:\/\/yoast.com\/wordpress\/plugins\/seo\/ -->\n<title>Temporizadores - Guilera<\/title>\n<meta name=\"robots\" content=\"index, follow, max-snippet:-1, max-image-preview:large, max-video-preview:-1\" \/>\n<link rel=\"canonical\" href=\"https:\/\/guilera.com\/es\/productos\/temporizadores\/\" \/>\n<meta property=\"og:locale\" content=\"es_ES\" \/>\n<meta property=\"og:type\" content=\"article\" \/>\n<meta property=\"og:title\" content=\"Temporizadores - Guilera\" \/>\n<meta property=\"og:description\" content=\"Temporizadores Visi\u00f3n general Los temporizadores controlados electr\u00f3nicamente gestionan la activaci\u00f3n\/desactivaci\u00f3n de los sistemas el\u00e9ctricos de los veh\u00edculos durante per\u00edodos determinados, lo que mejora la eficiencia y la fiabilidad tanto en aplicaciones dentro como fuera de la carretera. La gama de Guilera incluye temporizadores vers\u00e1tiles para electrodom\u00e9sticos generales y temporizadores de lavadora de limpiaparabrisas (WIWA). Temporizadores [&hellip;]\" \/>\n<meta property=\"og:url\" content=\"https:\/\/guilera.com\/es\/productos\/temporizadores\/\" \/>\n<meta property=\"og:site_name\" content=\"Guilera\" \/>\n<meta property=\"article:modified_time\" content=\"2025-02-27T23:18:31+00:00\" \/>\n<meta name=\"twitter:card\" content=\"summary_large_image\" \/>\n<meta name=\"twitter:label1\" content=\"Tiempo de lectura\" \/>\n\t<meta name=\"twitter:data1\" content=\"1 minuto\" \/>\n<script type=\"application\/ld+json\" class=\"yoast-schema-graph\">{\"@context\":\"https:\/\/schema.org\",\"@graph\":[{\"@type\":\"WebPage\",\"@id\":\"https:\/\/guilera.com\/es\/productos\/temporizadores\/\",\"url\":\"https:\/\/guilera.com\/es\/productos\/temporizadores\/\",\"name\":\"Temporizadores - Guilera\",\"isPartOf\":{\"@id\":\"https:\/\/guilera.com\/es\/#website\"},\"datePublished\":\"2024-09-30T16:15:25+00:00\",\"dateModified\":\"2025-02-27T23:18:31+00:00\",\"breadcrumb\":{\"@id\":\"https:\/\/guilera.com\/es\/productos\/temporizadores\/#breadcrumb\"},\"inLanguage\":\"es\",\"potentialAction\":[{\"@type\":\"ReadAction\",\"target\":[\"https:\/\/guilera.com\/es\/productos\/temporizadores\/\"]}]},{\"@type\":\"BreadcrumbList\",\"@id\":\"https:\/\/guilera.com\/es\/productos\/temporizadores\/#breadcrumb\",\"itemListElement\":[{\"@type\":\"ListItem\",\"position\":1,\"name\":\"Home\",\"item\":\"https:\/\/guilera.com\/es\/inicio\/\"},{\"@type\":\"ListItem\",\"position\":2,\"name\":\"Productos\",\"item\":\"https:\/\/guilera.com\/es\/productos\/\"},{\"@type\":\"ListItem\",\"position\":3,\"name\":\"Temporizadores\"}]},{\"@type\":\"WebSite\",\"@id\":\"https:\/\/guilera.com\/es\/#website\",\"url\":\"https:\/\/guilera.com\/es\/\",\"name\":\"Guilera\",\"description\":\"\",\"publisher\":{\"@id\":\"https:\/\/guilera.com\/es\/#organization\"},\"potentialAction\":[{\"@type\":\"SearchAction\",\"target\":{\"@type\":\"EntryPoint\",\"urlTemplate\":\"https:\/\/guilera.com\/es\/?s={search_term_string}\"},\"query-input\":{\"@type\":\"PropertyValueSpecification\",\"valueRequired\":true,\"valueName\":\"search_term_string\"}}],\"inLanguage\":\"es\"},{\"@type\":\"Organization\",\"@id\":\"https:\/\/guilera.com\/es\/#organization\",\"name\":\"Guilera S.A.\",\"url\":\"https:\/\/guilera.com\/es\/\",\"logo\":{\"@type\":\"ImageObject\",\"inLanguage\":\"es\",\"@id\":\"https:\/\/guilera.com\/es\/#\/schema\/logo\/image\/\",\"url\":\"https:\/\/guilera.com\/wp-content\/uploads\/2024\/06\/cropped-favicon-guilera.png\",\"contentUrl\":\"https:\/\/guilera.com\/wp-content\/uploads\/2024\/06\/cropped-favicon-guilera.png\",\"width\":512,\"height\":512,\"caption\":\"Guilera S.A.\"},\"image\":{\"@id\":\"https:\/\/guilera.com\/es\/#\/schema\/logo\/image\/\"}}]}<\/script>\n<!-- \/ Yoast SEO plugin. -->","yoast_head_json":{"title":"Temporizadores - Guilera","robots":{"index":"index","follow":"follow","max-snippet":"max-snippet:-1","max-image-preview":"max-image-preview:large","max-video-preview":"max-video-preview:-1"},"canonical":"https:\/\/guilera.com\/es\/productos\/temporizadores\/","og_locale":"es_ES","og_type":"article","og_title":"Temporizadores - Guilera","og_description":"Temporizadores Visi\u00f3n general Los temporizadores controlados electr\u00f3nicamente gestionan la activaci\u00f3n\/desactivaci\u00f3n de los sistemas el\u00e9ctricos de los veh\u00edculos durante per\u00edodos determinados, lo que mejora la eficiencia y la fiabilidad tanto en aplicaciones dentro como fuera de la carretera. La gama de Guilera incluye temporizadores vers\u00e1tiles para electrodom\u00e9sticos generales y temporizadores de lavadora de limpiaparabrisas (WIWA). Temporizadores [&hellip;]","og_url":"https:\/\/guilera.com\/es\/productos\/temporizadores\/","og_site_name":"Guilera","article_modified_time":"2025-02-27T23:18:31+00:00","twitter_card":"summary_large_image","twitter_misc":{"Tiempo de lectura":"1 minuto"},"schema":{"@context":"https:\/\/schema.org","@graph":[{"@type":"WebPage","@id":"https:\/\/guilera.com\/es\/productos\/temporizadores\/","url":"https:\/\/guilera.com\/es\/productos\/temporizadores\/","name":"Temporizadores - Guilera","isPartOf":{"@id":"https:\/\/guilera.com\/es\/#website"},"datePublished":"2024-09-30T16:15:25+00:00","dateModified":"2025-02-27T23:18:31+00:00","breadcrumb":{"@id":"https:\/\/guilera.com\/es\/productos\/temporizadores\/#breadcrumb"},"inLanguage":"es","potentialAction":[{"@type":"ReadAction","target":["https:\/\/guilera.com\/es\/productos\/temporizadores\/"]}]},{"@type":"BreadcrumbList","@id":"https:\/\/guilera.com\/es\/productos\/temporizadores\/#breadcrumb","itemListElement":[{"@type":"ListItem","position":1,"name":"Home","item":"https:\/\/guilera.com\/es\/inicio\/"},{"@type":"ListItem","position":2,"name":"Productos","item":"https:\/\/guilera.com\/es\/productos\/"},{"@type":"ListItem","position":3,"name":"Temporizadores"}]},{"@type":"WebSite","@id":"https:\/\/guilera.com\/es\/#website","url":"https:\/\/guilera.com\/es\/","name":"Guilera","description":"","publisher":{"@id":"https:\/\/guilera.com\/es\/#organization"},"potentialAction":[{"@type":"SearchAction","target":{"@type":"EntryPoint","urlTemplate":"https:\/\/guilera.com\/es\/?s={search_term_string}"},"query-input":{"@type":"PropertyValueSpecification","valueRequired":true,"valueName":"search_term_string"}}],"inLanguage":"es"},{"@type":"Organization","@id":"https:\/\/guilera.com\/es\/#organization","name":"Guilera S.A.","url":"https:\/\/guilera.com\/es\/","logo":{"@type":"ImageObject","inLanguage":"es","@id":"https:\/\/guilera.com\/es\/#\/schema\/logo\/image\/","url":"https:\/\/guilera.com\/wp-content\/uploads\/2024\/06\/cropped-favicon-guilera.png","contentUrl":"https:\/\/guilera.com\/wp-content\/uploads\/2024\/06\/cropped-favicon-guilera.png","width":512,"height":512,"caption":"Guilera S.A."},"image":{"@id":"https:\/\/guilera.com\/es\/#\/schema\/logo\/image\/"}}]}},"_links":{"self":[{"href":"https:\/\/guilera.com\/es\/wp-json\/wp\/v2\/pages\/4491","targetHints":{"allow":["GET"]}}],"collection":[{"href":"https:\/\/guilera.com\/es\/wp-json\/wp\/v2\/pages"}],"about":[{"href":"https:\/\/guilera.com\/es\/wp-json\/wp\/v2\/types\/page"}],"author":[{"embeddable":true,"href":"https:\/\/guilera.com\/es\/wp-json\/wp\/v2\/users\/1"}],"replies":[{"embeddable":true,"href":"https:\/\/guilera.com\/es\/wp-json\/wp\/v2\/comments?post=4491"}],"version-history":[{"count":1,"href":"https:\/\/guilera.com\/es\/wp-json\/wp\/v2\/pages\/4491\/revisions"}],"predecessor-version":[{"id":4492,"href":"https:\/\/guilera.com\/es\/wp-json\/wp\/v2\/pages\/4491\/revisions\/4492"}],"up":[{"embeddable":true,"href":"https:\/\/guilera.com\/es\/wp-json\/wp\/v2\/pages\/4342"}],"wp:attachment":[{"href":"https:\/\/guilera.com\/es\/wp-json\/wp\/v2\/media?parent=4491"}],"curies":[{"name":"wp","href":"https:\/\/api.w.org\/{rel}","templated":true}]}}