{"id":4740,"date":"2024-06-18T14:20:17","date_gmt":"2024-06-18T12:20:17","guid":{"rendered":"https:\/\/guilera.com\/aviso-legal\/"},"modified":"2025-03-31T21:15:54","modified_gmt":"2025-03-31T19:15:54","slug":"aviso-legal","status":"publish","type":"page","link":"https:\/\/guilera.com\/es\/aviso-legal\/","title":{"rendered":"Aviso legal"},"content":{"rendered":"\t\t<div data-elementor-type=\"wp-page\" data-elementor-id=\"4740\" class=\"elementor elementor-4740 elementor-171\" data-elementor-post-type=\"page\">\n\t\t\t\t\t\t<section class=\"elementor-section elementor-top-section elementor-element elementor-element-71e38350 elementor-section-boxed elementor-section-height-default elementor-section-height-default\" data-id=\"71e38350\" data-element_type=\"section\" data-settings=\"{&quot;background_background&quot;:&quot;classic&quot;}\">\n\t\t\t\t\t\t\t<div class=\"elementor-background-overlay\"><\/div>\n\t\t\t\t\t\t\t<div class=\"elementor-container elementor-column-gap-default\">\n\t\t\t\t\t<div class=\"elementor-column elementor-col-100 elementor-top-column elementor-element elementor-element-b77e556\" data-id=\"b77e556\" data-element_type=\"column\">\n\t\t\t<div class=\"elementor-widget-wrap elementor-element-populated\">\n\t\t\t\t\t\t<div class=\"elementor-element elementor-element-7eecef4a elementor-widget__width-auto elementor-invisible elementor-widget elementor-widget-heading\" data-id=\"7eecef4a\" data-element_type=\"widget\" data-settings=\"{&quot;_animation&quot;:&quot;fadeInLeft&quot;}\" data-widget_type=\"heading.default\">\n\t\t\t\t<div class=\"elementor-widget-container\">\n\t\t\t\t\t<h2 class=\"elementor-heading-title elementor-size-default\">Aviso legal<\/h2>\t\t\t\t<\/div>\n\t\t\t\t<\/div>\n\t\t\t\t\t<\/div>\n\t\t<\/div>\n\t\t\t\t\t<\/div>\n\t\t<\/section>\n\t\t<div class=\"elementor-element elementor-element-2918d83 e-flex e-con-boxed e-con e-parent\" data-id=\"2918d83\" data-element_type=\"container\">\n\t\t\t\t\t<div class=\"e-con-inner\">\n\t\t\t\t<div class=\"elementor-element elementor-element-2b74ed5 elementor-widget elementor-widget-text-editor\" data-id=\"2b74ed5\" data-element_type=\"widget\" data-widget_type=\"text-editor.default\">\n\t\t\t\t<div class=\"elementor-widget-container\">\n\t\t\t\t\t\t\t\t\t<p><strong>Responsable del tratamiento de sus datos personales<\/strong><\/p><ul><li><span style=\"font-weight: 400;\">Identidad del Responsable: GUILERA, SA<\/span><\/li><li><span style=\"font-weight: 400;\">NIF\/CIF: A-08851461<\/span><\/li><li><span style=\"font-weight: 400;\">Direcci\u00f3n: C\/ Ramon Llull, 8, 08750 Molins de Rei<\/span><\/li><li><span style=\"font-weight: 400;\">Tel\u00e9fono: +34 93 668 17 94<\/span><\/li><li><span style=\"font-weight: 400;\">Correo electr\u00f3nico: guilera@guilera.com<\/span><\/li><li><span style=\"font-weight: 400;\">Correo electr\u00f3nico para el ejercicio de derechos: rgpd@guilera.com<\/span><\/li><li><span style=\"font-weight: 400;\">Actividad: Fabricantes de series electr\u00f3nicas peque\u00f1as y medianas. Especializados en tecnolog\u00eda, servicios y productos propios, con especializaci\u00f3n en movilidad el\u00e9ctrica desde 2007. Especializados en tecnolog\u00eda, servicios y productos propios, con especializaci\u00f3n en movilidad el\u00e9ctrica desde 2007.<\/span><\/li><li><span style=\"font-weight: 400;\">Inscrita en el Registro Mercantil de Barcelona: tomo 23.707, folio 90, hoja n\u00ba B-59.5776, Inscripci\u00f3n 9\u00aa<\/span><\/li><\/ul><p> <\/p><p><strong>Navegaci\u00f3n<\/strong><\/p><p><span style=\"font-weight: 400;\">Al navegar por el sitio web, se pueden recopilar datos no identificables, como direcciones IP, ubicaci\u00f3n geogr\u00e1fica (aproximada), un registro del uso de los servicios y sitios web, y otros datos que no permiten identificar al usuario. Los datos no identificables tambi\u00e9n incluyen datos relacionados con sus h\u00e1bitos de navegaci\u00f3n a trav\u00e9s de servicios de terceros. Este sitio web utiliza los siguientes servicios de an\u00e1lisis de terceros:<\/span><\/p><p> <\/p><p><b>Google Analytics<\/b><\/p><p><span style=\"font-weight: 400;\">Utilizamos esta informaci\u00f3n para analizar tendencias, administrar el sitio, rastrear los movimientos de los usuarios en el sitio y recopilar informaci\u00f3n demogr\u00e1fica sobre nuestra base de usuarios en su conjunto.<\/span><\/p><p> <\/p><p><b>Confidencialidad y seguridad de los datos<\/b><\/p><p><span style=\"font-weight: 400;\">Este sitio web incluye un certificado SSL. Este protocolo de seguridad garantiza que sus datos se transmitan de forma \u00edntegra y segura, es decir, la transmisi\u00f3n de datos entre un servidor y un usuario web est\u00e1 totalmente cifrada.<\/span><\/p><p><span style=\"font-weight: 400;\">GUILERA, SA no puede garantizar la absoluta invulnerabilidad de la red Internet y por tanto la violaci\u00f3n de datos mediante accesos fraudulentos a la misma por parte de terceros, y no puede asumir ninguna responsabilidad por dichos ataques.<\/span><\/p><p><span style=\"font-weight: 400;\">Con respecto a la confidencialidad del tratamiento, GUILERA, SA garantizar\u00e1 que cualquier persona que sea autorizada por GUILERA, SA para tratar los datos del usuario cliente estar\u00e1 sujeta a la obligaci\u00f3n de confidencialidad.<\/span><\/p><p><span style=\"font-weight: 400;\">Cuando ocurra un incidente de seguridad, GUILERA, SA notificar\u00e1 al Cliente y usuario sin demoras indebidas y deber\u00e1 proporcionar informaci\u00f3n oportuna relacionada con el Incidente de Seguridad a medida que se conozca o cuando el Cliente lo solicite razonablemente.<\/span><\/p><p> <\/p><p><b>Exactitud y veracidad de los datos<\/b><\/p><p><span style=\"font-weight: 400;\">Como usuario, eres el \u00fanico responsable de la veracidad y correcci\u00f3n de los datos que nos remitas, exonerando a GUILERA, SA de cualquier responsabilidad al respecto, incluso cuando nos facilites datos de terceros.<\/span><\/p><p><span style=\"font-weight: 400;\">Los usuarios garantizan y responden, en cualquier caso, de la exactitud, vigencia y autenticidad de los datos personales proporcionados, y se comprometen a mantenerlos debidamente actualizados. El usuario acepta proporcionar informaci\u00f3n completa y correcta en el formulario de contacto o suscripci\u00f3n. En caso de proporcionar datos de terceros, deber\u00e1 contar con su consentimiento previo.<\/span><\/p><p> <\/p><p><b>Uso del portal<\/b><\/p><p><span style=\"font-weight: 400;\">https:\/\/www.guilera.com\/ proporciona acceso a informaci\u00f3n, servicios, programas o datos (en adelante, \u00ablos contenidos\u00bb) en Internet pertenecientes a GUILERA, SA o a sus licenciantes, a los que el usuario puede tener acceso. El usuario asume la responsabilidad del uso del portal. Esta responsabilidad se extiende al registro que pueda ser necesario para acceder a ciertos servicios o contenidos.<\/span><\/p><p><span style=\"font-weight: 400;\">En dicho registro el usuario ser\u00e1 responsable de aportar informaci\u00f3n veraz y l\u00edcita. Como consecuencia de este registro, al usuario se le puede proporcionar una contrase\u00f1a de la que ser\u00e1 responsable, comprometi\u00e9ndose a hacer un uso diligente y confidencial de la misma. El usuario se compromete a hacer un uso adecuado de los contenidos y servicios que GUILERA, SA ofrece a trav\u00e9s de su portal y con car\u00e1cter enunciativo pero no limitativo, a no emplearlos para (i) incurrir en actividades il\u00edcitas, ilegales o contrarias a la buena fe y al orden p\u00fablico; (ii) difundir contenidos o propaganda de car\u00e1cter racista, xen\u00f3fobo, pornogr\u00e1fico-ilegal, de apolog\u00eda del terrorismo o atentatorio contra los derechos humanos; (iii) provocar da\u00f1os en los sistemas f\u00edsicos y l\u00f3gicos de GUILERA, SA, de sus proveedores o de terceras personas, introducir o difundir en la red virus inform\u00e1ticos o cualesquiera otros sistemas f\u00edsicos o l\u00f3gicos que sean susceptibles de provocar los da\u00f1os anteriormente mencionados; (iv) intentar acceder y, en su caso, utilizar las cuentas de correo electr\u00f3nico de otros usuarios y modificar o manipular sus mensajes.<\/span><\/p><p><span style=\"font-weight: 400;\">GUILERA, SA se reserva el derecho de retirar todos aquellos comentarios y aportaciones que vulneren el respeto a la dignidad de la persona o que, a su juicio, no resulten adecuados para su publicaci\u00f3n. En cualquier caso, GUILERA, SA no ser\u00e1 responsable de las opiniones vertidas por los usuarios a trav\u00e9s de los foros, chats, u otras herramientas de participaci\u00f3n.<\/span><\/p><p> <\/p><p><b>Propiedad intelectual e industrial<\/b><\/p><p><span style=\"font-weight: 400;\">GUILERA, SA por s\u00ed o como cesionaria, es titular de todos los derechos de propiedad intelectual e industrial de su p\u00e1gina web, as\u00ed como de los elementos contenidos en la misma (a t\u00edtulo enunciativo, im\u00e1genes, sonido, audio, v\u00eddeo, software o textos; marcas o logotipos, combinaciones de colores, estructura y dise\u00f1o, selecci\u00f3n de materiales usados, programas de ordenador necesarios para su funcionamiento, acceso y uso, etc.), titularidad de GUILERA, SA o bien de sus licenciantes.<\/span><\/p><p> <\/p><p><b>Reservados todos los derechos<\/b><\/p><p><span style=\"font-weight: 400;\">De conformidad con lo dispuesto en los art\u00edculos 8 y 32.1, p\u00e1rrafo segundo, de la Ley de Propiedad Intelectual, quedan expresamente prohibidas la reproducci\u00f3n, distribuci\u00f3n y comunicaci\u00f3n p\u00fablica, incluida su modalidad de puesta a disposici\u00f3n, de la totalidad o parte de los contenidos de este sitio web, con fines comerciales, en cualquier soporte y por cualquier medio t\u00e9cnico, sin la autorizaci\u00f3n de GUILERA, SA. El Usuario se compromete a respetar los derechos de Propiedad Intelectual e Industrial titularidad de GUILERA, SA. Podr\u00e1 visualizar los elementos del portal e incluso imprimirlos, copiarlos y almacenarlos en el disco duro de su ordenador o en cualquier otro soporte f\u00edsico, siempre que sea \u00fanica y exclusivamente para su uso personal y privado. El Usuario deber\u00e1 abstenerse de suprimir, alterar, eludir o manipular cualquier dispositivo de protecci\u00f3n o sistema de seguridad instalado en las p\u00e1ginas de GUILERA, SA.The User undertakes to respect the Intellectual and Industrial Property rights owned by GUILERA, SA.<\/span><\/p><p> <\/p><p><b>Exclusi\u00f3n de garant\u00edas y responsabilidad<\/b><\/p><p><span style=\"font-weight: 400;\">GUILERA, SA no se hace responsable, en ning\u00fan caso, de los da\u00f1os y perjuicios de cualquier naturaleza que pudieran ocasionar, a t\u00edtulo enunciativo: errores u omisiones en los contenidos, falta de disponibilidad del portal o la transmisi\u00f3n de virus o programas maliciosos o lesivos en los contenidos, a pesar de haber adoptado todas las medidas tecnol\u00f3gicas necesarias para evitarlo.<\/span><\/p><p> <\/p><p><b>Correos electr\u00f3nicos comerciales<\/b><\/p><p><span style=\"font-weight: 400;\">De acuerdo con la LSSICE, GUILERA, SA no realiza pr\u00e1cticas de SPAM y, por lo tanto, no env\u00eda correos electr\u00f3nicos comerciales que no hayan sido previamente solicitados o autorizados por el usuario. En consecuencia, en cada uno de los formularios del sitio web, el usuario tiene la posibilidad de dar su consentimiento expreso para recibir el bolet\u00edn informativo, independientemente de la informaci\u00f3n comercial solicitada espec\u00edficamente.<\/span><\/p><p><span style=\"font-weight: 400;\">Conforme a lo dispuesto en la Ley 34\/2002, de 11 de julio, de Servicios de la Sociedad de la Informaci\u00f3n y de comercio electr\u00f3nico, GUILERA, SA se compromete a no enviar comunicaciones comerciales sin identificarlas debidamente.<\/span><\/p><p><span style=\"font-weight: 400;\">\u00daltima actualizaci\u00f3n: mayo de 2024<\/span><\/p>\t\t\t\t\t\t\t\t<\/div>\n\t\t\t\t<\/div>\n\t\t\t\t\t<\/div>\n\t\t\t\t<\/div>\n\t\t\t\t<\/div>\n\t\t","protected":false},"excerpt":{"rendered":"<p>Aviso legal Responsable del tratamiento de sus datos personales Identidad del Responsable: GUILERA, SA NIF\/CIF: A-08851461 Direcci\u00f3n: C\/ Ramon Llull, 8, 08750 Molins de Rei Tel\u00e9fono: +34 93 668 17 94 Correo electr\u00f3nico: guilera@guilera.com Correo electr\u00f3nico para el ejercicio de derechos: rgpd@guilera.com Actividad: Fabricantes de series electr\u00f3nicas peque\u00f1as y medianas. Especializados en tecnolog\u00eda, servicios y [&hellip;]<\/p>\n","protected":false},"author":1,"featured_media":0,"parent":0,"menu_order":0,"comment_status":"closed","ping_status":"closed","template":"","meta":{"footnotes":""},"class_list":["post-4740","page","type-page","status-publish","hentry"],"yoast_head":"<!-- This site is optimized with the Yoast SEO plugin v26.0 - https:\/\/yoast.com\/wordpress\/plugins\/seo\/ -->\n<title>Aviso legal - Guilera<\/title>\n<meta name=\"robots\" content=\"noindex, nofollow\" \/>\n<meta property=\"og:locale\" content=\"es_ES\" \/>\n<meta property=\"og:type\" content=\"article\" \/>\n<meta property=\"og:title\" content=\"Aviso legal - Guilera\" \/>\n<meta property=\"og:description\" content=\"Aviso legal Responsable del tratamiento de sus datos personales Identidad del Responsable: GUILERA, SA NIF\/CIF: A-08851461 Direcci\u00f3n: C\/ Ramon Llull, 8, 08750 Molins de Rei Tel\u00e9fono: +34 93 668 17 94 Correo electr\u00f3nico: guilera@guilera.com Correo electr\u00f3nico para el ejercicio de derechos: rgpd@guilera.com Actividad: Fabricantes de series electr\u00f3nicas peque\u00f1as y medianas. Especializados en tecnolog\u00eda, servicios y [&hellip;]\" \/>\n<meta property=\"og:url\" content=\"https:\/\/guilera.com\/es\/aviso-legal\/\" \/>\n<meta property=\"og:site_name\" content=\"Guilera\" \/>\n<meta property=\"article:modified_time\" content=\"2025-03-31T19:15:54+00:00\" \/>\n<meta name=\"twitter:card\" content=\"summary_large_image\" \/>\n<meta name=\"twitter:label1\" content=\"Tiempo de lectura\" \/>\n\t<meta name=\"twitter:data1\" content=\"6 minutos\" \/>\n<script type=\"application\/ld+json\" class=\"yoast-schema-graph\">{\"@context\":\"https:\/\/schema.org\",\"@graph\":[{\"@type\":\"WebPage\",\"@id\":\"https:\/\/guilera.com\/es\/aviso-legal\/\",\"url\":\"https:\/\/guilera.com\/es\/aviso-legal\/\",\"name\":\"Aviso legal - Guilera\",\"isPartOf\":{\"@id\":\"https:\/\/guilera.com\/es\/#website\"},\"datePublished\":\"2024-06-18T12:20:17+00:00\",\"dateModified\":\"2025-03-31T19:15:54+00:00\",\"breadcrumb\":{\"@id\":\"https:\/\/guilera.com\/es\/aviso-legal\/#breadcrumb\"},\"inLanguage\":\"es\",\"potentialAction\":[{\"@type\":\"ReadAction\",\"target\":[\"https:\/\/guilera.com\/es\/aviso-legal\/\"]}]},{\"@type\":\"BreadcrumbList\",\"@id\":\"https:\/\/guilera.com\/es\/aviso-legal\/#breadcrumb\",\"itemListElement\":[{\"@type\":\"ListItem\",\"position\":1,\"name\":\"Home\",\"item\":\"https:\/\/guilera.com\/es\/inicio\/\"},{\"@type\":\"ListItem\",\"position\":2,\"name\":\"Aviso legal\"}]},{\"@type\":\"WebSite\",\"@id\":\"https:\/\/guilera.com\/es\/#website\",\"url\":\"https:\/\/guilera.com\/es\/\",\"name\":\"Guilera\",\"description\":\"\",\"publisher\":{\"@id\":\"https:\/\/guilera.com\/es\/#organization\"},\"potentialAction\":[{\"@type\":\"SearchAction\",\"target\":{\"@type\":\"EntryPoint\",\"urlTemplate\":\"https:\/\/guilera.com\/es\/?s={search_term_string}\"},\"query-input\":{\"@type\":\"PropertyValueSpecification\",\"valueRequired\":true,\"valueName\":\"search_term_string\"}}],\"inLanguage\":\"es\"},{\"@type\":\"Organization\",\"@id\":\"https:\/\/guilera.com\/es\/#organization\",\"name\":\"Guilera S.A.\",\"url\":\"https:\/\/guilera.com\/es\/\",\"logo\":{\"@type\":\"ImageObject\",\"inLanguage\":\"es\",\"@id\":\"https:\/\/guilera.com\/es\/#\/schema\/logo\/image\/\",\"url\":\"https:\/\/guilera.com\/wp-content\/uploads\/2024\/06\/cropped-favicon-guilera.png\",\"contentUrl\":\"https:\/\/guilera.com\/wp-content\/uploads\/2024\/06\/cropped-favicon-guilera.png\",\"width\":512,\"height\":512,\"caption\":\"Guilera S.A.\"},\"image\":{\"@id\":\"https:\/\/guilera.com\/es\/#\/schema\/logo\/image\/\"}}]}<\/script>\n<!-- \/ Yoast SEO plugin. -->","yoast_head_json":{"title":"Aviso legal - Guilera","robots":{"index":"noindex","follow":"nofollow"},"og_locale":"es_ES","og_type":"article","og_title":"Aviso legal - Guilera","og_description":"Aviso legal Responsable del tratamiento de sus datos personales Identidad del Responsable: GUILERA, SA NIF\/CIF: A-08851461 Direcci\u00f3n: C\/ Ramon Llull, 8, 08750 Molins de Rei Tel\u00e9fono: +34 93 668 17 94 Correo electr\u00f3nico: guilera@guilera.com Correo electr\u00f3nico para el ejercicio de derechos: rgpd@guilera.com Actividad: Fabricantes de series electr\u00f3nicas peque\u00f1as y medianas. Especializados en tecnolog\u00eda, servicios y [&hellip;]","og_url":"https:\/\/guilera.com\/es\/aviso-legal\/","og_site_name":"Guilera","article_modified_time":"2025-03-31T19:15:54+00:00","twitter_card":"summary_large_image","twitter_misc":{"Tiempo de lectura":"6 minutos"},"schema":{"@context":"https:\/\/schema.org","@graph":[{"@type":"WebPage","@id":"https:\/\/guilera.com\/es\/aviso-legal\/","url":"https:\/\/guilera.com\/es\/aviso-legal\/","name":"Aviso legal - Guilera","isPartOf":{"@id":"https:\/\/guilera.com\/es\/#website"},"datePublished":"2024-06-18T12:20:17+00:00","dateModified":"2025-03-31T19:15:54+00:00","breadcrumb":{"@id":"https:\/\/guilera.com\/es\/aviso-legal\/#breadcrumb"},"inLanguage":"es","potentialAction":[{"@type":"ReadAction","target":["https:\/\/guilera.com\/es\/aviso-legal\/"]}]},{"@type":"BreadcrumbList","@id":"https:\/\/guilera.com\/es\/aviso-legal\/#breadcrumb","itemListElement":[{"@type":"ListItem","position":1,"name":"Home","item":"https:\/\/guilera.com\/es\/inicio\/"},{"@type":"ListItem","position":2,"name":"Aviso legal"}]},{"@type":"WebSite","@id":"https:\/\/guilera.com\/es\/#website","url":"https:\/\/guilera.com\/es\/","name":"Guilera","description":"","publisher":{"@id":"https:\/\/guilera.com\/es\/#organization"},"potentialAction":[{"@type":"SearchAction","target":{"@type":"EntryPoint","urlTemplate":"https:\/\/guilera.com\/es\/?s={search_term_string}"},"query-input":{"@type":"PropertyValueSpecification","valueRequired":true,"valueName":"search_term_string"}}],"inLanguage":"es"},{"@type":"Organization","@id":"https:\/\/guilera.com\/es\/#organization","name":"Guilera S.A.","url":"https:\/\/guilera.com\/es\/","logo":{"@type":"ImageObject","inLanguage":"es","@id":"https:\/\/guilera.com\/es\/#\/schema\/logo\/image\/","url":"https:\/\/guilera.com\/wp-content\/uploads\/2024\/06\/cropped-favicon-guilera.png","contentUrl":"https:\/\/guilera.com\/wp-content\/uploads\/2024\/06\/cropped-favicon-guilera.png","width":512,"height":512,"caption":"Guilera S.A."},"image":{"@id":"https:\/\/guilera.com\/es\/#\/schema\/logo\/image\/"}}]}},"_links":{"self":[{"href":"https:\/\/guilera.com\/es\/wp-json\/wp\/v2\/pages\/4740","targetHints":{"allow":["GET"]}}],"collection":[{"href":"https:\/\/guilera.com\/es\/wp-json\/wp\/v2\/pages"}],"about":[{"href":"https:\/\/guilera.com\/es\/wp-json\/wp\/v2\/types\/page"}],"author":[{"embeddable":true,"href":"https:\/\/guilera.com\/es\/wp-json\/wp\/v2\/users\/1"}],"replies":[{"embeddable":true,"href":"https:\/\/guilera.com\/es\/wp-json\/wp\/v2\/comments?post=4740"}],"version-history":[{"count":1,"href":"https:\/\/guilera.com\/es\/wp-json\/wp\/v2\/pages\/4740\/revisions"}],"predecessor-version":[{"id":4741,"href":"https:\/\/guilera.com\/es\/wp-json\/wp\/v2\/pages\/4740\/revisions\/4741"}],"wp:attachment":[{"href":"https:\/\/guilera.com\/es\/wp-json\/wp\/v2\/media?parent=4740"}],"curies":[{"name":"wp","href":"https:\/\/api.w.org\/{rel}","templated":true}]}}