{"id":4750,"date":"2024-06-18T14:20:44","date_gmt":"2024-06-18T12:20:44","guid":{"rendered":"https:\/\/guilera.com\/politica-de-cookies\/"},"modified":"2025-08-26T12:31:13","modified_gmt":"2025-08-26T10:31:13","slug":"politica-de-cookies","status":"publish","type":"page","link":"https:\/\/guilera.com\/es\/politica-de-cookies\/","title":{"rendered":"Pol\u00edtica de cookies"},"content":{"rendered":"\t\t<div data-elementor-type=\"wp-page\" data-elementor-id=\"4750\" class=\"elementor elementor-4750 elementor-176\" data-elementor-post-type=\"page\">\n\t\t\t\t\t\t<section class=\"elementor-section elementor-top-section elementor-element elementor-element-71e38350 elementor-section-boxed elementor-section-height-default elementor-section-height-default\" data-id=\"71e38350\" data-element_type=\"section\" data-settings=\"{&quot;background_background&quot;:&quot;classic&quot;}\">\n\t\t\t\t\t\t\t<div class=\"elementor-background-overlay\"><\/div>\n\t\t\t\t\t\t\t<div class=\"elementor-container elementor-column-gap-default\">\n\t\t\t\t\t<div class=\"elementor-column elementor-col-100 elementor-top-column elementor-element elementor-element-b77e556\" data-id=\"b77e556\" data-element_type=\"column\">\n\t\t\t<div class=\"elementor-widget-wrap elementor-element-populated\">\n\t\t\t\t\t\t<div class=\"elementor-element elementor-element-7eecef4a elementor-widget__width-auto elementor-invisible elementor-widget elementor-widget-heading\" data-id=\"7eecef4a\" data-element_type=\"widget\" data-settings=\"{&quot;_animation&quot;:&quot;fadeInLeft&quot;}\" data-widget_type=\"heading.default\">\n\t\t\t\t<div class=\"elementor-widget-container\">\n\t\t\t\t\t<h2 class=\"elementor-heading-title elementor-size-default\">Pol\u00edtica de cookies<\/h2>\t\t\t\t<\/div>\n\t\t\t\t<\/div>\n\t\t\t\t\t<\/div>\n\t\t<\/div>\n\t\t\t\t\t<\/div>\n\t\t<\/section>\n\t\t<div class=\"elementor-element elementor-element-b063dde e-flex e-con-boxed e-con e-parent\" data-id=\"b063dde\" data-element_type=\"container\">\n\t\t\t\t\t<div class=\"e-con-inner\">\n\t\t\t\t<div class=\"elementor-element elementor-element-b74249f elementor-widget elementor-widget-text-editor\" data-id=\"b74249f\" data-element_type=\"widget\" data-widget_type=\"text-editor.default\">\n\t\t\t\t<div class=\"elementor-widget-container\">\n\t\t\t\t\t\t\t\t\t<p><strong>INFORMACI\u00d3N SOBRE COOKIES<\/strong><\/p><p>Las cookies y otras tecnolog\u00edas similares como local shared objects, flash cookies o p\u00edxeles, son herramientas empleadas por los servidores web para almacenar y recuperar informaci\u00f3n acerca de sus visitantes, as\u00ed como para ofrecer un correcto funcionamiento del sitio.<\/p><p>Mediante el uso de estos dispositivos el servidor web puede recordar ciertos datos del usuario, como sus preferencias de visualizaci\u00f3n de las p\u00e1ginas de ese servidor, nombre de usuario y contrase\u00f1a, productos de inter\u00e9s, etc.<\/p><p><strong>COOKIES AFECTADAS POR LA NORMATIVA Y COOKIES EXENTAS<\/strong><\/p><p>De conformidad con la Ley 34\/2002, de 11 de julio, de Servicios de la Sociedad de la Informaci\u00f3n y de Comercio Electr\u00f3nico (LSSICE), en relaci\u00f3n con el Reglamento General de Protecci\u00f3n de Datos (UE) 2016\/679 del Parlamento Europeo y del Consejo, de 27 de abril de 2016 (RGPD), y la Ley Org\u00e1nica 3\/2018, de 5 de diciembre, de Protecci\u00f3n de Datos y Garant\u00eda de los Derechos Digitales (LOPDGDD), es obligatorio obtener el consentimiento expl\u00edcito del usuario para todas las cookies no esenciales antes de que este navegue por cualquier p\u00e1gina web.<\/p><p>Seg\u00fan la directiva de la UE, las cookies que requieren el consentimiento informado del usuario son las cookies de anal\u00edtica y las de publicidad y afiliaci\u00f3n, quedando exceptuadas las cookies t\u00e9cnicas y necesarias para el correcto funcionamiento del sitio web o servicios expresamente solicitados por el usuario.<\/p><p><strong>TIPOS DE COOKIES<\/strong><\/p><p><strong>Seg\u00fan su finalidad:<\/strong><\/p><ul><li><strong>Cookies t\u00e9cnicas y funcionales<\/strong>: Son aquellas que permiten al usuario la navegaci\u00f3n a trav\u00e9s de una p\u00e1gina web, plataforma o aplicaci\u00f3n y la utilizaci\u00f3n de las diferentes opciones o servicios que en ella existan.<\/li><li><strong>Cookies anal\u00edticas<\/strong>: Permiten al responsable del sitio web rastrear y analizar el comportamiento de los usuarios en los sitios web a los que est\u00e1n vinculadas. La informaci\u00f3n recopilada por estas cookies se utiliza para medir la actividad del sitio web y crear perfiles de navegaci\u00f3n de los usuarios, con el fin de implementar mejoras basadas en el an\u00e1lisis de datos. <\/li><\/ul><p><strong>Seg\u00fan su titularidad:<\/strong><\/p><ul><li><strong>Cookies propias<\/strong>: Son aquellas que se env\u00edan al equipo terminal del usuario desde un dominio gestionado por el propio editor y desde el que se presta el servicio solicitado.<\/li><li><strong>Cookies de terceros:<\/strong> Son aquellas que se env\u00edan al equipo terminal del usuario desde un dominio que no es gestionado por el editor, sino por otra entidad que trata los datos obtenidos trav\u00e9s de las cookies.<\/li><\/ul><p><strong>Seg\u00fan el per\u00edodo de almacenamiento:<\/strong><\/p><ul><li><strong>Cookies de sesi\u00f3n:<\/strong> Son aquellas dise\u00f1adas para recabar y almacenar datos mientras el usuario accede a una p\u00e1gina web.<\/li><li><strong>Cookies persistentes: <\/strong>Almacenan los datos en el dispositivo del usuario durante un periodo definido por el responsable de la cookie, y que puede ir de unos minutos a varios a\u00f1os.<\/li><\/ul><p><strong>TRATAMIENTO DE DATOS PERSONALES<\/strong><\/p><p>GUILERA SA, con CIF A-08851461 y domicilio social en C\/ Ramon Llull 8, 08750 Molins de Rei (Barcelona), es responsable del tratamiento de los datos personales del interesado y le informa de que estos ser\u00e1n tratados de conformidad con el Reglamento (UE) 2016\/679, de 27 de abril de 2016 (RGPD). Se proporciona la siguiente informaci\u00f3n sobre el tratamiento: <\/p><ul><li><strong>Finalidad del tratamiento<\/strong>: Seg\u00fan se especifica en el apartado de cookies utilizadas en este sitio web.<\/li><li><strong>Legitimaci\u00f3n del tratamiento<\/strong>: Por consentimiento del interesado (Art. 6.1.a RGPD).<\/li><li><strong>Criterios de conservaci\u00f3n de los datos<\/strong>: Seg\u00fan se especifica en el apartado de cookies utilizadas en la web.<\/li><li><strong>Comunicaci\u00f3n de los datos:<\/strong> No se comunicar\u00e1n datos a terceros salvo en el caso de cookies de terceros o por obligaci\u00f3n legal.<\/li><\/ul><p><strong>Derechos del interesado:<\/strong><\/p><ul><li>El derecho a retirar el consentimiento en cualquier momento.<\/li><li>El derecho a acceder, rectificar, portar y suprimir sus datos, as\u00ed como a limitar u oponerse a su tratamiento.<\/li><li>Derecho a presentar una reclamaci\u00f3n ante la autoridad de control ( <a href=\"http:\/\/www.aepd.es\">www.aepd.es<\/a> ) si considera que el tratamiento no se ajusta a la normativa vigente.<\/li><\/ul><p><strong>Datos de contacto para ejercer sus derechos:<\/strong><\/p><p>GUILERA S.A.<br>Direcci\u00f3n postal: C\/ Ramon Llull 8, 08750 Molins de Rei<br>Direcci\u00f3n de correo electr\u00f3nico: rgpd@guilera.com<\/p><p><strong>COOKIES DE TERCEROS UTILIZADAS EN ESTE SITIO WEB<\/strong><\/p><p><strong>PANEL DE CONFIGURACI\u00d3N<\/strong><\/p><p><strong>COOKIES ANAL\u00cdTICAS<\/strong><\/p><p>Marque o desmarque para aceptar o rechazar la instalaci\u00f3n de estas cookies.<\/p><table width=\"633\"><tbody><tr><td width=\"44\"><p><strong>NOMBRE<\/strong><\/p><\/td><td width=\"54\"><p><strong>TIPO<\/strong><\/p><\/td><td width=\"84\"><p><strong>PROPIEDAD<\/strong><\/p><\/td><td width=\"337\"><p><strong>OBJETIVO<\/strong><\/p><\/td><td width=\"59\"><p><strong>DURACI\u00d3N<\/strong><\/p><\/td><td width=\"54\"><p><strong>NOTAS<\/strong><\/p><\/td><\/tr><tr><td width=\"44\"><p>_ga<\/p><\/td><td width=\"54\"><p>Anal\u00edtico<\/p><\/td><td width=\"84\"><p>Google Analytics<\/p><\/td><td width=\"337\"><p>Habilita la funci\u00f3n de control de visitas \u00fanico. La primera vez que un usuario accede al sitio web a trav\u00e9s de un navegador, se instala esta cookie. Cuando el usuario regresa al sitio web con el mismo navegador, la cookie lo reconocer\u00e1. Solo si el usuario cambia de navegador se considerar\u00e1 un usuario diferente.   <\/p><\/td><td width=\"59\"><p>2 a\u00f1os<\/p><\/td><td width=\"54\"><p>Persistente<\/p><\/td><\/tr><tr><td width=\"44\"><p>_gat<\/p><\/td><td width=\"54\"><p>Anal\u00edtico<\/p><\/td><td width=\"84\"><p>Google Analytics<\/p><\/td><td width=\"337\"><p>Se utiliza para limitar las tasas de solicitud en sitios web de alto tr\u00e1fico.<\/p><\/td><td width=\"59\"><p>10 minutos<\/p><\/td><td width=\"54\"><p>Sesi\u00f3n<\/p><\/td><\/tr><tr><td width=\"44\"><p>_gid<\/p><\/td><td width=\"54\"><p>Anal\u00edtico<\/p><\/td><td width=\"84\"><p>Google Analytics<\/p><\/td><td width=\"337\"><p>Se utiliza para distinguir entre usuarios.<\/p><\/td><td width=\"59\"><p>24 horas<\/p><\/td><td width=\"54\"><p>Sesi\u00f3n<\/p><\/td><\/tr><\/tbody><\/table><p> <\/p><p>Encuentre m\u00e1s informaci\u00f3n sobre c\u00f3mo deshabilitar las cookies de Google Analytics:<\/p><ul><li>Pol\u00edtica de privacidad de Google<\/li><li>Inhabilitaci\u00f3n de Google Analytics<\/li><\/ul><p><strong>C\u00d3MO ELIMINAR LAS COOKIES DE LOS NAVEGADORES COMUNES<\/strong><\/p><ul><li><strong>Chrome<\/strong>: <a href=\"https:\/\/support.google.com\/chrome\/answer\/95647?hl=en&amp;co=GENIE.Platform%3DDesktop\" target=\"_blank\" rel=\"noopener\">Soporte de chrome<\/a><\/li><li><strong>Edge:<\/strong> <a href=\"https:\/\/support.microsoft.com\/en-us\/microsoft-edge\/delete-cookies-in-microsoft-edge-63947406-40ac-c3b8-57b9-2a946a29ae09\">Microsoft Edge<\/a><\/li><li><strong>Explorer:<\/strong> <a href=\"https:\/\/support.microsoft.com\/en-us\/help\/278835\/how-to-delete-cookie-files-in-internet-explorer\">Internet Explorer<\/a><\/li><li><strong>Firefox:<\/strong> <a href=\"https:\/\/www.mozilla.org\/en-US\/privacy\/websites\/#cookies\">Mozilla<\/a><\/li><li><strong>Safari:<\/strong> <a href=\"https:\/\/support.apple.com\/en-us\/guide\/safari\/sfri11471\/mac\">Apple <\/a><\/li><li><strong>Opera:<\/strong> <a href=\"https:\/\/help.opera.com\/en\/latest\/security-and-privacy\/#clearBrowsingData\">Opera<\/a><\/li><\/ul>\t\t\t\t\t\t\t\t<\/div>\n\t\t\t\t<\/div>\n\t\t\t\t\t<\/div>\n\t\t\t\t<\/div>\n\t\t\t\t<\/div>\n\t\t","protected":false},"excerpt":{"rendered":"<p>Pol\u00edtica de cookies INFORMACI\u00d3N SOBRE COOKIES Las cookies y otras tecnolog\u00edas similares como local shared objects, flash cookies o p\u00edxeles, son herramientas empleadas por los servidores web para almacenar y recuperar informaci\u00f3n acerca de sus visitantes, as\u00ed como para ofrecer un correcto funcionamiento del sitio. Mediante el uso de estos dispositivos el servidor web puede [&hellip;]<\/p>\n","protected":false},"author":1,"featured_media":0,"parent":0,"menu_order":0,"comment_status":"closed","ping_status":"closed","template":"","meta":{"footnotes":""},"class_list":["post-4750","page","type-page","status-publish","hentry"],"yoast_head":"<!-- This site is optimized with the Yoast SEO plugin v26.0 - https:\/\/yoast.com\/wordpress\/plugins\/seo\/ -->\n<title>Pol\u00edtica de cookies - Guilera<\/title>\n<meta name=\"robots\" content=\"noindex, nofollow\" \/>\n<meta property=\"og:locale\" content=\"es_ES\" \/>\n<meta property=\"og:type\" content=\"article\" \/>\n<meta property=\"og:title\" content=\"Pol\u00edtica de cookies - Guilera\" \/>\n<meta property=\"og:description\" content=\"Pol\u00edtica de cookies INFORMACI\u00d3N SOBRE COOKIES Las cookies y otras tecnolog\u00edas similares como local shared objects, flash cookies o p\u00edxeles, son herramientas empleadas por los servidores web para almacenar y recuperar informaci\u00f3n acerca de sus visitantes, as\u00ed como para ofrecer un correcto funcionamiento del sitio. Mediante el uso de estos dispositivos el servidor web puede [&hellip;]\" \/>\n<meta property=\"og:url\" content=\"https:\/\/guilera.com\/es\/politica-de-cookies\/\" \/>\n<meta property=\"og:site_name\" content=\"Guilera\" \/>\n<meta property=\"article:modified_time\" content=\"2025-08-26T10:31:13+00:00\" \/>\n<meta name=\"twitter:card\" content=\"summary_large_image\" \/>\n<meta name=\"twitter:label1\" content=\"Tiempo de lectura\" \/>\n\t<meta name=\"twitter:data1\" content=\"4 minutos\" \/>\n<script type=\"application\/ld+json\" class=\"yoast-schema-graph\">{\"@context\":\"https:\/\/schema.org\",\"@graph\":[{\"@type\":\"WebPage\",\"@id\":\"https:\/\/guilera.com\/es\/politica-de-cookies\/\",\"url\":\"https:\/\/guilera.com\/es\/politica-de-cookies\/\",\"name\":\"Pol\u00edtica de cookies - Guilera\",\"isPartOf\":{\"@id\":\"https:\/\/guilera.com\/es\/#website\"},\"datePublished\":\"2024-06-18T12:20:44+00:00\",\"dateModified\":\"2025-08-26T10:31:13+00:00\",\"breadcrumb\":{\"@id\":\"https:\/\/guilera.com\/es\/politica-de-cookies\/#breadcrumb\"},\"inLanguage\":\"es\",\"potentialAction\":[{\"@type\":\"ReadAction\",\"target\":[\"https:\/\/guilera.com\/es\/politica-de-cookies\/\"]}]},{\"@type\":\"BreadcrumbList\",\"@id\":\"https:\/\/guilera.com\/es\/politica-de-cookies\/#breadcrumb\",\"itemListElement\":[{\"@type\":\"ListItem\",\"position\":1,\"name\":\"Home\",\"item\":\"https:\/\/guilera.com\/es\/inicio\/\"},{\"@type\":\"ListItem\",\"position\":2,\"name\":\"Pol\u00edtica de cookies\"}]},{\"@type\":\"WebSite\",\"@id\":\"https:\/\/guilera.com\/es\/#website\",\"url\":\"https:\/\/guilera.com\/es\/\",\"name\":\"Guilera\",\"description\":\"\",\"publisher\":{\"@id\":\"https:\/\/guilera.com\/es\/#organization\"},\"potentialAction\":[{\"@type\":\"SearchAction\",\"target\":{\"@type\":\"EntryPoint\",\"urlTemplate\":\"https:\/\/guilera.com\/es\/?s={search_term_string}\"},\"query-input\":{\"@type\":\"PropertyValueSpecification\",\"valueRequired\":true,\"valueName\":\"search_term_string\"}}],\"inLanguage\":\"es\"},{\"@type\":\"Organization\",\"@id\":\"https:\/\/guilera.com\/es\/#organization\",\"name\":\"Guilera S.A.\",\"url\":\"https:\/\/guilera.com\/es\/\",\"logo\":{\"@type\":\"ImageObject\",\"inLanguage\":\"es\",\"@id\":\"https:\/\/guilera.com\/es\/#\/schema\/logo\/image\/\",\"url\":\"https:\/\/guilera.com\/wp-content\/uploads\/2024\/06\/cropped-favicon-guilera.png\",\"contentUrl\":\"https:\/\/guilera.com\/wp-content\/uploads\/2024\/06\/cropped-favicon-guilera.png\",\"width\":512,\"height\":512,\"caption\":\"Guilera S.A.\"},\"image\":{\"@id\":\"https:\/\/guilera.com\/es\/#\/schema\/logo\/image\/\"}}]}<\/script>\n<!-- \/ Yoast SEO plugin. -->","yoast_head_json":{"title":"Pol\u00edtica de cookies - Guilera","robots":{"index":"noindex","follow":"nofollow"},"og_locale":"es_ES","og_type":"article","og_title":"Pol\u00edtica de cookies - Guilera","og_description":"Pol\u00edtica de cookies INFORMACI\u00d3N SOBRE COOKIES Las cookies y otras tecnolog\u00edas similares como local shared objects, flash cookies o p\u00edxeles, son herramientas empleadas por los servidores web para almacenar y recuperar informaci\u00f3n acerca de sus visitantes, as\u00ed como para ofrecer un correcto funcionamiento del sitio. Mediante el uso de estos dispositivos el servidor web puede [&hellip;]","og_url":"https:\/\/guilera.com\/es\/politica-de-cookies\/","og_site_name":"Guilera","article_modified_time":"2025-08-26T10:31:13+00:00","twitter_card":"summary_large_image","twitter_misc":{"Tiempo de lectura":"4 minutos"},"schema":{"@context":"https:\/\/schema.org","@graph":[{"@type":"WebPage","@id":"https:\/\/guilera.com\/es\/politica-de-cookies\/","url":"https:\/\/guilera.com\/es\/politica-de-cookies\/","name":"Pol\u00edtica de cookies - Guilera","isPartOf":{"@id":"https:\/\/guilera.com\/es\/#website"},"datePublished":"2024-06-18T12:20:44+00:00","dateModified":"2025-08-26T10:31:13+00:00","breadcrumb":{"@id":"https:\/\/guilera.com\/es\/politica-de-cookies\/#breadcrumb"},"inLanguage":"es","potentialAction":[{"@type":"ReadAction","target":["https:\/\/guilera.com\/es\/politica-de-cookies\/"]}]},{"@type":"BreadcrumbList","@id":"https:\/\/guilera.com\/es\/politica-de-cookies\/#breadcrumb","itemListElement":[{"@type":"ListItem","position":1,"name":"Home","item":"https:\/\/guilera.com\/es\/inicio\/"},{"@type":"ListItem","position":2,"name":"Pol\u00edtica de cookies"}]},{"@type":"WebSite","@id":"https:\/\/guilera.com\/es\/#website","url":"https:\/\/guilera.com\/es\/","name":"Guilera","description":"","publisher":{"@id":"https:\/\/guilera.com\/es\/#organization"},"potentialAction":[{"@type":"SearchAction","target":{"@type":"EntryPoint","urlTemplate":"https:\/\/guilera.com\/es\/?s={search_term_string}"},"query-input":{"@type":"PropertyValueSpecification","valueRequired":true,"valueName":"search_term_string"}}],"inLanguage":"es"},{"@type":"Organization","@id":"https:\/\/guilera.com\/es\/#organization","name":"Guilera S.A.","url":"https:\/\/guilera.com\/es\/","logo":{"@type":"ImageObject","inLanguage":"es","@id":"https:\/\/guilera.com\/es\/#\/schema\/logo\/image\/","url":"https:\/\/guilera.com\/wp-content\/uploads\/2024\/06\/cropped-favicon-guilera.png","contentUrl":"https:\/\/guilera.com\/wp-content\/uploads\/2024\/06\/cropped-favicon-guilera.png","width":512,"height":512,"caption":"Guilera S.A."},"image":{"@id":"https:\/\/guilera.com\/es\/#\/schema\/logo\/image\/"}}]}},"_links":{"self":[{"href":"https:\/\/guilera.com\/es\/wp-json\/wp\/v2\/pages\/4750","targetHints":{"allow":["GET"]}}],"collection":[{"href":"https:\/\/guilera.com\/es\/wp-json\/wp\/v2\/pages"}],"about":[{"href":"https:\/\/guilera.com\/es\/wp-json\/wp\/v2\/types\/page"}],"author":[{"embeddable":true,"href":"https:\/\/guilera.com\/es\/wp-json\/wp\/v2\/users\/1"}],"replies":[{"embeddable":true,"href":"https:\/\/guilera.com\/es\/wp-json\/wp\/v2\/comments?post=4750"}],"version-history":[{"count":3,"href":"https:\/\/guilera.com\/es\/wp-json\/wp\/v2\/pages\/4750\/revisions"}],"predecessor-version":[{"id":5635,"href":"https:\/\/guilera.com\/es\/wp-json\/wp\/v2\/pages\/4750\/revisions\/5635"}],"wp:attachment":[{"href":"https:\/\/guilera.com\/es\/wp-json\/wp\/v2\/media?parent=4750"}],"curies":[{"name":"wp","href":"https:\/\/api.w.org\/{rel}","templated":true}]}}