{"id":4905,"date":"2024-06-18T14:16:55","date_gmt":"2024-06-18T12:16:55","guid":{"rendered":"https:\/\/guilera.com\/politica-de-privacidad\/"},"modified":"2025-04-01T01:14:56","modified_gmt":"2025-03-31T23:14:56","slug":"politica-de-privacidad","status":"publish","type":"page","link":"https:\/\/guilera.com\/es\/politica-de-privacidad\/","title":{"rendered":"Pol\u00edtica de privacidad"},"content":{"rendered":"\t\t<div data-elementor-type=\"wp-page\" data-elementor-id=\"4905\" class=\"elementor elementor-4905 elementor-166\" data-elementor-post-type=\"page\">\n\t\t\t\t\t\t<section class=\"elementor-section elementor-top-section elementor-element elementor-element-71e38350 elementor-section-boxed elementor-section-height-default elementor-section-height-default\" data-id=\"71e38350\" data-element_type=\"section\" data-settings=\"{&quot;background_background&quot;:&quot;classic&quot;}\">\n\t\t\t\t\t\t\t<div class=\"elementor-background-overlay\"><\/div>\n\t\t\t\t\t\t\t<div class=\"elementor-container elementor-column-gap-default\">\n\t\t\t\t\t<div class=\"elementor-column elementor-col-100 elementor-top-column elementor-element elementor-element-b77e556\" data-id=\"b77e556\" data-element_type=\"column\">\n\t\t\t<div class=\"elementor-widget-wrap elementor-element-populated\">\n\t\t\t\t\t\t<div class=\"elementor-element elementor-element-7eecef4a elementor-widget__width-auto elementor-invisible elementor-widget elementor-widget-heading\" data-id=\"7eecef4a\" data-element_type=\"widget\" data-settings=\"{&quot;_animation&quot;:&quot;fadeInLeft&quot;}\" data-widget_type=\"heading.default\">\n\t\t\t\t<div class=\"elementor-widget-container\">\n\t\t\t\t\t<h2 class=\"elementor-heading-title elementor-size-default\">Pol\u00edtica de privacidad<\/h2>\t\t\t\t<\/div>\n\t\t\t\t<\/div>\n\t\t\t\t\t<\/div>\n\t\t<\/div>\n\t\t\t\t\t<\/div>\n\t\t<\/section>\n\t\t<div class=\"elementor-element elementor-element-9f7e5ba e-flex e-con-boxed e-con e-parent\" data-id=\"9f7e5ba\" data-element_type=\"container\">\n\t\t\t\t\t<div class=\"e-con-inner\">\n\t\t\t\t<div class=\"elementor-element elementor-element-caf4126 elementor-widget elementor-widget-text-editor\" data-id=\"caf4126\" data-element_type=\"widget\" data-widget_type=\"text-editor.default\">\n\t\t\t\t<div class=\"elementor-widget-container\">\n\t\t\t\t\t\t\t\t\t<p><span style=\"font-weight: 400;\">Esta pol\u00edtica de privacidad establece la forma en que se gestionar\u00e1n los datos personales en este sitio web. Es imprescindible que la leas y aceptes su contenido antes de continuar navegando.<\/span><\/p><p><span style=\"font-weight: 400;\">https:\/\/www.guilera.com\/ es el sitio web de la empresa GUILERA, SA, con CIF A-08851461 y domicilio social en C\/ Ramon Llull, 8, 08750 Molins de Rei<\/span><\/p><p><span style=\"font-weight: 400;\">A efectos de lo previsto en el RGPD 2016\/679 (UE) y la Ley 3\/2018, de 5 de diciembre, los datos personales que nos env\u00edes a trav\u00e9s de los formularios del sitio web ser\u00e1n tratados como datos de \u201cUsuarios del sitio web\u201d.<\/span><\/p><p><span style=\"font-weight: 400;\">Para el tratamiento de los datos de nuestros usuarios, implementamos todas las medidas t\u00e9cnicas y organizativas de seguridad establecidas en la legislaci\u00f3n vigente.<\/span><\/p><p><span style=\"font-weight: 400;\">GUILERA, SA ha adecuado esta web a las exigencias de la Ley Org\u00e1nica 3\/2018, de 5 de diciembre, de Protecci\u00f3n de Datos Personales y Garant\u00eda de los Derechos Digitales, as\u00ed como al Reglamento (UE) 2016\/679 del Parlamento Europeo y del Consejo de 27 de abril de 2016 relativo a la protecci\u00f3n de las personas f\u00edsicas (RGPD), y a la Ley 34\/2002, de 11 de julio, de Servicios de la Sociedad de la Informaci\u00f3n y Comercio Electr\u00f3nico (LSSICE o LSSI). Responsable del tratamiento de sus datos personales<\/span><\/p><ul><li><span style=\"font-weight: 400;\"> Identidad del Responsable: GUILERA, SA<\/span><\/li><li><span style=\"font-weight: 400;\"> NIF\/CIF: A-08851461<\/span><\/li><li><span style=\"font-weight: 400;\"> Direcci\u00f3n: C\/ Ramon Llull, 8, 08750 Molins de Rei<\/span><\/li><li><span style=\"font-weight: 400;\"> Tel\u00e9fono: 34 93 668 17 94<\/span><\/li><li><span style=\"font-weight: 400;\"> Correo electr\u00f3nico: guilera@guilera.com<\/span><\/li><li><span style=\"font-weight: 400;\"> Correo electr\u00f3nico para el ejercicio de derechos: rgpd@guilera.com<\/span><\/li><\/ul><p><span style=\"font-weight: 400;\">Actividad: Fabricantes de series electr\u00f3nicas peque\u00f1as y medianas. Especializada en tecnolog\u00eda, servicios y productos propios, con foco en la movilidad el\u00e9ctrica desde 2007.<\/span><\/p><p><span style=\"font-weight: 400;\">Inscrita en el Registro Mercantil de Barcelona: tomo 23. 707, folio 90, p\u00e1gina no B-59.5776, entrada 9a.<\/span><\/p><p> <\/p><p><b>Principios que aplicaremos a tu informaci\u00f3n personal<\/b><\/p><p><span style=\"font-weight: 400;\">En el tratamiento de tus datos personales aplicaremos los siguientes principios:<\/span><\/p><ul><li><span style=\"font-weight: 400;\"> Principio de licitud, lealtad y transparencia: Siempre requeriremos tu consentimiento para tratar tus datos personales para uno o varios fines espec\u00edficos que te informaremos previamente con absoluta transparencia.<\/span><\/li><li><span style=\"font-weight: 400;\"> Principio de minimizaci\u00f3n de datos: Solo solicitaremos datos estrictamente necesarios en relaci\u00f3n con los fines para los que los requerimos.<\/span><\/li><li><span style=\"font-weight: 400;\"> Principio de integridad y confidencialidad: Sus datos ser\u00e1n tratados de manera que se garantice su confidencialidad. Debes saber que tomamos todas las precauciones necesarias para evitar el acceso no autorizado o mal uso de los datos de nuestros usuarios por parte de terceros.<\/span><\/li><\/ul><p><span style=\"font-weight: 400;\">GUILERA, SA con domicilio social en C\/ Ramon Llull, 8, 08750 Molins de Rei pone a su disposici\u00f3n informaci\u00f3n sobre sus actividades, productos y servicios a trav\u00e9s de este sitio web.<\/span><\/p><p><span style=\"font-weight: 400;\">GUILERA, SA se reserva todos los derechos de propiedad industrial e intelectual. El acceso a los contenidos del sitio web no implica la concesi\u00f3n de una licencia de uso de los indicados derechos y, salvo autorizaci\u00f3n expresa de sus titulares, queda prohibida su reproducci\u00f3n, modificaci\u00f3n, distribuci\u00f3n o comunicaci\u00f3n p\u00fablica de acuerdo con la legislaci\u00f3n espa\u00f1ola vigente.<\/span><\/p><p><span style=\"font-weight: 400;\">GUILERA, SA no se responsabiliza ni garantiza que la informaci\u00f3n contenida en su sitio web sea completa, exacta y totalmente actualizada. GUILERA, SA no ser\u00e1 responsable de los da\u00f1os y perjuicios de cualquier naturaleza que pudieran ocasionarse a cualquier persona que haya accedido y utilizado los contenidos de su sitio web o de otros a los que se haya dirigido desde el mismo.<\/span><\/p><p> <\/p><p><b>Prop\u00f3sitos<\/b><\/p><p><span style=\"font-weight: 400;\">Cuando un usuario se conecta con este sitio web, por ejemplo para enviar un correo electr\u00f3nico con una consulta (formulario de contacto), est\u00e1 facilitando informaci\u00f3n personal de la que es responsable GUILERA, SA. Esta informaci\u00f3n puede incluir datos personales como su direcci\u00f3n IP, nombre, direcci\u00f3n f\u00edsica, direcci\u00f3n de correo electr\u00f3nico, n\u00famero de tel\u00e9fono y otra informaci\u00f3n. Al facilitar esta informaci\u00f3n, el usuario da su consentimiento para que sus datos sean tratados y almacenados por GUILERA, SA en la forma descrita en esta Pol\u00edtica de Privacidad.<\/span><\/p><p><span style=\"font-weight: 400;\">En GUILERA, SA existen diferentes sistemas de captura de informaci\u00f3n personal y tratamiento de la informaci\u00f3n que nos facilitan los interesados \u200b\u200bcon las finalidades indicadas seg\u00fan cada sistema de captura (formularios).<\/span><\/p><p> <\/p><p><span style=\"text-decoration: underline;\">Formularios de contacto<\/span><\/p><p><span style=\"font-weight: 400;\">La finalidad de este tratamiento ser\u00e1 responder a su consulta, atender su solicitud o resolver la cuesti\u00f3n planteada. En este caso, sus datos personales se conservar\u00e1n durante el tiempo necesario para responder a su consulta y en todo caso hasta que usted manifieste su supresi\u00f3n o durante el tiempo que sea imprescindible para cumplir con las obligaciones legales vigentes.<\/span><\/p><p> <\/p><p><span style=\"text-decoration: underline;\">Formularios de env\u00edo de CV<\/span><\/p><p><span style=\"font-weight: 400;\">La finalidad de este tratamiento ser\u00e1 la participaci\u00f3n en procesos de selecci\u00f3n que GUILERA, SA tenga abiertos o abra en el futuro. Conservaremos sus datos durante un m\u00e1ximo de dos a\u00f1os salvo que nos indique lo contrario y, en todo caso, durante el tiempo necesario para cumplir con las obligaciones legales.<\/span><\/p><p> <\/p><p><span style=\"text-decoration: underline;\">Env\u00edos comerciales<\/span><\/p><p><span style=\"font-weight: 400;\">Si marca la casilla correspondiente, podremos utilizar sus datos con la finalidad de mantenerle informado de nuestras novedades, actividades y otra informaci\u00f3n que pueda ser de su inter\u00e9s y relacionada con la actividad de la empresa. Conservaremos sus datos mientras no nos manifieste su oposici\u00f3n y en cualquier caso durante un m\u00e1ximo de 5 a\u00f1os desde la \u00faltima confirmaci\u00f3n de inter\u00e9s.<\/span><\/p><p><span style=\"font-weight: 400;\">Existen otras finalidades por las que tratamos tus datos personales:<\/span><\/p><ul><li><span style=\"font-weight: 400;\"> Para garantizar el cumplimiento de las condiciones de uso y la legislaci\u00f3n aplicable. Esto puede incluir el desarrollo de herramientas y algoritmos que ayuden a este sitio web a garantizar la confidencialidad de los datos personales que recopila.<\/span><\/li><li><span style=\"font-weight: 400;\"> Para apoyar y mejorar los servicios ofrecidos por este sitio web.<\/span><\/li><li><span style=\"font-weight: 400;\"> Tambi\u00e9n se recogen otros datos no identificativos, que se obtienen mediante algunas cookies que se descargan en el ordenador del usuario cuando navega en esta web, que detallo en la pol\u00edtica de cookies.<\/span><\/li><\/ul><p><span style=\"font-weight: 400;\">GUILERA, SA no vende, alquila ni cede datos de car\u00e1cter personal que puedan identificar al usuario, ni lo har\u00e1 en el futuro, a terceros sin el consentimiento previo. Sin embargo, en algunos casos se podr\u00e1n realizar colaboraciones con otros profesionales, en cuyos casos, se requerir\u00e1 el consentimiento previo a los usuarios, informando de la identidad del colaborador y de la finalidad de la colaboraci\u00f3n. Siempre se realizar\u00e1 con los m\u00e1s estrictos est\u00e1ndares de seguridad y confidencialidad.<\/span><\/p><p> <\/p><p><b>Legitimaci\u00f3n<\/b><\/p><p><span style=\"font-weight: 400;\">La base legal que legitima el tratamiento de los datos personales ser\u00e1 la siguiente:<\/span><\/p><p><span style=\"font-weight: 400;\">&#8211; En formularios de contacto: el consentimiento del interesado mediante la acci\u00f3n positiva de ejecutar la consulta o solicitud a trav\u00e9s del sitio web.<\/span><\/p><p><span style=\"font-weight: 400;\">&#8211; En los formularios de env\u00edo de CV: el consentimiento del interesado<\/span><\/p><p><span style=\"font-weight: 400;\">&#8211; Env\u00edos comerciales: el inter\u00e9s leg\u00edtimo en ser cliente de la entidad y el consentimiento del interesado a trav\u00e9s de la casilla S\u00cd.<\/span><\/p><p> <\/p><p><b>Categor\u00edas de datos<\/b><\/p><p><span style=\"font-weight: 400;\">Las categor\u00edas de datos tratados son datos identificativos: nombre, apellidos, direcci\u00f3n, n\u00famero de tel\u00e9fono y NIF. No se tratan categor\u00edas de datos especialmente protegidos.<\/span><\/p><p> <\/p><p><b>Destinatarios<\/b><\/p><p><span style=\"font-weight: 400;\">GUILERA, SA no comunicar\u00e1 los datos personales del usuario a terceros sin el consentimiento del interesado. S\u00f3lo las Administraciones P\u00fablicas podr\u00e1n ser destinatarias de los datos para el cumplimiento de los requisitos legales a los que est\u00e1 obligada la empresa.<\/span><\/p><p> <\/p><p><b>Derechos<\/b><\/p><p><span style=\"font-weight: 400;\">Los usuarios del sitio web no tienen obligaci\u00f3n de facilitar sus datos personales, por lo que facilitarlos es un acto totalmente voluntario.<\/span><\/p><p><span style=\"font-weight: 400;\">GUILERA, SA informa que los usuarios tienen derecho a acceder, rectificar, suprimir sus datos, as\u00ed como a oponerse y\/o limitar el tratamiento y la portabilidad de sus datos en los casos previstos en el Reglamento (UE) 216\/679. En el caso de que el tratamiento est\u00e9 basado en el consentimiento, el usuario siempre podr\u00e1 retirar el consentimiento prestado en cualquier momento.<\/span><\/p><p><span style=\"font-weight: 400;\">Para ejercitar estos derechos deber\u00e1 dirigir un escrito a la direcci\u00f3n C\/ Ramon Llull, 8, 08750 Molins de Rei o enviar un correo electr\u00f3nico a rgpd@guilera.com. Para ello deber\u00e1 adjuntar un documento acreditativo de su identidad e indicar el derecho que ejerce. Podr\u00e1 presentar una reclamaci\u00f3n ante la Agencia Espa\u00f1ola de Protecci\u00f3n de Datos (www.aepd.es).<\/span><\/p><p> <\/p><p><b>Confidencialidad y seguridad de los datos<\/b><\/p><p><span style=\"font-weight: 400;\">GUILERA, SA se compromete en el uso y tratamiento de los datos personales de los usuarios, respetando su confidencialidad y a utilizarlos de acuerdo con la finalidad de los mismos, as\u00ed como a dar cumplimiento a su obligaci\u00f3n de guardarlos y adoptar todas las medidas para evitar la alteraci\u00f3n, p\u00e9rdida, tratamiento o acceso no autorizado, de acuerdo con lo establecido en la normativa vigente de protecci\u00f3n de datos.<\/span><\/p><p> <\/p><p><b>Exactitud y veracidad de los datos<\/b><\/p><p><span style=\"font-weight: 400;\">Como usuario, eres el \u00fanico responsable de la veracidad y correcci\u00f3n de los datos que nos remitas, exonerando a GUILERA, SA de cualquier responsabilidad al respecto, incluso cuando nos facilites datos de terceros.<\/span><\/p><p><span style=\"font-weight: 400;\">Los usuarios garantizan y responden, en cualquier caso, de la exactitud, vigencia y autenticidad de los datos personales facilitados, y se comprometen a mantenerlos debidamente actualizados. El usuario acepta proporcionar informaci\u00f3n completa y correcta en el formulario de contacto o suscripci\u00f3n. En el caso de que facilites datos de terceros, deber\u00e1s contar con su consentimiento previo.<\/span><\/p><p> <\/p><p><b>Aceptaci\u00f3n y consentimiento<\/b><\/p><p><span style=\"font-weight: 400;\">El usuario declara haber sido informado de las condiciones sobre protecci\u00f3n de datos de car\u00e1cter personal, aceptando y consintiendo el tratamiento de los mismos por parte de e GUILERA, SA en la forma y para las finalidades indicadas en esta Pol\u00edtica de Privacidad.<\/span><\/p><p> <\/p><p><b>Revocabilidad<\/b><\/p><p><span style=\"font-weight: 400;\">El consentimiento prestado, tanto para el tratamiento como para la cesi\u00f3n de los datos de los interesados, es revocable en cualquier momento comunic\u00e1ndolo a GUILERA, SA en los t\u00e9rminos establecidos en esta Pol\u00edtica para el ejercicio de los derechos de acceso, rectificaci\u00f3n, limitaci\u00f3n, oposici\u00f3n, supresi\u00f3n y portabilidad a la direcci\u00f3n postal mencionada anteriormente o al correo electr\u00f3nico rgpd@guilera.com La revocaci\u00f3n del consentimiento no tendr\u00e1 en ning\u00fan caso efectos retroactivos.<\/span><\/p><p> <\/p><p><b>Cambios en la pol\u00edtica de privacidad<\/b><\/p><p><span style=\"font-weight: 400;\">GUILERA, SA se reserva el derecho a modificar la presente pol\u00edtica para adaptarla a novedades legislativas o jurisprudenciales, as\u00ed como a pr\u00e1cticas de la industria. En dichos casos, GUILERA, SA anunciar\u00e1 en esta p\u00e1gina los cambios introducidos con razonable antelaci\u00f3n a su puesta en pr\u00e1ctica, a la fecha de su \u00faltima versi\u00f3n.<\/span><\/p><p> <\/p><p><span style=\"font-weight: 400;\">\u00daltima actualizaci\u00f3n: mayo de 2024<\/span><\/p>\t\t\t\t\t\t\t\t<\/div>\n\t\t\t\t<\/div>\n\t\t\t\t\t<\/div>\n\t\t\t\t<\/div>\n\t\t\t\t<\/div>\n\t\t","protected":false},"excerpt":{"rendered":"<p>Pol\u00edtica de privacidad Esta pol\u00edtica de privacidad establece la forma en que se gestionar\u00e1n los datos personales en este sitio web. Es imprescindible que la leas y aceptes su contenido antes de continuar navegando. https:\/\/www.guilera.com\/ es el sitio web de la empresa GUILERA, SA, con CIF A-08851461 y domicilio social en C\/ Ramon Llull, 8, [&hellip;]<\/p>\n","protected":false},"author":1,"featured_media":0,"parent":0,"menu_order":0,"comment_status":"closed","ping_status":"closed","template":"","meta":{"footnotes":""},"class_list":["post-4905","page","type-page","status-publish","hentry"],"yoast_head":"<!-- This site is optimized with the Yoast SEO plugin v26.0 - https:\/\/yoast.com\/wordpress\/plugins\/seo\/ -->\n<title>Pol\u00edtica de privacidad - Guilera<\/title>\n<meta name=\"robots\" content=\"noindex, nofollow\" \/>\n<meta property=\"og:locale\" content=\"es_ES\" \/>\n<meta property=\"og:type\" content=\"article\" \/>\n<meta property=\"og:title\" content=\"Pol\u00edtica de privacidad - Guilera\" \/>\n<meta property=\"og:description\" content=\"Pol\u00edtica de privacidad Esta pol\u00edtica de privacidad establece la forma en que se gestionar\u00e1n los datos personales en este sitio web. Es imprescindible que la leas y aceptes su contenido antes de continuar navegando. https:\/\/www.guilera.com\/ es el sitio web de la empresa GUILERA, SA, con CIF A-08851461 y domicilio social en C\/ Ramon Llull, 8, [&hellip;]\" \/>\n<meta property=\"og:url\" content=\"https:\/\/guilera.com\/es\/politica-de-privacidad\/\" \/>\n<meta property=\"og:site_name\" content=\"Guilera\" \/>\n<meta property=\"article:modified_time\" content=\"2025-03-31T23:14:56+00:00\" \/>\n<meta name=\"twitter:card\" content=\"summary_large_image\" \/>\n<meta name=\"twitter:label1\" content=\"Tiempo de lectura\" \/>\n\t<meta name=\"twitter:data1\" content=\"9 minutos\" \/>\n<script type=\"application\/ld+json\" class=\"yoast-schema-graph\">{\"@context\":\"https:\/\/schema.org\",\"@graph\":[{\"@type\":\"WebPage\",\"@id\":\"https:\/\/guilera.com\/es\/politica-de-privacidad\/\",\"url\":\"https:\/\/guilera.com\/es\/politica-de-privacidad\/\",\"name\":\"Pol\u00edtica de privacidad - Guilera\",\"isPartOf\":{\"@id\":\"https:\/\/guilera.com\/es\/#website\"},\"datePublished\":\"2024-06-18T12:16:55+00:00\",\"dateModified\":\"2025-03-31T23:14:56+00:00\",\"breadcrumb\":{\"@id\":\"https:\/\/guilera.com\/es\/politica-de-privacidad\/#breadcrumb\"},\"inLanguage\":\"es\",\"potentialAction\":[{\"@type\":\"ReadAction\",\"target\":[\"https:\/\/guilera.com\/es\/politica-de-privacidad\/\"]}]},{\"@type\":\"BreadcrumbList\",\"@id\":\"https:\/\/guilera.com\/es\/politica-de-privacidad\/#breadcrumb\",\"itemListElement\":[{\"@type\":\"ListItem\",\"position\":1,\"name\":\"Home\",\"item\":\"https:\/\/guilera.com\/es\/inicio\/\"},{\"@type\":\"ListItem\",\"position\":2,\"name\":\"Pol\u00edtica de privacidad\"}]},{\"@type\":\"WebSite\",\"@id\":\"https:\/\/guilera.com\/es\/#website\",\"url\":\"https:\/\/guilera.com\/es\/\",\"name\":\"Guilera\",\"description\":\"\",\"publisher\":{\"@id\":\"https:\/\/guilera.com\/es\/#organization\"},\"potentialAction\":[{\"@type\":\"SearchAction\",\"target\":{\"@type\":\"EntryPoint\",\"urlTemplate\":\"https:\/\/guilera.com\/es\/?s={search_term_string}\"},\"query-input\":{\"@type\":\"PropertyValueSpecification\",\"valueRequired\":true,\"valueName\":\"search_term_string\"}}],\"inLanguage\":\"es\"},{\"@type\":\"Organization\",\"@id\":\"https:\/\/guilera.com\/es\/#organization\",\"name\":\"Guilera S.A.\",\"url\":\"https:\/\/guilera.com\/es\/\",\"logo\":{\"@type\":\"ImageObject\",\"inLanguage\":\"es\",\"@id\":\"https:\/\/guilera.com\/es\/#\/schema\/logo\/image\/\",\"url\":\"https:\/\/guilera.com\/wp-content\/uploads\/2024\/06\/cropped-favicon-guilera.png\",\"contentUrl\":\"https:\/\/guilera.com\/wp-content\/uploads\/2024\/06\/cropped-favicon-guilera.png\",\"width\":512,\"height\":512,\"caption\":\"Guilera S.A.\"},\"image\":{\"@id\":\"https:\/\/guilera.com\/es\/#\/schema\/logo\/image\/\"}}]}<\/script>\n<!-- \/ Yoast SEO plugin. -->","yoast_head_json":{"title":"Pol\u00edtica de privacidad - Guilera","robots":{"index":"noindex","follow":"nofollow"},"og_locale":"es_ES","og_type":"article","og_title":"Pol\u00edtica de privacidad - Guilera","og_description":"Pol\u00edtica de privacidad Esta pol\u00edtica de privacidad establece la forma en que se gestionar\u00e1n los datos personales en este sitio web. Es imprescindible que la leas y aceptes su contenido antes de continuar navegando. https:\/\/www.guilera.com\/ es el sitio web de la empresa GUILERA, SA, con CIF A-08851461 y domicilio social en C\/ Ramon Llull, 8, [&hellip;]","og_url":"https:\/\/guilera.com\/es\/politica-de-privacidad\/","og_site_name":"Guilera","article_modified_time":"2025-03-31T23:14:56+00:00","twitter_card":"summary_large_image","twitter_misc":{"Tiempo de lectura":"9 minutos"},"schema":{"@context":"https:\/\/schema.org","@graph":[{"@type":"WebPage","@id":"https:\/\/guilera.com\/es\/politica-de-privacidad\/","url":"https:\/\/guilera.com\/es\/politica-de-privacidad\/","name":"Pol\u00edtica de privacidad - Guilera","isPartOf":{"@id":"https:\/\/guilera.com\/es\/#website"},"datePublished":"2024-06-18T12:16:55+00:00","dateModified":"2025-03-31T23:14:56+00:00","breadcrumb":{"@id":"https:\/\/guilera.com\/es\/politica-de-privacidad\/#breadcrumb"},"inLanguage":"es","potentialAction":[{"@type":"ReadAction","target":["https:\/\/guilera.com\/es\/politica-de-privacidad\/"]}]},{"@type":"BreadcrumbList","@id":"https:\/\/guilera.com\/es\/politica-de-privacidad\/#breadcrumb","itemListElement":[{"@type":"ListItem","position":1,"name":"Home","item":"https:\/\/guilera.com\/es\/inicio\/"},{"@type":"ListItem","position":2,"name":"Pol\u00edtica de privacidad"}]},{"@type":"WebSite","@id":"https:\/\/guilera.com\/es\/#website","url":"https:\/\/guilera.com\/es\/","name":"Guilera","description":"","publisher":{"@id":"https:\/\/guilera.com\/es\/#organization"},"potentialAction":[{"@type":"SearchAction","target":{"@type":"EntryPoint","urlTemplate":"https:\/\/guilera.com\/es\/?s={search_term_string}"},"query-input":{"@type":"PropertyValueSpecification","valueRequired":true,"valueName":"search_term_string"}}],"inLanguage":"es"},{"@type":"Organization","@id":"https:\/\/guilera.com\/es\/#organization","name":"Guilera S.A.","url":"https:\/\/guilera.com\/es\/","logo":{"@type":"ImageObject","inLanguage":"es","@id":"https:\/\/guilera.com\/es\/#\/schema\/logo\/image\/","url":"https:\/\/guilera.com\/wp-content\/uploads\/2024\/06\/cropped-favicon-guilera.png","contentUrl":"https:\/\/guilera.com\/wp-content\/uploads\/2024\/06\/cropped-favicon-guilera.png","width":512,"height":512,"caption":"Guilera S.A."},"image":{"@id":"https:\/\/guilera.com\/es\/#\/schema\/logo\/image\/"}}]}},"_links":{"self":[{"href":"https:\/\/guilera.com\/es\/wp-json\/wp\/v2\/pages\/4905","targetHints":{"allow":["GET"]}}],"collection":[{"href":"https:\/\/guilera.com\/es\/wp-json\/wp\/v2\/pages"}],"about":[{"href":"https:\/\/guilera.com\/es\/wp-json\/wp\/v2\/types\/page"}],"author":[{"embeddable":true,"href":"https:\/\/guilera.com\/es\/wp-json\/wp\/v2\/users\/1"}],"replies":[{"embeddable":true,"href":"https:\/\/guilera.com\/es\/wp-json\/wp\/v2\/comments?post=4905"}],"version-history":[{"count":1,"href":"https:\/\/guilera.com\/es\/wp-json\/wp\/v2\/pages\/4905\/revisions"}],"predecessor-version":[{"id":4906,"href":"https:\/\/guilera.com\/es\/wp-json\/wp\/v2\/pages\/4905\/revisions\/4906"}],"wp:attachment":[{"href":"https:\/\/guilera.com\/es\/wp-json\/wp\/v2\/media?parent=4905"}],"curies":[{"name":"wp","href":"https:\/\/api.w.org\/{rel}","templated":true}]}}