{"id":5699,"date":"2025-10-07T08:52:31","date_gmt":"2025-10-07T06:52:31","guid":{"rendered":"https:\/\/guilera.com\/?page_id=5699"},"modified":"2025-12-11T13:48:08","modified_gmt":"2025-12-11T12:48:08","slug":"politica-calidad-medio-ambiente","status":"publish","type":"page","link":"https:\/\/guilera.com\/es\/politica-calidad-medio-ambiente\/","title":{"rendered":"Pol\u00edtica de Calidad y Medio Ambiente"},"content":{"rendered":"\t\t<div data-elementor-type=\"wp-page\" data-elementor-id=\"5699\" class=\"elementor elementor-5699 elementor-5696\" data-elementor-post-type=\"page\">\n\t\t\t\t\t\t<section class=\"elementor-section elementor-top-section elementor-element elementor-element-71e38350 elementor-section-boxed elementor-section-height-default elementor-section-height-default\" data-id=\"71e38350\" data-element_type=\"section\" data-settings=\"{&quot;background_background&quot;:&quot;classic&quot;}\">\n\t\t\t\t\t\t\t<div class=\"elementor-background-overlay\"><\/div>\n\t\t\t\t\t\t\t<div class=\"elementor-container elementor-column-gap-default\">\n\t\t\t\t\t<div class=\"elementor-column elementor-col-100 elementor-top-column elementor-element elementor-element-b77e556\" data-id=\"b77e556\" data-element_type=\"column\">\n\t\t\t<div class=\"elementor-widget-wrap elementor-element-populated\">\n\t\t\t\t\t\t<div class=\"elementor-element elementor-element-7eecef4a elementor-widget__width-auto e-transform elementor-invisible elementor-widget elementor-widget-heading\" data-id=\"7eecef4a\" data-element_type=\"widget\" data-settings=\"{&quot;_animation&quot;:&quot;fadeInLeft&quot;,&quot;_transform_rotateZ_effect&quot;:{&quot;unit&quot;:&quot;px&quot;,&quot;size&quot;:0,&quot;sizes&quot;:[]},&quot;_transform_rotate_3d&quot;:&quot;yes&quot;,&quot;_transform_rotateX_effect&quot;:{&quot;unit&quot;:&quot;px&quot;,&quot;size&quot;:0,&quot;sizes&quot;:[]},&quot;_transform_rotateZ_effect_tablet&quot;:{&quot;unit&quot;:&quot;deg&quot;,&quot;size&quot;:&quot;&quot;,&quot;sizes&quot;:[]},&quot;_transform_rotateZ_effect_mobile&quot;:{&quot;unit&quot;:&quot;deg&quot;,&quot;size&quot;:&quot;&quot;,&quot;sizes&quot;:[]},&quot;_transform_rotateX_effect_tablet&quot;:{&quot;unit&quot;:&quot;deg&quot;,&quot;size&quot;:&quot;&quot;,&quot;sizes&quot;:[]},&quot;_transform_rotateX_effect_mobile&quot;:{&quot;unit&quot;:&quot;deg&quot;,&quot;size&quot;:&quot;&quot;,&quot;sizes&quot;:[]},&quot;_transform_rotateY_effect&quot;:{&quot;unit&quot;:&quot;px&quot;,&quot;size&quot;:&quot;&quot;,&quot;sizes&quot;:[]},&quot;_transform_rotateY_effect_tablet&quot;:{&quot;unit&quot;:&quot;deg&quot;,&quot;size&quot;:&quot;&quot;,&quot;sizes&quot;:[]},&quot;_transform_rotateY_effect_mobile&quot;:{&quot;unit&quot;:&quot;deg&quot;,&quot;size&quot;:&quot;&quot;,&quot;sizes&quot;:[]},&quot;_transform_perspective_effect&quot;:{&quot;unit&quot;:&quot;px&quot;,&quot;size&quot;:&quot;&quot;,&quot;sizes&quot;:[]},&quot;_transform_perspective_effect_tablet&quot;:{&quot;unit&quot;:&quot;px&quot;,&quot;size&quot;:&quot;&quot;,&quot;sizes&quot;:[]},&quot;_transform_perspective_effect_mobile&quot;:{&quot;unit&quot;:&quot;px&quot;,&quot;size&quot;:&quot;&quot;,&quot;sizes&quot;:[]}}\" data-widget_type=\"heading.default\">\n\t\t\t\t<div class=\"elementor-widget-container\">\n\t\t\t\t\t<h1 class=\"elementor-heading-title elementor-size-default\"><h3 style=\"color: #ffffff\"><b><span>Pol\u00edtica de Calidad y Medio Ambiente<\/span><\/b><\/h4><\/h1>\t\t\t\t<\/div>\n\t\t\t\t<\/div>\n\t\t\t\t\t<\/div>\n\t\t<\/div>\n\t\t\t\t\t<\/div>\n\t\t<\/section>\n\t\t<div class=\"elementor-element elementor-element-9f7e5ba e-flex e-con-boxed e-con e-parent\" data-id=\"9f7e5ba\" data-element_type=\"container\">\n\t\t\t\t\t<div class=\"e-con-inner\">\n\t\t\t\t<div class=\"elementor-element elementor-element-caf4126 elementor-widget elementor-widget-text-editor\" data-id=\"caf4126\" data-element_type=\"widget\" data-widget_type=\"text-editor.default\">\n\t\t\t\t<div class=\"elementor-widget-container\">\n\t\t\t\t\t\t\t\t\t<h4 aria-level=\"2\"><b><span data-contrast=\"none\">Pol\u00edtica de Calidad y Medio Ambiente \u2013 GUILERA S.A.<\/span><\/b><span data-ccp-props=\"{\"134233117\":false,\"134233118\":false,\"134245418\":true,\"134245529\":true,\"201341983\":0,\"335551550\":6,\"335551620\":6,\"335559685\":0,\"335559738\":299,\"335559739\":299,\"335559740\":276,\"335559991\":360}\">&nbsp;<\/span><\/h4>\n<p data-start=\"248\" data-end=\"585\">La Direcci\u00f3n de GUILERA, S.A. manifiesta que su objetivo prioritario es el de fabricar y suministrar productos que satisfagan las expectativas de los clientes, cumpliendo con sus requerimientos expl\u00edcitos e impl\u00edcitos, en un proceso completo y obteniendo una rentabilidad que asegure la sostenibilidad de la empresa en el mercado a trav\u00e9s de la mejora continua de sus procesos y la reducci\u00f3n de los impactos ambientales.<\/p>\n<p><\/p>\n<p data-start=\"587\" data-end=\"616\">Para lograr estos objetivos, la empresa adopta las siguientes acciones:<\/p>\n<ul>\n<li data-start=\"618\" data-end=\"722\">\n<p data-start=\"621\" data-end=\"722\">Mantenimiento y mejora continua de la eficacia del Sistema de Gesti\u00f3n Integrado (SGI).<\/p>\n<\/li>\n<li data-start=\"723\" data-end=\"824\">\n<p data-start=\"726\" data-end=\"824\">Prevenci\u00f3n de defectos como parte de una cultura de excelencia, involucrando activamente a todo el personal en la mejora continua de los productos y servicios.<\/p>\n<\/li>\n<li data-start=\"825\" data-end=\"920\">\n<p data-start=\"828\" data-end=\"920\">Evaluaci\u00f3n y colaboraci\u00f3n constante con proveedores, basada en criterios de calidad, sostenibilidad y beneficio mutuo.<\/p>\n<\/li>\n<li data-start=\"921\" data-end=\"1058\">\n<p data-start=\"924\" data-end=\"1058\">Capacitaci\u00f3n continua del personal para asegurar la calidad del producto, la responsabilidad ambiental, la mejora del clima laboral, y fomentar su participaci\u00f3n en la mejora del sistema de gesti\u00f3n.<\/p>\n<\/li>\n<li data-start=\"1059\" data-end=\"1187\">\n<p data-start=\"1062\" data-end=\"1187\">Obtenci\u00f3n de la orientaci\u00f3n hacia los procesos de desarrollo y de fabricaci\u00f3n de producto y la medici\u00f3n de su eficiencia y su impacto en los resultados de la empresa.<\/p>\n<\/li>\n<li data-start=\"1188\" data-end=\"1301\">\n<p data-start=\"1191\" data-end=\"1301\">Cumplimiento de los requisitos legales, normativos y de los clientes, garantizando productos y servicios conformes en todos nuestros productos y servicios.<\/p>\n<\/li>\n<li data-start=\"1302\" data-end=\"1410\">\n<p data-start=\"1305\" data-end=\"1410\">Optimizaci\u00f3n de t\u00e9cnicas, recursos y documentaci\u00f3n operativa de los procesos para maximizar la eficiencia y la competitividad.<\/p>\n<\/li>\n<li data-start=\"1411\" data-end=\"1484\">\n<p data-start=\"1414\" data-end=\"1484\">Prevenci\u00f3n de la contaminaci\u00f3n y de cualquier impacto ambiental negativo sobre el medio ambiente.<\/p>\n<\/li>\n<li data-start=\"1485\" data-end=\"1579\">\n<p data-start=\"1488\" data-end=\"1579\">Impulso continuo de la competitividad mediante la innovaci\u00f3n tecnol\u00f3gica y la aportaci\u00f3n de soluciones innovadoras a nuestros clientes.<\/p>\n<\/li>\n<li data-start=\"1580\" data-end=\"1677\">\n<p data-start=\"1584\" data-end=\"1677\">Apuesta por la diversificaci\u00f3n e innovaci\u00f3n de productos, procesos y gesti\u00f3n del conocimiento como piedra clave para asegurar el crecimiento sostenible y adaptativo a las demandas del mercado.<\/p>\n<\/li>\n<\/ul>\n<ul>\n<\/ul>\n<p>La Direcci\u00f3n declara que esta pol\u00edtica es comunicada a todos los empleados y partes interesadas, siendo entendida, aplicada y revisada peri\u00f3dicamente para mantenerla actualizada.<\/p>\n<p><br><\/p>\n<p>Carles Guilera Poch. Molins de Rei, 18 de Octubre de 2024<\/p>\t\t\t\t\t\t\t\t<\/div>\n\t\t\t\t<\/div>\n\t\t\t\t\t<\/div>\n\t\t\t\t<\/div>\n\t\t\t\t<\/div>\n\t\t","protected":false},"excerpt":{"rendered":"<p>Pol\u00edtica de Calidad y Medio Ambiente Pol\u00edtica de Calidad y Medio Ambiente \u2013 GUILERA S.A.&nbsp; La Direcci\u00f3n de GUILERA, S.A. manifiesta que su objetivo prioritario es el de fabricar y suministrar productos que satisfagan las expectativas de los clientes, cumpliendo con sus requerimientos expl\u00edcitos e impl\u00edcitos, en un proceso completo y obteniendo una rentabilidad que [&hellip;]<\/p>\n","protected":false},"author":2,"featured_media":0,"parent":0,"menu_order":0,"comment_status":"closed","ping_status":"closed","template":"","meta":{"footnotes":""},"class_list":["post-5699","page","type-page","status-publish","hentry"],"yoast_head":"<!-- This site is optimized with the Yoast SEO plugin v26.0 - https:\/\/yoast.com\/wordpress\/plugins\/seo\/ -->\n<title>Pol\u00edtica de Calidad y Medio Ambiente - Guilera<\/title>\n<meta name=\"robots\" content=\"noindex, nofollow\" \/>\n<meta property=\"og:locale\" content=\"es_ES\" \/>\n<meta property=\"og:type\" content=\"article\" \/>\n<meta property=\"og:title\" content=\"Pol\u00edtica de Calidad y Medio Ambiente - Guilera\" \/>\n<meta property=\"og:description\" content=\"Pol\u00edtica de Calidad y Medio Ambiente Pol\u00edtica de Calidad y Medio Ambiente \u2013 GUILERA S.A.&nbsp; La Direcci\u00f3n de GUILERA, S.A. manifiesta que su objetivo prioritario es el de fabricar y suministrar productos que satisfagan las expectativas de los clientes, cumpliendo con sus requerimientos expl\u00edcitos e impl\u00edcitos, en un proceso completo y obteniendo una rentabilidad que [&hellip;]\" \/>\n<meta property=\"og:url\" content=\"https:\/\/guilera.com\/es\/politica-calidad-medio-ambiente\/\" \/>\n<meta property=\"og:site_name\" content=\"Guilera\" \/>\n<meta property=\"article:modified_time\" content=\"2025-12-11T12:48:08+00:00\" \/>\n<meta name=\"twitter:card\" content=\"summary_large_image\" \/>\n<meta name=\"twitter:label1\" content=\"Tiempo de lectura\" \/>\n\t<meta name=\"twitter:data1\" content=\"2 minutos\" \/>\n<script type=\"application\/ld+json\" class=\"yoast-schema-graph\">{\"@context\":\"https:\/\/schema.org\",\"@graph\":[{\"@type\":\"WebPage\",\"@id\":\"https:\/\/guilera.com\/es\/politica-calidad-medio-ambiente\/\",\"url\":\"https:\/\/guilera.com\/es\/politica-calidad-medio-ambiente\/\",\"name\":\"Pol\u00edtica de Calidad y Medio Ambiente - Guilera\",\"isPartOf\":{\"@id\":\"https:\/\/guilera.com\/es\/#website\"},\"datePublished\":\"2025-10-07T06:52:31+00:00\",\"dateModified\":\"2025-12-11T12:48:08+00:00\",\"breadcrumb\":{\"@id\":\"https:\/\/guilera.com\/es\/politica-calidad-medio-ambiente\/#breadcrumb\"},\"inLanguage\":\"es\",\"potentialAction\":[{\"@type\":\"ReadAction\",\"target\":[\"https:\/\/guilera.com\/es\/politica-calidad-medio-ambiente\/\"]}]},{\"@type\":\"BreadcrumbList\",\"@id\":\"https:\/\/guilera.com\/es\/politica-calidad-medio-ambiente\/#breadcrumb\",\"itemListElement\":[{\"@type\":\"ListItem\",\"position\":1,\"name\":\"Home\",\"item\":\"https:\/\/guilera.com\/es\/inicio\/\"},{\"@type\":\"ListItem\",\"position\":2,\"name\":\"Pol\u00edtica de Calidad y Medio Ambiente\"}]},{\"@type\":\"WebSite\",\"@id\":\"https:\/\/guilera.com\/es\/#website\",\"url\":\"https:\/\/guilera.com\/es\/\",\"name\":\"Guilera\",\"description\":\"\",\"publisher\":{\"@id\":\"https:\/\/guilera.com\/es\/#organization\"},\"potentialAction\":[{\"@type\":\"SearchAction\",\"target\":{\"@type\":\"EntryPoint\",\"urlTemplate\":\"https:\/\/guilera.com\/es\/?s={search_term_string}\"},\"query-input\":{\"@type\":\"PropertyValueSpecification\",\"valueRequired\":true,\"valueName\":\"search_term_string\"}}],\"inLanguage\":\"es\"},{\"@type\":\"Organization\",\"@id\":\"https:\/\/guilera.com\/es\/#organization\",\"name\":\"Guilera S.A.\",\"url\":\"https:\/\/guilera.com\/es\/\",\"logo\":{\"@type\":\"ImageObject\",\"inLanguage\":\"es\",\"@id\":\"https:\/\/guilera.com\/es\/#\/schema\/logo\/image\/\",\"url\":\"https:\/\/guilera.com\/wp-content\/uploads\/2024\/06\/cropped-favicon-guilera.png\",\"contentUrl\":\"https:\/\/guilera.com\/wp-content\/uploads\/2024\/06\/cropped-favicon-guilera.png\",\"width\":512,\"height\":512,\"caption\":\"Guilera S.A.\"},\"image\":{\"@id\":\"https:\/\/guilera.com\/es\/#\/schema\/logo\/image\/\"}}]}<\/script>\n<!-- \/ Yoast SEO plugin. -->","yoast_head_json":{"title":"Pol\u00edtica de Calidad y Medio Ambiente - Guilera","robots":{"index":"noindex","follow":"nofollow"},"og_locale":"es_ES","og_type":"article","og_title":"Pol\u00edtica de Calidad y Medio Ambiente - Guilera","og_description":"Pol\u00edtica de Calidad y Medio Ambiente Pol\u00edtica de Calidad y Medio Ambiente \u2013 GUILERA S.A.&nbsp; La Direcci\u00f3n de GUILERA, S.A. manifiesta que su objetivo prioritario es el de fabricar y suministrar productos que satisfagan las expectativas de los clientes, cumpliendo con sus requerimientos expl\u00edcitos e impl\u00edcitos, en un proceso completo y obteniendo una rentabilidad que [&hellip;]","og_url":"https:\/\/guilera.com\/es\/politica-calidad-medio-ambiente\/","og_site_name":"Guilera","article_modified_time":"2025-12-11T12:48:08+00:00","twitter_card":"summary_large_image","twitter_misc":{"Tiempo de lectura":"2 minutos"},"schema":{"@context":"https:\/\/schema.org","@graph":[{"@type":"WebPage","@id":"https:\/\/guilera.com\/es\/politica-calidad-medio-ambiente\/","url":"https:\/\/guilera.com\/es\/politica-calidad-medio-ambiente\/","name":"Pol\u00edtica de Calidad y Medio Ambiente - Guilera","isPartOf":{"@id":"https:\/\/guilera.com\/es\/#website"},"datePublished":"2025-10-07T06:52:31+00:00","dateModified":"2025-12-11T12:48:08+00:00","breadcrumb":{"@id":"https:\/\/guilera.com\/es\/politica-calidad-medio-ambiente\/#breadcrumb"},"inLanguage":"es","potentialAction":[{"@type":"ReadAction","target":["https:\/\/guilera.com\/es\/politica-calidad-medio-ambiente\/"]}]},{"@type":"BreadcrumbList","@id":"https:\/\/guilera.com\/es\/politica-calidad-medio-ambiente\/#breadcrumb","itemListElement":[{"@type":"ListItem","position":1,"name":"Home","item":"https:\/\/guilera.com\/es\/inicio\/"},{"@type":"ListItem","position":2,"name":"Pol\u00edtica de Calidad y Medio Ambiente"}]},{"@type":"WebSite","@id":"https:\/\/guilera.com\/es\/#website","url":"https:\/\/guilera.com\/es\/","name":"Guilera","description":"","publisher":{"@id":"https:\/\/guilera.com\/es\/#organization"},"potentialAction":[{"@type":"SearchAction","target":{"@type":"EntryPoint","urlTemplate":"https:\/\/guilera.com\/es\/?s={search_term_string}"},"query-input":{"@type":"PropertyValueSpecification","valueRequired":true,"valueName":"search_term_string"}}],"inLanguage":"es"},{"@type":"Organization","@id":"https:\/\/guilera.com\/es\/#organization","name":"Guilera S.A.","url":"https:\/\/guilera.com\/es\/","logo":{"@type":"ImageObject","inLanguage":"es","@id":"https:\/\/guilera.com\/es\/#\/schema\/logo\/image\/","url":"https:\/\/guilera.com\/wp-content\/uploads\/2024\/06\/cropped-favicon-guilera.png","contentUrl":"https:\/\/guilera.com\/wp-content\/uploads\/2024\/06\/cropped-favicon-guilera.png","width":512,"height":512,"caption":"Guilera S.A."},"image":{"@id":"https:\/\/guilera.com\/es\/#\/schema\/logo\/image\/"}}]}},"_links":{"self":[{"href":"https:\/\/guilera.com\/es\/wp-json\/wp\/v2\/pages\/5699","targetHints":{"allow":["GET"]}}],"collection":[{"href":"https:\/\/guilera.com\/es\/wp-json\/wp\/v2\/pages"}],"about":[{"href":"https:\/\/guilera.com\/es\/wp-json\/wp\/v2\/types\/page"}],"author":[{"embeddable":true,"href":"https:\/\/guilera.com\/es\/wp-json\/wp\/v2\/users\/2"}],"replies":[{"embeddable":true,"href":"https:\/\/guilera.com\/es\/wp-json\/wp\/v2\/comments?post=5699"}],"version-history":[{"count":4,"href":"https:\/\/guilera.com\/es\/wp-json\/wp\/v2\/pages\/5699\/revisions"}],"predecessor-version":[{"id":5963,"href":"https:\/\/guilera.com\/es\/wp-json\/wp\/v2\/pages\/5699\/revisions\/5963"}],"wp:attachment":[{"href":"https:\/\/guilera.com\/es\/wp-json\/wp\/v2\/media?parent=5699"}],"curies":[{"name":"wp","href":"https:\/\/api.w.org\/{rel}","templated":true}]}}