{"id":4396,"date":"2024-06-18T13:57:39","date_gmt":"2024-06-18T11:57:39","guid":{"rendered":"https:\/\/guilera.com\/prodotti\/controllori-di-motori\/"},"modified":"2025-02-23T18:33:52","modified_gmt":"2025-02-23T17:33:52","slug":"controllori-di-motori","status":"publish","type":"page","link":"https:\/\/guilera.com\/it\/prodotti\/controllori-di-motori\/","title":{"rendered":"Controllori di motori"},"content":{"rendered":"\t\t<div data-elementor-type=\"wp-page\" data-elementor-id=\"4396\" class=\"elementor elementor-4396 elementor-134\" data-elementor-post-type=\"page\">\n\t\t\t\t\t\t<section class=\"elementor-section elementor-top-section elementor-element elementor-element-2a976af0 elementor-section-boxed elementor-section-height-default elementor-section-height-default\" data-id=\"2a976af0\" data-element_type=\"section\" data-settings=\"{&quot;background_background&quot;:&quot;classic&quot;}\">\n\t\t\t\t\t\t\t<div class=\"elementor-background-overlay\"><\/div>\n\t\t\t\t\t\t\t<div class=\"elementor-container elementor-column-gap-default\">\n\t\t\t\t\t<div class=\"elementor-column elementor-col-100 elementor-top-column elementor-element elementor-element-3d7d7ebc\" data-id=\"3d7d7ebc\" data-element_type=\"column\">\n\t\t\t<div class=\"elementor-widget-wrap elementor-element-populated\">\n\t\t\t\t\t\t<section class=\"elementor-section elementor-inner-section elementor-element elementor-element-4bf5adce elementor-section-boxed elementor-section-height-default elementor-section-height-default\" data-id=\"4bf5adce\" data-element_type=\"section\">\n\t\t\t\t\t\t<div class=\"elementor-container elementor-column-gap-no\">\n\t\t\t\t\t<div class=\"elementor-column elementor-col-100 elementor-inner-column elementor-element elementor-element-48b6ada\" data-id=\"48b6ada\" data-element_type=\"column\">\n\t\t\t<div class=\"elementor-widget-wrap elementor-element-populated\">\n\t\t\t\t\t\t<div class=\"elementor-element elementor-element-137afdf7 elementor-invisible elementor-widget elementor-widget-heading\" data-id=\"137afdf7\" data-element_type=\"widget\" data-settings=\"{&quot;_animation&quot;:&quot;fadeInUp&quot;,&quot;_animation_delay&quot;:240}\" data-widget_type=\"heading.default\">\n\t\t\t\t<div class=\"elementor-widget-container\">\n\t\t\t\t\t<h2 class=\"elementor-heading-title elementor-size-default\">Controllori di motori di potenza per applicazioni di trazione<\/h2>\t\t\t\t<\/div>\n\t\t\t\t<\/div>\n\t\t\t\t\t<\/div>\n\t\t<\/div>\n\t\t\t\t\t<\/div>\n\t\t<\/section>\n\t\t\t\t\t<\/div>\n\t\t<\/div>\n\t\t\t\t\t<\/div>\n\t\t<\/section>\n\t\t\t\t<section class=\"elementor-section elementor-top-section elementor-element elementor-element-a5cffb4 elementor-section-boxed elementor-section-height-default elementor-section-height-default\" data-id=\"a5cffb4\" data-element_type=\"section\">\n\t\t\t\t\t\t<div class=\"elementor-container elementor-column-gap-default\">\n\t\t\t\t\t<div class=\"elementor-column elementor-col-100 elementor-top-column elementor-element elementor-element-3134fa1a\" data-id=\"3134fa1a\" data-element_type=\"column\">\n\t\t\t<div class=\"elementor-widget-wrap elementor-element-populated\">\n\t\t\t\t\t\t<div class=\"elementor-element elementor-element-4702c9f5 elementor-widget elementor-widget-heading\" data-id=\"4702c9f5\" data-element_type=\"widget\" data-widget_type=\"heading.default\">\n\t\t\t\t<div class=\"elementor-widget-container\">\n\t\t\t\t\t<h2 class=\"elementor-heading-title elementor-size-default\">Panoramica<\/h2>\t\t\t\t<\/div>\n\t\t\t\t<\/div>\n\t\t\t\t<div class=\"elementor-element elementor-element-2281d4b6 elementor-widget elementor-widget-text-editor\" data-id=\"2281d4b6\" data-element_type=\"widget\" data-widget_type=\"text-editor.default\">\n\t\t\t\t<div class=\"elementor-widget-container\">\n\t\t\t\t\t\t\t\t\t<p>Dal 2014 Guilera SA \u00e8 all&#8217;avanguardia nella progettazione di controller avanzati per motori di potenza per applicazioni di trazione.<\/p>\n<p>Il nostro viaggio \u00e8 iniziato con il progetto Bultaco &#8220;Moto-bike&#8221; Brinco e da allora guidiamo l&#8217;innovazione nella mobilit\u00e0 elettrica.<\/p>\n<p>Miglioriamo continuamente la nostra tecnologia proprietaria FOC, fornendo soluzioni affidabili in una vasta gamma di progetti dei clienti. Lavoriamo a stretto contatto con i nostri clienti per valutare i business case e formare partnership che guidano il successo della mobilit\u00e0 elettrica. <\/p>\n<p>La nostra gamma di controller include opzioni da 36 V, 48 V, 72 V e 96 V, organizzate in tre famiglie distinte:<\/p>\n\t\t\t\t\t\t\t\t<\/div>\n\t\t\t\t<\/div>\n\t\t\t\t<section class=\"elementor-section elementor-inner-section elementor-element elementor-element-f10a4de elementor-section-boxed elementor-section-height-default elementor-section-height-default\" data-id=\"f10a4de\" data-element_type=\"section\">\n\t\t\t\t\t\t<div class=\"elementor-container elementor-column-gap-default\">\n\t\t\t\t\t<div class=\"elementor-column elementor-col-33 elementor-inner-column elementor-element elementor-element-5c4a7c5 elementor-invisible\" data-id=\"5c4a7c5\" data-element_type=\"column\" data-settings=\"{&quot;animation&quot;:&quot;fadeInUp&quot;}\">\n\t\t\t<div class=\"elementor-widget-wrap elementor-element-populated\">\n\t\t\t\t\t\t<div class=\"elementor-element elementor-element-447d5dd elementor-cta--valign-top elementor-cta--skin-classic elementor-animated-content elementor-bg-transform elementor-bg-transform-zoom-in elementor-widget elementor-widget-call-to-action\" data-id=\"447d5dd\" data-element_type=\"widget\" data-widget_type=\"call-to-action.default\">\n\t\t\t\t<div class=\"elementor-widget-container\">\n\t\t\t\t\t\t\t<div class=\"elementor-cta\">\n\t\t\t\t\t<div class=\"elementor-cta__bg-wrapper\">\n\t\t\t\t<div class=\"elementor-cta__bg elementor-bg lazyload\" style=\"background-image:inherit;\" role=\"img\" aria-label=\"P7\" data-bg-image=\"url(https:\/\/guilera.com\/wp-content\/uploads\/2024\/09\/P7-scaled.jpg)\"><\/div>\n\t\t\t\t<div class=\"elementor-cta__bg-overlay\"><\/div>\n\t\t\t<\/div>\n\t\t\t\t\t\t\t<div class=\"elementor-cta__content\">\n\t\t\t\t\n\t\t\t\t\t\t\t\t\t<h2 class=\"elementor-cta__title elementor-cta__content-item elementor-content-item\">\n\t\t\t\t\t\tControllori ad alte prestazioni\t\t\t\t\t<\/h2>\n\t\t\t\t\n\t\t\t\t\t\t\t\t\t<div class=\"elementor-cta__description elementor-cta__content-item elementor-content-item\">\n\t\t\t\t\t\t<p>I nostri controllori ad alte prestazioni sono progettati con controllo dell'alimentazione FOC proprietario per veicoli a 72 V e 96 V, con funzionalit\u00e0 di autotuning. Con il supporto di un team di ingegneri dedicato, ci assicuriamo che la potenza del tuo veicolo sia personalizzata per soddisfare le tue esigenze specifiche. Il nostro laboratorio di test avanzato lavora a stretto contatto con voi, fornendo una guida esperta durante l'intero processo.  <\/p>\n\t\t\t\t\t<\/div>\n\t\t\t\t\n\t\t\t\t\t\t\t<\/div>\n\t\t\t\t\t\t<\/div>\n\t\t\t\t\t\t<\/div>\n\t\t\t\t<\/div>\n\t\t\t\t\t<\/div>\n\t\t<\/div>\n\t\t\t\t<div class=\"elementor-column elementor-col-33 elementor-inner-column elementor-element elementor-element-713b10d elementor-invisible\" data-id=\"713b10d\" data-element_type=\"column\" data-settings=\"{&quot;animation&quot;:&quot;fadeInUp&quot;,&quot;animation_delay&quot;:240}\">\n\t\t\t<div class=\"elementor-widget-wrap elementor-element-populated\">\n\t\t\t\t\t\t<div class=\"elementor-element elementor-element-9016bfb elementor-cta--valign-top elementor-cta--skin-classic elementor-animated-content elementor-bg-transform elementor-bg-transform-zoom-in elementor-widget elementor-widget-call-to-action\" data-id=\"9016bfb\" data-element_type=\"widget\" data-widget_type=\"call-to-action.default\">\n\t\t\t\t<div class=\"elementor-widget-container\">\n\t\t\t\t\t\t\t<div class=\"elementor-cta\">\n\t\t\t\t\t<div class=\"elementor-cta__bg-wrapper\">\n\t\t\t\t<div class=\"elementor-cta__bg elementor-bg lazyload\" style=\"background-image:inherit;\" role=\"img\" aria-label=\"P8\" data-bg-image=\"url(https:\/\/guilera.com\/wp-content\/uploads\/2024\/09\/P8-scaled.jpg)\"><\/div>\n\t\t\t\t<div class=\"elementor-cta__bg-overlay\"><\/div>\n\t\t\t<\/div>\n\t\t\t\t\t\t\t<div class=\"elementor-cta__content\">\n\t\t\t\t\n\t\t\t\t\t\t\t\t\t<h2 class=\"elementor-cta__title elementor-cta__content-item elementor-content-item\">\n\t\t\t\t\t\tCentraline per ciclomotori\/moto\t\t\t\t\t<\/h2>\n\t\t\t\t\n\t\t\t\t\t\t\t\t\t<div class=\"elementor-cta__description elementor-cta__content-item elementor-content-item\">\n\t\t\t\t\t\t<p>I nostri controller da 48 V per ciclomotori e motocicli offrono prestazioni robuste sia per applicazioni su strada che fuoristrada. Grazie alla regolazione avanzata della tensione e a un design compatto, questi controller offrono potenza ed efficienza ottimali, garantendo prestazioni affidabili in qualsiasi ambiente. <\/p>\n\t\t\t\t\t<\/div>\n\t\t\t\t\n\t\t\t\t\t\t\t<\/div>\n\t\t\t\t\t\t<\/div>\n\t\t\t\t\t\t<\/div>\n\t\t\t\t<\/div>\n\t\t\t\t\t<\/div>\n\t\t<\/div>\n\t\t\t\t<div class=\"elementor-column elementor-col-33 elementor-inner-column elementor-element elementor-element-27186f4 elementor-invisible\" data-id=\"27186f4\" data-element_type=\"column\" data-settings=\"{&quot;animation&quot;:&quot;fadeInUp&quot;,&quot;animation_delay&quot;:480}\">\n\t\t\t<div class=\"elementor-widget-wrap elementor-element-populated\">\n\t\t\t\t\t\t<div class=\"elementor-element elementor-element-688037b elementor-cta--valign-top elementor-cta--skin-classic elementor-animated-content elementor-bg-transform elementor-bg-transform-zoom-in elementor-widget elementor-widget-call-to-action\" data-id=\"688037b\" data-element_type=\"widget\" data-widget_type=\"call-to-action.default\">\n\t\t\t\t<div class=\"elementor-widget-container\">\n\t\t\t\t\t\t\t<div class=\"elementor-cta\">\n\t\t\t\t\t<div class=\"elementor-cta__bg-wrapper\">\n\t\t\t\t<div class=\"elementor-cta__bg elementor-bg lazyload\" style=\"background-image:inherit;\" role=\"img\" aria-label=\"P9\" data-bg-image=\"url(https:\/\/guilera.com\/wp-content\/uploads\/2024\/09\/P9-scaled.jpg)\"><\/div>\n\t\t\t\t<div class=\"elementor-cta__bg-overlay\"><\/div>\n\t\t\t<\/div>\n\t\t\t\t\t\t\t<div class=\"elementor-cta__content\">\n\t\t\t\t\n\t\t\t\t\t\t\t\t\t<h2 class=\"elementor-cta__title elementor-cta__content-item elementor-content-item\">\n\t\t\t\t\t\tControllori eBike\t\t\t\t\t<\/h2>\n\t\t\t\t\n\t\t\t\t\t\t\t\t\t<div class=\"elementor-cta__description elementor-cta__content-item elementor-content-item\">\n\t\t\t\t\t\t<p>I controller per eBike di Guilera SA sono progettati per un controllo preciso e una gestione efficiente dell'energia. Progettati per garantire prestazioni fluide e affidabili nelle biciclette elettriche, i nostri controller eccellono in condizioni di input variabili. Disponibili a 36 V e 48 V, offrono la flessibilit\u00e0 necessaria per migliorare il tuo sistema eBike per soddisfare le tue esigenze specifiche.  <\/p>\n\t\t\t\t\t<\/div>\n\t\t\t\t\n\t\t\t\t\t\t\t<\/div>\n\t\t\t\t\t\t<\/div>\n\t\t\t\t\t\t<\/div>\n\t\t\t\t<\/div>\n\t\t\t\t\t<\/div>\n\t\t<\/div>\n\t\t\t\t\t<\/div>\n\t\t<\/section>\n\t\t\t\t\t<\/div>\n\t\t<\/div>\n\t\t\t\t\t<\/div>\n\t\t<\/section>\n\t\t\t\t<section class=\"elementor-section elementor-top-section elementor-element elementor-element-1dab457c elementor-section-boxed elementor-section-height-default elementor-section-height-default\" data-id=\"1dab457c\" data-element_type=\"section\" data-settings=\"{&quot;background_background&quot;:&quot;classic&quot;}\">\n\t\t\t\t\t\t\t<div class=\"elementor-background-overlay\"><\/div>\n\t\t\t\t\t\t\t<div class=\"elementor-container elementor-column-gap-default\">\n\t\t\t\t\t<div class=\"elementor-column elementor-col-100 elementor-top-column elementor-element elementor-element-359df0d elementor-invisible\" data-id=\"359df0d\" data-element_type=\"column\" data-settings=\"{&quot;animation&quot;:&quot;fadeInLeft&quot;}\">\n\t\t\t<div class=\"elementor-widget-wrap elementor-element-populated\">\n\t\t\t\t\t\t<div class=\"elementor-element elementor-element-2c502e19 elementor-widget elementor-widget-heading\" data-id=\"2c502e19\" data-element_type=\"widget\" data-widget_type=\"heading.default\">\n\t\t\t\t<div class=\"elementor-widget-container\">\n\t\t\t\t\t<h2 class=\"elementor-heading-title elementor-size-default\">Hai bisogno di accelerare la tua crescita?<\/h2>\t\t\t\t<\/div>\n\t\t\t\t<\/div>\n\t\t\t\t<div class=\"elementor-element elementor-element-d4927b0 elementor-widget-tablet__width-initial elementor-widget elementor-widget-text-editor\" data-id=\"d4927b0\" data-element_type=\"widget\" data-widget_type=\"text-editor.default\">\n\t\t\t\t<div class=\"elementor-widget-container\">\n\t\t\t\t\t\t\t\t\tCi\u00f2 che ci distingue \u00e8 la nostra offerta unica:\n<br>I clienti possono concedere in licenza o acquistare i nostri progetti hardware e software, incluso il codice sorgente. Questo ti d\u00e0 l&#8217;opportunit\u00e0 di scalare la tua attivit\u00e0 pi\u00f9 velocemente\nmantenendo la tecnologia proprietaria sotto il tuo controllo. <span style=\"color: var( --e-global-color-a291686 ); font-size: var( --e-global-typography-b2ce6af-font-size ); letter-spacing: var( --e-global-typography-b2ce6af-letter-spacing ); word-spacing: var( --e-global-typography-b2ce6af-word-spacing );\"><br>Contattaci oggi stesso per saperne di pi\u00f9 su come le nostre soluzioni possono far crescere la tua attivit\u00e0.<\/span>\t\t\t\t\t\t\t\t<\/div>\n\t\t\t\t<\/div>\n\t\t\t\t<div class=\"elementor-element elementor-element-78f5f50c elementor-align-center elementor-widget elementor-widget-button\" data-id=\"78f5f50c\" data-element_type=\"widget\" data-widget_type=\"button.default\">\n\t\t\t\t<div class=\"elementor-widget-container\">\n\t\t\t\t\t\t\t\t\t<div class=\"elementor-button-wrapper\">\n\t\t\t\t\t<a class=\"elementor-button elementor-button-link elementor-size-sm\" href=\"https:\/\/www.guilera.com\/contact\/\">\n\t\t\t\t\t\t<span class=\"elementor-button-content-wrapper\">\n\t\t\t\t\t\t\t\t\t<span class=\"elementor-button-text\">Contattaci<\/span>\n\t\t\t\t\t<\/span>\n\t\t\t\t\t<\/a>\n\t\t\t\t<\/div>\n\t\t\t\t\t\t\t\t<\/div>\n\t\t\t\t<\/div>\n\t\t\t\t\t<\/div>\n\t\t<\/div>\n\t\t\t\t\t<\/div>\n\t\t<\/section>\n\t\t\t\t<\/div>\n\t\t","protected":false},"excerpt":{"rendered":"<p>Controllori di motori di potenza per applicazioni di trazione Panoramica Dal 2014 Guilera SA \u00e8 all&#8217;avanguardia nella progettazione di controller avanzati per motori di potenza per applicazioni di trazione. Il nostro viaggio \u00e8 iniziato con il progetto Bultaco &#8220;Moto-bike&#8221; Brinco e da allora guidiamo l&#8217;innovazione nella mobilit\u00e0 elettrica. Miglioriamo continuamente la nostra tecnologia proprietaria FOC, [&hellip;]<\/p>\n","protected":false},"author":1,"featured_media":0,"parent":4381,"menu_order":0,"comment_status":"closed","ping_status":"closed","template":"","meta":{"footnotes":""},"class_list":["post-4396","page","type-page","status-publish","hentry"],"yoast_head":"<!-- This site is optimized with the Yoast SEO plugin v26.0 - https:\/\/yoast.com\/wordpress\/plugins\/seo\/ -->\n<title>Controllori di motori - Guilera<\/title>\n<meta name=\"robots\" content=\"index, follow, max-snippet:-1, max-image-preview:large, max-video-preview:-1\" \/>\n<link rel=\"canonical\" href=\"https:\/\/guilera.com\/it\/prodotti\/controllori-di-motori\/\" \/>\n<meta property=\"og:locale\" content=\"it_IT\" \/>\n<meta property=\"og:type\" content=\"article\" \/>\n<meta property=\"og:title\" content=\"Controllori di motori - Guilera\" \/>\n<meta property=\"og:description\" content=\"Controllori di motori di potenza per applicazioni di trazione Panoramica Dal 2014 Guilera SA \u00e8 all&#8217;avanguardia nella progettazione di controller avanzati per motori di potenza per applicazioni di trazione. Il nostro viaggio \u00e8 iniziato con il progetto Bultaco &#8220;Moto-bike&#8221; Brinco e da allora guidiamo l&#8217;innovazione nella mobilit\u00e0 elettrica. Miglioriamo continuamente la nostra tecnologia proprietaria FOC, [&hellip;]\" \/>\n<meta property=\"og:url\" content=\"https:\/\/guilera.com\/it\/prodotti\/controllori-di-motori\/\" \/>\n<meta property=\"og:site_name\" content=\"Guilera\" \/>\n<meta property=\"article:modified_time\" content=\"2025-02-23T17:33:52+00:00\" \/>\n<meta name=\"twitter:card\" content=\"summary_large_image\" \/>\n<meta name=\"twitter:label1\" content=\"Tempo di lettura stimato\" \/>\n\t<meta name=\"twitter:data1\" content=\"2 minuti\" \/>\n<script type=\"application\/ld+json\" class=\"yoast-schema-graph\">{\"@context\":\"https:\/\/schema.org\",\"@graph\":[{\"@type\":\"WebPage\",\"@id\":\"https:\/\/guilera.com\/it\/prodotti\/controllori-di-motori\/\",\"url\":\"https:\/\/guilera.com\/it\/prodotti\/controllori-di-motori\/\",\"name\":\"Controllori di motori - Guilera\",\"isPartOf\":{\"@id\":\"https:\/\/guilera.com\/it\/#website\"},\"datePublished\":\"2024-06-18T11:57:39+00:00\",\"dateModified\":\"2025-02-23T17:33:52+00:00\",\"breadcrumb\":{\"@id\":\"https:\/\/guilera.com\/it\/prodotti\/controllori-di-motori\/#breadcrumb\"},\"inLanguage\":\"it-IT\",\"potentialAction\":[{\"@type\":\"ReadAction\",\"target\":[\"https:\/\/guilera.com\/it\/prodotti\/controllori-di-motori\/\"]}]},{\"@type\":\"BreadcrumbList\",\"@id\":\"https:\/\/guilera.com\/it\/prodotti\/controllori-di-motori\/#breadcrumb\",\"itemListElement\":[{\"@type\":\"ListItem\",\"position\":1,\"name\":\"Home\",\"item\":\"https:\/\/guilera.com\/it\/inizio\/\"},{\"@type\":\"ListItem\",\"position\":2,\"name\":\"Prodotti\",\"item\":\"https:\/\/guilera.com\/it\/prodotti\/\"},{\"@type\":\"ListItem\",\"position\":3,\"name\":\"Controllori di motori\"}]},{\"@type\":\"WebSite\",\"@id\":\"https:\/\/guilera.com\/it\/#website\",\"url\":\"https:\/\/guilera.com\/it\/\",\"name\":\"Guilera\",\"description\":\"\",\"publisher\":{\"@id\":\"https:\/\/guilera.com\/it\/#organization\"},\"potentialAction\":[{\"@type\":\"SearchAction\",\"target\":{\"@type\":\"EntryPoint\",\"urlTemplate\":\"https:\/\/guilera.com\/it\/?s={search_term_string}\"},\"query-input\":{\"@type\":\"PropertyValueSpecification\",\"valueRequired\":true,\"valueName\":\"search_term_string\"}}],\"inLanguage\":\"it-IT\"},{\"@type\":\"Organization\",\"@id\":\"https:\/\/guilera.com\/it\/#organization\",\"name\":\"Guilera S.A.\",\"url\":\"https:\/\/guilera.com\/it\/\",\"logo\":{\"@type\":\"ImageObject\",\"inLanguage\":\"it-IT\",\"@id\":\"https:\/\/guilera.com\/it\/#\/schema\/logo\/image\/\",\"url\":\"https:\/\/guilera.com\/wp-content\/uploads\/2024\/06\/cropped-favicon-guilera.png\",\"contentUrl\":\"https:\/\/guilera.com\/wp-content\/uploads\/2024\/06\/cropped-favicon-guilera.png\",\"width\":512,\"height\":512,\"caption\":\"Guilera S.A.\"},\"image\":{\"@id\":\"https:\/\/guilera.com\/it\/#\/schema\/logo\/image\/\"}}]}<\/script>\n<!-- \/ Yoast SEO plugin. -->","yoast_head_json":{"title":"Controllori di motori - Guilera","robots":{"index":"index","follow":"follow","max-snippet":"max-snippet:-1","max-image-preview":"max-image-preview:large","max-video-preview":"max-video-preview:-1"},"canonical":"https:\/\/guilera.com\/it\/prodotti\/controllori-di-motori\/","og_locale":"it_IT","og_type":"article","og_title":"Controllori di motori - Guilera","og_description":"Controllori di motori di potenza per applicazioni di trazione Panoramica Dal 2014 Guilera SA \u00e8 all&#8217;avanguardia nella progettazione di controller avanzati per motori di potenza per applicazioni di trazione. Il nostro viaggio \u00e8 iniziato con il progetto Bultaco &#8220;Moto-bike&#8221; Brinco e da allora guidiamo l&#8217;innovazione nella mobilit\u00e0 elettrica. Miglioriamo continuamente la nostra tecnologia proprietaria FOC, [&hellip;]","og_url":"https:\/\/guilera.com\/it\/prodotti\/controllori-di-motori\/","og_site_name":"Guilera","article_modified_time":"2025-02-23T17:33:52+00:00","twitter_card":"summary_large_image","twitter_misc":{"Tempo di lettura stimato":"2 minuti"},"schema":{"@context":"https:\/\/schema.org","@graph":[{"@type":"WebPage","@id":"https:\/\/guilera.com\/it\/prodotti\/controllori-di-motori\/","url":"https:\/\/guilera.com\/it\/prodotti\/controllori-di-motori\/","name":"Controllori di motori - Guilera","isPartOf":{"@id":"https:\/\/guilera.com\/it\/#website"},"datePublished":"2024-06-18T11:57:39+00:00","dateModified":"2025-02-23T17:33:52+00:00","breadcrumb":{"@id":"https:\/\/guilera.com\/it\/prodotti\/controllori-di-motori\/#breadcrumb"},"inLanguage":"it-IT","potentialAction":[{"@type":"ReadAction","target":["https:\/\/guilera.com\/it\/prodotti\/controllori-di-motori\/"]}]},{"@type":"BreadcrumbList","@id":"https:\/\/guilera.com\/it\/prodotti\/controllori-di-motori\/#breadcrumb","itemListElement":[{"@type":"ListItem","position":1,"name":"Home","item":"https:\/\/guilera.com\/it\/inizio\/"},{"@type":"ListItem","position":2,"name":"Prodotti","item":"https:\/\/guilera.com\/it\/prodotti\/"},{"@type":"ListItem","position":3,"name":"Controllori di motori"}]},{"@type":"WebSite","@id":"https:\/\/guilera.com\/it\/#website","url":"https:\/\/guilera.com\/it\/","name":"Guilera","description":"","publisher":{"@id":"https:\/\/guilera.com\/it\/#organization"},"potentialAction":[{"@type":"SearchAction","target":{"@type":"EntryPoint","urlTemplate":"https:\/\/guilera.com\/it\/?s={search_term_string}"},"query-input":{"@type":"PropertyValueSpecification","valueRequired":true,"valueName":"search_term_string"}}],"inLanguage":"it-IT"},{"@type":"Organization","@id":"https:\/\/guilera.com\/it\/#organization","name":"Guilera S.A.","url":"https:\/\/guilera.com\/it\/","logo":{"@type":"ImageObject","inLanguage":"it-IT","@id":"https:\/\/guilera.com\/it\/#\/schema\/logo\/image\/","url":"https:\/\/guilera.com\/wp-content\/uploads\/2024\/06\/cropped-favicon-guilera.png","contentUrl":"https:\/\/guilera.com\/wp-content\/uploads\/2024\/06\/cropped-favicon-guilera.png","width":512,"height":512,"caption":"Guilera S.A."},"image":{"@id":"https:\/\/guilera.com\/it\/#\/schema\/logo\/image\/"}}]}},"_links":{"self":[{"href":"https:\/\/guilera.com\/it\/wp-json\/wp\/v2\/pages\/4396","targetHints":{"allow":["GET"]}}],"collection":[{"href":"https:\/\/guilera.com\/it\/wp-json\/wp\/v2\/pages"}],"about":[{"href":"https:\/\/guilera.com\/it\/wp-json\/wp\/v2\/types\/page"}],"author":[{"embeddable":true,"href":"https:\/\/guilera.com\/it\/wp-json\/wp\/v2\/users\/1"}],"replies":[{"embeddable":true,"href":"https:\/\/guilera.com\/it\/wp-json\/wp\/v2\/comments?post=4396"}],"version-history":[{"count":1,"href":"https:\/\/guilera.com\/it\/wp-json\/wp\/v2\/pages\/4396\/revisions"}],"predecessor-version":[{"id":4397,"href":"https:\/\/guilera.com\/it\/wp-json\/wp\/v2\/pages\/4396\/revisions\/4397"}],"up":[{"embeddable":true,"href":"https:\/\/guilera.com\/it\/wp-json\/wp\/v2\/pages\/4381"}],"wp:attachment":[{"href":"https:\/\/guilera.com\/it\/wp-json\/wp\/v2\/media?parent=4396"}],"curies":[{"name":"wp","href":"https:\/\/api.w.org\/{rel}","templated":true}]}}