{"id":4748,"date":"2024-06-18T14:20:17","date_gmt":"2024-06-18T12:20:17","guid":{"rendered":"https:\/\/guilera.com\/note-legali\/"},"modified":"2025-03-31T21:46:10","modified_gmt":"2025-03-31T19:46:10","slug":"note-legali","status":"publish","type":"page","link":"https:\/\/guilera.com\/it\/note-legali\/","title":{"rendered":"Note legali"},"content":{"rendered":"\t\t<div data-elementor-type=\"wp-page\" data-elementor-id=\"4748\" class=\"elementor elementor-4748 elementor-171\" data-elementor-post-type=\"page\">\n\t\t\t\t\t\t<section class=\"elementor-section elementor-top-section elementor-element elementor-element-71e38350 elementor-section-boxed elementor-section-height-default elementor-section-height-default\" data-id=\"71e38350\" data-element_type=\"section\" data-settings=\"{&quot;background_background&quot;:&quot;classic&quot;}\">\n\t\t\t\t\t\t\t<div class=\"elementor-background-overlay\"><\/div>\n\t\t\t\t\t\t\t<div class=\"elementor-container elementor-column-gap-default\">\n\t\t\t\t\t<div class=\"elementor-column elementor-col-100 elementor-top-column elementor-element elementor-element-b77e556\" data-id=\"b77e556\" data-element_type=\"column\">\n\t\t\t<div class=\"elementor-widget-wrap elementor-element-populated\">\n\t\t\t\t\t\t<div class=\"elementor-element elementor-element-7eecef4a elementor-widget__width-auto elementor-invisible elementor-widget elementor-widget-heading\" data-id=\"7eecef4a\" data-element_type=\"widget\" data-settings=\"{&quot;_animation&quot;:&quot;fadeInLeft&quot;}\" data-widget_type=\"heading.default\">\n\t\t\t\t<div class=\"elementor-widget-container\">\n\t\t\t\t\t<h2 class=\"elementor-heading-title elementor-size-default\">Note legali<\/h2>\t\t\t\t<\/div>\n\t\t\t\t<\/div>\n\t\t\t\t\t<\/div>\n\t\t<\/div>\n\t\t\t\t\t<\/div>\n\t\t<\/section>\n\t\t<div class=\"elementor-element elementor-element-2918d83 e-flex e-con-boxed e-con e-parent\" data-id=\"2918d83\" data-element_type=\"container\">\n\t\t\t\t\t<div class=\"e-con-inner\">\n\t\t\t\t<div class=\"elementor-element elementor-element-2b74ed5 elementor-widget elementor-widget-text-editor\" data-id=\"2b74ed5\" data-element_type=\"widget\" data-widget_type=\"text-editor.default\">\n\t\t\t\t<div class=\"elementor-widget-container\">\n\t\t\t\t\t\t\t\t\t<p><strong>Titolare del trattamento dei tuoi dati personali<\/strong><\/p><ul><li><span style=\"font-weight: 400;\">Identit\u00e0 del Titolare: GUILERA, SA<\/span><\/li><li><span style=\"font-weight: 400;\">NIF\/CIF: A-08851461<\/span><\/li><li><span style=\"font-weight: 400;\">Indirizzo: C\/ Ramon Llull, 8, 08750 Molins de Rei<\/span><\/li><li><span style=\"font-weight: 400;\">Telefono: 34 93 668 17 94<\/span><\/li><li><span style=\"font-weight: 400;\">E-mail: guilera@guilera.com<\/span><\/li><li><span style=\"font-weight: 400;\">Email per l&#8217;esercizio dei diritti: rgpd@guilera.com<\/span><\/li><li><span style=\"font-weight: 400;\">Attivit\u00e0: Produttori di piccole e medie serie elettroniche. Specializzati in tecnologia, servizi e prodotti propri, concentrati sulla mobilit\u00e0 elettrica dal 2007<\/span><\/li><li><span style=\"font-weight: 400;\">Iscritta al Registro delle Imprese di Barcellona: volume 23.707, foglio 90, pagina n\u00ba B-59.5776, iscrizione 9\u00aa<\/span><\/li><\/ul><p> <\/p><p><strong>Navigazione<\/strong><\/p><p><span style=\"font-weight: 400;\">Durante la navigazione sul sito web, potrebbero essere raccolti dati non identificabili, tra cui indirizzi IP, posizione geografica (approssimativa), un registro delle modalit\u00e0 di utilizzo dei servizi e dei siti web e altri dati che non possono essere utilizzati per identificare l&#8217;utente. I dati non identificabili includono anche i dati relativi alle tue abitudini di navigazione tramite servizi di terze parti. Questo sito web utilizza i seguenti servizi di analisi di terze parti:<\/span><\/p><p> <\/p><p><b>Google Analytics<\/b><\/p><p><span style=\"font-weight: 400;\">Utilizziamo queste informazioni per analizzare le tendenze, amministrare il sito, tracciare i movimenti degli utenti sul sito e raccogliere informazioni demografiche sulla nostra base di utenti nel suo complesso.<\/span><\/p><p> <\/p><p><b>Riservatezza e sicurezza dei dati<\/b><\/p><p><span style=\"font-weight: 400;\">Questo sito web include un certificato SSL. Si tratta di un protocollo di sicurezza che garantisce che i tuoi dati viaggino in modo integrale e sicuro, ovvero che la trasmissione dei dati tra un server e un utente web avvenga in modo totalmente criptato.<\/span><\/p><p><span style=\"font-weight: 400;\">GUILERA, SA non pu\u00f2 garantire l&#8217;assoluta invulnerabilit\u00e0 della rete Internet e pertanto la violazione dei dati tramite l&#8217;accesso fraudolento agli stessi da parte di terzi, e non pu\u00f2 assumersi alcuna responsabilit\u00e0 per tali attacchi.<\/span><\/p><p><span style=\"font-weight: 400;\">Per quanto riguarda la riservatezza del trattamento, GUILERA, SA garantir\u00e0 che qualsiasi persona autorizzata da GUILERA, SA a trattare i dati dell&#8217;utente cliente sar\u00e0 tenuta alla riservatezza.<\/span><\/p><p><span style=\"font-weight: 400;\">Quando si verifica un incidente di sicurezza, GUILERA, SA avviser\u00e0 il Cliente e l&#8217;utente senza indebito ritardo e dovr\u00e0 fornire tempestivamente informazioni relative all&#8217;incidente di sicurezza non appena queste vengano a conoscenza o quando il Cliente ne faccia ragionevole richiesta.<\/span><\/p><p> <\/p><p><b>Accuratezza e veridicit\u00e0 dei dati<\/b><\/p><p><span style=\"font-weight: 400;\">In qualit\u00e0 di utente, sei l&#8217;unico responsabile della veridicit\u00e0 e correttezza dei dati che ci invii, esonerando GUILERA, SA da qualsiasi responsabilit\u00e0 al riguardo, anche nel caso in cui ci fornisca dati di terze parti.<\/span><\/p><p><span style=\"font-weight: 400;\">Gli utenti garantiscono e rispondono, in ogni caso, dell&#8217;esattezza, validit\u00e0 e autenticit\u00e0 dei dati personali forniti, e si impegnano a mantenerli debitamente aggiornati. L&#8217;utente si impegna a fornire informazioni complete e corrette nel modulo di contatto o di iscrizione. Nel caso in cui vengano forniti dati di terze parti, \u00e8 necessario ottenere il loro previo consenso.<\/span><\/p><p> <\/p><p><b>Utilizzo del portale<\/b><\/p><p><span style=\"font-weight: 400;\">https:\/\/www.guilera.com\/ fornisce l&#8217;accesso a informazioni, servizi, programmi o dati (di seguito, &#8220;i contenuti&#8221;) su Internet di propriet\u00e0 di GUILERA, SA o dei suoi licenziatari a cui l&#8217;utente pu\u00f2 avere accesso. L&#8217;utente si assume la responsabilit\u00e0 dell&#8217;utilizzo del portale. Tale responsabilit\u00e0 si estende alla registrazione che potrebbe essere necessaria per accedere a determinati servizi o contenuti.<\/span><\/p><p><span style=\"font-weight: 400;\">In tale registrazione, l&#8217;utente sar\u00e0 responsabile di fornire informazioni veritiere e lecite. A seguito di tale registrazione, all&#8217;utente potr\u00e0 essere fornita una password della quale sar\u00e0 responsabile e si impegna a utilizzarla con diligenza e riservatezza. L&#8217;utente si impegna a fare un uso appropriato dei contenuti e dei servizi che GUILERA, SA offre attraverso il suo portale e, a titolo esemplificativo ma non esaustivo, a non utilizzarli per (i) impegnarsi in attivit\u00e0 illecite, illegali o contrarie alla buona fede e all&#8217;ordine pubblico; (ii) diffondere contenuti o propaganda di natura razzista, xenofoba, pornografica-illegale, a sostegno del terrorismo o in violazione dei diritti umani; (iii) causare danni ai sistemi fisici e logici di GUILERA, SA, dei suoi fornitori o di terzi, introdurre o diffondere virus informatici o qualsiasi altro sistema fisico o logico che possa causare i suddetti danni; (iv) tentare di accedere e, ove opportuno, utilizzare gli account di posta elettronica di altri utenti e modificare o manipolare i loro messaggi.<\/span><\/p><p><span style=\"font-weight: 400;\">GUILERA, SA si riserva il diritto di rimuovere qualsiasi commento e contributo che violi il rispetto della dignit\u00e0 umana o che, a suo giudizio, non sia idoneo alla pubblicazione. In ogni caso, GUILERA, SA non sar\u00e0 responsabile delle opinioni espresse dagli utenti tramite forum, chat o altri strumenti di partecipazione. In ogni caso, GUILERA, SA non sar\u00e0 responsabile delle opinioni espresse dagli utenti attraverso forum, chat o altri strumenti di partecipazione.<\/span><\/p><p> <\/p><p><b>Propriet\u00e0 intellettuale e industriale<\/b><\/p><p><span style=\"font-weight: 400;\">GUILERA, SA, da sola o come cessionaria, \u00e8 titolare di tutti i diritti di propriet\u00e0 intellettuale e industriale del suo sito web, nonch\u00e9 degli elementi in esso contenuti (ad esempio, immagini, suoni, audio, video, software o testi; marchi o loghi, combinazioni di colori, struttura e design, selezione dei materiali utilizzati, programmi informatici necessari per il suo funzionamento, accesso e utilizzo, ecc.), di propriet\u00e0 di GUILERA, SA o dei suoi licenziatari.<\/span><\/p><p> <\/p><p><b>Tutti i diritti riservati<\/b><\/p><p><span style=\"font-weight: 400;\">Ai sensi di quanto disposto dall&#8217;art. 8 e 32.1, secondo comma, della Legge sulla Propriet\u00e0 Intellettuale, sono espressamente vietate la riproduzione, la distribuzione e la comunicazione pubblica, compresa la modalit\u00e0 di messa a disposizione, di tutto o parte del contenuto di questo sito web, a fini commerciali, su qualsiasi supporto e con qualsiasi mezzo tecnico, senza l&#8217;autorizzazione di GUILERA, SA. L&#8217;Utente si impegna a rispettare i diritti di Propriet\u00e0 Intellettuale e Industriale di propriet\u00e0 di GUILERA, SA. L&#8217;Utente potr\u00e0 visualizzare gli elementi del portale e anche stamparli, copiarli e memorizzarli sul disco rigido del proprio computer o su qualsiasi altro supporto fisico, a condizione che ci\u00f2 avvenga esclusivamente per uso personale e privato. L&#8217;Utente dovr\u00e0 astenersi dall&#8217;eliminare, alterare, eludere o manipolare qualsiasi dispositivo di protezione o sistema di sicurezza installato sulle pagine di GUILERA, SA.<\/span><\/p><p> <\/p><p><b>Esclusione di garanzie e responsabilit\u00e0<\/b><\/p><p><span style=\"font-weight: 400;\">GUILERA, SA non sar\u00e0 responsabile, in nessun caso, per danni di qualsiasi natura che possano essere causati, a titolo esemplificativo: errori od omissioni nei contenuti, mancanza di disponibilit\u00e0 del portale o trasmissione di virus o programmi dannosi o maligni nei contenuti, nonostante abbia adottato tutte le misure tecnologiche necessarie per evitarlo.<\/span><\/p><p> <\/p><p><b>Email commerciali<\/b><\/p><p><span style=\"font-weight: 400;\">In conformit\u00e0 con la LSSICE, GUILERA, SA non realizza pratiche di SPAM e pertanto non invia elettronicamente e-mail commerciali che non siano state previamente richieste o autorizzate dall&#8217;utente. Di conseguenza, in ognuno dei form inseriti nel sito web, l&#8217;utente ha la possibilit\u00e0 di prestare il proprio consenso espresso a ricevere la newsletter, indipendentemente dalle informazioni commerciali specificamente richieste.<\/span><\/p><p><span style=\"font-weight: 400;\">In conformit\u00e0 con quanto disposto dalla Legge 34\/2002, dell&#8217;11 luglio, sui Servizi della Societ\u00e0 dell&#8217;Informazione e del Commercio Elettronico, GUILERA, SA si impegna a non inviare comunicazioni commerciali senza identificarle adeguatamente.<\/span><\/p><p><span style=\"font-weight: 400;\">Ultimo aggiornamento: maggio 2024<\/span><\/p>\t\t\t\t\t\t\t\t<\/div>\n\t\t\t\t<\/div>\n\t\t\t\t\t<\/div>\n\t\t\t\t<\/div>\n\t\t\t\t<\/div>\n\t\t","protected":false},"excerpt":{"rendered":"<p>Note legali Titolare del trattamento dei tuoi dati personali Identit\u00e0 del Titolare: GUILERA, SA NIF\/CIF: A-08851461 Indirizzo: C\/ Ramon Llull, 8, 08750 Molins de Rei Telefono: 34 93 668 17 94 E-mail: guilera@guilera.com Email per l&#8217;esercizio dei diritti: rgpd@guilera.com Attivit\u00e0: Produttori di piccole e medie serie elettroniche. Specializzati in tecnologia, servizi e prodotti propri, concentrati [&hellip;]<\/p>\n","protected":false},"author":1,"featured_media":0,"parent":0,"menu_order":0,"comment_status":"closed","ping_status":"closed","template":"","meta":{"footnotes":""},"class_list":["post-4748","page","type-page","status-publish","hentry"],"yoast_head":"<!-- This site is optimized with the Yoast SEO plugin v26.0 - https:\/\/yoast.com\/wordpress\/plugins\/seo\/ -->\n<title>Note legali - Guilera<\/title>\n<meta name=\"robots\" content=\"noindex, nofollow\" \/>\n<meta property=\"og:locale\" content=\"it_IT\" \/>\n<meta property=\"og:type\" content=\"article\" \/>\n<meta property=\"og:title\" content=\"Note legali - Guilera\" \/>\n<meta property=\"og:description\" content=\"Note legali Titolare del trattamento dei tuoi dati personali Identit\u00e0 del Titolare: GUILERA, SA NIF\/CIF: A-08851461 Indirizzo: C\/ Ramon Llull, 8, 08750 Molins de Rei Telefono: 34 93 668 17 94 E-mail: guilera@guilera.com Email per l&#8217;esercizio dei diritti: rgpd@guilera.com Attivit\u00e0: Produttori di piccole e medie serie elettroniche. Specializzati in tecnologia, servizi e prodotti propri, concentrati [&hellip;]\" \/>\n<meta property=\"og:url\" content=\"https:\/\/guilera.com\/it\/note-legali\/\" \/>\n<meta property=\"og:site_name\" content=\"Guilera\" \/>\n<meta property=\"article:modified_time\" content=\"2025-03-31T19:46:10+00:00\" \/>\n<meta name=\"twitter:card\" content=\"summary_large_image\" \/>\n<meta name=\"twitter:label1\" content=\"Tempo di lettura stimato\" \/>\n\t<meta name=\"twitter:data1\" content=\"5 minuti\" \/>\n<script type=\"application\/ld+json\" class=\"yoast-schema-graph\">{\"@context\":\"https:\/\/schema.org\",\"@graph\":[{\"@type\":\"WebPage\",\"@id\":\"https:\/\/guilera.com\/it\/note-legali\/\",\"url\":\"https:\/\/guilera.com\/it\/note-legali\/\",\"name\":\"Note legali - Guilera\",\"isPartOf\":{\"@id\":\"https:\/\/guilera.com\/it\/#website\"},\"datePublished\":\"2024-06-18T12:20:17+00:00\",\"dateModified\":\"2025-03-31T19:46:10+00:00\",\"breadcrumb\":{\"@id\":\"https:\/\/guilera.com\/it\/note-legali\/#breadcrumb\"},\"inLanguage\":\"it-IT\",\"potentialAction\":[{\"@type\":\"ReadAction\",\"target\":[\"https:\/\/guilera.com\/it\/note-legali\/\"]}]},{\"@type\":\"BreadcrumbList\",\"@id\":\"https:\/\/guilera.com\/it\/note-legali\/#breadcrumb\",\"itemListElement\":[{\"@type\":\"ListItem\",\"position\":1,\"name\":\"Home\",\"item\":\"https:\/\/guilera.com\/it\/inizio\/\"},{\"@type\":\"ListItem\",\"position\":2,\"name\":\"Note legali\"}]},{\"@type\":\"WebSite\",\"@id\":\"https:\/\/guilera.com\/it\/#website\",\"url\":\"https:\/\/guilera.com\/it\/\",\"name\":\"Guilera\",\"description\":\"\",\"publisher\":{\"@id\":\"https:\/\/guilera.com\/it\/#organization\"},\"potentialAction\":[{\"@type\":\"SearchAction\",\"target\":{\"@type\":\"EntryPoint\",\"urlTemplate\":\"https:\/\/guilera.com\/it\/?s={search_term_string}\"},\"query-input\":{\"@type\":\"PropertyValueSpecification\",\"valueRequired\":true,\"valueName\":\"search_term_string\"}}],\"inLanguage\":\"it-IT\"},{\"@type\":\"Organization\",\"@id\":\"https:\/\/guilera.com\/it\/#organization\",\"name\":\"Guilera S.A.\",\"url\":\"https:\/\/guilera.com\/it\/\",\"logo\":{\"@type\":\"ImageObject\",\"inLanguage\":\"it-IT\",\"@id\":\"https:\/\/guilera.com\/it\/#\/schema\/logo\/image\/\",\"url\":\"https:\/\/guilera.com\/wp-content\/uploads\/2024\/06\/cropped-favicon-guilera.png\",\"contentUrl\":\"https:\/\/guilera.com\/wp-content\/uploads\/2024\/06\/cropped-favicon-guilera.png\",\"width\":512,\"height\":512,\"caption\":\"Guilera S.A.\"},\"image\":{\"@id\":\"https:\/\/guilera.com\/it\/#\/schema\/logo\/image\/\"}}]}<\/script>\n<!-- \/ Yoast SEO plugin. -->","yoast_head_json":{"title":"Note legali - Guilera","robots":{"index":"noindex","follow":"nofollow"},"og_locale":"it_IT","og_type":"article","og_title":"Note legali - Guilera","og_description":"Note legali Titolare del trattamento dei tuoi dati personali Identit\u00e0 del Titolare: GUILERA, SA NIF\/CIF: A-08851461 Indirizzo: C\/ Ramon Llull, 8, 08750 Molins de Rei Telefono: 34 93 668 17 94 E-mail: guilera@guilera.com Email per l&#8217;esercizio dei diritti: rgpd@guilera.com Attivit\u00e0: Produttori di piccole e medie serie elettroniche. Specializzati in tecnologia, servizi e prodotti propri, concentrati [&hellip;]","og_url":"https:\/\/guilera.com\/it\/note-legali\/","og_site_name":"Guilera","article_modified_time":"2025-03-31T19:46:10+00:00","twitter_card":"summary_large_image","twitter_misc":{"Tempo di lettura stimato":"5 minuti"},"schema":{"@context":"https:\/\/schema.org","@graph":[{"@type":"WebPage","@id":"https:\/\/guilera.com\/it\/note-legali\/","url":"https:\/\/guilera.com\/it\/note-legali\/","name":"Note legali - Guilera","isPartOf":{"@id":"https:\/\/guilera.com\/it\/#website"},"datePublished":"2024-06-18T12:20:17+00:00","dateModified":"2025-03-31T19:46:10+00:00","breadcrumb":{"@id":"https:\/\/guilera.com\/it\/note-legali\/#breadcrumb"},"inLanguage":"it-IT","potentialAction":[{"@type":"ReadAction","target":["https:\/\/guilera.com\/it\/note-legali\/"]}]},{"@type":"BreadcrumbList","@id":"https:\/\/guilera.com\/it\/note-legali\/#breadcrumb","itemListElement":[{"@type":"ListItem","position":1,"name":"Home","item":"https:\/\/guilera.com\/it\/inizio\/"},{"@type":"ListItem","position":2,"name":"Note legali"}]},{"@type":"WebSite","@id":"https:\/\/guilera.com\/it\/#website","url":"https:\/\/guilera.com\/it\/","name":"Guilera","description":"","publisher":{"@id":"https:\/\/guilera.com\/it\/#organization"},"potentialAction":[{"@type":"SearchAction","target":{"@type":"EntryPoint","urlTemplate":"https:\/\/guilera.com\/it\/?s={search_term_string}"},"query-input":{"@type":"PropertyValueSpecification","valueRequired":true,"valueName":"search_term_string"}}],"inLanguage":"it-IT"},{"@type":"Organization","@id":"https:\/\/guilera.com\/it\/#organization","name":"Guilera S.A.","url":"https:\/\/guilera.com\/it\/","logo":{"@type":"ImageObject","inLanguage":"it-IT","@id":"https:\/\/guilera.com\/it\/#\/schema\/logo\/image\/","url":"https:\/\/guilera.com\/wp-content\/uploads\/2024\/06\/cropped-favicon-guilera.png","contentUrl":"https:\/\/guilera.com\/wp-content\/uploads\/2024\/06\/cropped-favicon-guilera.png","width":512,"height":512,"caption":"Guilera S.A."},"image":{"@id":"https:\/\/guilera.com\/it\/#\/schema\/logo\/image\/"}}]}},"_links":{"self":[{"href":"https:\/\/guilera.com\/it\/wp-json\/wp\/v2\/pages\/4748","targetHints":{"allow":["GET"]}}],"collection":[{"href":"https:\/\/guilera.com\/it\/wp-json\/wp\/v2\/pages"}],"about":[{"href":"https:\/\/guilera.com\/it\/wp-json\/wp\/v2\/types\/page"}],"author":[{"embeddable":true,"href":"https:\/\/guilera.com\/it\/wp-json\/wp\/v2\/users\/1"}],"replies":[{"embeddable":true,"href":"https:\/\/guilera.com\/it\/wp-json\/wp\/v2\/comments?post=4748"}],"version-history":[{"count":1,"href":"https:\/\/guilera.com\/it\/wp-json\/wp\/v2\/pages\/4748\/revisions"}],"predecessor-version":[{"id":4749,"href":"https:\/\/guilera.com\/it\/wp-json\/wp\/v2\/pages\/4748\/revisions\/4749"}],"wp:attachment":[{"href":"https:\/\/guilera.com\/it\/wp-json\/wp\/v2\/media?parent=4748"}],"curies":[{"name":"wp","href":"https:\/\/api.w.org\/{rel}","templated":true}]}}