{"id":4903,"date":"2024-06-18T14:16:55","date_gmt":"2024-06-18T12:16:55","guid":{"rendered":"https:\/\/guilera.com\/politica-sulla-riservatezza\/"},"modified":"2025-04-01T01:02:44","modified_gmt":"2025-03-31T23:02:44","slug":"politica-sulla-riservatezza","status":"publish","type":"page","link":"https:\/\/guilera.com\/it\/politica-sulla-riservatezza\/","title":{"rendered":"Politica sulla riservatezza"},"content":{"rendered":"\t\t<div data-elementor-type=\"wp-page\" data-elementor-id=\"4903\" class=\"elementor elementor-4903 elementor-166\" data-elementor-post-type=\"page\">\n\t\t\t\t\t\t<section class=\"elementor-section elementor-top-section elementor-element elementor-element-71e38350 elementor-section-boxed elementor-section-height-default elementor-section-height-default\" data-id=\"71e38350\" data-element_type=\"section\" data-settings=\"{&quot;background_background&quot;:&quot;classic&quot;}\">\n\t\t\t\t\t\t\t<div class=\"elementor-background-overlay\"><\/div>\n\t\t\t\t\t\t\t<div class=\"elementor-container elementor-column-gap-default\">\n\t\t\t\t\t<div class=\"elementor-column elementor-col-100 elementor-top-column elementor-element elementor-element-b77e556\" data-id=\"b77e556\" data-element_type=\"column\">\n\t\t\t<div class=\"elementor-widget-wrap elementor-element-populated\">\n\t\t\t\t\t\t<div class=\"elementor-element elementor-element-7eecef4a elementor-widget__width-auto elementor-invisible elementor-widget elementor-widget-heading\" data-id=\"7eecef4a\" data-element_type=\"widget\" data-settings=\"{&quot;_animation&quot;:&quot;fadeInLeft&quot;}\" data-widget_type=\"heading.default\">\n\t\t\t\t<div class=\"elementor-widget-container\">\n\t\t\t\t\t<h2 class=\"elementor-heading-title elementor-size-default\">Politica sulla riservatezza<\/h2>\t\t\t\t<\/div>\n\t\t\t\t<\/div>\n\t\t\t\t\t<\/div>\n\t\t<\/div>\n\t\t\t\t\t<\/div>\n\t\t<\/section>\n\t\t<div class=\"elementor-element elementor-element-9f7e5ba e-flex e-con-boxed e-con e-parent\" data-id=\"9f7e5ba\" data-element_type=\"container\">\n\t\t\t\t\t<div class=\"e-con-inner\">\n\t\t\t\t<div class=\"elementor-element elementor-element-caf4126 elementor-widget elementor-widget-text-editor\" data-id=\"caf4126\" data-element_type=\"widget\" data-widget_type=\"text-editor.default\">\n\t\t\t\t<div class=\"elementor-widget-container\">\n\t\t\t\t\t\t\t\t\t<p><span style=\"font-weight: 400;\">La presente informativa sulla privacy stabilisce le modalit\u00e0 di gestione dei dati personali su questo sito web. \u00c8 essenziale che tu ne legga e accetti il \u200b\u200bcontenuto prima di continuare la navigazione.<\/span><\/p><p><span style=\"font-weight: 400;\">https:\/\/www.guilera.com\/ \u00e8 il sito web della societ\u00e0 GUILERA, SA, con CIF A-08851461 e sede legale in C\/ Ramon Llull, 8, 08750 Molins de Rei<\/span><\/p><p><span style=\"font-weight: 400;\">Ai sensi di quanto disposto dal RGPD 2016\/679 (UE) e dalla Legge 3\/2018, del 5 dicembre, i dati personali che ci invierai attraverso i moduli presenti sul sito web saranno trattati come dati di \u201cUtenti del sito web\u201d.<\/span><\/p><p><span style=\"font-weight: 400;\">Per il trattamento dei dati dei nostri utenti adottiamo tutte le misure di sicurezza tecniche e organizzative previste dalla normativa vigente.<\/span><\/p><p><span style=\"font-weight: 400;\">GUILERA, SA ha adattato questo sito web ai requisiti della Legge organica 3\/2018, del 5 dicembre, sulla protezione dei dati personali e garanzia dei diritti digitali, nonch\u00e9 al Regolamento (UE) 2016\/679 del Parlamento europeo e del Consiglio, del 27 aprile 2016, sulla protezione delle persone fisiche (RGPD), e alla Legge 34\/2002, dell&#8217;11 luglio, sui servizi della societ\u00e0 dell&#8217;informazione e il commercio elettronico (LSSICE o LSSI). Titolare del trattamento dei tuoi dati personali<\/span><\/p><ul><li><span style=\"font-weight: 400;\"> Identit\u00e0 del Titolare: GUILERA, SA<\/span><\/li><li><span style=\"font-weight: 400;\"> NIF\/CIF: A-08851461<\/span><\/li><li><span style=\"font-weight: 400;\"> Indirizzo: C\/ Ramon Llull, 8, 08750 Molins de Rei<\/span><\/li><li><span style=\"font-weight: 400;\"> Telefono: 34 93 668 17 94<\/span><\/li><li><span style=\"font-weight: 400;\"> E-mail: guilera@guilera.com<\/span><\/li><li><span style=\"font-weight: 400;\"> Email per l&#8217;esercizio dei diritti: rgpd@guilera.com<\/span><\/li><\/ul><p><span style=\"font-weight: 400;\">Attivit\u00e0: Produttori di piccole e medie serie elettroniche. Specializzati in tecnologia, servizi e prodotti propri, con particolare attenzione alla mobilit\u00e0 elettrica dal 2007.<\/span><\/p><p><span style=\"font-weight: 400;\">Iscritta al Registro delle Imprese di Barcellona: volume 23. 707, foglio 90, pagina n\u00ba B-59.5776, fac. 9\u00aa.<\/span><\/p><p> <\/p><p><b>Principi che applicheremo alle tue informazioni personali<\/b><\/p><p><span style=\"font-weight: 400;\">Nel trattamento dei tuoi dati personali applicheremo i seguenti principi:<\/span><\/p><ul><li><span style=\"font-weight: 400;\"> Principio di liceit\u00e0, lealt\u00e0 e trasparenza: Richiederemo sempre il tuo consenso per trattare i tuoi dati personali per una o pi\u00f9 finalit\u00e0 specifiche di cui ti informeremo preventivamente con assoluta trasparenza.<\/span><\/li><li><span style=\"font-weight: 400;\"> Principio di minimizzazione dei dati: richiederemo solo i dati strettamente necessari in relazione alle finalit\u00e0 per le quali li richiediamo.<\/span><\/li><li><span style=\"font-weight: 400;\"> Principio di integrit\u00e0 e riservatezza: i tuoi dati saranno trattati in modo da garantirne la riservatezza. Devi sapere che adottiamo tutte le precauzioni necessarie per impedire l&#8217;accesso non autorizzato o l&#8217;uso improprio dei dati dei nostri utenti da parte di terzi.<\/span><\/li><\/ul><p><span style=\"font-weight: 400;\">GUILERA, SA con sede legale in C\/ Ramon Llull, 8, 08750 Molins de Rei mette a disposizione dell&#8217;utente informazioni sulle sue attivit\u00e0, prodotti e servizi attraverso questo sito web.<\/span><\/p><p><span style=\"font-weight: 400;\">GUILERA, SA si riserva tutti i diritti di propriet\u00e0 industriale e intellettuale. L&#8217;accesso ai contenuti del sito web non implica la concessione di alcuna licenza d&#8217;uso dei diritti indicati e, salvo espressa autorizzazione dei rispettivi titolari, ne \u00e8 vietata la riproduzione, modifica, distribuzione o comunicazione pubblica, in conformit\u00e0 con la normativa spagnola vigente.<\/span><\/p><p><span style=\"font-weight: 400;\">GUILERA, SA non \u00e8 responsabile n\u00e9 garantisce che le informazioni presenti sul suo sito web siano complete, accurate e completamente aggiornate. GUILERA, SA non sar\u00e0 responsabile per eventuali danni di qualsiasi natura che possano essere causati a chiunque abbia avuto accesso e utilizzato i contenuti del suo sito web o ad altri a cui siano stati indirizzati tramite lo stesso.<\/span><\/p><p> <\/p><p><b>Scopi<\/b><\/p><p><span style=\"font-weight: 400;\">Quando un utente si collega a questo sito web, ad esempio per inviare un&#8217;e-mail con una richiesta (modulo di contatto), fornisce informazioni personali di cui GUILERA, SA \u00e8 responsabile. Queste informazioni possono includere dati personali quali indirizzo IP, nome, indirizzo fisico, indirizzo e-mail, numero di telefono e altre informazioni. Fornendo queste informazioni, l&#8217;utente acconsente che i suoi dati vengano trattati e archiviati da GUILERA, SA secondo le modalit\u00e0 descritte nella presente Informativa sulla privacy.<\/span><\/p><p><span style=\"font-weight: 400;\">Presso GUILERA, SA sono presenti diversi sistemi di acquisizione delle informazioni personali e di elaborazione delle informazioni forniteci dagli interessati per le finalit\u00e0 indicate in base a ciascun sistema di acquisizione (moduli).<\/span><\/p><p> <\/p><p><span style=\"text-decoration: underline;\">Moduli di contatto<\/span><\/p><p><span style=\"font-weight: 400;\">Lo scopo di questo trattamento sar\u00e0 quello di rispondere alla tua domanda, soddisfare la tua richiesta o risolvere il problema sollevato. In tal caso, i suoi dati personali saranno conservati per il tempo necessario a rispondere alla sua richiesta e comunque fino a quando non ne avr\u00e0 comunicato la cancellazione o per il tempo indispensabile per adempiere agli obblighi di legge vigenti.<\/span><\/p><p> <\/p><p><span style=\"text-decoration: underline;\">Moduli di invio CV<\/span><\/p><p><span style=\"font-weight: 400;\">La finalit\u00e0 di questo trattamento sar\u00e0 la partecipazione ai processi di selezione che GUILERA, SA ha aperto o aprir\u00e0 in futuro. Conserveremo i tuoi dati per un massimo di due anni, salvo diversa comunicazione da parte tua e, in ogni caso, per il tempo necessario ad adempiere agli obblighi di legge.<\/span><\/p><p> <\/p><p><span style=\"text-decoration: underline;\">Invii commerciali<\/span><\/p><p><span style=\"font-weight: 400;\">Se selezioni la casella corrispondente, potremo utilizzare i tuoi dati allo scopo di tenerti informato sulle nostre novit\u00e0, attivit\u00e0 e altre informazioni che potrebbero interessarti e relative all&#8217;attivit\u00e0 dell&#8217;azienda. Conserveremo i tuoi dati fintanto che non ci comunicherai la tua opposizione e comunque per un massimo di 5 anni dall\u2019ultima conferma di interesse.<\/span><\/p><p><span style=\"font-weight: 400;\">Esistono altri scopi per i quali trattiamo i tuoi dati personali:<\/span><\/p><ul><li><span style=\"font-weight: 400;\"> Per garantire il rispetto delle condizioni d&#8217;uso e della normativa applicabile. Ci\u00f2 pu\u00f2 includere lo sviluppo di strumenti e algoritmi che aiutino questo sito web a garantire la riservatezza dei dati personali raccolti.<\/span><\/li><li><span style=\"font-weight: 400;\"> Per supportare e migliorare i servizi offerti da questo sito web.<\/span><\/li><li><span style=\"font-weight: 400;\"> Vengono raccolti anche altri dati non identificativi, ottenuti tramite alcuni cookie che vengono scaricati sul computer dell&#8217;utente durante la navigazione su questo sito web e che descrivo in dettaglio nella cookie policy.<\/span><\/li><\/ul><p><span style=\"font-weight: 400;\">GUILERA, SA non vende, affitta o cede, n\u00e9 lo far\u00e0 in futuro, a terzi senza il previo consenso dell&#8217;utente. Tuttavia, in alcuni casi potranno essere realizzate collaborazioni con altri professionisti, in tal caso sar\u00e0 richiesto il consenso preventivo degli utenti, che li informer\u00e0 dell&#8217;identit\u00e0 del collaboratore e dello scopo della collaborazione. Sar\u00e0 sempre svolto nel rispetto dei pi\u00f9 rigorosi standard di sicurezza e riservatezza.<\/span><\/p><p> <\/p><p><b>Legittimazione<\/b><\/p><p><span style=\"font-weight: 400;\">La base giuridica che legittima il trattamento dei dati personali sar\u00e0 la seguente:<\/span><\/p><p><span style=\"font-weight: 400;\">&#8211; Nei moduli di contatto: il consenso dell&#8217;interessato attraverso l&#8217;azione positiva di esecuzione della consultazione o richiesta tramite il sito web.<\/span><\/p><p><span style=\"font-weight: 400;\">&#8211; Nei moduli di invio CV: il consenso dell&#8217;interessato<\/span><\/p><p><span style=\"font-weight: 400;\">&#8211; Invii commerciali: legittimo interesse ad essere cliente dell&#8217;ente e consenso dell&#8217;interessato tramite la casella SI.<\/span><\/p><p> <\/p><p><b>Categorie di dati<\/b><\/p><p><span style=\"font-weight: 400;\">Le categorie di dati trattati sono dati identificativi: nome, cognome, indirizzo, numero di telefono e NIF. Non vengono elaborate categorie di dati particolarmente protette.<\/span><\/p><p> <\/p><p><b>Destinataris<\/b><\/p><p><span style=\"font-weight: 400;\">GUILERA, SA non comunicher\u00e0 i dati personali dell&#8217;utente a terzi senza il consenso dell&#8217;interessato. Possono essere destinatari dei dati solo le Pubbliche Amministrazioni, al fine di ottemperare agli obblighi di legge a cui l\u2019azienda \u00e8 tenuta.<\/span><\/p><p> <\/p><p><b>Diritti<\/b><\/p><p><span style=\"font-weight: 400;\">Gli utenti del sito web non sono tenuti a fornire i propri dati personali, pertanto la comunicazione dei dati \u00e8 un atto del tutto volontario.<\/span><\/p><p><span style=\"font-weight: 400;\">GUILERA, SA informa che gli utenti hanno il diritto di accesso, rettifica, cancellazione dei propri dati, nonch\u00e9 di opposizione e\/o limitazione del trattamento e della portabilit\u00e0 dei propri dati nei casi previsti dal Regolamento (UE) 216\/679. Nel caso in cui il trattamento sia basato sul consenso, l\u2019utente potr\u00e0 sempre revocare in qualsiasi momento il consenso prestato.<\/span><\/p><p><span style=\"font-weight: 400;\">Per esercitare tali diritti, \u00e8 necessario inviare una lettera all&#8217;indirizzo C\/ Ramon Llull, 8, 08750 Molins de Rei oppure inviare un&#8217;e-mail a rgpd@guilera.com. Per farlo, \u00e8 necessario allegare un documento comprovante la propria identit\u00e0 e indicare il diritto che si intende esercitare. Puoi presentare un reclamo all&#8217;Agenzia spagnola per la protezione dei dati (www.aepd.es).<\/span><\/p><p> <\/p><p><b>Riservatezza e sicurezza dei dati<\/b><\/p><p><span style=\"font-weight: 400;\">GUILERA, SA si impegna a utilizzare e trattare i dati personali degli utenti, rispettandone la riservatezza e utilizzandoli in conformit\u00e0 con la loro finalit\u00e0, nonch\u00e9 ad adempiere all&#8217;obbligo di conservarli e ad adottare tutte le misure per impedirne l&#8217;alterazione, la perdita, il trattamento o l&#8217;accesso non autorizzati, in conformit\u00e0 con quanto disposto dalla normativa vigente in materia di protezione dei dati.<\/span><\/p><p> <\/p><p><b>Accuratezza e veridicit\u00e0 dei dati<\/b><\/p><p><span style=\"font-weight: 400;\">In qualit\u00e0 di utente, sei l&#8217;unico responsabile della veridicit\u00e0 e correttezza dei dati che ci invii, esonerando GUILERA, SA da qualsiasi responsabilit\u00e0 al riguardo, anche nel caso in cui ci fornisca dati di terze parti.<\/span><\/p><p><span style=\"font-weight: 400;\">Gli utenti garantiscono e sono responsabili, in ogni caso, dell&#8217;esattezza, validit\u00e0 e autenticit\u00e0 dei dati personali forniti, impegnandosi a mantenerli debitamente aggiornati. L&#8217;utente si impegna a fornire informazioni complete e corrette nel modulo di contatto o di iscrizione. Nel caso in cui vengano forniti dati di terze parti, \u00e8 necessario ottenere il loro previo consenso.<\/span><\/p><p> <\/p><p><b>Accettazione e consenso<\/b><\/p><p><span style=\"font-weight: 400;\">L&#8217;utente dichiara di essere stato informato delle condizioni relative alla protezione dei dati personali, accettando e acconsentendo al trattamento degli stessi da parte di e GUILERA, SA nei modi e per le finalit\u00e0 indicate nella presente Informativa sulla privacy.<\/span><\/p><p> <\/p><p><b>Revocabilit\u00e0<\/b><\/p><p><span style=\"font-weight: 400;\">Il consenso prestato, sia per il trattamento che per la cessione dei dati degli interessati, \u00e8 revocabile in qualsiasi momento comunicandolo a GUILERA, SA nei termini stabiliti nella presente Politica per l&#8217;esercizio dei diritti di accesso, rettifica, limitazione, opposizione, cancellazione e portabilit\u00e0 all&#8217;indirizzo postale sopra indicato o all&#8217;indirizzo e-mail rgpd@guilera.com La revoca del consenso non avr\u00e0 in nessun caso effetto retroattivo.<\/span><\/p><p> <\/p><p><b>Modifiche alla politica sulla privacy<\/b><\/p><p><span style=\"font-weight: 400;\">GUILERA, SA si riserva il diritto di modificare la presente politica per adattarla agli sviluppi legislativi o giurisprudenziali, nonch\u00e9 alle pratiche del settore. In tali casi, GUILERA, SA annuncer\u00e0 su questa pagina le modifiche introdotte con ragionevole anticipo della loro implementazione, indicando la data della sua ultima versione.<\/span><\/p><p> <\/p><p><span style=\"font-weight: 400;\">Ultimo aggiornamento: maggio 2024<\/span><\/p>\t\t\t\t\t\t\t\t<\/div>\n\t\t\t\t<\/div>\n\t\t\t\t\t<\/div>\n\t\t\t\t<\/div>\n\t\t\t\t<\/div>\n\t\t","protected":false},"excerpt":{"rendered":"<p>Politica sulla riservatezza La presente informativa sulla privacy stabilisce le modalit\u00e0 di gestione dei dati personali su questo sito web. \u00c8 essenziale che tu ne legga e accetti il \u200b\u200bcontenuto prima di continuare la navigazione. https:\/\/www.guilera.com\/ \u00e8 il sito web della societ\u00e0 GUILERA, SA, con CIF A-08851461 e sede legale in C\/ Ramon Llull, 8, [&hellip;]<\/p>\n","protected":false},"author":1,"featured_media":0,"parent":0,"menu_order":0,"comment_status":"closed","ping_status":"closed","template":"","meta":{"footnotes":""},"class_list":["post-4903","page","type-page","status-publish","hentry"],"yoast_head":"<!-- This site is optimized with the Yoast SEO plugin v26.0 - https:\/\/yoast.com\/wordpress\/plugins\/seo\/ -->\n<title>Politica sulla riservatezza - Guilera<\/title>\n<meta name=\"robots\" content=\"noindex, nofollow\" \/>\n<meta property=\"og:locale\" content=\"it_IT\" \/>\n<meta property=\"og:type\" content=\"article\" \/>\n<meta property=\"og:title\" content=\"Politica sulla riservatezza - Guilera\" \/>\n<meta property=\"og:description\" content=\"Politica sulla riservatezza La presente informativa sulla privacy stabilisce le modalit\u00e0 di gestione dei dati personali su questo sito web. \u00c8 essenziale che tu ne legga e accetti il \u200b\u200bcontenuto prima di continuare la navigazione. https:\/\/www.guilera.com\/ \u00e8 il sito web della societ\u00e0 GUILERA, SA, con CIF A-08851461 e sede legale in C\/ Ramon Llull, 8, [&hellip;]\" \/>\n<meta property=\"og:url\" content=\"https:\/\/guilera.com\/it\/politica-sulla-riservatezza\/\" \/>\n<meta property=\"og:site_name\" content=\"Guilera\" \/>\n<meta property=\"article:modified_time\" content=\"2025-03-31T23:02:44+00:00\" \/>\n<meta name=\"twitter:card\" content=\"summary_large_image\" \/>\n<meta name=\"twitter:label1\" content=\"Tempo di lettura stimato\" \/>\n\t<meta name=\"twitter:data1\" content=\"7 minuti\" \/>\n<script type=\"application\/ld+json\" class=\"yoast-schema-graph\">{\"@context\":\"https:\/\/schema.org\",\"@graph\":[{\"@type\":\"WebPage\",\"@id\":\"https:\/\/guilera.com\/it\/politica-sulla-riservatezza\/\",\"url\":\"https:\/\/guilera.com\/it\/politica-sulla-riservatezza\/\",\"name\":\"Politica sulla riservatezza - Guilera\",\"isPartOf\":{\"@id\":\"https:\/\/guilera.com\/it\/#website\"},\"datePublished\":\"2024-06-18T12:16:55+00:00\",\"dateModified\":\"2025-03-31T23:02:44+00:00\",\"breadcrumb\":{\"@id\":\"https:\/\/guilera.com\/it\/politica-sulla-riservatezza\/#breadcrumb\"},\"inLanguage\":\"it-IT\",\"potentialAction\":[{\"@type\":\"ReadAction\",\"target\":[\"https:\/\/guilera.com\/it\/politica-sulla-riservatezza\/\"]}]},{\"@type\":\"BreadcrumbList\",\"@id\":\"https:\/\/guilera.com\/it\/politica-sulla-riservatezza\/#breadcrumb\",\"itemListElement\":[{\"@type\":\"ListItem\",\"position\":1,\"name\":\"Home\",\"item\":\"https:\/\/guilera.com\/it\/inizio\/\"},{\"@type\":\"ListItem\",\"position\":2,\"name\":\"Politica sulla riservatezza\"}]},{\"@type\":\"WebSite\",\"@id\":\"https:\/\/guilera.com\/it\/#website\",\"url\":\"https:\/\/guilera.com\/it\/\",\"name\":\"Guilera\",\"description\":\"\",\"publisher\":{\"@id\":\"https:\/\/guilera.com\/it\/#organization\"},\"potentialAction\":[{\"@type\":\"SearchAction\",\"target\":{\"@type\":\"EntryPoint\",\"urlTemplate\":\"https:\/\/guilera.com\/it\/?s={search_term_string}\"},\"query-input\":{\"@type\":\"PropertyValueSpecification\",\"valueRequired\":true,\"valueName\":\"search_term_string\"}}],\"inLanguage\":\"it-IT\"},{\"@type\":\"Organization\",\"@id\":\"https:\/\/guilera.com\/it\/#organization\",\"name\":\"Guilera S.A.\",\"url\":\"https:\/\/guilera.com\/it\/\",\"logo\":{\"@type\":\"ImageObject\",\"inLanguage\":\"it-IT\",\"@id\":\"https:\/\/guilera.com\/it\/#\/schema\/logo\/image\/\",\"url\":\"https:\/\/guilera.com\/wp-content\/uploads\/2024\/06\/cropped-favicon-guilera.png\",\"contentUrl\":\"https:\/\/guilera.com\/wp-content\/uploads\/2024\/06\/cropped-favicon-guilera.png\",\"width\":512,\"height\":512,\"caption\":\"Guilera S.A.\"},\"image\":{\"@id\":\"https:\/\/guilera.com\/it\/#\/schema\/logo\/image\/\"}}]}<\/script>\n<!-- \/ Yoast SEO plugin. -->","yoast_head_json":{"title":"Politica sulla riservatezza - Guilera","robots":{"index":"noindex","follow":"nofollow"},"og_locale":"it_IT","og_type":"article","og_title":"Politica sulla riservatezza - Guilera","og_description":"Politica sulla riservatezza La presente informativa sulla privacy stabilisce le modalit\u00e0 di gestione dei dati personali su questo sito web. \u00c8 essenziale che tu ne legga e accetti il \u200b\u200bcontenuto prima di continuare la navigazione. https:\/\/www.guilera.com\/ \u00e8 il sito web della societ\u00e0 GUILERA, SA, con CIF A-08851461 e sede legale in C\/ Ramon Llull, 8, [&hellip;]","og_url":"https:\/\/guilera.com\/it\/politica-sulla-riservatezza\/","og_site_name":"Guilera","article_modified_time":"2025-03-31T23:02:44+00:00","twitter_card":"summary_large_image","twitter_misc":{"Tempo di lettura stimato":"7 minuti"},"schema":{"@context":"https:\/\/schema.org","@graph":[{"@type":"WebPage","@id":"https:\/\/guilera.com\/it\/politica-sulla-riservatezza\/","url":"https:\/\/guilera.com\/it\/politica-sulla-riservatezza\/","name":"Politica sulla riservatezza - Guilera","isPartOf":{"@id":"https:\/\/guilera.com\/it\/#website"},"datePublished":"2024-06-18T12:16:55+00:00","dateModified":"2025-03-31T23:02:44+00:00","breadcrumb":{"@id":"https:\/\/guilera.com\/it\/politica-sulla-riservatezza\/#breadcrumb"},"inLanguage":"it-IT","potentialAction":[{"@type":"ReadAction","target":["https:\/\/guilera.com\/it\/politica-sulla-riservatezza\/"]}]},{"@type":"BreadcrumbList","@id":"https:\/\/guilera.com\/it\/politica-sulla-riservatezza\/#breadcrumb","itemListElement":[{"@type":"ListItem","position":1,"name":"Home","item":"https:\/\/guilera.com\/it\/inizio\/"},{"@type":"ListItem","position":2,"name":"Politica sulla riservatezza"}]},{"@type":"WebSite","@id":"https:\/\/guilera.com\/it\/#website","url":"https:\/\/guilera.com\/it\/","name":"Guilera","description":"","publisher":{"@id":"https:\/\/guilera.com\/it\/#organization"},"potentialAction":[{"@type":"SearchAction","target":{"@type":"EntryPoint","urlTemplate":"https:\/\/guilera.com\/it\/?s={search_term_string}"},"query-input":{"@type":"PropertyValueSpecification","valueRequired":true,"valueName":"search_term_string"}}],"inLanguage":"it-IT"},{"@type":"Organization","@id":"https:\/\/guilera.com\/it\/#organization","name":"Guilera S.A.","url":"https:\/\/guilera.com\/it\/","logo":{"@type":"ImageObject","inLanguage":"it-IT","@id":"https:\/\/guilera.com\/it\/#\/schema\/logo\/image\/","url":"https:\/\/guilera.com\/wp-content\/uploads\/2024\/06\/cropped-favicon-guilera.png","contentUrl":"https:\/\/guilera.com\/wp-content\/uploads\/2024\/06\/cropped-favicon-guilera.png","width":512,"height":512,"caption":"Guilera S.A."},"image":{"@id":"https:\/\/guilera.com\/it\/#\/schema\/logo\/image\/"}}]}},"_links":{"self":[{"href":"https:\/\/guilera.com\/it\/wp-json\/wp\/v2\/pages\/4903","targetHints":{"allow":["GET"]}}],"collection":[{"href":"https:\/\/guilera.com\/it\/wp-json\/wp\/v2\/pages"}],"about":[{"href":"https:\/\/guilera.com\/it\/wp-json\/wp\/v2\/types\/page"}],"author":[{"embeddable":true,"href":"https:\/\/guilera.com\/it\/wp-json\/wp\/v2\/users\/1"}],"replies":[{"embeddable":true,"href":"https:\/\/guilera.com\/it\/wp-json\/wp\/v2\/comments?post=4903"}],"version-history":[{"count":1,"href":"https:\/\/guilera.com\/it\/wp-json\/wp\/v2\/pages\/4903\/revisions"}],"predecessor-version":[{"id":4904,"href":"https:\/\/guilera.com\/it\/wp-json\/wp\/v2\/pages\/4903\/revisions\/4904"}],"wp:attachment":[{"href":"https:\/\/guilera.com\/it\/wp-json\/wp\/v2\/media?parent=4903"}],"curies":[{"name":"wp","href":"https:\/\/api.w.org\/{rel}","templated":true}]}}